{"id":10088,"date":"2023-11-14T15:06:53","date_gmt":"2023-11-14T14:06:53","guid":{"rendered":"https:\/\/locatheart.com\/?page_id=10088"},"modified":"2024-08-20T11:35:41","modified_gmt":"2024-08-20T09:35:41","slug":"tak-pomoglismy-najwiekszemu-producentowi-planszowek-w-polsce-wejsc-na-rynek-gier-mobilnych","status":"publish","type":"page","link":"https:\/\/locatheart.com\/pl\/tak-pomoglismy-najwiekszemu-producentowi-planszowek-w-polsce-wejsc-na-rynek-gier-mobilnych\/","title":{"rendered":"Tak pomogli\u015bmy najwi\u0119kszemu producentowi plansz\u00f3wek w Polsce wej\u015b\u0107 na rynek gier mobilnych"},"content":{"rendered":"<p>[vc_row css=&#8221;.vc_custom_1701177295147{margin-top: 30px !important;margin-bottom: 15px !important;}&#8221;][vc_column css=&#8221;.vc_custom_1612948469934{padding-right: 150px !important;padding-left: 150px !important;}&#8221;]<div class=\"porto-u-heading\" data-hspacer=\"no_spacer\" data-halign=\"left\" style=\"text-align:left\"><div class=\"porto-u-main-heading\"><h2 style=\"font-weight:500;font-size:30px;\">Tak pomogli\u015bmy najwi\u0119kszemu producentowi plansz\u00f3wek w Polsce wej\u015b\u0107 na rynek gier mobilnych<\/h2><\/div><\/div>[\/vc_column][\/vc_row][vc_row][vc_column css=&#8221;.vc_custom_1612948469934{padding-right: 150px !important;padding-left: 150px !important;}&#8221;][vc_column_text]<span style=\"font-weight: 400;\"><img loading=\"lazy\" class=\"alignright wp-image-10322 size-medium\" src=\"https:\/\/locatheart.com\/wp-content\/uploads\/2023\/11\/Mobile-game-translation-case-study-locatheart-300x300.png\" alt=\"Mobile game translation case study locatheart\" width=\"300\" height=\"300\" \/><strong>Niemal od pocz\u0105tku swojej dzia\u0142alno\u015bci <\/strong><\/span><strong>loc<\/strong>at<strong>heart wsp\u00f3\u0142pracuje z jednym z najwi\u0119kszych producent\u00f3w gier w Polsce znanym z puzzli, plansz\u00f3wek i karcianek. <\/strong><\/p>\n<p><strong>W 2023 firma ta postanowi\u0142a rozszerzy\u0107 swoje portfolio o gry mobilne.<\/strong><\/p>\n<p>Czytaj dalej, \u017ceby dowiedzie\u0107 si\u0119 jak nasi eksperci i j\u0119zykowcy poradzili sobie z tym projektem.<\/p>\n<p>[\/vc_column_text][\/vc_column][\/vc_row][vc_row][vc_column css=&#8221;.vc_custom_1612948487630{padding-right: 150px !important;padding-left: 150px !important;}&#8221;][vc_empty_space]<div class=\"porto-u-heading\" data-hspacer=\"no_spacer\" data-halign=\"left\" style=\"text-align:left\"><div class=\"porto-u-main-heading\"><h2 style=\"font-weight:700;font-size:24px;\">Wyzwania i cele<\/h2><\/div><\/div>[vc_column_text]<span style=\"font-weight: 400;\">Nowo powsta\u0142y dzia\u0142 gier mobilnych stan\u0105\u0142 przed wyzwaniem dostarczenia tytu\u0142u dost\u0119pnego dla graczy i graczek w 9 wersjach j\u0119zykowych. S\u0105 to:<\/span>[\/vc_column_text][\/vc_column][\/vc_row][vc_row css=&#8221;.vc_custom_1612785553909{padding-top: 50px !important;padding-right: 150px !important;padding-bottom: 50px !important;padding-left: 150px !important;}&#8221;][vc_column width=&#8221;1\/2&#8243; section_skin=&#8221;primary&#8221; animation_type=&#8221;fadeIn&#8221;]<div class=\"porto-sicon-box  vc_custom_1698235018736 style_3 default-icon\"><div class=\"porto-sicon-default\"><div id=\"porto-icon-6394634996a039d8d7979b\" class=\"porto-just-icon-wrapper\" style=\"text-align:center;\"><div class=\"porto-icon none\" style=\"color:#f64600;font-size:32px;display:inline-block;\"><i class=\"porto-icon-right-dir\"><\/i><\/div><\/div><\/div><div class=\"porto-sicon-header\" ><h3 class=\"porto-sicon-title\" style=\"\">niemiecki<\/h3><\/div> <!-- header --><\/div><!-- porto-sicon-box --><div class=\"porto-sicon-box  vc_custom_1698235071352 style_3 default-icon\"><div class=\"porto-sicon-default\"><div id=\"porto-icon-15541586956a039d8d79b18\" class=\"porto-just-icon-wrapper\" style=\"text-align:center;\"><div class=\"porto-icon none\" style=\"color:#f64600;font-size:32px;display:inline-block;\"><i class=\"porto-icon-right-dir\"><\/i><\/div><\/div><\/div><div class=\"porto-sicon-header\" ><h3 class=\"porto-sicon-title\" style=\"\">hiszpa\u0144ski<\/h3><\/div> <!-- header --><\/div><!-- porto-sicon-box --><div class=\"porto-sicon-box  vc_custom_1698235082350 style_3 default-icon\"><div class=\"porto-sicon-default\"><div id=\"porto-icon-3987657026a039d8d79e2e\" class=\"porto-just-icon-wrapper\" style=\"text-align:center;\"><div class=\"porto-icon none\" style=\"color:#f64600;font-size:32px;display:inline-block;\"><i class=\"porto-icon-right-dir\"><\/i><\/div><\/div><\/div><div class=\"porto-sicon-header\" ><h3 class=\"porto-sicon-title\" style=\"\">francuski<\/h3><\/div> <!-- header --><\/div><!-- porto-sicon-box --><div class=\"porto-sicon-box  vc_custom_1698235095364 style_3 default-icon\"><div class=\"porto-sicon-default\"><div id=\"porto-icon-1370097836a039d8d7a104\" class=\"porto-just-icon-wrapper\" style=\"text-align:center;\"><div class=\"porto-icon none\" style=\"color:#f64600;font-size:32px;display:inline-block;\"><i class=\"porto-icon-right-dir\"><\/i><\/div><\/div><\/div><div class=\"porto-sicon-header\" ><h3 class=\"porto-sicon-title\" style=\"\">w\u0142oski<\/h3><\/div> <!-- header --><\/div><!-- porto-sicon-box -->[\/vc_column][vc_column width=&#8221;1\/2&#8243; animation_type=&#8221;fadeIn&#8221;]<div class=\"porto-sicon-box  vc_custom_1698235107690 style_3 default-icon\"><div class=\"porto-sicon-default\"><div id=\"porto-icon-13059178326a039d8d7a36c\" class=\"porto-just-icon-wrapper\" style=\"text-align:center;\"><div class=\"porto-icon none\" style=\"color:#f64600;font-size:32px;display:inline-block;\"><i class=\"porto-icon-right-dir\"><\/i><\/div><\/div><\/div><div class=\"porto-sicon-header\" ><h3 class=\"porto-sicon-title\" style=\"\">japo\u0144ski<\/h3><\/div> <!-- header --><\/div><!-- porto-sicon-box --><div class=\"porto-sicon-box  vc_custom_1698235221312 style_3 default-icon\"><div class=\"porto-sicon-default\"><div id=\"porto-icon-8577111296a039d8d7a5f5\" class=\"porto-just-icon-wrapper\" style=\"text-align:center;\"><div class=\"porto-icon none\" style=\"color:#f64600;font-size:32px;display:inline-block;\"><i class=\"porto-icon-right-dir\"><\/i><\/div><\/div><\/div><div class=\"porto-sicon-header\" ><h3 class=\"porto-sicon-title\" style=\"\">korea\u0144ski<\/h3><\/div> <!-- header --><\/div><!-- porto-sicon-box --><div class=\"porto-sicon-box  vc_custom_1698240031817 style_3 default-icon\"><div class=\"porto-sicon-default\"><div id=\"porto-icon-1229227356a039d8d7a87c\" class=\"porto-just-icon-wrapper\" style=\"text-align:center;\"><div class=\"porto-icon none\" style=\"color:#f64600;font-size:32px;display:inline-block;\"><i class=\"porto-icon-right-dir\"><\/i><\/div><\/div><\/div><div class=\"porto-sicon-header\" ><h3 class=\"porto-sicon-title\" style=\"\">ukrai\u0144ski<\/h3><\/div> <!-- header --><\/div><!-- porto-sicon-box --><div class=\"porto-sicon-box  vc_custom_1698235130554 style_3 default-icon\"><div class=\"porto-sicon-default\"><div id=\"porto-icon-19489507996a039d8d7abda\" class=\"porto-just-icon-wrapper\" style=\"text-align:center;\"><div class=\"porto-icon none\" style=\"color:#f64600;font-size:32px;display:inline-block;\"><i class=\"porto-icon-right-dir\"><\/i><\/div><\/div><\/div><div class=\"porto-sicon-header\" ><h3 class=\"porto-sicon-title\" style=\"\">chi\u0144ski uproszczony<\/h3><\/div> <!-- header --><\/div><!-- porto-sicon-box --><div class=\"porto-sicon-box  vc_custom_1698235267674 style_3 default-icon\"><div class=\"porto-sicon-default\"><div id=\"porto-icon-15466283486a039d8d7aed7\" class=\"porto-just-icon-wrapper\" style=\"text-align:center;\"><div class=\"porto-icon none\" style=\"color:#f64600;font-size:32px;display:inline-block;\"><i class=\"porto-icon-right-dir\"><\/i><\/div><\/div><\/div><div class=\"porto-sicon-header\" ><h3 class=\"porto-sicon-title\" style=\"\">chi\u0144ski tradycyjny (Tajwan)<\/h3><\/div> <!-- header --><\/div><!-- porto-sicon-box -->[\/vc_column][\/vc_row][vc_row][vc_column css=&#8221;.vc_custom_1612948521883{padding-right: 150px !important;padding-left: 150px !important;}&#8221;][vc_column_text]<span style=\"font-weight: 400;\">Budowane przez lata zaufanie oraz nasze do\u015bwiadczenie w<\/span><a href=\"https:\/\/locatheart.com\/pl\/tlumaczenia-zwinne-ciagla-lokalizacja-dla-ten-square-games\/\"> <span style=\"font-weight: 400;\">lokalizacji gier mobilnych <\/span><\/a><span style=\"font-weight: 400;\">sprawi\u0142o, \u017ce <\/span><b>loc<\/b><span style=\"font-weight: 400;\">at<\/span><b>heart<\/b><span style=\"font-weight: 400;\"> sta\u0142o si\u0119 oczywistym wyborem jako partner podczas rozszerzania portfolio firmy o gry na telefony kom\u00f3rkowe i tablety.<\/span>[\/vc_column_text][vc_cta h2=&#8221;Lokalizacja oprogramowania, aplikacji lub gry to dla nas codzienno\u015b\u0107&#8221; txt_align=&#8221;center&#8221; style=&#8221;outline&#8221; add_button=&#8221;bottom&#8221; btn_title=&#8221;Sprawd\u017a nasz\u0105 ofert\u0119!&#8221; btn_style=&#8221;custom&#8221; btn_custom_background=&#8221;#f75100&#8243; btn_custom_text=&#8221;#ffffff&#8221; btn_shape=&#8221;rounded&#8221; btn_size=&#8221;xl&#8221; btn_align=&#8221;center&#8221; btn_i_icon_fontawesome=&#8221;fas fa-book&#8221; css_animation=&#8221;fadeInUp&#8221; btn_add_icon=&#8221;true&#8221; btn_link=&#8221;url:https%3A%2F%2Flocatheart.com%2Fpl%2Flokalizacja-gier%2F|title:Lokalizacja%20gier|target:%20_blank|&#8221;][\/vc_cta][\/vc_column][\/vc_row][vc_row][vc_column css=&#8221;.vc_custom_1612948653701{padding-right: 150px !important;padding-left: 150px !important;}&#8221;]<div class=\"porto-u-heading\" data-hspacer=\"no_spacer\" data-halign=\"left\" style=\"text-align:left\"><div class=\"porto-u-main-heading\"><h2 style=\"font-weight:700;font-size:24px;\">Krok 1: research fraz kluczowych<\/h2><\/div><\/div>[vc_column_text]<span style=\"font-weight: 400;\">Rozpocz\u0119li\u015bmy od obrobienia i przygotowania wszystkich niezb\u0119dnych plik\u00f3w.<\/span><\/p>\n<p><span style=\"font-weight: 400;\">Od dzia\u0142u gier mobilnych naszego klienta otrzymali\u015bmy:<\/span>[\/vc_column_text][vc_column_text css_animation=&#8221;fadeInDown&#8221;]<\/p>\n<ul>\n<li><span style=\"font-weight: 400;\">screeny obrazuj\u0105ce UI gry,<\/span><\/li>\n<\/ul>\n<p>[\/vc_column_text][vc_column_text css_animation=&#8221;fadeInDown&#8221;]<\/p>\n<ul>\n<li><span style=\"font-weight: 400;\">wyja\u015bnienie poj\u0119\u0107.<\/span><\/li>\n<\/ul>\n<p>[\/vc_column_text][vc_column_text]<\/p>\n<p><span style=\"font-weight: 400;\">Przes\u0142ane pliki by\u0142y przygotowane w j\u0119zyku polskim i angielskim, ale brakowa\u0142o materia\u0142\u00f3w obja\u015bniaj\u0105cych kontekst i funkcje segment\u00f3w.<br \/>\n<\/span> <span style=\"font-weight: 400;\">Na tym etapie pozostawali\u015bmy w kontakcie z klientem, aby rozwia\u0107 wszelkie w\u0105tpliwo\u015bci i mie\u0107 pewno\u015b\u0107, \u017ce pliki projektowe s\u0105 kompletne i zawieraj\u0105 wszelkie niezb\u0119dne informacje, nim trafi\u0105 do naszych t\u0142umaczy.<br \/>\n<\/span> <span style=\"font-weight: 400;\">W materia\u0142ach \u017ar\u00f3d\u0142owych znalaz\u0142y si\u0119 niewielkie b\u0142\u0119dy, m.in. niesp\u00f3jno\u015bci w terminologii (np. raz u\u017cyte s\u0142owo KIT, a raz SET dla tej samej grupy przedmiot\u00f3w), kt\u00f3re zosta\u0142y wy\u0142apane przez nasz zesp\u00f3\u0142.<\/span> <span style=\"font-weight: 400;\">W ten spos\u00f3b we wsp\u00f3\u0142pracy z klientem przygotowali\u015bmy:<br \/>\n<\/span><\/p>\n<p>[\/vc_column_text][vc_column_text css_animation=&#8221;fadeInDown&#8221;]<\/p>\n<ul>\n<li><span style=\"font-weight: 400;\">plik PDF z opisanym UI oraz screenami z gry,<\/span><\/li>\n<\/ul>\n<p>[\/vc_column_text][vc_column_text css_animation=&#8221;fadeInDown&#8221;]<\/p>\n<ul>\n<li><span style=\"font-weight: 400;\">og\u00f3lnodost\u0119pny, anonimowy<\/span><a href=\"https:\/\/www.lahgames.com\/2023\/03\/29\/3-pillars-of-successful-localisation\/\"> <span style=\"font-weight: 400;\">query sheet<\/span><\/a><span style=\"font-weight: 400;\">, kt\u00f3ry pozwoli\u0142 nam znacz\u0105co usprawni\u0107 i przyspieszy\u0107 proces t\u0142umaczenia.<\/span><\/li>\n<\/ul>\n<p>[\/vc_column_text][vc_column_text]<\/p>\n<p><span style=\"font-weight: 400;\">Wszystkie powy\u017csze informacje oraz wytyczne od klienta zosta\u0142y zebrane w jednym miejscu i przekazane j\u0119zykowcom<\/span><\/p>\n<p>[\/vc_column_text][vc_cta h2=&#8221;Potrzebujesz skutecznych tre\u015bci w kilku j\u0119zykach?&#8221; txt_align=&#8221;center&#8221; style=&#8221;outline&#8221; add_button=&#8221;bottom&#8221; btn_title=&#8221;Skontaktuj si\u0119 z nami!&#8221; btn_style=&#8221;custom&#8221; btn_custom_background=&#8221;#f75100&#8243; btn_custom_text=&#8221;#ffffff&#8221; btn_shape=&#8221;rounded&#8221; btn_size=&#8221;xl&#8221; btn_align=&#8221;center&#8221; btn_i_icon_fontawesome=&#8221;fas fa-comment&#8221; css_animation=&#8221;fadeInUp&#8221; btn_add_icon=&#8221;true&#8221; btn_link=&#8221;url:https%3A%2F%2Flocatheart.com%2Fpl%2Fkontakt%2F|title:Kontakt|target:%20_blank|&#8221;][\/vc_cta][\/vc_column][\/vc_row][vc_row][vc_column css=&#8221;.vc_custom_1612948668078{padding-right: 150px !important;padding-left: 150px !important;}&#8221;]<div class=\"porto-u-heading\" data-hspacer=\"no_spacer\" data-halign=\"left\" style=\"text-align:left\"><div class=\"porto-u-main-heading\"><h2 style=\"font-weight:700;font-size:24px;\">Krok 2: weryfikacja fraz kluczowych przez native speaker\u00f3w<\/h2><\/div><\/div>[vc_column_text]<\/p>\n<p><span style=\"font-weight: 400;\">Po przygotowaniu projektu do lokalizacji zadbali\u015bmy o to, aby trafi\u0142 on w r\u0119ce sprawdzonych t\u0142umaczy z najwi\u0119kszym do\u015bwiadczeniem w pracy z grami mobilnymi i dostarczaj\u0105cych najlepszej jako\u015bci tre\u015bci.<br \/>\n<\/span> <span style=\"font-weight: 400;\">Ci\u0105g\u0142a ewaluacja oraz rosn\u0105ca baza wsp\u00f3\u0142pracuj\u0105cych z nami j\u0119zykowc\u00f3w pozwala nam precyzyjne dobra\u0107 osoby, kt\u00f3re s\u0105 nie tylko wykszta\u0142conymi i do\u015bwiadczonymi t\u0142umaczami na sw\u00f3j j\u0119zyk ojczysty, ale r\u00f3wnie\u017c ekspertami w bran\u017cy, dla kt\u00f3rej tre\u015bci lokalizuj\u0105 \u2013 a w przypadku tego projektu r\u00f3wnie\u017c fanami gier mobilnych.<br \/>\n<\/span><\/p>\n<p>[\/vc_column_text][vc_cta h2=&#8221;Chcesz dowiedzie\u0107 si\u0119 wi\u0119cej o tym, z jakich element\u00f3w sk\u0142adaj\u0105 si\u0119 tworzone przez nas tre\u015bci dla e-commerce?&#8221; txt_align=&#8221;center&#8221; style=&#8221;outline&#8221; add_button=&#8221;bottom&#8221; btn_title=&#8221;Pobierz nasz bezp\u0142atny e-book!&#8221; btn_style=&#8221;custom&#8221; btn_custom_background=&#8221;#f75100&#8243; btn_custom_text=&#8221;#ffffff&#8221; btn_shape=&#8221;rounded&#8221; btn_size=&#8221;xl&#8221; btn_align=&#8221;center&#8221; btn_i_icon_fontawesome=&#8221;fas fa-book&#8221; css_animation=&#8221;fadeInUp&#8221; btn_add_icon=&#8221;true&#8221; btn_link=&#8221;url:https%3A%2F%2Flocatheart.com%2F%3Fsmd_process_download%3D1%26download_id%3D12421|title:E-book|target:%20_blank|&#8221;][\/vc_cta][\/vc_column][\/vc_row][vc_row][vc_column css=&#8221;.vc_custom_1612948683411{padding-right: 150px !important;padding-left: 150px !important;}&#8221;]<div class=\"porto-u-heading\" data-hspacer=\"no_spacer\" data-halign=\"left\" style=\"text-align:left\"><div class=\"porto-u-main-heading\"><h2 style=\"font-weight:700;font-size:24px;\">Krok 3: realizacja projektu<\/h2><\/div><\/div>[vc_column_text]<\/p>\n<p><span style=\"font-weight: 400;\">Po\u0142\u0105czenie do\u015bwiadczenia i umiej\u0119tno\u015bci naszych project manager\u00f3w oraz j\u0119zykowc\u00f3w pozwoli\u0142o nam zamkn\u0105\u0107 projekt w niespe\u0142na 3 dni robocze \u2013 licz\u0105c od momentu otrzymania zapytania od klienta do odes\u0142ania gotowych plik\u00f3w w 9 wersjach j\u0119zykowych.<br \/>\n<\/span><\/p>\n<p>[\/vc_column_text][\/vc_column][\/vc_row][vc_row][vc_column css=&#8221;.vc_custom_1612948683411{padding-right: 150px !important;padding-left: 150px !important;}&#8221;]<div class=\"porto-u-heading\" data-hspacer=\"no_spacer\" data-halign=\"left\" style=\"text-align:left\"><div class=\"porto-u-main-heading\"><h2 style=\"font-weight:700;font-size:24px;\">Wnioski z projektu<\/h2><\/div><\/div>[vc_column_text]<\/p>\n<p><span style=\"font-weight: 400;\">B\u0142yskawiczna realizacja projektu i dostarczenie wysokiej jako\u015bci tre\u015bci pozwoli\u0142o sprawnie opublikowa\u0107 gr\u0119 w pe\u0142ni zlokalizowan\u0105 w 9 j\u0119zykach, znacz\u0105co zwi\u0119kszaj\u0105c docelow\u0105 grup\u0119 odbiorc\u00f3w tytu\u0142u ju\u017c od pierwszego dnia jego obecno\u015bci na platformach App Store i Google Play, co z pewno\u015bci\u0105 prze\u0142o\u017cy\u0142o si\u0119 na zyski i<\/span><a href=\"https:\/\/locatheart.com\/pl\/wiedza\/tlumaczenia-wszystko-co-musisz-wiedziec\/czesc-3-ceny-i-wydajosc-tlumaczen\/tlumaczenia-i-mierzenie-zwrotu-z-inwestycji-roi\/\"> <span style=\"font-weight: 400;\">ROI<\/span><\/a><span style=\"font-weight: 400;\"> zwi\u0105zane z produkcj\u0105 gry.<\/span><\/p>\n<p>[\/vc_column_text][\/vc_column][\/vc_row]<\/p>\n","protected":false},"excerpt":{"rendered":"<p>[vc_row css=&#8221;.vc_custom_1701177295147{margin-top: 30px !important;margin-bottom: 15px !important;}&#8221;][vc_column css=&#8221;.vc_custom_1612948469934{padding-right: 150px !important;padding-left: 150px !important;}&#8221;][\/vc_column][\/vc_row][vc_row][vc_column css=&#8221;.vc_custom_1612948469934{padding-right: 150px !important;padding-left: 150px !important;}&#8221;][vc_column_text]Niemal od pocz\u0105tku swojej dzia\u0142alno\u015bci locatheart wsp\u00f3\u0142pracuje z jednym z najwi\u0119kszych producent\u00f3w gier w Polsce znanym z puzzli, plansz\u00f3wek i karcianek. W 2023 firma ta postanowi\u0142a rozszerzy\u0107 swoje portfolio o gry mobilne. Czytaj dalej, \u017ceby dowiedzie\u0107 si\u0119 jak nasi eksperci [&hellip;]<\/p>\n","protected":false},"author":11,"featured_media":0,"parent":0,"menu_order":0,"comment_status":"closed","ping_status":"closed","template":"","meta":{"inline_featured_image":false},"yoast_head":"<!-- This site is optimized with the Yoast SEO plugin v15.3 - https:\/\/yoast.com\/wordpress\/plugins\/seo\/ -->\n<title>Tak pomogli\u015bmy najwi\u0119kszemu producentowi plansz\u00f3wek w Polsce wej\u015b\u0107 na rynek gier mobilnych - LocAtHeart translation agency<\/title>\n<meta name=\"robots\" content=\"index, follow, max-snippet:-1, max-image-preview:large, max-video-preview:-1\" \/>\n<link rel=\"canonical\" href=\"https:\/\/locatheart.com\/pl\/tak-pomoglismy-najwiekszemu-producentowi-planszowek-w-polsce-wejsc-na-rynek-gier-mobilnych\/\" \/>\n<meta property=\"og:locale\" content=\"pl_PL\" \/>\n<meta property=\"og:type\" content=\"article\" \/>\n<meta property=\"og:title\" content=\"Tak pomogli\u015bmy najwi\u0119kszemu producentowi plansz\u00f3wek w Polsce wej\u015b\u0107 na rynek gier mobilnych - LocAtHeart translation agency\" \/>\n<meta property=\"og:description\" content=\"[vc_row css=&#8221;.vc_custom_1701177295147{margin-top: 30px !important;margin-bottom: 15px !important;}&#8221;][vc_column css=&#8221;.vc_custom_1612948469934{padding-right: 150px !important;padding-left: 150px !important;}&#8221;][\/vc_column][\/vc_row][vc_row][vc_column css=&#8221;.vc_custom_1612948469934{padding-right: 150px !important;padding-left: 150px !important;}&#8221;][vc_column_text]Niemal od pocz\u0105tku swojej dzia\u0142alno\u015bci locatheart wsp\u00f3\u0142pracuje z jednym z najwi\u0119kszych producent\u00f3w gier w Polsce znanym z puzzli, plansz\u00f3wek i karcianek. W 2023 firma ta postanowi\u0142a rozszerzy\u0107 swoje portfolio o gry mobilne. Czytaj dalej, \u017ceby dowiedzie\u0107 si\u0119 jak nasi eksperci [&hellip;]\" \/>\n<meta property=\"og:url\" content=\"https:\/\/locatheart.com\/pl\/tak-pomoglismy-najwiekszemu-producentowi-planszowek-w-polsce-wejsc-na-rynek-gier-mobilnych\/\" \/>\n<meta property=\"og:site_name\" content=\"LocAtHeart translation agency\" \/>\n<meta property=\"article:modified_time\" content=\"2024-08-20T09:35:41+00:00\" \/>\n<meta property=\"og:image\" content=\"https:\/\/locatheart.com\/wp-content\/uploads\/2023\/11\/Mobile-game-translation-case-study-locatheart-300x300.png\" \/>\n<meta name=\"twitter:card\" content=\"summary_large_image\" \/>\n<meta name=\"twitter:label1\" content=\"Written by\">\n\t<meta name=\"twitter:data1\" content=\"Locatheart\">\n\t<meta name=\"twitter:label2\" content=\"Est. reading time\">\n\t<meta name=\"twitter:data2\" content=\"7 minut\">\n<!-- \/ Yoast SEO plugin. -->","_links":{"self":[{"href":"https:\/\/locatheart.com\/pl\/wp-json\/wp\/v2\/pages\/10088\/"}],"collection":[{"href":"https:\/\/locatheart.com\/pl\/wp-json\/wp\/v2\/pages\/"}],"about":[{"href":"https:\/\/locatheart.com\/pl\/wp-json\/wp\/v2\/types\/page\/"}],"author":[{"embeddable":true,"href":"https:\/\/locatheart.com\/pl\/wp-json\/wp\/v2\/users\/11\/"}],"replies":[{"embeddable":true,"href":"https:\/\/locatheart.com\/pl\/wp-json\/wp\/v2\/comments\/?post=10088"}],"version-history":[{"count":14,"href":"https:\/\/locatheart.com\/pl\/wp-json\/wp\/v2\/pages\/10088\/revisions\/"}],"predecessor-version":[{"id":12751,"href":"https:\/\/locatheart.com\/pl\/wp-json\/wp\/v2\/pages\/10088\/revisions\/12751\/"}],"wp:attachment":[{"href":"https:\/\/locatheart.com\/pl\/wp-json\/wp\/v2\/media\/?parent=10088"}],"curies":[{"name":"wp","href":"https:\/\/api.w.org\/{rel}","templated":true}]}}