{"id":10204,"date":"2023-10-31T12:12:41","date_gmt":"2023-10-31T11:12:41","guid":{"rendered":"https:\/\/locatheart.com\/?page_id=10204"},"modified":"2024-08-20T12:03:35","modified_gmt":"2024-08-20T10:03:35","slug":"research-fraz-kluczowych-dla-firmy-z-usa-dzialajacej-w-modelu-saas-na-rynku-szwedzkim-wloskim-polskim-i-koreanskim","status":"publish","type":"page","link":"https:\/\/locatheart.com\/pl\/research-fraz-kluczowych-dla-firmy-z-usa-dzialajacej-w-modelu-saas-na-rynku-szwedzkim-wloskim-polskim-i-koreanskim\/","title":{"rendered":"Research fraz kluczowych dla firmy z USA dzia\u0142aj\u0105cej w modelu SaaS na rynku szwedzkim, w\u0142oskim, polskim i korea\u0144skim"},"content":{"rendered":"<p>[vc_row css=&#8221;.vc_custom_1701177642456{margin-top: 30px !important;margin-bottom: 15px !important;}&#8221;][vc_column css=&#8221;.vc_custom_1612948469934{padding-right: 150px !important;padding-left: 150px !important;}&#8221;]<div class=\"porto-u-heading\" data-hspacer=\"no_spacer\" data-halign=\"left\" style=\"text-align:left\"><div class=\"porto-u-main-heading\"><h2 style=\"font-weight:500;font-size:30px;\">Research fraz kluczowych dla firmy z USA dzia\u0142aj\u0105cej w modelu SaaS na rynku szwedzkim, w\u0142oskim, polskim i korea\u0144skim<\/h2><\/div><\/div>[\/vc_column][\/vc_row][vc_row][vc_column css=&#8221;.vc_custom_1612948469934{padding-right: 150px !important;padding-left: 150px !important;}&#8221;][vc_column_text]<strong><img loading=\"lazy\" class=\"alignright wp-image-10249 size-medium\" src=\"https:\/\/locatheart.com\/wp-content\/uploads\/2023\/11\/Korea-case-study-locatheart-300x300.png\" alt=\"Korea case study locatheart\" width=\"300\" height=\"300\" \/>W dzisiejszym cyfrowym \u015bwiecie zdolno\u015b\u0107 do wyeksponowania swojej ekspertyzy w sieci jest kluczowa do osi\u0105gni\u0119cia sukcesu. Nasz klient, b\u0119d\u0105cy tw\u00f3rc\u0105 aplikacji SaaS u\u0142atwiaj\u0105cej wizualizacj\u0119 danych, doskonale rozumie t\u0119 potrzeb\u0119.<\/strong><\/p>\n<p>Sprawd\u017a, jak nasi eksperci SEO pomogli zwi\u0119kszy\u0107 organiczn\u0105 widoczno\u015b\u0107 aplikacji tego klienta na rynku szwedzkim, w\u0142oskim, polskim i korea\u0144skim.<\/p>\n<p>&nbsp;<\/p>\n<p>[\/vc_column_text][\/vc_column][\/vc_row][vc_row][vc_column css=&#8221;.vc_custom_1612948487630{padding-right: 150px !important;padding-left: 150px !important;}&#8221;][vc_empty_space]<div class=\"porto-u-heading\" data-hspacer=\"no_spacer\" data-halign=\"left\" style=\"text-align:left\"><div class=\"porto-u-main-heading\"><h2 style=\"font-weight:700;font-size:24px;\">Wyzwania i cele<\/h2><\/div><\/div>[vc_column_text]<span style=\"font-weight: 400;\">Klient zwr\u00f3ci\u0142 si\u0119 do nas z pro\u015bb\u0105 o przygotowanie fraz kluczowych niezb\u0119dnych do zoptymalizowania pod k\u0105tem SEO wybranych przez niego podstron na wskazanych rynkach. Klientowi zale\u017ca\u0142o na tym, aby uzyska\u0107 wysokiej jako\u015bci frazy kluczowe, kt\u00f3rych wykorzystanie w tre\u015bciach podniesie widoczno\u015b\u0107 najistotniejszych dla firmy podstron na kluczowych rynkach.<\/span>[\/vc_column_text][vc_cta h2=&#8221;Chcesz pozna\u0107 wi\u0119cej szczeg\u00f3\u0142\u00f3w na temat tego projektu?&#8221; txt_align=&#8221;center&#8221; style=&#8221;outline&#8221; add_button=&#8221;bottom&#8221; btn_title=&#8221;Napisz do nas, a prze\u015blemy Ci pe\u0142n\u0105 prezentacj\u0119 na jego temat.&#8221; btn_style=&#8221;custom&#8221; btn_custom_background=&#8221;#f75100&#8243; btn_custom_text=&#8221;#ffffff&#8221; btn_shape=&#8221;rounded&#8221; btn_size=&#8221;xl&#8221; btn_align=&#8221;center&#8221; btn_i_icon_fontawesome=&#8221;fas fa-comment&#8221; css_animation=&#8221;fadeInUp&#8221; btn_add_icon=&#8221;true&#8221; btn_link=&#8221;url:https%3A%2F%2Flocatheart.com%2Fpl%2Fkontakt%2F|&#8221;][\/vc_cta][\/vc_column][\/vc_row][vc_row][vc_column css=&#8221;.vc_custom_1612948653701{padding-right: 150px !important;padding-left: 150px !important;}&#8221;]<div class=\"porto-u-heading\" data-hspacer=\"no_spacer\" data-halign=\"left\" style=\"text-align:left\"><div class=\"porto-u-main-heading\"><h2 style=\"font-weight:700;font-size:24px;\">Krok 1: research fraz kluczowych<\/h2><\/div><\/div>[vc_column_text]<span style=\"font-weight: 400;\">Nasi specjali\u015bci SEO otrzymali od klienta wszystkie potrzebne materia\u0142y i rozpocz\u0119li dog\u0142\u0119bn\u0105\u00a0analiz\u0119 wyznaczonych podstron.<\/span><\/p>\n<p><span style=\"font-weight: 400;\">Na podstawie przeprowadzonej analizy przy pomocy narz\u0119dzia Ahrefs wykonali\u015bmy research najwa\u017cniejszych fraz kluczowych dla ka\u017cdej z podstron.<\/span><\/p>\n<p><span style=\"font-weight: 400;\">Aby zweryfikowa\u0107 wyniki g\u0142\u00f3wnego researchu, przeprowadzili\u015bmy r\u00f3wnie\u017c research stron konkurencyjnych firm. Dzi\u0119ki temu uda\u0142o nam si\u0119 ustali\u0107 najwa\u017cniejsze s\u0142owa kluczowe, na kt\u00f3re powinien pozycjonowa\u0107 si\u0119 nasz klient.<\/span><\/p>\n<p><span style=\"font-weight: 400;\">W celu weryfikacji przygotowane repozytorium zosta\u0142o przekazane do drugiego specjalisty, kt\u00f3ry zweryfikowa\u0142 poprawno\u015b\u0107 i u\u017cyteczno\u015b\u0107 fraz.<\/span>[\/vc_column_text][vc_cta h2=&#8221;Chcesz dowiedzie\u0107 si\u0119 wi\u0119cej o tym, jak pozycjonowa\u0107 swoj\u0105 stron\u0119 na zagranicznych rynkach?&#8221; txt_align=&#8221;center&#8221; style=&#8221;outline&#8221; add_button=&#8221;bottom&#8221; btn_title=&#8221;Pobierz nasz darmowy e-book!&#8221; btn_style=&#8221;custom&#8221; btn_custom_background=&#8221;#f75100&#8243; btn_custom_text=&#8221;#ffffff&#8221; btn_shape=&#8221;rounded&#8221; btn_size=&#8221;xl&#8221; btn_align=&#8221;center&#8221; btn_i_icon_fontawesome=&#8221;fas fa-book&#8221; css_animation=&#8221;fadeInUp&#8221; btn_add_icon=&#8221;true&#8221; btn_link=&#8221;url:https%3A%2F%2Flocatheart.com%2F%3Fsmd_process_download%3D1%26download_id%3D12421|title:E-book|target:%20_blank|&#8221;][\/vc_cta][\/vc_column][\/vc_row][vc_row][vc_column css=&#8221;.vc_custom_1612948668078{padding-right: 150px !important;padding-left: 150px !important;}&#8221;]<div class=\"porto-u-heading\" data-hspacer=\"no_spacer\" data-halign=\"left\" style=\"text-align:left\"><div class=\"porto-u-main-heading\"><h2 style=\"font-weight:700;font-size:24px;\">Krok 2: weryfikacja fraz kluczowych przez native speaker\u00f3w<\/h2><\/div><\/div>[vc_column_text]<span style=\"font-weight: 400;\">Po weryfikacji fraz kluczowych przez naszych wewn\u0119trznych specjalist\u00f3w przes\u0142ali\u015bmy je do wsp\u00f3\u0142pracuj\u0105cych z nami ekspert\u00f3w \u2013 s\u0105 to native speakerzy j\u0119zyk\u00f3w u\u017cywanych na docelowych rynkach naszych klient\u00f3w.<\/span><\/p>\n<p><span style=\"font-weight: 400;\">Dzi\u0119ki ich pomocy nie tylko sprawdzamy zgodno\u015b\u0107 fraz, ale cz\u0119sto dostajemy r\u00f3wnie\u017c propozycje nowych, powszechnie u\u017cywanych przez mieszka\u0144c\u00f3w danego kraju zapyta\u0144.<\/span><\/p>\n<p><span style=\"font-weight: 400;\">Po uzupe\u0142nieniu repozytorium o kolejne frazy dostarczone przez naszych ekspert\u00f3w gotow\u0105 baz\u0119 fraz kluczowych odes\u0142ali\u015bmy do naszego klienta.<\/span>[\/vc_column_text][vc_cta h2=&#8221;Chcesz, aby Tw\u00f3j startup \u0142atwo znale\u017ali u\u017cytkownicy na rynkach zagranicznych?&#8221; txt_align=&#8221;center&#8221; style=&#8221;outline&#8221; add_button=&#8221;bottom&#8221; btn_title=&#8221;Um\u00f3w si\u0119 na konsultacj\u0119 z jednym z naszych ekspert\u00f3w!&#8221; btn_style=&#8221;custom&#8221; btn_custom_background=&#8221;#f75100&#8243; btn_custom_text=&#8221;#ffffff&#8221; btn_shape=&#8221;rounded&#8221; btn_size=&#8221;xl&#8221; btn_align=&#8221;center&#8221; btn_i_icon_fontawesome=&#8221;fas fa-comments&#8221; css_animation=&#8221;fadeInUp&#8221; btn_add_icon=&#8221;true&#8221; btn_link=&#8221;url:https%3A%2F%2Fcalendly.com%2Flocatheart|||&#8221;][\/vc_cta][\/vc_column][\/vc_row][vc_row][vc_column css=&#8221;.vc_custom_1612948683411{padding-right: 150px !important;padding-left: 150px !important;}&#8221;]<div class=\"porto-u-heading\" data-hspacer=\"no_spacer\" data-halign=\"left\" style=\"text-align:left\"><div class=\"porto-u-main-heading\"><h2 style=\"font-weight:700;font-size:24px;\">Wnioski z projektu<\/h2><\/div><\/div>[vc_column_text]<span style=\"font-weight: 400;\">By\u0142 to pierwszy projekt, kt\u00f3ry wykonali\u015bmy dla tego klienta. Udowodnili\u015bmy nim, \u017ce \u015bwietnie potrafimy odnale\u017a\u0107 si\u0119 w pracy z r\u00f3\u017cnorodnymi j\u0119zykami \u2013 nie tylko europejskimi. Po zako\u0144czeniu projektu nasz klient powr\u00f3ci\u0142 z kolejnymi podstronami, dla kt\u00f3rych mieli\u015bmy wykona\u0107 to samo zadanie na tych samych rynkach.<\/span>[\/vc_column_text][\/vc_column][\/vc_row]<\/p>\n","protected":false},"excerpt":{"rendered":"<p>[vc_row css=&#8221;.vc_custom_1701177642456{margin-top: 30px !important;margin-bottom: 15px !important;}&#8221;][vc_column css=&#8221;.vc_custom_1612948469934{padding-right: 150px !important;padding-left: 150px !important;}&#8221;][\/vc_column][\/vc_row][vc_row][vc_column css=&#8221;.vc_custom_1612948469934{padding-right: 150px !important;padding-left: 150px !important;}&#8221;][vc_column_text]W dzisiejszym cyfrowym \u015bwiecie zdolno\u015b\u0107 do wyeksponowania swojej ekspertyzy w sieci jest kluczowa do osi\u0105gni\u0119cia sukcesu. Nasz klient, b\u0119d\u0105cy tw\u00f3rc\u0105 aplikacji SaaS u\u0142atwiaj\u0105cej wizualizacj\u0119 danych, doskonale rozumie t\u0119 potrzeb\u0119. Sprawd\u017a, jak nasi eksperci SEO pomogli zwi\u0119kszy\u0107 organiczn\u0105 widoczno\u015b\u0107 aplikacji tego [&hellip;]<\/p>\n","protected":false},"author":11,"featured_media":0,"parent":0,"menu_order":0,"comment_status":"closed","ping_status":"closed","template":"","meta":{"inline_featured_image":false},"yoast_head":"<!-- This site is optimized with the Yoast SEO plugin v15.3 - https:\/\/yoast.com\/wordpress\/plugins\/seo\/ -->\n<title>Research fraz kluczowych dla firmy z USA dzia\u0142aj\u0105cej w modelu SaaS na rynku szwedzkim, w\u0142oskim, polskim i korea\u0144skim - LocAtHeart translation agency<\/title>\n<meta name=\"robots\" content=\"index, follow, max-snippet:-1, max-image-preview:large, max-video-preview:-1\" \/>\n<link rel=\"canonical\" href=\"https:\/\/locatheart.com\/pl\/research-fraz-kluczowych-dla-firmy-z-usa-dzialajacej-w-modelu-saas-na-rynku-szwedzkim-wloskim-polskim-i-koreanskim\/\" \/>\n<meta property=\"og:locale\" content=\"pl_PL\" \/>\n<meta property=\"og:type\" content=\"article\" \/>\n<meta property=\"og:title\" content=\"Research fraz kluczowych dla firmy z USA dzia\u0142aj\u0105cej w modelu SaaS na rynku szwedzkim, w\u0142oskim, polskim i korea\u0144skim - LocAtHeart translation agency\" \/>\n<meta property=\"og:description\" content=\"[vc_row css=&#8221;.vc_custom_1701177642456{margin-top: 30px !important;margin-bottom: 15px !important;}&#8221;][vc_column css=&#8221;.vc_custom_1612948469934{padding-right: 150px !important;padding-left: 150px !important;}&#8221;][\/vc_column][\/vc_row][vc_row][vc_column css=&#8221;.vc_custom_1612948469934{padding-right: 150px !important;padding-left: 150px !important;}&#8221;][vc_column_text]W dzisiejszym cyfrowym \u015bwiecie zdolno\u015b\u0107 do wyeksponowania swojej ekspertyzy w sieci jest kluczowa do osi\u0105gni\u0119cia sukcesu. Nasz klient, b\u0119d\u0105cy tw\u00f3rc\u0105 aplikacji SaaS u\u0142atwiaj\u0105cej wizualizacj\u0119 danych, doskonale rozumie t\u0119 potrzeb\u0119. Sprawd\u017a, jak nasi eksperci SEO pomogli zwi\u0119kszy\u0107 organiczn\u0105 widoczno\u015b\u0107 aplikacji tego [&hellip;]\" \/>\n<meta property=\"og:url\" content=\"https:\/\/locatheart.com\/pl\/research-fraz-kluczowych-dla-firmy-z-usa-dzialajacej-w-modelu-saas-na-rynku-szwedzkim-wloskim-polskim-i-koreanskim\/\" \/>\n<meta property=\"og:site_name\" content=\"LocAtHeart translation agency\" \/>\n<meta property=\"article:modified_time\" content=\"2024-08-20T10:03:35+00:00\" \/>\n<meta property=\"og:image\" content=\"https:\/\/locatheart.com\/wp-content\/uploads\/2023\/11\/Korea-case-study-locatheart-300x300.png\" \/>\n<meta name=\"twitter:card\" content=\"summary_large_image\" \/>\n<meta name=\"twitter:label1\" content=\"Written by\">\n\t<meta name=\"twitter:data1\" content=\"Locatheart\">\n\t<meta name=\"twitter:label2\" content=\"Est. reading time\">\n\t<meta name=\"twitter:data2\" content=\"4 minuty\">\n<!-- \/ Yoast SEO plugin. -->","_links":{"self":[{"href":"https:\/\/locatheart.com\/pl\/wp-json\/wp\/v2\/pages\/10204\/"}],"collection":[{"href":"https:\/\/locatheart.com\/pl\/wp-json\/wp\/v2\/pages\/"}],"about":[{"href":"https:\/\/locatheart.com\/pl\/wp-json\/wp\/v2\/types\/page\/"}],"author":[{"embeddable":true,"href":"https:\/\/locatheart.com\/pl\/wp-json\/wp\/v2\/users\/11\/"}],"replies":[{"embeddable":true,"href":"https:\/\/locatheart.com\/pl\/wp-json\/wp\/v2\/comments\/?post=10204"}],"version-history":[{"count":12,"href":"https:\/\/locatheart.com\/pl\/wp-json\/wp\/v2\/pages\/10204\/revisions\/"}],"predecessor-version":[{"id":12766,"href":"https:\/\/locatheart.com\/pl\/wp-json\/wp\/v2\/pages\/10204\/revisions\/12766\/"}],"wp:attachment":[{"href":"https:\/\/locatheart.com\/pl\/wp-json\/wp\/v2\/media\/?parent=10204"}],"curies":[{"name":"wp","href":"https:\/\/api.w.org\/{rel}","templated":true}]}}