{"id":10220,"date":"2023-10-31T12:35:38","date_gmt":"2023-10-31T11:35:38","guid":{"rendered":"https:\/\/locatheart.com\/?page_id=10220"},"modified":"2024-08-20T11:21:27","modified_gmt":"2024-08-20T09:21:27","slug":"ponad-50-wzrostu-wynikow-na-amazonie-dzieki-optymalizacji-opisow-produktow","status":"publish","type":"page","link":"https:\/\/locatheart.com\/pl\/ponad-50-wzrostu-wynikow-na-amazonie-dzieki-optymalizacji-opisow-produktow\/","title":{"rendered":"Ponad 50% wzrostu wynik\u00f3w na Amazonie dzi\u0119ki optymalizacji opis\u00f3w produkt\u00f3w"},"content":{"rendered":"<p>[vc_row css=&#8221;.vc_custom_1701177117497{margin-top: 30px !important;margin-bottom: 15px !important;}&#8221;][vc_column css=&#8221;.vc_custom_1612948469934{padding-right: 150px !important;padding-left: 150px !important;}&#8221;]<div class=\"porto-u-heading\" data-hspacer=\"no_spacer\" data-halign=\"left\" style=\"text-align:left\"><div class=\"porto-u-main-heading\"><h2 style=\"font-weight:500;font-size:30px;\">Ponad 50% wzrostu wynik\u00f3w na Amazonie dzi\u0119ki optymalizacji opis\u00f3w produkt\u00f3w<\/h2><\/div><\/div>[\/vc_column][\/vc_row][vc_row][vc_column css=&#8221;.vc_custom_1612948469934{padding-right: 150px !important;padding-left: 150px !important;}&#8221;][vc_column_text]<strong><img loading=\"lazy\" class=\"wp-image-10242 size-medium alignright\" src=\"https:\/\/locatheart.com\/wp-content\/uploads\/2023\/11\/przybory-kuchenne-case-study-locatheart-300x300.png\" alt=\"przybory kuchenne case study locatheart\" width=\"300\" height=\"300\" \/>Jednym z naszych klient\u00f3w jest producent akcesori\u00f3w kuchennych i \u0142azienkowych. Przeczytaj nasze case study i dowiedz si\u0119, jak pomogli\u015bmy firmie zwi\u0119kszy\u0107 widoczno\u015b\u0107 produkt\u00f3w o przesz\u0142o 50% na rynku francuskim, w\u0142oskim, niemieckim i hiszpa\u0144skim!<\/strong><\/p>\n<p>&nbsp;<\/p>\n<p>&nbsp;<\/p>\n<p>&nbsp;<\/p>\n<p>[\/vc_column_text][\/vc_column][\/vc_row][vc_row][vc_column css=&#8221;.vc_custom_1612948487630{padding-right: 150px !important;padding-left: 150px !important;}&#8221;][vc_empty_space]<div class=\"porto-u-heading\" data-hspacer=\"no_spacer\" data-halign=\"left\" style=\"text-align:left\"><div class=\"porto-u-main-heading\"><h2 style=\"font-weight:700;font-size:24px;\">Wyzwania i cele<\/h2><\/div><\/div>[vc_column_text]<span style=\"font-weight: 400;\">Nasz klient prowadzi sprzeda\u017c swoich produkt\u00f3w za po\u015brednictwem wielu kana\u0142\u00f3w \u2013 w tym Amazona. Z racji olbrzymiej konkurencji oraz du\u017cej liczby ofert na tej platformie naszemu klientowi zale\u017ca\u0142o na zwi\u0119kszeniu widoczno\u015bci produkt\u00f3w na rynku francuskim, w\u0142oskim, hiszpa\u0144skim oraz niemieckim.<\/span><\/p>\n<p><span style=\"font-weight: 400;\">Po wst\u0119pnej analizie ofert doszli\u015bmy do wniosku, \u017ce nie s\u0105 one w pe\u0142ni zoptymalizowane pod k\u0105tem wyszukiwarki produkt\u00f3w na Amazonie.<\/span><\/p>\n<p><span style=\"font-weight: 400;\">Uznali\u015bmy, \u017ce listingi nale\u017cy dostosowa\u0107 do wymog\u00f3w algorytmu, w szczeg\u00f3lno\u015bci zwracaj\u0105c uwag\u0119 na odpowiednie frazy kluczowe w opisach oraz tzw. <\/span><i><span style=\"font-weight: 400;\">backend keywords<\/span><\/i><span style=\"font-weight: 400;\"> \u2013 ukryte s\u0142owa kluczowe niewidoczne dla kupuj\u0105cych. Wykorzystanie tych fraz to \u015bwietny spos\u00f3b na poinformowanie algorytmu Amazona, \u017ce okre\u015blone s\u0142owo kluczowe jest istotne dla danej oferty.<\/span>[\/vc_column_text][vc_cta h2=&#8221;Chcesz dowiedzie\u0107 si\u0119 wi\u0119cej o tym projekcie?&#8221; txt_align=&#8221;center&#8221; style=&#8221;outline&#8221; add_button=&#8221;bottom&#8221; btn_title=&#8221;Przeczytaj artyku\u0142 na naszym blogu!&#8221; btn_style=&#8221;custom&#8221; btn_custom_background=&#8221;#f75100&#8243; btn_custom_text=&#8221;#ffffff&#8221; btn_shape=&#8221;rounded&#8221; btn_size=&#8221;xl&#8221; btn_align=&#8221;center&#8221; btn_i_icon_fontawesome=&#8221;fas fa-book&#8221; css_animation=&#8221;fadeInUp&#8221; btn_add_icon=&#8221;true&#8221; btn_link=&#8221;url:https%3A%2F%2Flocatheart.com%2Fpl%2Famazon-keyword-research-case-study%2F|||&#8221;][\/vc_cta][\/vc_column][\/vc_row][vc_row][vc_column css=&#8221;.vc_custom_1612948653701{padding-right: 150px !important;padding-left: 150px !important;}&#8221;]<div class=\"porto-u-heading\" data-hspacer=\"no_spacer\" data-halign=\"left\" style=\"text-align:left\"><div class=\"porto-u-main-heading\"><h2 style=\"font-weight:700;font-size:24px;\">Krok 1: analiza konkurencji, research i utworzenie listy s\u0142\u00f3w kluczowych<\/h2><\/div><\/div>[vc_column_text]<span style=\"font-weight: 400;\">W pierwszej kolejno\u015bci podj\u0119li\u015bmy si\u0119 analizy konkurencji \u2013 sprawdzili\u015bmy, jak wygl\u0105daj\u0105 ich oferty, jakie frazy kluczowe pojawiaj\u0105 si\u0119 w opisach ich produkt\u00f3w oraz jak prezentowane s\u0105 artyku\u0142y na sprzeda\u017c.<\/span><\/p>\n<p><span style=\"font-weight: 400;\">Na podstawie zidentyfikowanych przez nas keyword\u00f3w oraz tych u\u017cytych w tre\u015bciach konkurencji utworzyli\u015bmy listy fraz kluczowych dla ka\u017cdej grupy produkt\u00f3w.<\/span>[\/vc_column_text][vc_cta h2=&#8221;Planujesz wprowadzi\u0107 sprzeda\u017c cross-border w swoim e-commerce?&#8221; txt_align=&#8221;center&#8221; style=&#8221;outline&#8221; add_button=&#8221;bottom&#8221; btn_title=&#8221;Skontaktuj si\u0119 z nami, pomo\u017cemy Ci!&#8221; btn_style=&#8221;custom&#8221; btn_custom_background=&#8221;#f75100&#8243; btn_custom_text=&#8221;#ffffff&#8221; btn_shape=&#8221;rounded&#8221; btn_size=&#8221;xl&#8221; btn_align=&#8221;center&#8221; btn_i_icon_fontawesome=&#8221;fas fa-comment&#8221; css_animation=&#8221;fadeInUp&#8221; btn_add_icon=&#8221;true&#8221; btn_link=&#8221;url:https%3A%2F%2Flocatheart.com%2Fpl%2Fkontakt%2F|||&#8221;][\/vc_cta][\/vc_column][\/vc_row][vc_row][vc_column css=&#8221;.vc_custom_1612948668078{padding-right: 150px !important;padding-left: 150px !important;}&#8221;]<div class=\"porto-u-heading\" data-hspacer=\"no_spacer\" data-halign=\"left\" style=\"text-align:left\"><div class=\"porto-u-main-heading\"><h2 style=\"font-weight:700;font-size:24px;\">Krok 2: tworzenie i optymalizacja tre\u015bci<\/h2><\/div><\/div>[vc_column_text]<span style=\"font-weight: 400;\">Dysponuj\u0105c bogat\u0105 list\u0105 fraz kluczowych, rozpocz\u0119li\u015bmy optymalizacj\u0119 istniej\u0105cych ofert oraz tworzenie opis\u00f3w dla nowych produkt\u00f3w, kt\u00f3re dopiero mia\u0142y zosta\u0107 udost\u0119pnione na Amazonie.<\/span><\/p>\n<p><span style=\"font-weight: 400;\">Nad tre\u015bciami pracowali nasi sprawdzeni j\u0119zykowcy \u2013 native speakerzy j\u0119zyk\u00f3w u\u017cywanych na kluczowych dla naszego klienta rynkach.<\/span><\/p>\n<p><span style=\"font-weight: 400;\">Osoby te s\u0105 z wykszta\u0142cenia lingwistami pracuj\u0105cymi z j\u0119zykiem, z kt\u00f3rym maj\u0105 styczno\u015b\u0107 na co dzie\u0144 \u2013 dzi\u0119ki temu dostarczone przez nas tre\u015bci opis\u00f3w nie tylko s\u0105 odpowiednio zoptymalizowane pod k\u0105tem widoczno\u015bci na platformie sprzeda\u017cowej Amazon, ale r\u00f3wnie\u017c brzmi\u0105 naturalnie i zach\u0119caj\u0105co dla potencjalnych odbiorc\u00f3w produkt\u00f3w naszego klienta.<\/span>[\/vc_column_text][vc_cta h2=&#8221;Chcesz osi\u0105ga\u0107 ponadprzeci\u0119tne zyski z zagranicznej sprzeda\u017cy na Amazonie?&#8221; h4=&#8221;Um\u00f3w konsultacj\u0119 z naszym ekspertem i opracuj plan dzia\u0142ania!&#8221; txt_align=&#8221;center&#8221; style=&#8221;outline&#8221; add_button=&#8221;bottom&#8221; btn_title=&#8221;Um\u00f3w bezp\u0142atn\u0105 konsultacj\u0119&#8221; btn_style=&#8221;custom&#8221; btn_custom_background=&#8221;#f75100&#8243; btn_custom_text=&#8221;#ffffff&#8221; btn_shape=&#8221;rounded&#8221; btn_size=&#8221;xl&#8221; btn_align=&#8221;center&#8221; btn_i_icon_fontawesome=&#8221;fas fa-comments&#8221; css_animation=&#8221;fadeInUp&#8221; btn_add_icon=&#8221;true&#8221; btn_link=&#8221;url:https%3A%2F%2Fcalendly.com%2Flocatheart||target:%20_blank|&#8221;][\/vc_cta][\/vc_column][\/vc_row][vc_row][vc_column css=&#8221;.vc_custom_1612948683411{padding-right: 150px !important;padding-left: 150px !important;}&#8221;]<div class=\"porto-u-heading\" data-hspacer=\"no_spacer\" data-halign=\"left\" style=\"text-align:left\"><div class=\"porto-u-main-heading\"><h2 style=\"font-weight:700;font-size:24px;\">Wnioski z projektu<\/h2><\/div><\/div>[vc_column_text]<span style=\"font-weight: 400;\">Dzi\u0119ki naszym dzia\u0142aniom widoczno\u015b\u0107 produkt\u00f3w naszego klienta na Amazonie zwi\u0119kszy\u0142a si\u0119 o 15\u201335%.<\/span><\/p>\n<p><span style=\"font-weight: 400;\">Warto nadmieni\u0107, \u017ce wzrosty te dotycz\u0105 ca\u0142ych kategorii i zosta\u0142y uzyskane mimo tego, \u017ce nie wszystkie nale\u017c\u0105ce do nich produkty \u2013 zgodnie z ustaleniami z klientem \u2013 zosta\u0142y zoptymalizowane. Wzrost widoczno\u015bci poszczeg\u00f3lnych produkt\u00f3w, nad kt\u00f3rymi pracowali\u015bmy, przekracza\u0142 50%.<\/span>[\/vc_column_text][\/vc_column][\/vc_row]<\/p>\n","protected":false},"excerpt":{"rendered":"<p>[vc_row css=&#8221;.vc_custom_1701177117497{margin-top: 30px !important;margin-bottom: 15px !important;}&#8221;][vc_column css=&#8221;.vc_custom_1612948469934{padding-right: 150px !important;padding-left: 150px !important;}&#8221;][\/vc_column][\/vc_row][vc_row][vc_column css=&#8221;.vc_custom_1612948469934{padding-right: 150px !important;padding-left: 150px !important;}&#8221;][vc_column_text]Jednym z naszych klient\u00f3w jest producent akcesori\u00f3w kuchennych i \u0142azienkowych. Przeczytaj nasze case study i dowiedz si\u0119, jak pomogli\u015bmy firmie zwi\u0119kszy\u0107 widoczno\u015b\u0107 produkt\u00f3w o przesz\u0142o 50% na rynku francuskim, w\u0142oskim, niemieckim i hiszpa\u0144skim! &nbsp; &nbsp; &nbsp; [\/vc_column_text][\/vc_column][\/vc_row][vc_row][vc_column css=&#8221;.vc_custom_1612948487630{padding-right: 150px !important;padding-left: [&hellip;]<\/p>\n","protected":false},"author":11,"featured_media":0,"parent":0,"menu_order":0,"comment_status":"closed","ping_status":"closed","template":"","meta":{"inline_featured_image":false},"yoast_head":"<!-- This site is optimized with the Yoast SEO plugin v15.3 - https:\/\/yoast.com\/wordpress\/plugins\/seo\/ -->\n<title>Ponad 50% wzrostu wynik\u00f3w na Amazonie dzi\u0119ki optymalizacji opis\u00f3w produkt\u00f3w - LocAtHeart translation agency<\/title>\n<meta name=\"robots\" content=\"index, follow, max-snippet:-1, max-image-preview:large, max-video-preview:-1\" \/>\n<link rel=\"canonical\" href=\"https:\/\/locatheart.com\/pl\/ponad-50-wzrostu-wynikow-na-amazonie-dzieki-optymalizacji-opisow-produktow\/\" \/>\n<meta property=\"og:locale\" content=\"pl_PL\" \/>\n<meta property=\"og:type\" content=\"article\" \/>\n<meta property=\"og:title\" content=\"Ponad 50% wzrostu wynik\u00f3w na Amazonie dzi\u0119ki optymalizacji opis\u00f3w produkt\u00f3w - LocAtHeart translation agency\" \/>\n<meta property=\"og:description\" content=\"[vc_row css=&#8221;.vc_custom_1701177117497{margin-top: 30px !important;margin-bottom: 15px !important;}&#8221;][vc_column css=&#8221;.vc_custom_1612948469934{padding-right: 150px !important;padding-left: 150px !important;}&#8221;][\/vc_column][\/vc_row][vc_row][vc_column css=&#8221;.vc_custom_1612948469934{padding-right: 150px !important;padding-left: 150px !important;}&#8221;][vc_column_text]Jednym z naszych klient\u00f3w jest producent akcesori\u00f3w kuchennych i \u0142azienkowych. Przeczytaj nasze case study i dowiedz si\u0119, jak pomogli\u015bmy firmie zwi\u0119kszy\u0107 widoczno\u015b\u0107 produkt\u00f3w o przesz\u0142o 50% na rynku francuskim, w\u0142oskim, niemieckim i hiszpa\u0144skim! &nbsp; &nbsp; &nbsp; [\/vc_column_text][\/vc_column][\/vc_row][vc_row][vc_column css=&#8221;.vc_custom_1612948487630{padding-right: 150px !important;padding-left: [&hellip;]\" \/>\n<meta property=\"og:url\" content=\"https:\/\/locatheart.com\/pl\/ponad-50-wzrostu-wynikow-na-amazonie-dzieki-optymalizacji-opisow-produktow\/\" \/>\n<meta property=\"og:site_name\" content=\"LocAtHeart translation agency\" \/>\n<meta property=\"article:modified_time\" content=\"2024-08-20T09:21:27+00:00\" \/>\n<meta property=\"og:image\" content=\"https:\/\/locatheart.com\/wp-content\/uploads\/2023\/11\/przybory-kuchenne-case-study-locatheart-300x300.png\" \/>\n<meta name=\"twitter:card\" content=\"summary_large_image\" \/>\n<meta name=\"twitter:label1\" content=\"Written by\">\n\t<meta name=\"twitter:data1\" content=\"Locatheart\">\n\t<meta name=\"twitter:label2\" content=\"Est. reading time\">\n\t<meta name=\"twitter:data2\" content=\"4 minuty\">\n<!-- \/ Yoast SEO plugin. -->","_links":{"self":[{"href":"https:\/\/locatheart.com\/pl\/wp-json\/wp\/v2\/pages\/10220\/"}],"collection":[{"href":"https:\/\/locatheart.com\/pl\/wp-json\/wp\/v2\/pages\/"}],"about":[{"href":"https:\/\/locatheart.com\/pl\/wp-json\/wp\/v2\/types\/page\/"}],"author":[{"embeddable":true,"href":"https:\/\/locatheart.com\/pl\/wp-json\/wp\/v2\/users\/11\/"}],"replies":[{"embeddable":true,"href":"https:\/\/locatheart.com\/pl\/wp-json\/wp\/v2\/comments\/?post=10220"}],"version-history":[{"count":11,"href":"https:\/\/locatheart.com\/pl\/wp-json\/wp\/v2\/pages\/10220\/revisions\/"}],"predecessor-version":[{"id":12746,"href":"https:\/\/locatheart.com\/pl\/wp-json\/wp\/v2\/pages\/10220\/revisions\/12746\/"}],"wp:attachment":[{"href":"https:\/\/locatheart.com\/pl\/wp-json\/wp\/v2\/media\/?parent=10220"}],"curies":[{"name":"wp","href":"https:\/\/api.w.org\/{rel}","templated":true}]}}