{"id":10416,"date":"2023-11-20T14:24:51","date_gmt":"2023-11-20T13:24:51","guid":{"rendered":"https:\/\/locatheart.com\/?page_id=10416"},"modified":"2024-08-20T11:18:48","modified_gmt":"2024-08-20T09:18:48","slug":"przygotowanie-nowych-wersji-jezykowych-katalogow-produktowych","status":"publish","type":"page","link":"https:\/\/locatheart.com\/pl\/przygotowanie-nowych-wersji-jezykowych-katalogow-produktowych\/","title":{"rendered":"Przygotowanie nowych wersji j\u0119zykowych katalog\u00f3w produktowych odzie\u017cy medycznej"},"content":{"rendered":"<p>[vc_row css=&#8221;.vc_custom_1701177523810{margin-top: 30px !important;margin-bottom: 15px !important;}&#8221;][vc_column css=&#8221;.vc_custom_1612948469934{padding-right: 150px !important;padding-left: 150px !important;}&#8221;]<div class=\"porto-u-heading\" data-hspacer=\"no_spacer\" data-halign=\"left\" style=\"text-align:left\"><div class=\"porto-u-main-heading\"><h2 style=\"font-weight:500;font-size:30px;\">Przygotowanie nowych wersji j\u0119zykowych katalog\u00f3w produktowych odzie\u017cy medycznej<\/h2><\/div><\/div>[\/vc_column][\/vc_row][vc_row][vc_column css=&#8221;.vc_custom_1612948469934{padding-right: 150px !important;padding-left: 150px !important;}&#8221;][vc_column_text]<span style=\"font-weight: 400;\"><img loading=\"lazy\" class=\"wp-image-10419 size-medium alignright\" src=\"https:\/\/locatheart.com\/wp-content\/uploads\/2023\/11\/client_c-CaseStudy-300x300.png\" alt=\"medical uniform case study locatheart\" width=\"300\" height=\"300\" \/><\/span><\/p>\n<p><strong>Naszym klientem jest jedna z najwi\u0119kszych ameryka\u0144skich firm zajmuj\u0105cych si\u0119 produkcj\u0105 odzie\u017cy medycznej. Obs\u0142uguje ona marki znane r\u00f3wnie\u017c globalnie, takie jak Dickies, Cherokee czy Healing Hands.<\/strong><\/p>\n<p><span style=\"font-weight: 400;\"><strong>W 2023 roku nasz klient postanowi\u0142 zwi\u0119kszy\u0107 obecno\u015b\u0107 swoich marek odzie\u017cowych na rynku europejskim, a <\/strong><\/span><b>loc<\/b><span style=\"font-weight: 400;\">at<\/span><b>heart<\/b><span style=\"font-weight: 400;\"><strong> jest istotn\u0105 cz\u0119\u015bci\u0105\u00a0tego procesu.<\/strong><\/span><\/p>\n<p>&nbsp;<\/p>\n<p>[\/vc_column_text][\/vc_column][\/vc_row][vc_row][vc_column css=&#8221;.vc_custom_1612948487630{padding-right: 150px !important;padding-left: 150px !important;}&#8221;][vc_empty_space]<div class=\"porto-u-heading\" data-hspacer=\"no_spacer\" data-halign=\"left\" style=\"text-align:left\"><div class=\"porto-u-main-heading\"><h2 style=\"font-weight:700;font-size:24px;\">Wyzwania i cele<\/h2><\/div><\/div>[vc_column_text]<span style=\"font-weight: 400;\">Nasz klient potrzebowa\u0142 francuskiej i niemieckiej wersji j\u0119zykowej swoich katalog\u00f3w produktowych, kt\u00f3re zosta\u0142y wykorzystane jako materia\u0142y promocyjne na wa\u017cnych targach bran\u017cowych w D\u00fcsseldorfie.<\/span><\/p>\n<p><span style=\"font-weight: 400;\">Aby dostarczy\u0107 tre\u015bci najwy\u017cszej mo\u017cliwej jako\u015bci, klient zdecydowa\u0142 si\u0119 na wykonanie t\u0142umaczenia wraz z redakcj\u0105. <\/span><span style=\"font-weight: 400;\">Klient powierzy\u0142 nam tak\u017ce DTP, dzi\u0119ki czemu mogli\u015bmy skr\u00f3ci\u0107 czas realizacji projektu, przygotowuj\u0105c pliki gotowe zar\u00f3wno do odczytu w formie cyfrowej, jak i do wydruku.<\/span>[\/vc_column_text][vc_cta h2=&#8221;Sprawd\u017a nasz\u0105 ofert\u0119 i dowiedz si\u0119, jak mo\u017cemy pom\u00f3c Twojej marce zaistnie\u0107 na zagranicznych rynkach!&#8221; txt_align=&#8221;center&#8221; style=&#8221;outline&#8221; add_button=&#8221;bottom&#8221; btn_title=&#8221;Sprawd\u017a nasze us\u0142ugi&#8221; btn_style=&#8221;custom&#8221; btn_custom_background=&#8221;#f75100&#8243; btn_custom_text=&#8221;#ffffff&#8221; btn_shape=&#8221;rounded&#8221; btn_size=&#8221;xl&#8221; btn_align=&#8221;center&#8221; btn_i_icon_fontawesome=&#8221;fas fa-star&#8221; css_animation=&#8221;fadeInUp&#8221; btn_add_icon=&#8221;true&#8221; btn_link=&#8221;url:https%3A%2F%2Flocatheart.com%2Fpl%2Fuslugi%2F|target:%20_blank|&#8221;][\/vc_cta][\/vc_column][\/vc_row][vc_row][vc_column css=&#8221;.vc_custom_1612948653701{padding-right: 150px !important;padding-left: 150px !important;}&#8221;]<div class=\"porto-u-heading\" data-hspacer=\"no_spacer\" data-halign=\"left\" style=\"text-align:left\"><div class=\"porto-u-main-heading\"><h2 style=\"font-weight:700;font-size:24px;\">Krok 1: przygotowanie plik\u00f3w IDML<\/h2><\/div><\/div>[vc_column_text]<span style=\"font-weight: 400;\">Wiedz\u0105c, \u017ce docelowo pliki zawieraj\u0105ce tre\u015b\u0107 katalog\u00f3w maj\u0105 zosta\u0107 wydrukowane, w pierwszej kolejno\u015bci dopytali\u015bmy naszego klienta o pliki w formacie IDML, wykorzystywanym przez oprogramowanie graficzne u\u017cywane m.in. do tworzenia zawarto\u015bci katalog\u00f3w produktowych.<\/span><\/p>\n<p><span style=\"font-weight: 400;\">Stosowane przez nas narz\u0119dzia wspomagaj\u0105ce t\u0142umaczenia obs\u0142uguj\u0105 format IDML, dzi\u0119ki czemu jako produkt ko\u0144cowy klient otrzymuje plik wymagaj\u0105cy tylko niewielkich poprawek graficznych, a nie \u017cmudnego przeklejania przet\u0142umaczonej tre\u015bci do pliku graficznego \u2013 nak\u0142ad pracy grafika jest mniejszy, wykluczone s\u0105 r\u00f3wnie\u017c ewentualne pomy\u0142ki podczas przenoszenia tre\u015bci.<\/span><\/p>\n<p><span style=\"font-weight: 400;\">Na nasz\u0105 pro\u015bb\u0119 klient dostarczy\u0142 pliki w tym formacie otrzymane od zewn\u0119trznego dostawcy przygotowuj\u0105cego projekt katalogu.<\/span><\/p>\n<p>[\/vc_column_text][vc_cta h2=&#8221;Potrzebujesz katalog\u00f3w produktowych na zagraniczn\u0105 konferencj\u0119?&#8221; txt_align=&#8221;center&#8221; style=&#8221;outline&#8221; add_button=&#8221;bottom&#8221; btn_title=&#8221;Skontaktuj si\u0119 z naszym ekspertem i ustal plan dzia\u0142ania!&#8221; btn_style=&#8221;custom&#8221; btn_custom_background=&#8221;#f75100&#8243; btn_custom_text=&#8221;#ffffff&#8221; btn_shape=&#8221;rounded&#8221; btn_size=&#8221;xl&#8221; btn_align=&#8221;center&#8221; btn_i_icon_fontawesome=&#8221;fas fa-comments&#8221; css_animation=&#8221;fadeInUp&#8221; btn_add_icon=&#8221;true&#8221; btn_link=&#8221;url:https%3A%2F%2Fcalendly.com%2Flocatheart||target:%20_blank|&#8221;][\/vc_cta][\/vc_column][\/vc_row][vc_row][vc_column css=&#8221;.vc_custom_1612948668078{padding-right: 150px !important;padding-left: 150px !important;}&#8221;]<div class=\"porto-u-heading\" data-hspacer=\"no_spacer\" data-halign=\"left\" style=\"text-align:left\"><div class=\"porto-u-main-heading\"><h2 style=\"font-weight:700;font-size:24px;\">Krok 2: t\u0142umaczenie i redakcja tre\u015bci katalog\u00f3w<\/h2><\/div><\/div>[vc_column_text]<span style=\"font-weight: 400;\">Dzi\u0119ki naszym sprawdzonym procesom oraz wsp\u00f3\u0142pracy z do\u015bwiadczonymi j\u0119zykowcami odes\u0142ali\u015bmy przet\u0142umaczone tre\u015bci w uzgodnionym terminie \u2013 przed rozpocz\u0119ciem targ\u00f3w.<\/span><\/p>\n<p><span style=\"font-weight: 400;\">Aby zachowa\u0107 sp\u00f3jno\u015b\u0107 t\u0142umaczonych katalog\u00f3w, stworzyli\u015bmy s\u0142owniczek online, w kt\u00f3rym lingwi\u015bci mogli porozumiewa\u0107 si\u0119 ze sob\u0105 w temacie s\u0142ownictwa stosowanego w tekstach docelowych, a tak\u017ce zg\u0142asza\u0107 pytania do tre\u015bci katalogu lub niejasno\u015bci w tekstach \u017ar\u00f3d\u0142owych.<\/span><\/p>\n<p><span style=\"font-weight: 400;\">Dodatkowo dla ka\u017cdego j\u0119zyka docelowego wyznaczyli\u015bmy redaktora, kt\u00f3rego zadaniem by\u0142o zweryfikowanie:<\/span><\/p>\n<p>[\/vc_column_text][\/vc_column][\/vc_row][vc_row][vc_column width=&#8221;1\/4&#8243; css=&#8221;.vc_custom_1612948668078{padding-right: 150px !important;padding-left: 150px !important;}&#8221;][\/vc_column][vc_column width=&#8221;2\/4&#8243;]<div class=\"porto-sicon-box style_3 default-icon\"><div class=\"porto-sicon-default\"><div id=\"porto-icon-51797874369e74c171240e\" class=\"porto-just-icon-wrapper\" style=\"text-align:center;\"><div class=\"porto-icon none\" style=\"color:#f64600;font-size:32px;display:inline-block;\"><i class=\"porto-icon-check\"><\/i><\/div><\/div><\/div><div class=\"porto-sicon-header\" ><h3 class=\"porto-sicon-title\" style=\"\">poprawno\u015bci j\u0119zykowej tre\u015bci,<\/h3><\/div> <!-- header --><\/div><!-- porto-sicon-box --><div class=\"porto-sicon-box style_3 default-icon\"><div class=\"porto-sicon-default\"><div id=\"porto-icon-105309167969e74c1712a11\" class=\"porto-just-icon-wrapper\" style=\"text-align:center;\"><div class=\"porto-icon none\" style=\"color:#f64600;font-size:32px;display:inline-block;\"><i class=\"porto-icon-check\"><\/i><\/div><\/div><\/div><div class=\"porto-sicon-header\" ><h3 class=\"porto-sicon-title\" style=\"\">poprawno\u015bci merytorycznej tekst\u00f3w i ich zgodno\u015bci z materia\u0142em \u017ar\u00f3d\u0142owym,<\/h3><\/div> <!-- header --><\/div><!-- porto-sicon-box --><div class=\"porto-sicon-box style_3 default-icon\"><div class=\"porto-sicon-default\"><div id=\"porto-icon-134859803069e74c1712f12\" class=\"porto-just-icon-wrapper\" style=\"text-align:center;\"><div class=\"porto-icon none\" style=\"color:#f64600;font-size:32px;display:inline-block;\"><i class=\"porto-icon-check\"><\/i><\/div><\/div><\/div><div class=\"porto-sicon-header\" ><h3 class=\"porto-sicon-title\" style=\"\">sp\u00f3jno\u015bci s\u0142ownictwa wykorzystanego w finalnych wersjach katalog\u00f3w.<\/h3><\/div> <!-- header --><\/div><!-- porto-sicon-box -->[\/vc_column][vc_column width=&#8221;1\/4&#8243;][\/vc_column][\/vc_row][vc_row][vc_column css=&#8221;.vc_custom_1612948683411{padding-right: 150px !important;padding-left: 150px !important;}&#8221;][vc_column_text]<span style=\"font-weight: 400;\">Dla tego samego klienta przygotowali\u015bmy r\u00f3wnie\u017c katalogi na rynek brazylijski, kt\u00f3re mia\u0142y promowa\u0107 ubrania z wiosennej kolekcji \u201eSpring 2024\u201d. Nasza t\u0142umaczka natychmiast zauwa\u017cy\u0142a, \u017ce niezlokalizowana na potrzeby rynku nazwa kolekcji mo\u017ce wprowadza\u0107 czytelnika w b\u0142\u0105d \u2013 kiedy na p\u00f3\u0142kuli p\u00f3\u0142nocnej jest wiosna, na p\u00f3\u0142kuli po\u0142udniowej, czyli m.in. w Brazylii, trwa jesie\u0144.<\/span>[\/vc_column_text][\/vc_column][\/vc_row][vc_row][vc_column css=&#8221;.vc_custom_1612948683411{padding-right: 150px !important;padding-left: 150px !important;}&#8221;][vc_cta h2=&#8221;Planujesz ekspansj\u0119 na zagraniczne rynki?&#8221; h4=&#8221;Pobierz nasz darmowy e-book i dowiedz si\u0119, jak agencja t\u0142umacze\u0144 mo\u017ce pom\u00f3c Ci w tym procesie!&#8221; txt_align=&#8221;center&#8221; style=&#8221;outline&#8221; add_button=&#8221;bottom&#8221; btn_title=&#8221;Odbieram darmowy e-book&#8221; btn_style=&#8221;custom&#8221; btn_custom_background=&#8221;#f75100&#8243; btn_custom_text=&#8221;#ffffff&#8221; btn_shape=&#8221;rounded&#8221; btn_size=&#8221;xl&#8221; btn_align=&#8221;center&#8221; btn_i_icon_fontawesome=&#8221;fas fa-book&#8221; css_animation=&#8221;fadeInUp&#8221; btn_add_icon=&#8221;true&#8221; btn_link=&#8221;url:https%3A%2F%2Flocatheart.com%2F%3Fsmd_process_download%3D1%26download_id%3D12421|title:E-book%3A%20Agencja%20t%C5%82umacze%C5%84|target:%20_blank|&#8221;][\/vc_cta]<div class=\"porto-u-heading\" data-hspacer=\"no_spacer\" data-halign=\"left\" style=\"text-align:left\"><div class=\"porto-u-main-heading\"><h2 style=\"font-weight:700;font-size:24px;\">Krok 3: DTP \u2013 czyli przygotowanie plik\u00f3w do druku<\/h2><\/div><\/div>[vc_column_text]<span style=\"font-weight: 400;\">Nasz klient, przygotowuj\u0105c projekty katalog\u00f3w, korzysta\u0142 z us\u0142ug zewn\u0119trznego dostawcy us\u0142ug. Dlatego te\u017c w celu optymalizacji prac wykonali\u015bmy po naszej stronie r\u00f3wnie\u017c us\u0142ug\u0119 DTP \u2013 czyli przygotowanie plik\u00f3w cyfrowych do druku.<\/span><\/p>\n<p><span style=\"font-weight: 400;\">Dzi\u0119ki temu mogli\u015bmy dostarczy\u0107 gotowe do druku pliki PDF z przet\u0142umaczonymi tre\u015bciami na\u0142o\u017conymi ju\u017c na przes\u0142any przez naszego klienta projekt katalog\u00f3w w formacie IDML.<\/span><\/p>\n<p>[\/vc_column_text][\/vc_column][\/vc_row][vc_row][vc_column css=&#8221;.vc_custom_1612948683411{padding-right: 150px !important;padding-left: 150px !important;}&#8221;]<div class=\"porto-u-heading\" data-hspacer=\"no_spacer\" data-halign=\"left\" style=\"text-align:left\"><div class=\"porto-u-main-heading\"><h2 style=\"font-weight:700;font-size:24px;\">Wnioski z projektu<\/h2><\/div><\/div>[vc_column_text]<span style=\"font-weight: 400;\">Podczas pracy nad t\u0142umaczeniem znale\u017ali\u015bmy kilka brak\u00f3w i niesp\u00f3jno\u015bci w materia\u0142ach \u017ar\u00f3d\u0142owych przes\u0142anych przez klienta \u2013 zar\u00f3wno w warstwie j\u0119zykowej, jak i graficznej przes\u0142anych plik\u00f3w.<\/span><\/p>\n<p><span style=\"font-weight: 400;\">Wszystkie niesp\u00f3jno\u015bci w materiale \u017ar\u00f3d\u0142owym, wraz z pytaniami naszych project manager\u00f3w oraz t\u0142umaczy, znalaz\u0142y si\u0119 w <\/span><a href=\"https:\/\/locatheart.com\/pl\/narzedzia-ktorych-uzywamy-w-locatheart\/\"><span style=\"font-weight: 400;\">query sheet<\/span><\/a><span style=\"font-weight: 400;\"> dost\u0119pnym online, dzi\u0119ki czemu osoby odpowiedzialne za projekt po stronie klienta mog\u0142y w czasie rzeczywistym reagowa\u0107 i odnosi\u0107 si\u0119 do naszych propozycji.<\/span><\/p>\n<p><span style=\"font-weight: 400;\">Dzi\u0119ki temu nie tylko dostarczyli\u015bmy poprawne pliki w j\u0119zykach docelowych, ale tak\u017ce udoskonalili\u015bmy tekst \u017ar\u00f3d\u0142owy.<\/span><\/p>\n<p>[\/vc_column_text][\/vc_column][\/vc_row]<\/p>\n","protected":false},"excerpt":{"rendered":"<p>[vc_row css=&#8221;.vc_custom_1701177523810{margin-top: 30px !important;margin-bottom: 15px !important;}&#8221;][vc_column css=&#8221;.vc_custom_1612948469934{padding-right: 150px !important;padding-left: 150px !important;}&#8221;][\/vc_column][\/vc_row][vc_row][vc_column css=&#8221;.vc_custom_1612948469934{padding-right: 150px !important;padding-left: 150px !important;}&#8221;][vc_column_text] Naszym klientem jest jedna z najwi\u0119kszych ameryka\u0144skich firm zajmuj\u0105cych si\u0119 produkcj\u0105 odzie\u017cy medycznej. Obs\u0142uguje ona marki znane r\u00f3wnie\u017c globalnie, takie jak Dickies, Cherokee czy Healing Hands. W 2023 roku nasz klient postanowi\u0142 zwi\u0119kszy\u0107 obecno\u015b\u0107 swoich marek odzie\u017cowych na rynku [&hellip;]<\/p>\n","protected":false},"author":11,"featured_media":0,"parent":0,"menu_order":0,"comment_status":"closed","ping_status":"closed","template":"","meta":{"inline_featured_image":false},"yoast_head":"<!-- This site is optimized with the Yoast SEO plugin v15.3 - https:\/\/yoast.com\/wordpress\/plugins\/seo\/ -->\n<title>Przygotowanie nowych wersji j\u0119zykowych katalog\u00f3w produktowych odzie\u017cy medycznej - LocAtHeart translation agency<\/title>\n<meta name=\"description\" content=\"%\" \/>\n<meta name=\"robots\" content=\"index, follow, max-snippet:-1, max-image-preview:large, max-video-preview:-1\" \/>\n<link rel=\"canonical\" href=\"https:\/\/locatheart.com\/pl\/przygotowanie-nowych-wersji-jezykowych-katalogow-produktowych\/\" \/>\n<meta property=\"og:locale\" content=\"pl_PL\" \/>\n<meta property=\"og:type\" content=\"article\" \/>\n<meta property=\"og:title\" content=\"Przygotowanie nowych wersji j\u0119zykowych katalog\u00f3w produktowych odzie\u017cy medycznej - LocAtHeart translation agency\" \/>\n<meta property=\"og:description\" content=\"%\" \/>\n<meta property=\"og:url\" content=\"https:\/\/locatheart.com\/pl\/przygotowanie-nowych-wersji-jezykowych-katalogow-produktowych\/\" \/>\n<meta property=\"og:site_name\" content=\"LocAtHeart translation agency\" \/>\n<meta property=\"article:modified_time\" content=\"2024-08-20T09:18:48+00:00\" \/>\n<meta property=\"og:image\" content=\"https:\/\/locatheart.com\/wp-content\/uploads\/2023\/11\/client_c-CaseStudy-300x300.png\" \/>\n<meta name=\"twitter:card\" content=\"summary_large_image\" \/>\n<meta name=\"twitter:label1\" content=\"Written by\">\n\t<meta name=\"twitter:data1\" content=\"Locatheart\">\n\t<meta name=\"twitter:label2\" content=\"Est. reading time\">\n\t<meta name=\"twitter:data2\" content=\"5 minut\">\n<!-- \/ Yoast SEO plugin. -->","_links":{"self":[{"href":"https:\/\/locatheart.com\/pl\/wp-json\/wp\/v2\/pages\/10416\/"}],"collection":[{"href":"https:\/\/locatheart.com\/pl\/wp-json\/wp\/v2\/pages\/"}],"about":[{"href":"https:\/\/locatheart.com\/pl\/wp-json\/wp\/v2\/types\/page\/"}],"author":[{"embeddable":true,"href":"https:\/\/locatheart.com\/pl\/wp-json\/wp\/v2\/users\/11\/"}],"replies":[{"embeddable":true,"href":"https:\/\/locatheart.com\/pl\/wp-json\/wp\/v2\/comments\/?post=10416"}],"version-history":[{"count":15,"href":"https:\/\/locatheart.com\/pl\/wp-json\/wp\/v2\/pages\/10416\/revisions\/"}],"predecessor-version":[{"id":12744,"href":"https:\/\/locatheart.com\/pl\/wp-json\/wp\/v2\/pages\/10416\/revisions\/12744\/"}],"wp:attachment":[{"href":"https:\/\/locatheart.com\/pl\/wp-json\/wp\/v2\/media\/?parent=10416"}],"curies":[{"name":"wp","href":"https:\/\/api.w.org\/{rel}","templated":true}]}}