{"id":10434,"date":"2023-11-21T09:51:11","date_gmt":"2023-11-21T08:51:11","guid":{"rendered":"https:\/\/locatheart.com\/?page_id=10434"},"modified":"2024-08-20T12:15:22","modified_gmt":"2024-08-20T10:15:22","slug":"artykuly-sponsorowane-w-branzy-e-commerce-link-building-na-rynku-niemieckim","status":"publish","type":"page","link":"https:\/\/locatheart.com\/pl\/artykuly-sponsorowane-w-branzy-e-commerce-link-building-na-rynku-niemieckim\/","title":{"rendered":"Artyku\u0142y sponsorowane w bran\u017cy e-commerce \u2013 link building na rynku niemieckim"},"content":{"rendered":"<p>[vc_row][vc_column css=&#8221;.vc_custom_1612948469934{padding-right: 150px !important;padding-left: 150px !important;}&#8221;]<div class=\"porto-u-heading\" data-hspacer=\"no_spacer\" data-halign=\"left\" style=\"text-align:left\"><div class=\"porto-u-main-heading\"><h2 style=\"font-weight:500;font-size:30px;\">Artyku\u0142y sponsorowane w bran\u017cy e-commerce \u2013 link building na rynku niemieckim<\/h2><\/div><\/div>[\/vc_column][\/vc_row][vc_row][vc_column css=&#8221;.vc_custom_1612948469934{padding-right: 150px !important;padding-left: 150px !important;}&#8221;][vc_column_text]<span style=\"font-weight: 400;\"><img loading=\"lazy\" class=\"wp-image-10435 size-medium alignright\" src=\"https:\/\/locatheart.com\/wp-content\/uploads\/2023\/11\/client_p-CaseStudy-300x300.png\" alt=\"fisherman fishing case study locatheart\" width=\"300\" height=\"300\" \/><\/span><\/p>\n<p><span style=\"font-weight: 400;\"><strong>Udane wyst\u0105pienie na Targach eHandlu w Warszawie zaowocowa\u0142o nawi\u0105zaniem wsp\u00f3\u0142pracy z jednym z wi\u0119kszych i popularniejszych sklep\u00f3w internetowych z asortymentem w\u0119dkarskim w Polsce, kt\u00f3ry w\u0142a\u015bnie rozpocz\u0105\u0142 dzia\u0142ania na rynku niemieckim.<\/strong><\/span><\/p>\n<p>&nbsp;<\/p>\n<p>&nbsp;<\/p>\n<p>&nbsp;<\/p>\n<p>&nbsp;<\/p>\n<p>[\/vc_column_text][\/vc_column][\/vc_row][vc_row][vc_column css=&#8221;.vc_custom_1612948469934{padding-right: 150px !important;padding-left: 150px !important;}&#8221;][vc_column_text]<span style=\"font-weight: 400;\">Obejrzyj nasze wyst\u0105pienie o wieloj\u0119zycznym SEO w ekspansji zagranicznej i dowiedz si\u0119 jak przygotowa\u0107 opisy produkt\u00f3w na nowe rynki, by zadowoli\u0107 klient\u00f3w i algorytmy!<\/span><\/p>\n<p style=\"text-align: center;\"><iframe title=\"YouTube video player\" src=\"https:\/\/www.youtube.com\/embed\/cH_D8kxDFGk?si=KqVXBGRiSjQCpThG\" width=\"560\" height=\"315\" frameborder=\"0\" allowfullscreen=\"allowfullscreen\"><\/iframe><\/p>\n<p>&nbsp;<\/p>\n<p>[\/vc_column_text][\/vc_column][\/vc_row][vc_row][vc_column css=&#8221;.vc_custom_1612948487630{padding-right: 150px !important;padding-left: 150px !important;}&#8221;][vc_empty_space]<div class=\"porto-u-heading\" data-hspacer=\"no_spacer\" data-halign=\"left\" style=\"text-align:left\"><div class=\"porto-u-main-heading\"><h2 style=\"font-weight:700;font-size:24px;\">Wyzwania i cele<\/h2><\/div><\/div>[vc_column_text]<span style=\"font-weight: 400;\">Celem naszego klienta by\u0142o przede wszystkim zwi\u0119kszenie widoczno\u015bci sklepu w wynikach wyszukiwania na rynku niemieckim oraz pobudzenie ruchu organicznego. Klient poszukiwa\u0142 informacji na temat rekomendowanych dzia\u0142a\u0144.<\/span><\/p>\n<p>[\/vc_column_text][vc_cta h2=&#8221;Chcesz wej\u015b\u0107 ze swoim sklepem internetowym na nowe rynki?&#8221; txt_align=&#8221;center&#8221; style=&#8221;outline&#8221; add_button=&#8221;bottom&#8221; btn_title=&#8221;Pobierz nasz darmowy e-book i dowiedz si\u0119, jak mo\u017ce pom\u00f3c Ci agencja t\u0142umaczeniowa!&#8221; btn_style=&#8221;custom&#8221; btn_custom_background=&#8221;#f75100&#8243; btn_custom_text=&#8221;#ffffff&#8221; btn_shape=&#8221;rounded&#8221; btn_size=&#8221;xl&#8221; btn_align=&#8221;center&#8221; btn_i_icon_fontawesome=&#8221;fas fa-book&#8221; css_animation=&#8221;fadeInUp&#8221; btn_add_icon=&#8221;true&#8221; btn_link=&#8221;url:https%3A%2F%2Flocatheart.com%2F%3Fsmd_process_download%3D1%26download_id%3D12421|title:E-book|target:%20_blank|&#8221;][\/vc_cta][\/vc_column][\/vc_row][vc_row][vc_column css=&#8221;.vc_custom_1612948653701{padding-right: 150px !important;padding-left: 150px !important;}&#8221;]<div class=\"porto-u-heading\" data-hspacer=\"no_spacer\" data-halign=\"left\" style=\"text-align:left\"><div class=\"porto-u-main-heading\"><h2 style=\"font-weight:700;font-size:24px;\">Krok 1: audyt SEO oraz j\u0119zykowy<\/h2><\/div><\/div>[vc_column_text]<span style=\"font-weight: 400;\">W pierwszej kolejno\u015bci wykonali\u015bmy dla klienta audyt sklepu na rynku niemieckim \u2013 sprawdzili\u015bmy go pod k\u0105tem optymalizacji SEO oraz j\u0119zykowym.<\/span><\/p>\n<p><span style=\"font-weight: 400;\">Po przeprowadzeniu audyt\u00f3w zaproponowali\u015bmy klientowi odpowiednie rozwi\u0105zania, kt\u00f3re ten postanowi\u0142 wdro\u017cy\u0107 etapami. By\u0142y to odpowiednio:<\/span><\/p>\n<p>[\/vc_column_text][\/vc_column][\/vc_row][vc_row][vc_column width=&#8221;1\/4&#8243; css=&#8221;.vc_custom_1612948653701{padding-right: 150px !important;padding-left: 150px !important;}&#8221;][\/vc_column][vc_column width=&#8221;2\/4&#8243;]<div class=\"porto-sicon-box style_3 default-icon\"><div class=\"porto-sicon-default\"><div id=\"porto-icon-35782016269e5ed95f0bb2\" class=\"porto-just-icon-wrapper\" style=\"text-align:center;\"><div class=\"porto-icon none\" style=\"color:#f64600;font-size:32px;display:inline-block;\"><i class=\"porto-icon-cog\"><\/i><\/div><\/div><\/div><div class=\"porto-sicon-header\" ><h3 class=\"porto-sicon-title\" style=\"\">identyfikacja fraz kluczowych na rynku niemieckim,<\/h3><\/div> <!-- header --><\/div><!-- porto-sicon-box --><div class=\"porto-sicon-box style_3 default-icon\"><div class=\"porto-sicon-default\"><div id=\"porto-icon-155320812269e5ed95f1152\" class=\"porto-just-icon-wrapper\" style=\"text-align:center;\"><div class=\"porto-icon none\" style=\"color:#f64600;font-size:32px;display:inline-block;\"><i class=\"porto-icon-cog\"><\/i><\/div><\/div><\/div><div class=\"porto-sicon-header\" ><h3 class=\"porto-sicon-title\" style=\"\">mapowanie fraz kluczowych na potrzeby tworzenia tre\u015bci,<\/h3><\/div> <!-- header --><\/div><!-- porto-sicon-box --><div class=\"porto-sicon-box style_3 default-icon\"><div class=\"porto-sicon-default\"><div id=\"porto-icon-138734373569e5ed95f15bd\" class=\"porto-just-icon-wrapper\" style=\"text-align:center;\"><div class=\"porto-icon none\" style=\"color:#f64600;font-size:32px;display:inline-block;\"><i class=\"porto-icon-cog\"><\/i><\/div><\/div><\/div><div class=\"porto-sicon-header\" ><h3 class=\"porto-sicon-title\" style=\"\">link building.<\/h3><\/div> <!-- header --><\/div><!-- porto-sicon-box -->[\/vc_column][vc_column width=&#8221;1\/4&#8243;][\/vc_column][\/vc_row][vc_row][vc_column css=&#8221;.vc_custom_1612948668078{padding-right: 150px !important;padding-left: 150px !important;}&#8221;][vc_cta h2=&#8221;Sprawd\u017a nasz\u0105 ofert\u0119 i dowiedz si\u0119, jak \u0142\u0105czymy kompetencje agencji t\u0142umacze\u0144 z kompetencjami agencji SEO!&#8221; txt_align=&#8221;center&#8221; style=&#8221;outline&#8221; add_button=&#8221;bottom&#8221; btn_title=&#8221;Dowiedz si\u0119 wi\u0119cej&#8221; btn_style=&#8221;custom&#8221; btn_custom_background=&#8221;#f75100&#8243; btn_custom_text=&#8221;#ffffff&#8221; btn_shape=&#8221;rounded&#8221; btn_size=&#8221;xl&#8221; btn_align=&#8221;center&#8221; btn_i_icon_fontawesome=&#8221;fas fa-envelope&#8221; css_animation=&#8221;fadeInUp&#8221; btn_add_icon=&#8221;true&#8221; btn_link=&#8221;url:https%3A%2F%2Flocatheart.com%2Fpl%2F|title:Us%C5%82ugi|target:%20_blank|&#8221;][\/vc_cta]<div class=\"porto-u-heading\" data-hspacer=\"no_spacer\" data-halign=\"left\" style=\"text-align:left\"><div class=\"porto-u-main-heading\"><h2 style=\"font-weight:700;font-size:24px;\">Krok 2: link building na rynku niemieckim<\/h2><\/div><\/div>[vc_column_text]<span style=\"font-weight: 400;\">Sporz\u0105dzili\u015bmy dla klienta list\u0119 sze\u015bciu stron zwi\u0105zanych z w\u0119dkowaniem i umo\u017cliwiaj\u0105cych publikacj\u0119 artyku\u0142\u00f3w sponsorowanych.<\/span><\/p>\n<p><span style=\"font-weight: 400;\">Tworz\u0105c zestawienie, kierowali\u015bmy si\u0119:<\/span><\/p>\n<ul>\n<li style=\"font-weight: 400;\" aria-level=\"1\"><span style=\"font-weight: 400;\">jako\u015bci\u0105 i tematyk\u0105 serwisu oraz nat\u0119\u017ceniem ruchu na stronie,<\/span><\/li>\n<li style=\"font-weight: 400;\" aria-level=\"1\"><span style=\"font-weight: 400;\">bezterminowo\u015bci\u0105 linku,<\/span><\/li>\n<li style=\"font-weight: 400;\" aria-level=\"1\"><span style=\"font-weight: 400;\">rodzajem linku \u2013 dofollow,<\/span><\/li>\n<li style=\"font-weight: 400;\" aria-level=\"1\"><span style=\"font-weight: 400;\">cen\u0105.<\/span><\/li>\n<\/ul>\n<p><span style=\"font-weight: 400;\"><span style=\"color: #f64600;\">Nasz klient chcia\u0142 wykorzysta\u0107 istniej\u0105cy tekst, stworzony we w\u0142asnym zakresie. Poniewa\u017c jednak musia\u0142 on spe\u0142ni\u0107 wymagania wydawcy, nasi j\u0119zykowcy nanie\u015bli niezb\u0119dne poprawki. <\/span><\/span><\/p>\n<p><span style=\"font-weight: 400;\">Kolejne teksty stworzyli\u015bmy ju\u017c wewn\u0119trznie z uwzgl\u0119dnieniem popularnych zagadnie\u0144 i z wykorzystaniem najcz\u0119\u015bciej u\u017cywanych fraz kluczowych \u2013 wybrane przez nas tematy zosta\u0142y oczywi\u015bcie przedstawione klientowi do akceptacji.<\/span><\/p>\n<p><span style=\"font-weight: 400;\">Po przygotowaniu artyku\u0142\u00f3w sponsorowanych przekazali\u015bmy je do publikacji u poszczeg\u00f3lnych wydawc\u00f3w.<\/span><\/p>\n<p>[\/vc_column_text][vc_cta h2=&#8221;Chcesz osi\u0105gn\u0105\u0107 podobne wyniki na rynkach zagranicznych?&#8221; txt_align=&#8221;center&#8221; style=&#8221;outline&#8221; add_button=&#8221;bottom&#8221; btn_title=&#8221;Um\u00f3w si\u0119 na konsultacj\u0119 z naszym ekspertem i ustal plan dzia\u0142ania!&#8221; btn_style=&#8221;custom&#8221; btn_custom_background=&#8221;#f75100&#8243; btn_custom_text=&#8221;#ffffff&#8221; btn_shape=&#8221;rounded&#8221; btn_size=&#8221;xl&#8221; btn_align=&#8221;center&#8221; btn_i_icon_fontawesome=&#8221;fas fa-comments&#8221; css_animation=&#8221;fadeInUp&#8221; btn_add_icon=&#8221;true&#8221; btn_link=&#8221;url:https%3A%2F%2Fcalendly.com%2Flocatheart|||&#8221;][\/vc_cta][\/vc_column][\/vc_row][vc_row][vc_column css=&#8221;.vc_custom_1612948683411{padding-right: 150px !important;padding-left: 150px !important;}&#8221;]<div class=\"porto-u-heading\" data-hspacer=\"no_spacer\" data-halign=\"left\" style=\"text-align:left\"><div class=\"porto-u-main-heading\"><h2 style=\"font-weight:700;font-size:24px;\">Wnioski z projektu<\/h2><\/div><\/div>[vc_column_text]<span style=\"font-weight: 400;\">W wyniku publikacji strona sklepu naszego klienta b\u0142yskawicznie odnotowa\u0142a ogromny wzrost widoczno\u015bci, co z kolei zaowocowa\u0142o zwi\u0119kszeniem ruchu organicznego.<\/span><\/p>\n<figure id=\"attachment_10453\" aria-describedby=\"caption-attachment-10453\" style=\"width: 1074px\" class=\"wp-caption aligncenter\"><img loading=\"lazy\" class=\"wp-image-10453 size-full\" src=\"https:\/\/locatheart.com\/wp-content\/uploads\/2023\/11\/organic-traffic-2023-de.png\" alt=\"increase in visibility and in organic traffic de e-shop locatheart\" width=\"1074\" height=\"403\" srcset=\"https:\/\/locatheart.com\/wp-content\/uploads\/2023\/11\/organic-traffic-2023-de.png 1074w, https:\/\/locatheart.com\/wp-content\/uploads\/2023\/11\/organic-traffic-2023-de-1024x384.png 1024w, https:\/\/locatheart.com\/wp-content\/uploads\/2023\/11\/organic-traffic-2023-de-768x288.png 768w, https:\/\/locatheart.com\/wp-content\/uploads\/2023\/11\/organic-traffic-2023-de-640x240.png 640w, https:\/\/locatheart.com\/wp-content\/uploads\/2023\/11\/organic-traffic-2023-de-400x150.png 400w\" sizes=\"(max-width: 1074px) 100vw, 1074px\" \/><figcaption id=\"caption-attachment-10453\" class=\"wp-caption-text\">Wzrost widoczno\u015bci e-sklepu doprowadzi\u0142 do zwi\u0119kszenia ruchu organicznego.<\/figcaption><\/figure>\n<p><span style=\"font-weight: 400;\">Zadowolony klient zleci\u0142 nam realizacj\u0119 podobnego projektu na rynek holenderski i francuski.<\/span>[\/vc_column_text][\/vc_column][\/vc_row]<\/p>\n","protected":false},"excerpt":{"rendered":"<p>[vc_row][vc_column css=&#8221;.vc_custom_1612948469934{padding-right: 150px !important;padding-left: 150px !important;}&#8221;][\/vc_column][\/vc_row][vc_row][vc_column css=&#8221;.vc_custom_1612948469934{padding-right: 150px !important;padding-left: 150px !important;}&#8221;][vc_column_text] Udane wyst\u0105pienie na Targach eHandlu w Warszawie zaowocowa\u0142o nawi\u0105zaniem wsp\u00f3\u0142pracy z jednym z wi\u0119kszych i popularniejszych sklep\u00f3w internetowych z asortymentem w\u0119dkarskim w Polsce, kt\u00f3ry w\u0142a\u015bnie rozpocz\u0105\u0142 dzia\u0142ania na rynku niemieckim. &nbsp; &nbsp; &nbsp; &nbsp; [\/vc_column_text][\/vc_column][\/vc_row][vc_row][vc_column css=&#8221;.vc_custom_1612948469934{padding-right: 150px !important;padding-left: 150px !important;}&#8221;][vc_column_text]Obejrzyj nasze wyst\u0105pienie o wieloj\u0119zycznym [&hellip;]<\/p>\n","protected":false},"author":11,"featured_media":0,"parent":0,"menu_order":0,"comment_status":"closed","ping_status":"closed","template":"","meta":{"inline_featured_image":false},"yoast_head":"<!-- This site is optimized with the Yoast SEO plugin v15.3 - https:\/\/yoast.com\/wordpress\/plugins\/seo\/ -->\n<title>Artyku\u0142y sponsorowane w bran\u017cy e-commerce \u2013 link building na rynku niemieckim - LocAtHeart translation agency<\/title>\n<meta name=\"description\" content=\"%\" \/>\n<meta name=\"robots\" content=\"index, follow, max-snippet:-1, max-image-preview:large, max-video-preview:-1\" \/>\n<link rel=\"canonical\" href=\"https:\/\/locatheart.com\/pl\/artykuly-sponsorowane-w-branzy-e-commerce-link-building-na-rynku-niemieckim\/\" \/>\n<meta property=\"og:locale\" content=\"pl_PL\" \/>\n<meta property=\"og:type\" content=\"article\" \/>\n<meta property=\"og:title\" content=\"Artyku\u0142y sponsorowane w bran\u017cy e-commerce \u2013 link building na rynku niemieckim - LocAtHeart translation agency\" \/>\n<meta property=\"og:description\" content=\"%\" \/>\n<meta property=\"og:url\" content=\"https:\/\/locatheart.com\/pl\/artykuly-sponsorowane-w-branzy-e-commerce-link-building-na-rynku-niemieckim\/\" \/>\n<meta property=\"og:site_name\" content=\"LocAtHeart translation agency\" \/>\n<meta property=\"article:modified_time\" content=\"2024-08-20T10:15:22+00:00\" \/>\n<meta property=\"og:image\" content=\"https:\/\/locatheart.com\/wp-content\/uploads\/2023\/11\/client_p-CaseStudy-300x300.png\" \/>\n<meta name=\"twitter:card\" content=\"summary_large_image\" \/>\n<meta name=\"twitter:label1\" content=\"Written by\">\n\t<meta name=\"twitter:data1\" content=\"Locatheart\">\n\t<meta name=\"twitter:label2\" content=\"Est. reading time\">\n\t<meta name=\"twitter:data2\" content=\"4 minuty\">\n<!-- \/ Yoast SEO plugin. -->","_links":{"self":[{"href":"https:\/\/locatheart.com\/pl\/wp-json\/wp\/v2\/pages\/10434\/"}],"collection":[{"href":"https:\/\/locatheart.com\/pl\/wp-json\/wp\/v2\/pages\/"}],"about":[{"href":"https:\/\/locatheart.com\/pl\/wp-json\/wp\/v2\/types\/page\/"}],"author":[{"embeddable":true,"href":"https:\/\/locatheart.com\/pl\/wp-json\/wp\/v2\/users\/11\/"}],"replies":[{"embeddable":true,"href":"https:\/\/locatheart.com\/pl\/wp-json\/wp\/v2\/comments\/?post=10434"}],"version-history":[{"count":10,"href":"https:\/\/locatheart.com\/pl\/wp-json\/wp\/v2\/pages\/10434\/revisions\/"}],"predecessor-version":[{"id":12771,"href":"https:\/\/locatheart.com\/pl\/wp-json\/wp\/v2\/pages\/10434\/revisions\/12771\/"}],"wp:attachment":[{"href":"https:\/\/locatheart.com\/pl\/wp-json\/wp\/v2\/media\/?parent=10434"}],"curies":[{"name":"wp","href":"https:\/\/api.w.org\/{rel}","templated":true}]}}