{"id":10571,"date":"2023-11-30T10:24:15","date_gmt":"2023-11-30T09:24:15","guid":{"rendered":"https:\/\/locatheart.com\/?page_id=10571"},"modified":"2023-11-30T12:02:05","modified_gmt":"2023-11-30T11:02:05","slug":"podstawy-wielojezycznego-seo","status":"publish","type":"page","link":"https:\/\/locatheart.com\/pl\/wiedza\/podstawy-wielojezycznego-seo\/","title":{"rendered":"PODSTAWY WIELOJ\u0118ZYCZNEGO SEO"},"content":{"rendered":"<p>[vc_row wrap_container=&#8221;yes&#8221; css=&#8221;.vc_custom_1603194545860{padding-top: 40px !important;padding-bottom: 30px !important;}&#8221; animation_type=&#8221;fadeIn&#8221;][vc_column width=&#8221;2\/3&#8243;]<div class=\"porto-u-heading\" data-hspacer=\"no_spacer\" data-halign=\"left\" style=\"text-align:left\"><div class=\"porto-u-main-heading\"><h2 style=\"font-weight:700;color:#21293c;font-size:19px;\">CZYM JEST WIELOJ\u0118ZYCZNE SEO<\/h2><\/div><\/div>[vc_column_text]<strong>Wieloj\u0119zyczne SEO<\/strong> mo\u017cna zdefiniowa\u0107 jako strategi\u0119 optymalizacyjn\u0105 pozwalaj\u0105c\u0105 na zwi\u0119kszenie <strong>widoczno\u015bci r\u00f3\u017cnych wersji j\u0119zykowych strony<\/strong> w wyszukiwarkach internetowych takich jak Google czy Naver lub w wyszukiwarkach wewn\u0119trznych na platformach takich jak Amazon czy eBay.<\/p>\n<p>Strategia ta obejmuje <strong>analiz\u0119 popularnych s\u0142\u00f3w i fraz kluczowych<\/strong>, przeprowadzan\u0105 w celu stworzenia tre\u015bci dostosowanych do konkretnego rynku, grupy odbiorc\u00f3w czy wyszukiwarki.<\/p>\n<p>Jednym z element\u00f3w tego typu przedsi\u0119wzi\u0119cia jest tak\u017ce <strong>optymalizacja adres\u00f3w URL<\/strong>, kt\u00f3ra pozwala na osi\u0105gni\u0119cie jeszcze lepszych rezultat\u00f3w.<\/p>\n<p><strong>Wieloj\u0119zyczne SEO obejmuje:<\/strong>[\/vc_column_text][vc_column_text css_animation=&#8221;fadeInDown&#8221;]<\/p>\n<ul style=\"color: #f64600;\">\n<li>budowanie odr\u0119bnych stron w ka\u017cdym j\u0119zyku docelowym oraz nadawanie im logicznej struktury,<\/li>\n<li>tworzenie unikalnych tre\u015bci w wielu j\u0119zykach,<\/li>\n<li>wdra\u017canie formatowania przyjaznego dla u\u017cytkownika oraz odpowiedniej do danego rynku strategii dotycz\u0105cej robot\u00f3w indeksuj\u0105cych,<\/li>\n<li>maksymalne skr\u00f3cenie czasu \u0142adowania si\u0119 strony,<\/li>\n<li>odpowiednie umieszczenie poszczeg\u00f3lnych wersji j\u0119zykowych w ramach struktury nadrz\u0119dnej.<\/li>\n<\/ul>\n<p>[\/vc_column_text][vc_column_text]Bardzo cz\u0119sto potencja\u0142 wieloj\u0119zycznego SEO jest niedoceniany \u2013 tymczasem tre\u015bci angloj\u0119zyczne stanowi\u0105 zaledwie jedn\u0105 czwart\u0105 wszystkich tekst\u00f3w w internecie. Wniosek mo\u017ce by\u0107 wi\u0119c tylko jeden: skupienie si\u0119 na innych wersjach j\u0119zykowych mo\u017ce w znacznym stopniu <strong>zwi\u0119kszy\u0107 zasi\u0119g i skuteczno\u015b\u0107 witryny<\/strong>.<\/p>\n<p><strong>JAK WIELOJ\u0118ZYCZNE SEO MO\u017bE WP\u0141YN\u0104\u0106 NA M\u00d3J BIZNES<\/strong><\/p>\n<p>Wdro\u017cenie strategii SEO na rynkach zagranicznych \u2013 oczywi\u015bcie przy zachowaniu wszelkich standard\u00f3w bran\u017cowych \u2013 mo\u017ce przynie\u015b\u0107 ca\u0142y wachlarz korzy\u015bci ka\u017cdej marce pragn\u0105cej rozszerzy\u0107 swoj\u0105 dzia\u0142alno\u015b\u0107:[\/vc_column_text][vc_column_text css_animation=&#8221;fadeInDown&#8221;]<\/p>\n<p style=\"color: #f64600;\"><strong>Globalny zasi\u0119g<\/strong><\/p>\n<p>Mi\u0119dzynarodowe SEO pozwala firmom wkroczy\u0107 na nowe rynki poprzez dostosowanie tre\u015bci marketingowych do potrzeb u\u017cytkownik\u00f3w szukaj\u0105cych produkt\u00f3w i us\u0142ug w poszczeg\u00f3lnych j\u0119zykach. Podej\u015bcie to pomaga tak\u017ce zaanga\u017cowa\u0107 szersz\u0105 grup\u0119 odbiorc\u00f3w oraz zwi\u0119kszy\u0107 globalny ruch organiczny.<\/p>\n<p>[\/vc_column_text][vc_column_text css_animation=&#8221;fadeInDown&#8221;]<\/p>\n<p style=\"color: #f64600;\"><strong>Wy\u017csza jako\u015b\u0107 interakcji<\/strong><\/p>\n<p>Wieloj\u0119zyczne SEO sprawia, \u017ce do\u015bwiadczenie u\u017cytkownika (UX) staje si\u0119 wyj\u0105tkowo pozytywne \u2013 w g\u0142\u00f3wnej mierze dzi\u0119ki publikowaniu tre\u015bci w rodzimym j\u0119zyku grupy docelowej. Decyduj\u0105c si\u0119 na tego typu krok, mo\u017cna u\u0142atwi\u0107 nawigacj\u0119, dost\u0119p do specyfikacji produkt\u00f3w oraz jej zrozumienie, a tym samym zwi\u0119kszy\u0107 poziom zaufania i zaanga\u017cowania w\u015br\u00f3d odbiorc\u00f3w.<\/p>\n<p>[\/vc_column_text][vc_column_text css_animation=&#8221;fadeInDown&#8221;]<\/p>\n<p style=\"color: #f64600;\"><strong>Przewaga nad konkurencj\u0105<\/strong><\/p>\n<p>Zastosowanie strategii w\u0142a\u015bciwych wieloj\u0119zycznemu SEO daje firmom przewag\u0119 konkurencyjn\u0105 na rynkach \u015bwiatowych. Zwi\u0119kszaj\u0105c swoj\u0105 widoczno\u015b\u0107 poprzez wdro\u017cenie i optymalizacj\u0119 strony wieloj\u0119zycznej, marki maj\u0105 szans\u0119 przy\u0107mi\u0107 rywali i ugruntowa\u0107 swoj\u0105 pozycj\u0119 w rozmaitych regionach czy spo\u0142eczno\u015bciach.<\/p>\n<p>[\/vc_column_text][\/vc_column][vc_column width=&#8221;1\/3&#8243; is_sticky=&#8221;yes&#8221; sticky_min_width=&#8221;767&#8243; sticky_top=&#8221;110&#8243; sticky_bottom=&#8221;0&#8243;]<div class=\"porto-btn-ctn-left sidebarfont\"><a class=\"porto-btn  vc_custom_1701340768060 porto-adjust-bottom-margin porto-btn-normal porto-btn-left-bg  porto-btn-left sidebarfont\" title='CZ\u0118\u015a\u0106 1: TAGI HREFLANG' rel='' href = \"https:\/\/locatheart.com\/pl\/wiedza\/tlumaczenia-wszystko-co-musisz-wiedziec\/czesc-1-tagi-hreflang\/\"  data-hover=\"#f44702\" data-border-color=\"\" data-bg=\"#f64600\" data-hover-bg=\"#ffffff\" data-border-hover=\"#f64600\" data-shadow-click=\"none\" data-shadow=\"\" style=\"font-family:Open Sans; font-weight:600; font-style:normal; line-height:18px;border-radius:4px;border-width:2px;border-style:solid;background: #f64600;color: #ffffff;\"><span class=\"porto-btn-hover\" style=\"background-color:#ffffff\"><\/span><span class=\"porto-btn-data porto-btn-text \" >CZ\u0118\u015a\u0106 1: TAGI HREFLANG<\/span><\/a><\/div>[\/vc_column][\/vc_row][vc_row full_width=&#8221;stretch_row&#8221; wrap_container=&#8221;yes&#8221; el_class=&#8221;py-5 background-color-primary bg-attach-fixed section-angled-layer-bottom&#8221; css=&#8221;.vc_custom_1601544222299{background-image: url(https:\/\/locatheart.com\/wp-content\/uploads\/2020\/10\/medical2-bg-3-orange.jpg?id=2769) !important;background-position: center !important;background-repeat: no-repeat !important;background-size: cover !important;}&#8221;][vc_column][vc_row_inner el_class=&#8221;justify-content-center cards-medical-services&#8221;][vc_column_inner el_class=&#8221;col-sm-6 m-b-lg&#8221; animation_delay=&#8221;500&#8243; offset=&#8221;vc_col-lg-12 vc_col-md-4&#8243; animation_type=&#8221;fadeInUp&#8221;]<a class=\"porto-sicon-box-link\" href=\"https:\/\/locatheart.com\/pl\/wiedza\/tlumaczenia-wszystko-co-musisz-wiedziec\/czesc-1-tagi-hreflang\/\" title='CZ\u0118\u015a\u0106 1: TAGI HREFLANG'><div class=\"porto-sicon-box  vc_custom_1701341009098 h-100 hover-effect-1 background-color-light py-5 p-l-lg p-r-lg mb-0 style_1 left-icon\"><div class=\"porto-sicon-left\"><div id=\"porto-icon-144118775169e4d3f975152\" class=\"porto-just-icon-wrapper\" style=\"text-align:center;\"><div class=\"porto-sicon-img \" style=\"display:inline-block;font-size: 60px;\"><img class=\"img-icon\" alt=\"\" src=\"https:\/\/locatheart.com\/wp-content\/uploads\/2020\/10\/number-1.svg\" width=\"1\" height=\"1\" \/><\/div><\/div><\/div><div class=\"porto-sicon-body\"><div class=\"porto-sicon-header\" ><h3 class=\"porto-sicon-title\" style=\"font-weight:700;font-size:1.3125rem;line-height:1.4;\">CZ\u0118\u015a\u0106 1: TAGI HREFLANG<\/h3><\/div> <!-- header --><div class=\"porto-sicon-description\" style=\"\">Znaczenie atrybut\u00f3w hreflang | Stosowanie tag\u00f3w hreflang | Checklista do pobrania<\/div> <!-- description --><\/div><\/div><!-- porto-sicon-box --><\/a>[\/vc_column_inner][\/vc_row_inner][\/vc_column][\/vc_row]<\/p>\n","protected":false},"excerpt":{"rendered":"<p>[vc_row wrap_container=&#8221;yes&#8221; css=&#8221;.vc_custom_1603194545860{padding-top: 40px !important;padding-bottom: 30px !important;}&#8221; animation_type=&#8221;fadeIn&#8221;][vc_column width=&#8221;2\/3&#8243;][vc_column_text]Wieloj\u0119zyczne SEO mo\u017cna zdefiniowa\u0107 jako strategi\u0119 optymalizacyjn\u0105 pozwalaj\u0105c\u0105 na zwi\u0119kszenie widoczno\u015bci r\u00f3\u017cnych wersji j\u0119zykowych strony w wyszukiwarkach internetowych takich jak Google czy Naver lub w wyszukiwarkach wewn\u0119trznych na platformach takich jak Amazon czy eBay. Strategia ta obejmuje analiz\u0119 popularnych s\u0142\u00f3w i fraz kluczowych, przeprowadzan\u0105 w celu stworzenia [&hellip;]<\/p>\n","protected":false},"author":11,"featured_media":0,"parent":3714,"menu_order":0,"comment_status":"closed","ping_status":"closed","template":"","meta":{"inline_featured_image":false},"yoast_head":"<!-- This site is optimized with the Yoast SEO plugin v15.3 - https:\/\/yoast.com\/wordpress\/plugins\/seo\/ -->\n<title>PODSTAWY WIELOJ\u0118ZYCZNEGO SEO - LocAtHeart translation agency<\/title>\n<meta name=\"description\" content=\"Z &quot;Podstaw wieloj\u0119zycznego SEO&quot; dowiesz si\u0119 wszystkiego, co powiniene\u015b wiedzie\u0107 na temat optymalizacji tre\u015bci, niezale\u017cnie od j\u0119zyka, w kt\u00f3rym tworzysz. Czytaj dalej, \u017ceby dowiedzie\u0107 si\u0119 wi\u0119cej.\" \/>\n<meta name=\"robots\" content=\"index, follow, max-snippet:-1, max-image-preview:large, max-video-preview:-1\" \/>\n<link rel=\"canonical\" href=\"https:\/\/locatheart.com\/pl\/wiedza\/podstawy-wielojezycznego-seo\/\" \/>\n<meta property=\"og:locale\" content=\"pl_PL\" \/>\n<meta property=\"og:type\" content=\"article\" \/>\n<meta property=\"og:title\" content=\"PODSTAWY WIELOJ\u0118ZYCZNEGO SEO - LocAtHeart translation agency\" \/>\n<meta property=\"og:description\" content=\"Z &quot;Podstaw wieloj\u0119zycznego SEO&quot; dowiesz si\u0119 wszystkiego, co powiniene\u015b wiedzie\u0107 na temat optymalizacji tre\u015bci, niezale\u017cnie od j\u0119zyka, w kt\u00f3rym tworzysz. Czytaj dalej, \u017ceby dowiedzie\u0107 si\u0119 wi\u0119cej.\" \/>\n<meta property=\"og:url\" content=\"https:\/\/locatheart.com\/pl\/wiedza\/podstawy-wielojezycznego-seo\/\" \/>\n<meta property=\"og:site_name\" content=\"LocAtHeart translation agency\" \/>\n<meta property=\"article:modified_time\" content=\"2023-11-30T11:02:05+00:00\" \/>\n<meta property=\"og:image\" content=\"https:\/\/locatheart.com\/wp-content\/uploads\/2022\/06\/locatheart_pion.png\" \/>\n\t<meta property=\"og:image:width\" content=\"600\" \/>\n\t<meta property=\"og:image:height\" content=\"600\" \/>\n<meta name=\"twitter:card\" content=\"summary_large_image\" \/>\n<meta name=\"twitter:label1\" content=\"Written by\">\n\t<meta name=\"twitter:data1\" content=\"Locatheart\">\n\t<meta name=\"twitter:label2\" content=\"Est. reading time\">\n\t<meta name=\"twitter:data2\" content=\"3 minuty\">\n<!-- \/ Yoast SEO plugin. -->","_links":{"self":[{"href":"https:\/\/locatheart.com\/pl\/wp-json\/wp\/v2\/pages\/10571\/"}],"collection":[{"href":"https:\/\/locatheart.com\/pl\/wp-json\/wp\/v2\/pages\/"}],"about":[{"href":"https:\/\/locatheart.com\/pl\/wp-json\/wp\/v2\/types\/page\/"}],"author":[{"embeddable":true,"href":"https:\/\/locatheart.com\/pl\/wp-json\/wp\/v2\/users\/11\/"}],"replies":[{"embeddable":true,"href":"https:\/\/locatheart.com\/pl\/wp-json\/wp\/v2\/comments\/?post=10571"}],"version-history":[{"count":9,"href":"https:\/\/locatheart.com\/pl\/wp-json\/wp\/v2\/pages\/10571\/revisions\/"}],"predecessor-version":[{"id":10609,"href":"https:\/\/locatheart.com\/pl\/wp-json\/wp\/v2\/pages\/10571\/revisions\/10609\/"}],"up":[{"embeddable":true,"href":"https:\/\/locatheart.com\/pl\/wp-json\/wp\/v2\/pages\/3714\/"}],"wp:attachment":[{"href":"https:\/\/locatheart.com\/pl\/wp-json\/wp\/v2\/media\/?parent=10571"}],"curies":[{"name":"wp","href":"https:\/\/api.w.org\/{rel}","templated":true}]}}