{"id":10804,"date":"2023-12-08T15:15:50","date_gmt":"2023-12-08T14:15:50","guid":{"rendered":"https:\/\/locatheart.com\/?page_id=10804"},"modified":"2024-08-20T11:27:43","modified_gmt":"2024-08-20T09:27:43","slug":"angielskojezyczny-lead-magnet-na-walentynki-dla-napoleoncat","status":"publish","type":"page","link":"https:\/\/locatheart.com\/pl\/angielskojezyczny-lead-magnet-na-walentynki-dla-napoleoncat\/","title":{"rendered":"Angielskoj\u0119zyczny lead magnet na Walentynki dla NapoleonCat"},"content":{"rendered":"<p>[vc_row][vc_column css=&#8221;.vc_custom_1612948469934{padding-right: 150px !important;padding-left: 150px !important;}&#8221;]<div class=\"porto-u-heading\" data-hspacer=\"no_spacer\" data-halign=\"left\" style=\"text-align:left\"><div class=\"porto-u-main-heading\"><h2 style=\"font-weight:500;font-size:30px;\">Angielskoj\u0119zyczny lead magnet na Walentynki dla NapoleonCat<\/h2><\/div><\/div>[vc_column_text]<span style=\"font-weight: 400;\"><img loading=\"lazy\" class=\"wp-image-10807 size-medium alignright\" src=\"https:\/\/locatheart.com\/wp-content\/uploads\/2023\/12\/NapoleonCat-CaseStudy-300x300.png\" alt=\"hashtag catalog napoleoncat locatheart casestudy\" width=\"300\" height=\"300\" \/><\/span> <strong>NapoleonCat to jedno z popularniejszych narz\u0119dzi do zarz\u0105dzania tre\u015bciami w social mediach. W ramach swoich dzia\u0142a\u0144 marketingowych firma proponuje klientom \u2013 zar\u00f3wno sta\u0142ym, jak i potencjalnym \u2013 merytoryczne tre\u015bci, kt\u00f3re zamieszcza na r\u00f3\u017cnych platformach. <\/strong><\/p>\n<p><strong>Jednym z przyk\u0142ad\u00f3w takich publikacji by\u0142 przygotowany na Walentynki 2023 PDF z najpopularniejszymi hashtagami oraz om\u00f3wieniem ciekawych trend\u00f3w w mediach spo\u0142eczno\u015bciowych.<br \/>\n<\/strong><\/p>\n<p>&nbsp;<\/p>\n<p>[\/vc_column_text][\/vc_column][\/vc_row][vc_row][vc_column css=&#8221;.vc_custom_1612948487630{padding-right: 150px !important;padding-left: 150px !important;}&#8221;][vc_empty_space]<div class=\"porto-u-heading\" data-hspacer=\"no_spacer\" data-halign=\"left\" style=\"text-align:left\"><div class=\"porto-u-main-heading\"><h2 style=\"font-weight:700;font-size:24px;\">Wyzwania i cele<\/h2><\/div><\/div>\t<style>\n\t\t.porto-blockquote1339957854 blockquote { border-color: #f75100; }\n\t<\/style>\n\t<div class=\"porto-blockquote wpb_content_element  porto-blockquote1339957854\"><blockquote class=\"  \"><p><i><span style=\"font-weight: 400;\">\u201eW okolicy Walentynek postanowili\u015bmy wyda\u0107 katalog hashtag\u00f3w skierowany do specjalist\u00f3w i menad\u017cer\u00f3w social media zajmuj\u0105cych si\u0119 realizowaniem kampanii sezonowych. Chcieli\u015bmy, aby znalaz\u0142y si\u0119 w nim najlepsze hashtagi na t\u0119 okazj\u0119 oraz wskaz\u00f3wki i triki dotycz\u0105ce zarz\u0105dzania kampaniami w mediach spo\u0142eczno\u015bciowych. Jaki problem chcieli\u015bmy zaadresowa\u0107? Odbiorcy wiedz\u0105, jak istotne dla ich dzia\u0142a\u0144 marketingowych jest przygotowanie odpowiednich tre\u015bci, ale nie maj\u0105 czasu na w\u0142asny research. Wiedz\u0105, jak wa\u017cna jest odpowiednia organizacja pracy, ale mog\u0105 nie mie\u0107 wystarczaj\u0105cego do\u015bwiadczenia, aby wszystko zaplanowa\u0107 i wdro\u017cy\u0107. Postanowili\u015bmy da\u0107 im poradnik po\u0142\u0105czony z katalogiem hashtag\u00f3w, kt\u00f3ry zdejmie im z bark\u00f3w cz\u0119\u015b\u0107 pracy, a co za tym idzie \u2013 stresu\u201d. <\/span><\/i><\/p>\n<p><i><span style=\"font-weight: 400;\">\u2013 <\/span><\/i><b>Ewa Struzik, Brand and Comms Manager w NapoleonCat<\/b><\/p><\/blockquote><\/div>[vc_row_inner][vc_column_inner][vc_cta h2=&#8221;&#8221; txt_align=&#8221;center&#8221; style=&#8221;outline&#8221; add_button=&#8221;bottom&#8221; btn_title=&#8221;Sprawd\u017a nasze us\u0142ugi&#8221; btn_style=&#8221;custom&#8221; btn_custom_background=&#8221;#f75100&#8243; btn_custom_text=&#8221;#ffffff&#8221; btn_shape=&#8221;rounded&#8221; btn_size=&#8221;xl&#8221; btn_align=&#8221;center&#8221; btn_i_icon_fontawesome=&#8221;fas fa-star&#8221; css_animation=&#8221;fadeInUp&#8221; btn_add_icon=&#8221;true&#8221; btn_link=&#8221;url:https%3A%2F%2Flocatheart.com%2Fpl%2Ftlumaczenia-marketingowe%2F|title:Us%C5%82ugi|target:%20_blank|&#8221;]<\/p>\n<h2 style=\"text-align: center;\">Potrzebujesz tre\u015bci, kt\u00f3re przyci\u0105gn\u0105 zagranicznych klient\u00f3w? Sprawd\u017a nasz\u0105 ofert\u0119!<\/h2>\n<p>[\/vc_cta][\/vc_column_inner][\/vc_row_inner][\/vc_column][\/vc_row][vc_row][vc_column css=&#8221;.vc_custom_1612948653701{padding-right: 150px !important;padding-left: 150px !important;}&#8221;]<div class=\"porto-u-heading\" data-hspacer=\"no_spacer\" data-halign=\"left\" style=\"text-align:left\"><div class=\"porto-u-main-heading\"><h2 style=\"font-weight:700;font-size:24px;\">Krok 1: research<\/h2><\/div><\/div>[vc_column_text]<span style=\"font-weight: 400;\">Prace nad tre\u015bci\u0105 PDF-a rozpocz\u0119li\u015bmy od wnikliwej analizy przes\u0142anych przez klienta hashtag\u00f3w oraz researchu konkretnych przyk\u0142ad\u00f3w tre\u015bci wykorzystuj\u0105cych poszczeg\u00f3lne frazy, wybieraj\u0105c i opisuj\u0105c najciekawsze z nich.<\/span><\/p>\n<p><span style=\"font-weight: 400;\">W PDF-ie znalaz\u0142y si\u0119 r\u00f3wnie\u017c wzmianki o najwa\u017cniejszych funkcjach NapoleonCat. Aby jak najrzetelniej przygotowa\u0107 tekst, zapoznali\u015bmy si\u0119 z opisami i nagraniami prezentuj\u0105cymi mo\u017cliwo\u015bci narz\u0119dzia oraz korzy\u015bci, jakie oferuje. Naszego klienta poprosili\u015bmy r\u00f3wnie\u017c o wykaz najistotniejszych funkcji dla os\u00f3b pracuj\u0105cych z tre\u015bciami na Instagramie.<\/span><\/p>\n<p><span style=\"font-weight: 400;\">Dzi\u0119ki wsparciu ze strony klienta mieli\u015bmy mo\u017cliwo\u015b\u0107 zadawania pyta\u0144 oraz konsultacji, co da\u0142o pewno\u015b\u0107, \u017ce wszystkie funkcje narz\u0119dzia NapoleonCat zostan\u0105 rzetelnie opisane.<br \/>\n<\/span>[\/vc_column_text][\/vc_column][\/vc_row][vc_row][vc_column css=&#8221;.vc_custom_1612948668078{padding-right: 150px !important;padding-left: 150px !important;}&#8221;]<div class=\"porto-u-heading\" data-hspacer=\"no_spacer\" data-halign=\"left\" style=\"text-align:left\"><div class=\"porto-u-main-heading\"><h2 style=\"font-weight:700;font-size:24px;\">Krok 2: stworzenie tre\u015bci PDF-a<\/h2><\/div><\/div>[vc_column_text]<span style=\"font-weight: 400;\">Dzi\u0119ki dog\u0142\u0119bnemu researchowi oraz sprawnej wsp\u00f3\u0142pracy z NapoleonCat byli\u015bmy w stanie dostarczy\u0107 d\u0142ugi, merytoryczny i anga\u017cuj\u0105cy tekst w ci\u0105gu 5 dni roboczych. Wszystkie wytyczne od klienta otrzymali\u015bmy w \u015brod\u0119 1 lutego 2023 r., a gotowy tekst po redakcji j\u0119zykowej dostarczyli\u015bmy ju\u017c we wtorek 7 lutego 2023 r.<\/span><\/p>\n<p><span style=\"font-weight: 400;\">W pierwszej kolejno\u015bci dostarczyli\u015bmy propozycj\u0119 tre\u015bci, kt\u00f3ra bardzo spodoba\u0142a si\u0119 naszemu klientowi. Nast\u0119pnie nanie\u015bli\u015bmy drobne zmiany zasugerowane przez NapoleonCat, pozostawiaj\u0105c w pliku stosowne adnotacje maj\u0105ce u\u0142atwi\u0107 prac\u0119 grafikowi po stronie klienta.<\/span><\/p>\n<p><span style=\"font-weight: 400;\">Podczas pisania tekstu nasza copywriterka zebra\u0142a r\u00f3wnie\u017c przyk\u0142ady ilustracji i zdj\u0119\u0107 opublikowanych na Instagramie, kt\u00f3rych tematyka odpowiada\u0142a wspomnianym w tek\u015bcie hashtagom. Pos\u0142u\u017cy\u0142y one za inspiracj\u0119 grafikowi, kt\u00f3ry przygotowa\u0142 finaln\u0105 wersj\u0119 pliku.<\/span><\/p>\n<p><span style=\"font-weight: 400;\">Przygotowane materia\u0142y przekazali\u015bmy redaktorowi, kt\u00f3rego zadaniem by\u0142o dok\u0142adne zapoznanie si\u0119 z tekstem w celu wy\u0142apania potencjalnych b\u0142\u0119d\u00f3w \u2013 tak doszlifowane tre\u015bci nast\u0119pnie dostarczyli\u015bmy klientowi.<\/span>[\/vc_column_text][vc_cta h2=&#8221;Dowiedz si\u0119, jak mo\u017cemy pom\u00f3c Ci dotrze\u0107 do klient\u00f3w na zagranicznych rynkach!&#8221; txt_align=&#8221;center&#8221; style=&#8221;outline&#8221; add_button=&#8221;bottom&#8221; btn_title=&#8221;Skontaktuj si\u0119 z nami&#8221; btn_style=&#8221;custom&#8221; btn_custom_background=&#8221;#f75100&#8243; btn_custom_text=&#8221;#ffffff&#8221; btn_shape=&#8221;rounded&#8221; btn_size=&#8221;xl&#8221; btn_align=&#8221;center&#8221; btn_i_icon_fontawesome=&#8221;fas fa-comment&#8221; css_animation=&#8221;fadeInUp&#8221; btn_add_icon=&#8221;true&#8221; btn_link=&#8221;url:https%3A%2F%2Flocatheart.com%2Fpl%2Fkontakt%2F|target:%20_blank|&#8221;][\/vc_cta][\/vc_column][\/vc_row][vc_row][vc_column css=&#8221;.vc_custom_1612948683411{padding-right: 150px !important;padding-left: 150px !important;}&#8221;]<div class=\"porto-u-heading\" data-hspacer=\"no_spacer\" data-halign=\"left\" style=\"text-align:left\"><div class=\"porto-u-main-heading\"><h2 style=\"font-weight:700;font-size:24px;\">Wnioski z projektu<\/h2><\/div><\/div>[vc_column_text]<span style=\"font-weight: 400;\">Ostateczny tekst mia\u0142 ponad 2300 s\u0142\u00f3w (~14000 zzs) i zawiera\u0142 konkretne przyk\u0142ady post\u00f3w z Instagrama. Gotowe tre\u015bci zosta\u0142y opracowane graficznie przez klienta i wykorzystane w prowadzonej przez niego kampanii lead magnetowej.<\/span><\/p>\n<p><span style=\"font-weight: 400;\">Rezultat naszej pracy mo\u017cesz pobra\u0107 tutaj: <a href=\"https:\/\/napoleoncat.com\/lp\/valentines-day-2023\/\" target=\"_blank\" rel=\"noopener noreferrer\">Valentine\u2019s Day Deal. List of the best hashtags for 2023!<\/a><\/span>[\/vc_column_text][\/vc_column][\/vc_row][vc_row][vc_column][vc_row_inner][vc_column_inner][vc_cta h2=&#8221;&#8221; txt_align=&#8221;center&#8221; style=&#8221;outline&#8221; add_button=&#8221;bottom&#8221; btn_title=&#8221;Pobierz nasz darmowy e-book!&#8221; btn_style=&#8221;custom&#8221; btn_custom_background=&#8221;#f75100&#8243; btn_custom_text=&#8221;#ffffff&#8221; btn_shape=&#8221;rounded&#8221; btn_size=&#8221;xl&#8221; btn_align=&#8221;center&#8221; btn_i_icon_fontawesome=&#8221;fas fa-book&#8221; css_animation=&#8221;fadeInUp&#8221; btn_add_icon=&#8221;true&#8221; btn_link=&#8221;url:https%3A%2F%2Flocatheart.com%2F%3Fsmd_process_download%3D1%26download_id%3D12421|title:E-book|target:%20_blank|&#8221;]<\/p>\n<h2 style=\"text-align: center;\">Chcesz dowiedzie\u0107 si\u0119, jak agencja t\u0142umacze\u0144 mo\u017ce pom\u00f3c Ci poprawi\u0107 widoczno\u015b\u0107 Twojej us\u0142ugi na rynkach zagranicznych?<\/h2>\n<p>[\/vc_cta][\/vc_column_inner][\/vc_row_inner][\/vc_column][\/vc_row]<\/p>\n","protected":false},"excerpt":{"rendered":"<p>[vc_row][vc_column css=&#8221;.vc_custom_1612948469934{padding-right: 150px !important;padding-left: 150px !important;}&#8221;][vc_column_text] NapoleonCat to jedno z popularniejszych narz\u0119dzi do zarz\u0105dzania tre\u015bciami w social mediach. W ramach swoich dzia\u0142a\u0144 marketingowych firma proponuje klientom \u2013 zar\u00f3wno sta\u0142ym, jak i potencjalnym \u2013 merytoryczne tre\u015bci, kt\u00f3re zamieszcza na r\u00f3\u017cnych platformach. Jednym z przyk\u0142ad\u00f3w takich publikacji by\u0142 przygotowany na Walentynki 2023 PDF z najpopularniejszymi hashtagami oraz [&hellip;]<\/p>\n","protected":false},"author":11,"featured_media":0,"parent":0,"menu_order":0,"comment_status":"closed","ping_status":"closed","template":"","meta":{"inline_featured_image":false},"yoast_head":"<!-- This site is optimized with the Yoast SEO plugin v15.3 - https:\/\/yoast.com\/wordpress\/plugins\/seo\/ -->\n<title>Angielskoj\u0119zyczny lead magnet na Walentynki dla NapoleonCat - LocAtHeart translation agency<\/title>\n<meta name=\"description\" content=\"%\" \/>\n<meta name=\"robots\" content=\"index, follow, max-snippet:-1, max-image-preview:large, max-video-preview:-1\" \/>\n<link rel=\"canonical\" href=\"https:\/\/locatheart.com\/pl\/angielskojezyczny-lead-magnet-na-walentynki-dla-napoleoncat\/\" \/>\n<meta property=\"og:locale\" content=\"pl_PL\" \/>\n<meta property=\"og:type\" content=\"article\" \/>\n<meta property=\"og:title\" content=\"Angielskoj\u0119zyczny lead magnet na Walentynki dla NapoleonCat - LocAtHeart translation agency\" \/>\n<meta property=\"og:description\" content=\"%\" \/>\n<meta property=\"og:url\" content=\"https:\/\/locatheart.com\/pl\/angielskojezyczny-lead-magnet-na-walentynki-dla-napoleoncat\/\" \/>\n<meta property=\"og:site_name\" content=\"LocAtHeart translation agency\" \/>\n<meta property=\"article:modified_time\" content=\"2024-08-20T09:27:43+00:00\" \/>\n<meta property=\"og:image\" content=\"https:\/\/locatheart.com\/wp-content\/uploads\/2023\/12\/NapoleonCat-CaseStudy-300x300.png\" \/>\n<meta name=\"twitter:card\" content=\"summary_large_image\" \/>\n<meta name=\"twitter:label1\" content=\"Written by\">\n\t<meta name=\"twitter:data1\" content=\"Locatheart\">\n\t<meta name=\"twitter:label2\" content=\"Est. reading time\">\n\t<meta name=\"twitter:data2\" content=\"4 minuty\">\n<!-- \/ Yoast SEO plugin. -->","_links":{"self":[{"href":"https:\/\/locatheart.com\/pl\/wp-json\/wp\/v2\/pages\/10804\/"}],"collection":[{"href":"https:\/\/locatheart.com\/pl\/wp-json\/wp\/v2\/pages\/"}],"about":[{"href":"https:\/\/locatheart.com\/pl\/wp-json\/wp\/v2\/types\/page\/"}],"author":[{"embeddable":true,"href":"https:\/\/locatheart.com\/pl\/wp-json\/wp\/v2\/users\/11\/"}],"replies":[{"embeddable":true,"href":"https:\/\/locatheart.com\/pl\/wp-json\/wp\/v2\/comments\/?post=10804"}],"version-history":[{"count":11,"href":"https:\/\/locatheart.com\/pl\/wp-json\/wp\/v2\/pages\/10804\/revisions\/"}],"predecessor-version":[{"id":12748,"href":"https:\/\/locatheart.com\/pl\/wp-json\/wp\/v2\/pages\/10804\/revisions\/12748\/"}],"wp:attachment":[{"href":"https:\/\/locatheart.com\/pl\/wp-json\/wp\/v2\/media\/?parent=10804"}],"curies":[{"name":"wp","href":"https:\/\/api.w.org\/{rel}","templated":true}]}}