{"id":11152,"date":"2024-02-21T16:36:40","date_gmt":"2024-02-21T15:36:40","guid":{"rendered":"https:\/\/locatheart.com\/?page_id=11152"},"modified":"2024-08-20T12:00:09","modified_gmt":"2024-08-20T10:00:09","slug":"przejecie-projektow-tlumaczeniowych-czyli-co-gdy-zmienia-sie-wydawca-gry","status":"publish","type":"page","link":"https:\/\/locatheart.com\/pl\/przejecie-projektow-tlumaczeniowych-czyli-co-gdy-zmienia-sie-wydawca-gry\/","title":{"rendered":"Przej\u0119cie projekt\u00f3w t\u0142umaczeniowych, czyli co, gdy zmienia si\u0119 wydawca gry"},"content":{"rendered":"<p>[vc_row css=&#8221;.vc_custom_1701176127378{margin-top: 30px !important;margin-bottom: 15px !important;}&#8221;][vc_column css=&#8221;.vc_custom_1612948469934{padding-right: 150px !important;padding-left: 150px !important;}&#8221;]<div class=\"porto-u-heading\" data-hspacer=\"no_spacer\" data-halign=\"left\" style=\"text-align:left\"><div class=\"porto-u-main-heading\"><h2 style=\"font-weight:500;font-size:30px;\">Przej\u0119cie projekt\u00f3w t\u0142umaczeniowych, czyli co, gdy zmienia si\u0119 wydawca gry<\/h2><\/div><\/div>[\/vc_column][\/vc_row][vc_row][vc_column css=&#8221;.vc_custom_1612948469934{padding-right: 150px !important;padding-left: 150px !important;}&#8221;][vc_column_text]<span style=\"font-weight: 400;\"><img loading=\"lazy\" class=\"wp-image-11156 size-medium alignright\" src=\"https:\/\/locatheart.com\/wp-content\/uploads\/2024\/02\/taking-over-translation-proj-300x300.png\" alt=\"taking over a project\" width=\"300\" height=\"300\" \/><\/span> <strong>W dynamicznym \u015bwiecie biznesu projekty realizowane przez jedn\u0105 firm\u0119 nierzadko przejmowane s\u0105 przez inn\u0105 \u2013 dzieje si\u0119 tak zw\u0142aszcza w bran\u017cy gier. W takiej sytuacji oczywist\u0105 kwesti\u0105 jest to, \u017ce nowy w\u0142a\u015bciciel danej produkcji chce dostosowa\u0107 zastane procesy do swoich wymaga\u0144 i oczekiwa\u0144 co do jako\u015bci.<\/strong><\/p>\n<p><span style=\"font-weight: 400;\">Przeczytaj nasze case study i dowiedz si\u0119, jak wypracowali\u015bmy rzetelny proces, kt\u00f3ry pozwala nam sprawnie przejmowa\u0107 trwaj\u0105ce projekty t\u0142umaczeniowe.<\/span>[\/vc_column_text][\/vc_column][\/vc_row][vc_row][vc_column css=&#8221;.vc_custom_1612948487630{padding-right: 150px !important;padding-left: 150px !important;}&#8221;][vc_empty_space]<div class=\"porto-u-heading\" data-hspacer=\"no_spacer\" data-halign=\"left\" style=\"text-align:left\"><div class=\"porto-u-main-heading\"><h2 style=\"font-weight:700;font-size:24px;\">Wyzwania i cele<\/h2><\/div><\/div>[vc_column_text]<span style=\"font-weight: 400;\">Zmiana dostawcy t\u0142umacze\u0144 z regu\u0142y ma na celu popraw\u0119 jako\u015bci tre\u015bci, w tym m.in.:<\/span><\/p>\n<p>[\/vc_column_text][\/vc_column][\/vc_row][vc_row css_animation=&#8221;none&#8221; css=&#8221;.vc_custom_1705582712233{padding-top: 50px !important;padding-right: 150px !important;padding-bottom: 50px !important;padding-left: 150px !important;}&#8221;][vc_column css_animation=&#8221;fadeInDown&#8221; width=&#8221;1\/6&#8243; section_skin=&#8221;primary&#8221; animation_type=&#8221;fadeIn&#8221;][\/vc_column][vc_column width=&#8221;2\/3&#8243;]<div class=\"porto-sicon-box  vc_custom_1708608319853 style_3 default-icon\"><div class=\"porto-sicon-default\"><div id=\"porto-icon-13571297466a039d767cd16\" class=\"porto-just-icon-wrapper\" style=\"text-align:center;\"><div class=\"porto-icon none\" style=\"color:#f64600;font-size:32px;display:inline-block;\"><i class=\"fas fa-chevron-right\"><\/i><\/div><\/div><\/div><div class=\"porto-sicon-header\" ><h3 class=\"porto-sicon-title\" style=\"\">wyeliminowanie niesp\u00f3jno\u015bci,<\/h3><\/div> <!-- header --><\/div><!-- porto-sicon-box --><div class=\"porto-sicon-box  vc_custom_1708608331209 style_3 default-icon\"><div class=\"porto-sicon-default\"><div id=\"porto-icon-11032326996a039d767ceb1\" class=\"porto-just-icon-wrapper\" style=\"text-align:center;\"><div class=\"porto-icon none\" style=\"color:#f64600;font-size:32px;display:inline-block;\"><i class=\"fas fa-chevron-right\"><\/i><\/div><\/div><\/div><div class=\"porto-sicon-header\" ><h3 class=\"porto-sicon-title\" style=\"\">przet\u0142umaczenie termin\u00f3w bez przek\u0142adu,<\/h3><\/div> <!-- header --><\/div><!-- porto-sicon-box --><div class=\"porto-sicon-box  vc_custom_1708608337670 style_3 default-icon\"><div class=\"porto-sicon-default\"><div id=\"porto-icon-7397759396a039d767d009\" class=\"porto-just-icon-wrapper\" style=\"text-align:center;\"><div class=\"porto-icon none\" style=\"color:#f64600;font-size:32px;display:inline-block;\"><i class=\"fas fa-chevron-right\"><\/i><\/div><\/div><\/div><div class=\"porto-sicon-header\" ><h3 class=\"porto-sicon-title\" style=\"\">utrzymanie sp\u00f3jno\u015bci w dostarczanych tekstach,<\/h3><\/div> <!-- header --><\/div><!-- porto-sicon-box --><div class=\"porto-sicon-box  vc_custom_1708608735443 style_3 default-icon\"><div class=\"porto-sicon-default\"><div id=\"porto-icon-6069513146a039d767d16c\" class=\"porto-just-icon-wrapper\" style=\"text-align:center;\"><div class=\"porto-icon none\" style=\"color:#f64600;font-size:32px;display:inline-block;\"><i class=\"fas fa-chevron-right\"><\/i><\/div><\/div><\/div><div class=\"porto-sicon-header\" ><h3 class=\"porto-sicon-title\" style=\"\">utworzenie i rozwijanie pami\u0119ci t\u0142umaczeniowej<br \/>\noraz glosariusza gry.<\/h3><\/div> <!-- header --><\/div><!-- porto-sicon-box -->[\/vc_column][vc_column width=&#8221;1\/6&#8243;][\/vc_column][\/vc_row][vc_row][vc_column css=&#8221;.vc_custom_1612948487630{padding-right: 150px !important;padding-left: 150px !important;}&#8221;][vc_column_text]<span style=\"font-weight: 400;\">Wsp\u00f3\u0142cze\u015bnie rozwijane gry-us\u0142ugi (GaaS), zw\u0142aszcza te na urz\u0105dzenia mobilne, maj\u0105 bardzo d\u0142ug\u0105 \u017cywotno\u015b\u0107 i s\u0105 cz\u0119sto aktualizowane \u2013 pojawiaj\u0105 si\u0119 w nich nowe wydarzenia i funkcje, kt\u00f3re r\u00f3wnie\u017c musz\u0105 by\u0107 t\u0142umaczone w spos\u00f3b ci\u0105g\u0142y.<\/span><\/p>\n<p><span style=\"font-weight: 400;\">Praca nad tego typu projektami i dostarczanie wysokiej jako\u015bci tre\u015bci jest niema\u0142ym wyzwaniem wymagaj\u0105cym zgranego zespo\u0142u project manager\u00f3w i najlepszych t\u0142umaczy.<\/span>[\/vc_column_text][vc_cta h2=&#8221;Lokalizacja w Twojej grze wymaga poprawy?&#8221; txt_align=&#8221;center&#8221; style=&#8221;outline&#8221; add_button=&#8221;bottom&#8221; btn_title=&#8221;Skontaktuj si\u0119 z naszym ekspertem i odkryj, co mo\u017cemy dla Ciebie zrobi\u0107!&#8221; btn_style=&#8221;custom&#8221; btn_custom_background=&#8221;#f75100&#8243; btn_custom_text=&#8221;#ffffff&#8221; btn_shape=&#8221;rounded&#8221; btn_size=&#8221;xl&#8221; btn_align=&#8221;center&#8221; btn_i_icon_fontawesome=&#8221;fas fa-comments&#8221; css_animation=&#8221;fadeInUp&#8221; btn_add_icon=&#8221;true&#8221; btn_link=&#8221;url:https%3A%2F%2Fcalendly.com%2Flocatheart|title:Porozmawiaj%20z%20naszym%20ekspertem||&#8221;][\/vc_cta][\/vc_column][\/vc_row][vc_row][vc_column css=&#8221;.vc_custom_1612948653701{padding-right: 150px !important;padding-left: 150px !important;}&#8221;]<div class=\"porto-u-heading\" data-hspacer=\"no_spacer\" data-halign=\"left\" style=\"text-align:left\"><div class=\"porto-u-main-heading\"><h2 style=\"font-weight:700;font-size:24px;\">Krok 1: lockit, czyli przej\u0119cie dotychczas zebranych danych<\/h2><\/div><\/div>[vc_column_text]<span style=\"font-weight: 400;\">Projekty t\u0142umaczeniowe przejmujemy po otrzymaniu od klienta tzw. lockitu \u2013 zestawu plik\u00f3w <i>legacy<\/i>, w kt\u00f3rym znajduj\u0105 si\u0119 wszystkie dotychczas zebrane dane: pami\u0119ci t\u0142umaczeniowe, glosariusze, styleguide\u2019y, screeny z gry i pozosta\u0142e pomocne pliki i dokumenty.<\/span><\/p>\n<p><span style=\"font-weight: 400;\">Skompletowanie plik\u00f3w zawieraj\u0105cych informacje o stosowanych terminach i nazwach funkcji pozwala nam zachowa\u0107 sp\u00f3jno\u015b\u0107 z poprzednimi t\u0142umaczeniami po przej\u0119ciu projektu.<\/span> <span style=\"font-weight: 400;\">Przy odbiorze tego typu plik\u00f3w nale\u017cy zachowa\u0107 wyj\u0105tkow\u0105 czujno\u015b\u0107 \u2013 pami\u0119ci t\u0142umaczeniowe i glosariusze wymagaj\u0105 przejrzenia i zweryfikowania pod k\u0105tem potencjalnych b\u0142\u0119d\u00f3w lub tre\u015bci, kt\u00f3re nie zosta\u0142y wcze\u015bniej przet\u0142umaczone i wymagaj\u0105 zlokalizowania.<\/span><\/p>\n<p><span style=\"font-weight: 400;\">Zanim przeka\u017cemy j\u0119zykowcom pliki i materia\u0142y referencyjne legacy, uczulamy ich, aby zwr\u00f3cili szczeg\u00f3ln\u0105 uwag\u0119 na wszelkiego rodzaju b\u0142\u0119dy i nie\u015bcis\u0142o\u015bci znajduj\u0105ce si\u0119 w lockicie \u2013 im wcze\u015bniej zostan\u0105 one wy\u0142apane, tym \u0142atwiej b\u0119dzie utrzyma\u0107 sp\u00f3jno\u015b\u0107 w kolejnych projektach.<\/span><\/p>\n<p><span style=\"font-weight: 400;\">Na pierwszym miejscu zawsze stawiamy jako\u015b\u0107, dlatego je\u015bli w lockicie pojawiaj\u0105 si\u0119 b\u0142\u0119dy, poprawiamy je i w nowych wersjach j\u0119zykowych stosujemy poprawn\u0105 terminologi\u0119 \u2013 nawet je\u017celi dzieje si\u0119 to kosztem sp\u00f3jno\u015bci z przej\u0119tymi tre\u015bciami.<\/span>[\/vc_column_text][vc_cta h2=&#8221;Sprawd\u017a nasz\u0105 ofert\u0119 i dowiedz si\u0119,&#8221; txt_align=&#8221;center&#8221; style=&#8221;outline&#8221; add_button=&#8221;bottom&#8221; btn_title=&#8221;jak locatheart mo\u017ce pom\u00f3c Ci wynie\u015b\u0107 Twoj\u0105 gr\u0119 na kolejny poziom!&#8221; btn_style=&#8221;custom&#8221; btn_custom_background=&#8221;#f75100&#8243; btn_custom_text=&#8221;#ffffff&#8221; btn_shape=&#8221;rounded&#8221; btn_size=&#8221;xl&#8221; btn_align=&#8221;center&#8221; btn_i_icon_fontawesome=&#8221;fas fa-star&#8221; css_animation=&#8221;fadeInUp&#8221; btn_add_icon=&#8221;true&#8221; btn_link=&#8221;url:https%3A%2F%2Flocatheart.com%2Fpl%2Flokalizacja-gier%2F|title:Lokalizacja%20gier||&#8221;][\/vc_cta][\/vc_column][\/vc_row][vc_row][vc_column css=&#8221;.vc_custom_1612948683411{padding-right: 150px !important;padding-left: 150px !important;}&#8221;]<div class=\"porto-u-heading\" data-hspacer=\"no_spacer\" data-halign=\"left\" style=\"text-align:left\"><div class=\"porto-u-main-heading\"><h2 style=\"font-weight:700;font-size:24px;\">Krok 2: wzbogacanie zasob\u00f3w projektu<\/h2><\/div><\/div>[vc_column_text]<span style=\"font-weight: 400;\">W miar\u0119 pojawiania si\u0119 kolejnych projekt\u00f3w jako\u015b\u0107 podpi\u0119tych pod nie baz danych jest stopniowo poprawiania i wzbogacana o kolejne terminy, co pozwala przyspieszy\u0107 prace j\u0119zykowc\u00f3w i naszych project manager\u00f3w, a jednocze\u015bnie utrzyma\u0107 sp\u00f3jno\u015b\u0107 mi\u0119dzy tekstami.<\/span><\/p>\n<p><span style=\"font-weight: 400;\">Je\u017celi przejmowany projekt dotyczy tematyki, z kt\u00f3r\u0105 nie mieli\u015bmy jeszcze okazji pracowa\u0107, rozsy\u0142amy formularz zainteresowa\u0144 do naszych j\u0119zykowc\u00f3w, aby namierzy\u0107 osoby dysponuj\u0105ce specjalistyczn\u0105 wiedz\u0105 z zakresu danej dziedziny \u2013 czasem jest to lotnictwo i historia II wojny \u015bwiatowej, a innym razem \u2013 w\u0119dkarstwo.<\/span><\/p>\n<p><span style=\"font-weight: 400;\">Je\u015bli zaistnieje taka potrzeba, rekrutujemy dodatkowych j\u0119zykowc\u00f3w, kt\u00f3rzy tak\u0105 wiedz\u0119 posiadaj\u0105.<\/span>[\/vc_column_text][\/vc_column][\/vc_row][vc_row][vc_column css=&#8221;.vc_custom_1612948683411{padding-right: 150px !important;padding-left: 150px !important;}&#8221;]<div class=\"porto-u-heading\" data-hspacer=\"no_spacer\" data-halign=\"left\" style=\"text-align:left\"><div class=\"porto-u-main-heading\"><h2 style=\"font-weight:700;font-size:24px;\">Wnioski z projektu<\/h2><\/div><\/div>[vc_column_text]<span style=\"font-weight: 400;\">Ju\u017c kilkukrotnie przeprowadzali\u015bmy podobny proces dla naszego sta\u0142ego klienta \u2013 <\/span><a href=\"https:\/\/locatheart.com\/pl\/tlumaczenia-zwinne-ciagla-lokalizacja-dla-ten-square-games\/\"> <span style=\"font-weight: 400;\">Ten Square Games<\/span><\/a><span style=\"font-weight: 400;\">. Dzi\u0119ki wypracowanym, sprawdzonym rozwi\u0105zaniom mo\u017cemy szybko podnie\u015b\u0107 jako\u015b\u0107 tre\u015bci wykorzystywanych w danej grze, jednocze\u015bnie utrzymuj\u0105c sp\u00f3jno\u015b\u0107 z poprzednimi t\u0142umaczeniami. W\u00f3wczas wydawca gry ma pewno\u015b\u0107, \u017ce gracze nie zra\u017c\u0105 si\u0119 do danej produkcji i b\u0119d\u0105 dalej cieszy\u0107 si\u0119 niczym niezak\u0142\u00f3con\u0105 rozgrywk\u0105.<\/span><\/p>\n<p>[\/vc_column_text][\/vc_column][\/vc_row]<\/p>\n","protected":false},"excerpt":{"rendered":"<p>[vc_row css=&#8221;.vc_custom_1701176127378{margin-top: 30px !important;margin-bottom: 15px !important;}&#8221;][vc_column css=&#8221;.vc_custom_1612948469934{padding-right: 150px !important;padding-left: 150px !important;}&#8221;][\/vc_column][\/vc_row][vc_row][vc_column css=&#8221;.vc_custom_1612948469934{padding-right: 150px !important;padding-left: 150px !important;}&#8221;][vc_column_text] W dynamicznym \u015bwiecie biznesu projekty realizowane przez jedn\u0105 firm\u0119 nierzadko przejmowane s\u0105 przez inn\u0105 \u2013 dzieje si\u0119 tak zw\u0142aszcza w bran\u017cy gier. W takiej sytuacji oczywist\u0105 kwesti\u0105 jest to, \u017ce nowy w\u0142a\u015bciciel danej produkcji chce dostosowa\u0107 zastane procesy do [&hellip;]<\/p>\n","protected":false},"author":11,"featured_media":0,"parent":0,"menu_order":0,"comment_status":"closed","ping_status":"closed","template":"","meta":{"inline_featured_image":false},"yoast_head":"<!-- This site is optimized with the Yoast SEO plugin v15.3 - https:\/\/yoast.com\/wordpress\/plugins\/seo\/ -->\n<title>Przej\u0119cie projekt\u00f3w t\u0142umaczeniowych, czyli co, gdy zmienia si\u0119 wydawca gry - LocAtHeart translation agency<\/title>\n<meta name=\"description\" content=\"Dowiedz si\u0119, jak wypracowali\u015bmy rzetelny proces, kt\u00f3ry pozwala nam sprawnie przejmowa\u0107 trwaj\u0105ce projekty t\u0142umaczeniowe!\" \/>\n<meta name=\"robots\" content=\"index, follow, max-snippet:-1, max-image-preview:large, max-video-preview:-1\" \/>\n<link rel=\"canonical\" href=\"https:\/\/locatheart.com\/pl\/przejecie-projektow-tlumaczeniowych-czyli-co-gdy-zmienia-sie-wydawca-gry\/\" \/>\n<meta property=\"og:locale\" content=\"pl_PL\" \/>\n<meta property=\"og:type\" content=\"article\" \/>\n<meta property=\"og:title\" content=\"Przej\u0119cie projekt\u00f3w t\u0142umaczeniowych, czyli co, gdy zmienia si\u0119 wydawca gry - LocAtHeart translation agency\" \/>\n<meta property=\"og:description\" content=\"Dowiedz si\u0119, jak wypracowali\u015bmy rzetelny proces, kt\u00f3ry pozwala nam sprawnie przejmowa\u0107 trwaj\u0105ce projekty t\u0142umaczeniowe!\" \/>\n<meta property=\"og:url\" content=\"https:\/\/locatheart.com\/pl\/przejecie-projektow-tlumaczeniowych-czyli-co-gdy-zmienia-sie-wydawca-gry\/\" \/>\n<meta property=\"og:site_name\" content=\"LocAtHeart translation agency\" \/>\n<meta property=\"article:modified_time\" content=\"2024-08-20T10:00:09+00:00\" \/>\n<meta property=\"og:image\" content=\"https:\/\/locatheart.com\/wp-content\/uploads\/2024\/02\/taking-over-translation-proj-300x300.png\" \/>\n<meta name=\"twitter:card\" content=\"summary_large_image\" \/>\n<meta name=\"twitter:label1\" content=\"Written by\">\n\t<meta name=\"twitter:data1\" content=\"Locatheart\">\n\t<meta name=\"twitter:label2\" content=\"Est. reading time\">\n\t<meta name=\"twitter:data2\" content=\"5 minut\">\n<!-- \/ Yoast SEO plugin. -->","_links":{"self":[{"href":"https:\/\/locatheart.com\/pl\/wp-json\/wp\/v2\/pages\/11152\/"}],"collection":[{"href":"https:\/\/locatheart.com\/pl\/wp-json\/wp\/v2\/pages\/"}],"about":[{"href":"https:\/\/locatheart.com\/pl\/wp-json\/wp\/v2\/types\/page\/"}],"author":[{"embeddable":true,"href":"https:\/\/locatheart.com\/pl\/wp-json\/wp\/v2\/users\/11\/"}],"replies":[{"embeddable":true,"href":"https:\/\/locatheart.com\/pl\/wp-json\/wp\/v2\/comments\/?post=11152"}],"version-history":[{"count":10,"href":"https:\/\/locatheart.com\/pl\/wp-json\/wp\/v2\/pages\/11152\/revisions\/"}],"predecessor-version":[{"id":12763,"href":"https:\/\/locatheart.com\/pl\/wp-json\/wp\/v2\/pages\/11152\/revisions\/12763\/"}],"wp:attachment":[{"href":"https:\/\/locatheart.com\/pl\/wp-json\/wp\/v2\/media\/?parent=11152"}],"curies":[{"name":"wp","href":"https:\/\/api.w.org\/{rel}","templated":true}]}}