{"id":11177,"date":"2024-02-23T10:03:52","date_gmt":"2024-02-23T09:03:52","guid":{"rendered":"https:\/\/locatheart.com\/?page_id=11177"},"modified":"2024-08-20T12:06:35","modified_gmt":"2024-08-20T10:06:35","slug":"opracowanie-planu-tresci-na-podstawie-researchu-fraz-kluczowych","status":"publish","type":"page","link":"https:\/\/locatheart.com\/pl\/opracowanie-planu-tresci-na-podstawie-researchu-fraz-kluczowych\/","title":{"rendered":"Opracowanie planu tre\u015bci na podstawie researchu fraz kluczowych"},"content":{"rendered":"<p>[vc_row css=&#8221;.vc_custom_1701176127378{margin-top: 30px !important;margin-bottom: 15px !important;}&#8221;][vc_column css=&#8221;.vc_custom_1612948469934{padding-right: 150px !important;padding-left: 150px !important;}&#8221;]<div class=\"porto-u-heading\" data-hspacer=\"no_spacer\" data-halign=\"left\" style=\"text-align:left\"><div class=\"porto-u-main-heading\"><h2 style=\"font-weight:500;font-size:30px;\">Opracowanie planu tre\u015bci na podstawie researchu fraz kluczowych<\/h2><\/div><\/div>[\/vc_column][\/vc_row][vc_row][vc_column css=&#8221;.vc_custom_1612948469934{padding-right: 150px !important;padding-left: 150px !important;}&#8221;][vc_column_text]<span style=\"font-weight: 400;\"><img loading=\"lazy\" class=\"wp-image-11180 size-medium alignright\" src=\"https:\/\/locatheart.com\/wp-content\/uploads\/2024\/02\/content-planning-300x300.png\" alt=\"content planning\" width=\"300\" height=\"300\" \/><\/span> <strong>O wiele \u0142atwiej jest dotrze\u0107 do zamierzonego celu, pos\u0142uguj\u0105c si\u0119 precyzyjn\u0105 map\u0105. Podobnie rzecz wygl\u0105da w kwestii tworzenia tre\u015bci, kt\u00f3re maj\u0105 przybli\u017cy\u0107 Twoj\u0105 firm\u0119 do wzrostu ruchu organicznego oraz konwersji.<\/strong><\/p>\n<p>&nbsp;<\/p>\n<p><span style=\"font-weight: 400;\">Sprawd\u017a, jak w <\/span><b>loc<\/b><span style=\"font-weight: 400;\">at<\/span><b>heart<\/b><span style=\"font-weight: 400;\"> przygotowujemy plan tre\u015bci na bazie fraz kluczowych!<\/span>[\/vc_column_text][\/vc_column][\/vc_row][vc_row][vc_column css=&#8221;.vc_custom_1612948487630{padding-right: 150px !important;padding-left: 150px !important;}&#8221;][vc_empty_space height=&#8221;60px&#8221;]<div class=\"porto-u-heading\" data-hspacer=\"no_spacer\" data-halign=\"left\" style=\"text-align:left\"><div class=\"porto-u-main-heading\"><h2 style=\"font-weight:700;font-size:24px;\">Wyzwania i cele<\/h2><\/div><\/div>[vc_column_text]<span style=\"font-weight: 400;\">Do grona naszych klient\u00f3w nale\u017cy agencja pracy tymczasowej o d\u0142ugiej tradycji oraz mi\u0119dzynarodowym zasi\u0119gu swojej dzia\u0142alno\u015bci. Firma oferuje kompleksowe us\u0142ugi w zakresie rekrutacji pracownik\u00f3w z Europy Wschodniej i Azji oraz rozwi\u0105za\u0144 kadrowych dla firm z wi\u0119kszo\u015bci sektor\u00f3w europejskiej gospodarki.<\/span><\/p>\n<p><span style=\"font-weight: 400;\">Na tapet wzi\u0119ta zosta\u0142a strona internetowa w j\u0119zyku niderlandzkim. Strona ta w momencie rozpocz\u0119cia projektu by\u0142a stosunkowo nowa \u2013 klient dopiero j\u0105 rozwija\u0142.<br \/>\nAgencja potrzebowa\u0142a listy temat\u00f3w blogowych, kt\u00f3re pozwoli\u0142yby jej pozycjonowa\u0107 si\u0119 na frazy kluczowe istotne dla rozwoju biznesu. Tre\u015bci stworzone na podstawie tak przygotowanych temat\u00f3w pozwoli\u0142yby skutecznie walczy\u0107 o pozycje w wynikach wyszukiwania i zwi\u0119kszy\u0107 ruch organiczny.<\/span><\/p>\n<p><span style=\"font-weight: 400;\">Content plan (plan tre\u015bci) mia\u0142 zawiera\u0107 tematy skierowane wy\u0142\u0105cznie do klienta B2B \u2013 firm szukaj\u0105cych pracownik\u00f3w tymczasowych.<\/span>[\/vc_column_text][vc_cta h2=&#8221;Sprawd\u017a nasz\u0105 ofert\u0119 i dowiedz si\u0119,&#8221; txt_align=&#8221;center&#8221; style=&#8221;outline&#8221; add_button=&#8221;bottom&#8221; btn_title=&#8221;jak mo\u017cemy pom\u00f3c Twojej firmie rozwin\u0105\u0107 skrzyd\u0142a za granic\u0105!&#8221; btn_style=&#8221;custom&#8221; btn_custom_background=&#8221;#f75100&#8243; btn_custom_text=&#8221;#ffffff&#8221; btn_shape=&#8221;rounded&#8221; btn_size=&#8221;xl&#8221; btn_align=&#8221;center&#8221; btn_i_icon_fontawesome=&#8221;fas fa-star&#8221; css_animation=&#8221;fadeInUp&#8221; btn_add_icon=&#8221;true&#8221; btn_link=&#8221;url:https%3A%2F%2Flocatheart.com%2Fpl%2Fwielojezyczne-seo-i-identyfikacja-slow-kluczowych-na-nowych-rynkach%2F|title:Us%C5%82ugi%20SEO|target:%20_blank|&#8221;][\/vc_cta][\/vc_column][\/vc_row][vc_row][vc_column css=&#8221;.vc_custom_1612948653701{padding-right: 150px !important;padding-left: 150px !important;}&#8221;]<div class=\"porto-u-heading\" data-hspacer=\"no_spacer\" data-halign=\"left\" style=\"text-align:left\"><div class=\"porto-u-main-heading\"><h2 style=\"font-weight:700;font-size:24px;\">Krok 1: KWR i przygotowanie listy fraz kluczowych<\/h2><\/div><\/div>[vc_column_text]<span style=\"font-weight: 400;\">Po wst\u0119pnym spotkaniu z naszym klientem, podczas kt\u00f3rego om\u00f3wili\u015bmy jego oczekiwania, zaproponowane przez nas rozwi\u0105zanie uwzgl\u0119dnia\u0142o:<\/span>[\/vc_column_text][vc_column_text css_animation=&#8221;none&#8221;]<\/p>\n<ul>\n<li><span style=\"font-weight: 400;\">research fraz kluczowych oraz <\/span><\/li>\n<li><span style=\"font-weight: 400;\">stworzenie content planu. <\/span><\/li>\n<\/ul>\n<p>[\/vc_column_text][vc_column_text]Klient zaopatrzy\u0142 naszych ekspert\u00f3w SEO w pliki wykorzystywane przez sw\u00f3j dzia\u0142 sprzeda\u017cy, kt\u00f3re okaza\u0142y si\u0119 pomocne w lepszym zrozumieniu specyfiki jego bran\u017cy i pomog\u0142y w precyzyjnym researchu fraz kluczowych.[\/vc_column_text][vc_cta h2=&#8221;Potrzebujesz wieloj\u0119zycznych tre\u015bci dla Twojej firmy?&#8221; txt_align=&#8221;center&#8221; style=&#8221;outline&#8221; add_button=&#8221;bottom&#8221; btn_title=&#8221;Skontaktuj si\u0119 z naszym ekspertem!&#8221; btn_style=&#8221;custom&#8221; btn_custom_background=&#8221;#f75100&#8243; btn_custom_text=&#8221;#ffffff&#8221; btn_shape=&#8221;rounded&#8221; btn_size=&#8221;xl&#8221; btn_align=&#8221;center&#8221; btn_i_icon_fontawesome=&#8221;fas fa-comments&#8221; css_animation=&#8221;fadeInUp&#8221; btn_add_icon=&#8221;true&#8221; btn_link=&#8221;url:https%3A%2F%2Fcalendly.com%2Flocatheart|title:Porozmawiaj%20z%20naszym%20ekspertem|target:%20_blank|&#8221;][\/vc_cta][\/vc_column][\/vc_row][vc_row][vc_column css=&#8221;.vc_custom_1612948683411{padding-right: 150px !important;padding-left: 150px !important;}&#8221;]<div class=\"porto-u-heading\" data-hspacer=\"no_spacer\" data-halign=\"left\" style=\"text-align:left\"><div class=\"porto-u-main-heading\"><h2 style=\"font-weight:700;font-size:24px;\">Krok 2: analiza danych i konkurencji<\/h2><\/div><\/div>[vc_column_text]<span style=\"font-weight: 400;\">Po przygotowaniu listy fraz kluczowych przyst\u0105pili\u015bmy do analizy strony internetowej klienta w\u0142\u0105cznie z obecnym na niej blogiem. Wzi\u0119li\u015bmy pod uwag\u0119 poruszan\u0105 tematyk\u0119 oraz struktur\u0119 tre\u015bci.<\/span><\/p>\n<p><span style=\"font-weight: 400;\">Kolejnym etapem by\u0142a analiza konkurencji na rynku holenderskim. Przy pomocy wykorzystywanych przez nas narz\u0119dzi SEO zweryfikowali\u015bmy, czy i w jaki spos\u00f3b konkurencja naszego klienta prowadzi swoje firmowe blogi oraz jakie tematy s\u0105 na nich poruszane.<br \/>\n<\/span>[\/vc_column_text][vc_cta h2=&#8221;Chcesz wiedzie\u0107 wi\u0119cej o tym, jak przygotowujemy tre\u015bci na ponad 25 rynk\u00f3w?&#8221; txt_align=&#8221;center&#8221; style=&#8221;outline&#8221; add_button=&#8221;bottom&#8221; btn_title=&#8221;Pobierz nasz darmowy e-book!&#8221; btn_style=&#8221;custom&#8221; btn_custom_background=&#8221;#f75100&#8243; btn_custom_text=&#8221;#ffffff&#8221; btn_shape=&#8221;rounded&#8221; btn_size=&#8221;xl&#8221; btn_align=&#8221;center&#8221; btn_i_icon_fontawesome=&#8221;fas fa-book&#8221; css_animation=&#8221;fadeInUp&#8221; btn_add_icon=&#8221;true&#8221; btn_link=&#8221;url:https%3A%2F%2Flocatheart.com%2F%3Fsmd_process_download%3D1%26download_id%3D12421|title:Pobierz%20nasz%20e-book!|target:%20_blank|&#8221;][\/vc_cta][\/vc_column][\/vc_row][vc_row][vc_column css=&#8221;.vc_custom_1612948683411{padding-right: 150px !important;padding-left: 150px !important;}&#8221;]<div class=\"porto-u-heading\" data-hspacer=\"no_spacer\" data-halign=\"left\" style=\"text-align:left\"><div class=\"porto-u-main-heading\"><h2 style=\"font-weight:700;font-size:24px;\">Krok 3: przygotowanie content planu<\/h2><\/div><\/div>[vc_column_text]<span style=\"font-weight: 400;\">Do stworzenia planu tre\u015bci wykorzystali\u015bmy:<\/span><\/p>\n<p>[\/vc_column_text][\/vc_column][\/vc_row][vc_row css_animation=&#8221;none&#8221; css=&#8221;.vc_custom_1705582712233{padding-top: 50px !important;padding-right: 150px !important;padding-bottom: 50px !important;padding-left: 150px !important;}&#8221;][vc_column css_animation=&#8221;fadeInDown&#8221; width=&#8221;2\/3&#8243; section_skin=&#8221;primary&#8221; animation_type=&#8221;fadeIn&#8221;]<div class=\"porto-sicon-box  vc_custom_1708679019828 style_3 default-icon\"><div class=\"porto-sicon-default\"><div id=\"porto-icon-20629268766a039df41dd8c\" class=\"porto-just-icon-wrapper\" style=\"text-align:center;\"><div class=\"porto-icon none\" style=\"color:#f64600;font-size:32px;display:inline-block;\"><i class=\"Simple-Line-Icons-key\"><\/i><\/div><\/div><\/div><div class=\"porto-sicon-header\" ><h3 class=\"porto-sicon-title\" style=\"\">pe\u0142n\u0105 list\u0119 fraz kluczowych (zaakceptowanych<br \/>\nprzez klienta),<\/h3><\/div> <!-- header --><\/div><!-- porto-sicon-box --><div class=\"porto-sicon-box  vc_custom_1708678383906 style_3 default-icon\"><div class=\"porto-sicon-default\"><div id=\"porto-icon-11137467886a039df41e452\" class=\"porto-just-icon-wrapper\" style=\"text-align:center;\"><div class=\"porto-icon none\" style=\"color:#f64600;font-size:32px;display:inline-block;\"><i class=\"Simple-Line-Icons-list\"><\/i><\/div><\/div><\/div><div class=\"porto-sicon-header\" ><h3 class=\"porto-sicon-title\" style=\"\">wyniki analizy konkurencji,<\/h3><\/div> <!-- header --><\/div><!-- porto-sicon-box --><div class=\"porto-sicon-box  vc_custom_1708678410509 style_3 default-icon\"><div class=\"porto-sicon-default\"><div id=\"porto-icon-20011941686a039df41e95e\" class=\"porto-just-icon-wrapper\" style=\"text-align:center;\"><div class=\"porto-icon none\" style=\"color:#f64600;font-size:32px;display:inline-block;\"><i class=\"Simple-Line-Icons-exclamation\"><\/i><\/div><\/div><\/div><div class=\"porto-sicon-header\" ><h3 class=\"porto-sicon-title\" style=\"\">pozosta\u0142e dost\u0119pne dane istotne z perspektywy realizacji celu klienta.<\/h3><\/div> <!-- header --><\/div><!-- porto-sicon-box -->[\/vc_column][vc_column width=&#8221;1\/3&#8243;][\/vc_column][\/vc_row][vc_row][vc_column css=&#8221;.vc_custom_1612948683411{padding-right: 150px !important;padding-left: 150px !important;}&#8221;][vc_column_text]<span style=\"font-weight: 400;\">Przygotowali\u015bmy list\u0119 blisko 30 temat\u00f3w, uwzgl\u0119dniaj\u0105cych ponad 100 fraz kluczowych.<\/span><\/p>\n<p><span style=\"font-weight: 400;\">Klient otrzyma\u0142 od nas list\u0119 w formie tabeli. Dla ka\u017cdego z temat\u00f3w podali\u015bmy:<\/span>[\/vc_column_text][\/vc_column][\/vc_row][vc_row css_animation=&#8221;none&#8221; css=&#8221;.vc_custom_1705582712233{padding-top: 50px !important;padding-right: 150px !important;padding-bottom: 50px !important;padding-left: 150px !important;}&#8221;][vc_column css_animation=&#8221;fadeInDown&#8221; section_skin=&#8221;primary&#8221; animation_type=&#8221;fadeIn&#8221;]<div class=\"porto-sicon-box  vc_custom_1708678476996 style_3 default-icon\"><div class=\"porto-sicon-default\"><div id=\"porto-icon-14961668826a039df41eebc\" class=\"porto-just-icon-wrapper\" style=\"text-align:center;\"><div class=\"porto-icon none\" style=\"color:#f64600;font-size:32px;display:inline-block;\"><i class=\"Simple-Line-Icons-check\"><\/i><\/div><\/div><\/div><div class=\"porto-sicon-header\" ><h3 class=\"porto-sicon-title\" style=\"\">roboczy tytu\u0142\/temat artyku\u0142u;<\/h3><\/div> <!-- header --><\/div><!-- porto-sicon-box --><div class=\"porto-sicon-box  vc_custom_1708678537868 style_3 default-icon\"><div class=\"porto-sicon-default\"><div id=\"porto-icon-11964571176a039df41f419\" class=\"porto-just-icon-wrapper\" style=\"text-align:center;\"><div class=\"porto-icon none\" style=\"color:#f64600;font-size:32px;display:inline-block;\"><i class=\"Simple-Line-Icons-check\"><\/i><\/div><\/div><\/div><div class=\"porto-sicon-header\" ><h3 class=\"porto-sicon-title\" style=\"\">opis tematu i sugerowane formy tre\u015bci (np. prezentacja firmy, case study, poradnik, komentarz ekspercki, temat bran\u017cowy lub temat prawny);<\/h3><\/div> <!-- header --><\/div><!-- porto-sicon-box --><div class=\"porto-sicon-box  vc_custom_1708678772869 style_3 default-icon\"><div class=\"porto-sicon-default\"><div id=\"porto-icon-17457878096a039df41f922\" class=\"porto-just-icon-wrapper\" style=\"text-align:center;\"><div class=\"porto-icon none\" style=\"color:#f64600;font-size:32px;display:inline-block;\"><i class=\"Simple-Line-Icons-check\"><\/i><\/div><\/div><\/div><div class=\"porto-sicon-header\" ><h3 class=\"porto-sicon-title\" style=\"\">g\u0142\u00f3wn\u0105 fraz\u0119 kluczow\u0105 (do wykorzystania w tytule, adresie URL, najwa\u017cniejszych nag\u0142\u00f3wkach);<\/h3><\/div> <!-- header --><\/div><!-- porto-sicon-box --><div class=\"porto-sicon-box  vc_custom_1708678785981 style_3 default-icon\"><div class=\"porto-sicon-default\"><div id=\"porto-icon-1248774486a039df41fe5e\" class=\"porto-just-icon-wrapper\" style=\"text-align:center;\"><div class=\"porto-icon none\" style=\"color:#f64600;font-size:32px;display:inline-block;\"><i class=\"Simple-Line-Icons-check\"><\/i><\/div><\/div><\/div><div class=\"porto-sicon-header\" ><h3 class=\"porto-sicon-title\" style=\"\">uzupe\u0142niaj\u0105ce frazy kluczowe.<\/h3><\/div> <!-- header --><\/div><!-- porto-sicon-box -->[\/vc_column][\/vc_row][vc_row][vc_column css=&#8221;.vc_custom_1612948683411{padding-right: 150px !important;padding-left: 150px !important;}&#8221;][vc_column_text]<span style=\"font-weight: 400;\">Tak przygotowana lista by\u0142a dla naszego klienta gotowym planem dzia\u0142ania, kt\u00f3ry wymaga\u0142 jedynie przekazania do realizacji w celu stworzenia tekst\u00f3w i opublikowania ich na stronie.<\/span><\/p>\n<p>[\/vc_column_text][\/vc_column][\/vc_row][vc_row][vc_column css=&#8221;.vc_custom_1612948683411{padding-right: 150px !important;padding-left: 150px !important;}&#8221;]<div class=\"porto-u-heading\" data-hspacer=\"no_spacer\" data-halign=\"left\" style=\"text-align:left\"><div class=\"porto-u-main-heading\"><h2 style=\"font-weight:700;font-size:24px;\">Wnioski z projektu<\/h2><\/div><\/div>[vc_column_text]<span style=\"font-weight: 400;\">Przygotowany przez nas content plan zosta\u0142 wdro\u017cony przez naszego klienta.<\/span><\/p>\n<p><span style=\"font-weight: 400;\">Na widoczno\u015b\u0107 bloga firmowego klienta pracuj\u0105 dzi\u015b artyku\u0142y na zaproponowane przez nas tematy, kt\u00f3re zawieraj\u0105 znalezione i zasugerowane frazy kluczowe. Tre\u015bci te skutecznie zwi\u0119kszaj\u0105 widoczno\u015b\u0107 strony naszego klienta w wynikach wyszukiwania i generuj\u0105 ruch organiczny na rynku holenderskim.<\/span>[\/vc_column_text][\/vc_column][\/vc_row]<\/p>\n","protected":false},"excerpt":{"rendered":"<p>[vc_row css=&#8221;.vc_custom_1701176127378{margin-top: 30px !important;margin-bottom: 15px !important;}&#8221;][vc_column css=&#8221;.vc_custom_1612948469934{padding-right: 150px !important;padding-left: 150px !important;}&#8221;][\/vc_column][\/vc_row][vc_row][vc_column css=&#8221;.vc_custom_1612948469934{padding-right: 150px !important;padding-left: 150px !important;}&#8221;][vc_column_text] O wiele \u0142atwiej jest dotrze\u0107 do zamierzonego celu, pos\u0142uguj\u0105c si\u0119 precyzyjn\u0105 map\u0105. Podobnie rzecz wygl\u0105da w kwestii tworzenia tre\u015bci, kt\u00f3re maj\u0105 przybli\u017cy\u0107 Twoj\u0105 firm\u0119 do wzrostu ruchu organicznego oraz konwersji. &nbsp; Sprawd\u017a, jak w locatheart przygotowujemy plan tre\u015bci na [&hellip;]<\/p>\n","protected":false},"author":11,"featured_media":0,"parent":0,"menu_order":0,"comment_status":"closed","ping_status":"closed","template":"","meta":{"inline_featured_image":false},"yoast_head":"<!-- This site is optimized with the Yoast SEO plugin v15.3 - https:\/\/yoast.com\/wordpress\/plugins\/seo\/ -->\n<title>Opracowanie planu tre\u015bci na podstawie researchu fraz kluczowych - LocAtHeart translation agency<\/title>\n<meta name=\"description\" content=\"Sprawd\u017a, jak eksperci locatheart przygotowuj\u0105 plany tre\u015bci na bazie fraz kluczowych!\" \/>\n<meta name=\"robots\" content=\"index, follow, max-snippet:-1, max-image-preview:large, max-video-preview:-1\" \/>\n<link rel=\"canonical\" href=\"https:\/\/locatheart.com\/pl\/opracowanie-planu-tresci-na-podstawie-researchu-fraz-kluczowych\/\" \/>\n<meta property=\"og:locale\" content=\"pl_PL\" \/>\n<meta property=\"og:type\" content=\"article\" \/>\n<meta property=\"og:title\" content=\"Opracowanie planu tre\u015bci na podstawie researchu fraz kluczowych - LocAtHeart translation agency\" \/>\n<meta property=\"og:description\" content=\"Sprawd\u017a, jak eksperci locatheart przygotowuj\u0105 plany tre\u015bci na bazie fraz kluczowych!\" \/>\n<meta property=\"og:url\" content=\"https:\/\/locatheart.com\/pl\/opracowanie-planu-tresci-na-podstawie-researchu-fraz-kluczowych\/\" \/>\n<meta property=\"og:site_name\" content=\"LocAtHeart translation agency\" \/>\n<meta property=\"article:modified_time\" content=\"2024-08-20T10:06:35+00:00\" \/>\n<meta property=\"og:image\" content=\"https:\/\/locatheart.com\/wp-content\/uploads\/2024\/02\/content-planning-300x300.png\" \/>\n<meta name=\"twitter:card\" content=\"summary_large_image\" \/>\n<meta name=\"twitter:label1\" content=\"Written by\">\n\t<meta name=\"twitter:data1\" content=\"Locatheart\">\n\t<meta name=\"twitter:label2\" content=\"Est. reading time\">\n\t<meta name=\"twitter:data2\" content=\"6 minut\">\n<!-- \/ Yoast SEO plugin. -->","_links":{"self":[{"href":"https:\/\/locatheart.com\/pl\/wp-json\/wp\/v2\/pages\/11177\/"}],"collection":[{"href":"https:\/\/locatheart.com\/pl\/wp-json\/wp\/v2\/pages\/"}],"about":[{"href":"https:\/\/locatheart.com\/pl\/wp-json\/wp\/v2\/types\/page\/"}],"author":[{"embeddable":true,"href":"https:\/\/locatheart.com\/pl\/wp-json\/wp\/v2\/users\/11\/"}],"replies":[{"embeddable":true,"href":"https:\/\/locatheart.com\/pl\/wp-json\/wp\/v2\/comments\/?post=11177"}],"version-history":[{"count":9,"href":"https:\/\/locatheart.com\/pl\/wp-json\/wp\/v2\/pages\/11177\/revisions\/"}],"predecessor-version":[{"id":12768,"href":"https:\/\/locatheart.com\/pl\/wp-json\/wp\/v2\/pages\/11177\/revisions\/12768\/"}],"wp:attachment":[{"href":"https:\/\/locatheart.com\/pl\/wp-json\/wp\/v2\/media\/?parent=11177"}],"curies":[{"name":"wp","href":"https:\/\/api.w.org\/{rel}","templated":true}]}}