{"id":11603,"date":"2024-04-19T14:34:53","date_gmt":"2024-04-19T12:34:53","guid":{"rendered":"https:\/\/locatheart.com\/?page_id=11603"},"modified":"2024-08-20T11:59:37","modified_gmt":"2024-08-20T09:59:37","slug":"wejscie-na-nowy-rynek-w-branzy-fmcg","status":"publish","type":"page","link":"https:\/\/locatheart.com\/pl\/wejscie-na-nowy-rynek-w-branzy-fmcg\/","title":{"rendered":"Wej\u015bcie na nowy rynek w bran\u017cy FMCG"},"content":{"rendered":"<p>[vc_row css=&#8221;.vc_custom_1701176127378{margin-top: 30px !important;margin-bottom: 15px !important;}&#8221;][vc_column css=&#8221;.vc_custom_1612948469934{padding-right: 150px !important;padding-left: 150px !important;}&#8221;]<div class=\"porto-u-heading\" data-hspacer=\"no_spacer\" data-halign=\"left\" style=\"text-align:left\"><div class=\"porto-u-main-heading\"><h2 style=\"font-weight:500;font-size:30px;\">Wej\u015bcie na nowy rynek w bran\u017cy FMCG<\/h2><\/div><\/div>[\/vc_column][\/vc_row][vc_row][vc_column css=&#8221;.vc_custom_1612948469934{padding-right: 150px !important;padding-left: 150px !important;}&#8221;][vc_column_text]<span style=\"font-weight: 400;\"><img loading=\"lazy\" class=\"wp-image-11606 size-medium alignright\" src=\"https:\/\/locatheart.com\/wp-content\/uploads\/2024\/04\/dietary-supplements-300x300.png\" alt=\"dietary supplements\" width=\"300\" height=\"300\" \/><\/span> <strong>Od 2019 roku dla firmy Eqology, norweskiego producenta i dystrybutora suplement\u00f3w diety, dostarczamy tre\u015bci wykorzystywane na 20 europejskich rynkach. Na prze\u0142omie lat 2020 i 2021 Eqology postanowi\u0142o wej\u015b\u0107 na rynek hiszpa\u0144ski, powierzaj\u0105c nam zlokalizowanie \u2013 czyli dostosowanie do wymog\u00f3w rynku docelowego \u2013 wszystkich niezb\u0119dnych tekst\u00f3w.<\/strong><\/p>\n<p>Czytaj dalej i dowiedz si\u0119, jak to zrobili\u015bmy.[\/vc_column_text][\/vc_column][\/vc_row][vc_row][vc_column css=&#8221;.vc_custom_1612948487630{padding-right: 150px !important;padding-left: 150px !important;}&#8221;][vc_empty_space height=&#8221;60px&#8221;]<div class=\"porto-u-heading\" data-hspacer=\"no_spacer\" data-halign=\"left\" style=\"text-align:left\"><div class=\"porto-u-main-heading\"><h2 style=\"font-weight:700;font-size:24px;\">Wyzwania i cele<\/h2><\/div><\/div>[vc_column_text]Opr\u00f3cz realizacji bie\u017c\u0105cych projekt\u00f3w na dotychczasowych rynkach w kr\u00f3tkim czasie przygotowali\u015bmy dla Eqology tre\u015bci niezb\u0119dne do wej\u015bcia na rynek hiszpa\u0144ski, w tym:<\/p>\n<p>[\/vc_column_text][vc_column_text css_animation=&#8221;fadeInDown&#8221;]<\/p>\n<ul>\n<li><span style=\"font-weight: 400;\">tre\u015bci publikowane w sklepie internetowym,<\/span><\/li>\n<li><span style=\"font-weight: 400;\">wiadomo\u015bci powitalne dla klient\u00f3w oraz partner\u00f3w biznesowych,<\/span><\/li>\n<li><span style=\"font-weight: 400;\">e-maile transakcyjne,<\/span><\/li>\n<li><span style=\"font-weight: 400;\">broszury produktowe,<\/span><\/li>\n<li><span style=\"font-weight: 400;\">opisy produkt\u00f3w,<\/span><\/li>\n<li><span style=\"font-weight: 400;\">artyku\u0142y i posty blogowe,<\/span><\/li>\n<li><span style=\"font-weight: 400;\">informacje dla partner\u00f3w biznesowych,<\/span><\/li>\n<li><span style=\"font-weight: 400;\">przepisy,<\/span><\/li>\n<li><span style=\"font-weight: 400;\">tre\u015bci prawne.<\/span><\/li>\n<\/ul>\n<p>[\/vc_column_text][vc_column_text]<span style=\"font-weight: 400;\">Z racji sztywno zaplanowanych dzia\u0142a\u0144 promocyjnych \u2013 event\u00f3w oraz uruchomienia strony w j\u0119zyku hiszpa\u0144skim \u2013 wymagana by\u0142a bezwzgl\u0119dna terminowo\u015b\u0107 realizacji zada\u0144.<\/span>[\/vc_column_text][vc_cta h2=&#8221;Szukasz sprawdzonego sposobu na mi\u0119dzynarodowe tre\u015bci dla swojej firmy?&#8221; txt_align=&#8221;center&#8221; style=&#8221;outline&#8221; add_button=&#8221;bottom&#8221; btn_title=&#8221;Sprawd\u017a nasz\u0105 ofert\u0119!&#8221; btn_style=&#8221;custom&#8221; btn_custom_background=&#8221;#f75100&#8243; btn_custom_text=&#8221;#ffffff&#8221; btn_shape=&#8221;rounded&#8221; btn_size=&#8221;xl&#8221; btn_align=&#8221;center&#8221; btn_i_icon_fontawesome=&#8221;fas fa-star&#8221; css_animation=&#8221;fadeInUp&#8221; btn_add_icon=&#8221;true&#8221; btn_link=&#8221;url:https%3A%2F%2Flocatheart.com%2Fpl%2Fuslugi-tlumaczeniowe-i-seo-dla-branzy-suplementow-diety%2F|title:Us%C5%82ugi|target:%20_blank|&#8221;][\/vc_cta][\/vc_column][\/vc_row][vc_row][vc_column css=&#8221;.vc_custom_1612948653701{padding-right: 150px !important;padding-left: 150px !important;}&#8221;]<div class=\"porto-u-heading\" data-hspacer=\"no_spacer\" data-halign=\"left\" style=\"text-align:left\"><div class=\"porto-u-main-heading\"><h2 style=\"font-weight:700;font-size:24px;\">Krok 1: organizacja zwinnego procesu t\u0142umacze\u0144<\/h2><\/div><\/div>[vc_column_text]<span style=\"font-weight: 400;\">Sprawny przek\u0142ad tak szerokiego spektrum tre\u015bci wymaga zwinnego podej\u015bcia do ca\u0142ego procesu.<br \/>\n<\/span><\/p>\n<p><span style=\"font-weight: 400;\">T\u0142umaczenie materia\u0142\u00f3w metodycznie, jeden po drugim znacz\u0105co wyd\u0142u\u017cy\u0142oby oczekiwanie na finalne pliki, koliduj\u0105c z zaplanowanymi dzia\u0142aniami naszego klienta.<\/span><\/p>\n<p><span style=\"font-weight: 400;\">Dlatego te\u017c poszczeg\u00f3lne elementy projektu zwi\u0105zanego z wprowadzeniem marki na rynek hiszpa\u0144ski musia\u0142y by\u0107 realizowane w tym samym czasie. Wi\u0119ksze zlecenia \u2013 takie jak t\u0142umaczenie tre\u015bci do opublikowania w sklepie internetowym \u2013 zosta\u0142y podzielone na mniejsze, tak aby prace przebiega\u0142y sprawniej i szybciej.<\/span><\/p>\n<p><span style=\"font-weight: 400;\">Tego typu podej\u015bcie wymaga\u0142o zaanga\u017cowania znacznej liczby j\u0119zykowc\u00f3w, a przy tym zachowania sp\u00f3jno\u015bci terminologicznej.<\/span><\/p>\n<p><span style=\"font-weight: 400;\">Z tego te\u017c wzgl\u0119du stworzony zosta\u0142 og\u00f3lnodost\u0119pny kana\u0142 komunikacji, dzi\u0119ki kt\u00f3remu t\u0142umacze i redaktorzy mogli dzieli\u0107 si\u0119 swoimi pomys\u0142ami i uwagami dotycz\u0105cymi przek\u0142adu konkretnych nazw czy fraz \u2013 pe\u0142ni\u0142 on poniek\u0105d funkcj\u0119 s\u0142ownika.<\/span><\/p>\n<p><span style=\"font-weight: 400;\">Za spraw\u0105 rozwi\u0105za\u0144 tego typu projekt m\u00f3g\u0142 zosta\u0107 zrealizowany w zgodzie z wszelkimi zasadami t\u0142umaczenia i lokalizacji, a klienci Eqology z Hiszpanii otrzymali sp\u00f3jne tre\u015bci wysokiej jako\u015bci.<br \/>\n<\/span>[\/vc_column_text][vc_cta h2=&#8221;Zamierzasz wej\u015b\u0107 na nowy rynek?&#8221; txt_align=&#8221;center&#8221; style=&#8221;outline&#8221; add_button=&#8221;bottom&#8221; btn_title=&#8221;Skontaktuj si\u0119 z naszym ekspertem, a my zaopiekujemy si\u0119 Twoimi tre\u015bciami!&#8221; btn_style=&#8221;custom&#8221; btn_custom_background=&#8221;#f75100&#8243; btn_custom_text=&#8221;#ffffff&#8221; btn_shape=&#8221;rounded&#8221; btn_size=&#8221;xl&#8221; btn_align=&#8221;center&#8221; btn_i_icon_fontawesome=&#8221;fas fa-comments&#8221; css_animation=&#8221;fadeInUp&#8221; btn_add_icon=&#8221;true&#8221; btn_link=&#8221;url:https%3A%2F%2Fcalendly.com%2Flocatheart|title:Porozmawiaj%20z%20naszym%20ekspertem|&#8221;][\/vc_cta][\/vc_column][\/vc_row][vc_row][vc_column css=&#8221;.vc_custom_1612948653701{padding-right: 150px !important;padding-left: 150px !important;}&#8221;]<div class=\"porto-u-heading\" data-hspacer=\"no_spacer\" data-halign=\"left\" style=\"text-align:left\"><div class=\"porto-u-main-heading\"><h2 style=\"font-weight:700;font-size:24px;\">Krok 2: koordynacja prac nad t\u0142umaczeniami<\/h2><\/div><\/div>[vc_column_text]<span style=\"font-weight: 400;\">Wprowadzenie ca\u0142ej oferty firmy na nowy rynek nie jest \u0142atwym zadaniem. Zw\u0142aszcza przy rozbudowanej ofercie i du\u017cej ilo\u015bci r\u00f3\u017cnego rodzaju tre\u015bci, kt\u00f3re wymagaj\u0105 zlokalizowania z my\u015bl\u0105 o nowych odbiorcach.<\/span><\/p>\n<p><span style=\"font-weight: 400;\">Po swojej stronie \u2013 ze wzgl\u0119du na intensywno\u015b\u0107 ca\u0142ego przedsi\u0119wzi\u0119cia oraz kr\u00f3tkie terminy \u2013 oddelegowali\u015bmy a\u017c dwoje koordynator\u00f3w, kt\u00f3rzy od samego pocz\u0105tku organizowali prac\u0119, pilnowali dotrzymywania wszystkich termin\u00f3w wyznaczonych przez klienta oraz odpowiadali za komunikacj\u0119 zar\u00f3wno z przedstawicielami Eqology, jak i z wsp\u00f3\u0142pracuj\u0105cymi z nami j\u0119zykowcami.<\/span><\/p>\n<p><span style=\"font-weight: 400;\">Koordynatorzy podzielili si\u0119 zadaniami, konsultowali si\u0119 mi\u0119dzy sob\u0105 oraz wyrywkowo sprawdzali nawzajem swoj\u0105 prac\u0119 \u2013 wszystko po to, by nie by\u0142o najmniejszych w\u0105tpliwo\u015bci, \u017ce wszelkie standardy zosta\u0142y spe\u0142nione, a zlokalizowane tre\u015bci maj\u0105 mo\u017cliwie najwy\u017csz\u0105 jako\u015b\u0107.<br \/>\n<\/span>[\/vc_column_text][vc_cta h2=&#8221;Chcesz wiedzie\u0107 wi\u0119cej o tym, jak przygotowa\u0107 skuteczne tre\u015bci wieloj\u0119zyczne?&#8221; txt_align=&#8221;center&#8221; style=&#8221;outline&#8221; add_button=&#8221;bottom&#8221; btn_title=&#8221;Przeczytaj nasz darmowy e-book!&#8221; btn_style=&#8221;custom&#8221; btn_custom_background=&#8221;#f75100&#8243; btn_custom_text=&#8221;#ffffff&#8221; btn_shape=&#8221;rounded&#8221; btn_size=&#8221;xl&#8221; btn_align=&#8221;center&#8221; btn_i_icon_fontawesome=&#8221;fas fa-star&#8221; css_animation=&#8221;fadeInUp&#8221; btn_add_icon=&#8221;true&#8221; btn_link=&#8221;url:https%3A%2F%2Flocatheart.com%2F%3Fsmd_process_download%3D1%26download_id%3D12421|title:E-book|target:%20_blank|&#8221;][\/vc_cta][\/vc_column][\/vc_row][vc_row][vc_column css=&#8221;.vc_custom_1612948683411{padding-right: 150px !important;padding-left: 150px !important;}&#8221;]<div class=\"porto-u-heading\" data-hspacer=\"no_spacer\" data-halign=\"left\" style=\"text-align:left\"><div class=\"porto-u-main-heading\"><h2 style=\"font-weight:700;font-size:24px;\">Wnioski z projektu<\/h2><\/div><\/div>[vc_column_text]<span style=\"font-weight: 400;\">Dotrzymanie termin\u00f3w wyznaczonych przez Eqology oraz dostarczenie naturalnie brzmi\u0105cych tre\u015bci hiszpa\u0144skoj\u0119zycznych by\u0142o mo\u017cliwe dzi\u0119ki rozbudowanej sieci t\u0142umaczy <\/span> <a href=\"https:\/\/locatheart.com\/pl\/tlumaczenia-dlaczego-native-speaker-to-lepszy-wybor\/\"><span style=\"font-weight: 400;\">przek\u0142adaj\u0105cych wy\u0142\u0105cznie na sw\u00f3j j\u0119zyk ojczysty<\/span><\/a><span style=\"font-weight: 400;\">.<\/span><\/p>\n<p><span style=\"font-weight: 400;\">Przy wielkoskalowym projekcie, na kt\u00f3ry sk\u0142ada si\u0119 lokalizacja r\u00f3\u017cnego rodzaju tre\u015bci marketingowych oraz prawnych w ramach okre\u015blonej bran\u017cy, obszerna baza j\u0119zykowc\u00f3w specjalizuj\u0105cych si\u0119 w danej dziedzinie jest kluczem do sukcesu.<\/span><\/p>\n<p><span style=\"font-weight: 400;\">Powierzenie ekspertom lokalizacji tre\u015bci potrzebnych do ekspansji na konkretny rynek pozwala unikn\u0105\u0107 b\u0142\u0119d\u00f3w i wpadek mog\u0105cych odbi\u0107 si\u0119 na wizerunku marki.<\/span><\/p>\n<p><span style=\"font-weight: 400;\">Dobre pierwsze wra\u017cenie mo\u017cna zrobi\u0107 tylko raz \u2013 nie pozw\u00f3l, aby Twoje produkty lub us\u0142ugi kojarzy\u0142y si\u0119 z b\u0142\u0119dami i komunikacj\u0105 niezrozumia\u0142\u0105 dla odbiorc\u00f3w docelowych!<br \/>\n<\/span>[\/vc_column_text][vc_single_image image=&#8221;11610&#8243; img_size=&#8221;full&#8221; alignment=&#8221;center&#8221; style=&#8221;vc_box_shadow&#8221;][\/vc_column][\/vc_row]<\/p>\n","protected":false},"excerpt":{"rendered":"<p>[vc_row css=&#8221;.vc_custom_1701176127378{margin-top: 30px !important;margin-bottom: 15px !important;}&#8221;][vc_column css=&#8221;.vc_custom_1612948469934{padding-right: 150px !important;padding-left: 150px !important;}&#8221;][\/vc_column][\/vc_row][vc_row][vc_column css=&#8221;.vc_custom_1612948469934{padding-right: 150px !important;padding-left: 150px !important;}&#8221;][vc_column_text] Od 2019 roku dla firmy Eqology, norweskiego producenta i dystrybutora suplement\u00f3w diety, dostarczamy tre\u015bci wykorzystywane na 20 europejskich rynkach. Na prze\u0142omie lat 2020 i 2021 Eqology postanowi\u0142o wej\u015b\u0107 na rynek hiszpa\u0144ski, powierzaj\u0105c nam zlokalizowanie \u2013 czyli dostosowanie do wymog\u00f3w [&hellip;]<\/p>\n","protected":false},"author":11,"featured_media":0,"parent":0,"menu_order":0,"comment_status":"closed","ping_status":"closed","template":"","meta":{"inline_featured_image":false},"yoast_head":"<!-- This site is optimized with the Yoast SEO plugin v15.3 - https:\/\/yoast.com\/wordpress\/plugins\/seo\/ -->\n<title>Wej\u015bcie na nowy rynek w bran\u017cy FMCG - LocAtHeart translation agency<\/title>\n<meta name=\"description\" content=\"Dotrzymanie termin\u00f3w wyznaczonych przez klienta oraz dostarczenie naturalnie brzmi\u0105cych tre\u015bci by\u0142o mo\u017cliwe dzi\u0119ki sieci t\u0142umaczy przek\u0142adaj\u0105cych wy\u0142\u0105cznie na sw\u00f3j j\u0119zyk ojczysty.\" \/>\n<meta name=\"robots\" content=\"index, follow, max-snippet:-1, max-image-preview:large, max-video-preview:-1\" \/>\n<link rel=\"canonical\" href=\"https:\/\/locatheart.com\/pl\/wejscie-na-nowy-rynek-w-branzy-fmcg\/\" \/>\n<meta property=\"og:locale\" content=\"pl_PL\" \/>\n<meta property=\"og:type\" content=\"article\" \/>\n<meta property=\"og:title\" content=\"Wej\u015bcie na nowy rynek w bran\u017cy FMCG - LocAtHeart translation agency\" \/>\n<meta property=\"og:description\" content=\"Dotrzymanie termin\u00f3w wyznaczonych przez klienta oraz dostarczenie naturalnie brzmi\u0105cych tre\u015bci by\u0142o mo\u017cliwe dzi\u0119ki sieci t\u0142umaczy przek\u0142adaj\u0105cych wy\u0142\u0105cznie na sw\u00f3j j\u0119zyk ojczysty.\" \/>\n<meta property=\"og:url\" content=\"https:\/\/locatheart.com\/pl\/wejscie-na-nowy-rynek-w-branzy-fmcg\/\" \/>\n<meta property=\"og:site_name\" content=\"LocAtHeart translation agency\" \/>\n<meta property=\"article:modified_time\" content=\"2024-08-20T09:59:37+00:00\" \/>\n<meta property=\"og:image\" content=\"https:\/\/locatheart.com\/wp-content\/uploads\/2024\/04\/dietary-supplements-300x300.png\" \/>\n<meta name=\"twitter:card\" content=\"summary_large_image\" \/>\n<meta name=\"twitter:label1\" content=\"Written by\">\n\t<meta name=\"twitter:data1\" content=\"Locatheart\">\n\t<meta name=\"twitter:label2\" content=\"Est. reading time\">\n\t<meta name=\"twitter:data2\" content=\"5 minut\">\n<!-- \/ Yoast SEO plugin. -->","_links":{"self":[{"href":"https:\/\/locatheart.com\/pl\/wp-json\/wp\/v2\/pages\/11603\/"}],"collection":[{"href":"https:\/\/locatheart.com\/pl\/wp-json\/wp\/v2\/pages\/"}],"about":[{"href":"https:\/\/locatheart.com\/pl\/wp-json\/wp\/v2\/types\/page\/"}],"author":[{"embeddable":true,"href":"https:\/\/locatheart.com\/pl\/wp-json\/wp\/v2\/users\/11\/"}],"replies":[{"embeddable":true,"href":"https:\/\/locatheart.com\/pl\/wp-json\/wp\/v2\/comments\/?post=11603"}],"version-history":[{"count":8,"href":"https:\/\/locatheart.com\/pl\/wp-json\/wp\/v2\/pages\/11603\/revisions\/"}],"predecessor-version":[{"id":12762,"href":"https:\/\/locatheart.com\/pl\/wp-json\/wp\/v2\/pages\/11603\/revisions\/12762\/"}],"wp:attachment":[{"href":"https:\/\/locatheart.com\/pl\/wp-json\/wp\/v2\/media\/?parent=11603"}],"curies":[{"name":"wp","href":"https:\/\/api.w.org\/{rel}","templated":true}]}}