{"id":11624,"date":"2024-04-19T16:47:58","date_gmt":"2024-04-19T14:47:58","guid":{"rendered":"https:\/\/locatheart.com\/?page_id=11624"},"modified":"2024-08-20T12:03:28","modified_gmt":"2024-08-20T10:03:28","slug":"pieniadze-bez-granic-czyli-tlumaczenia-dla-branzy-finansowej","status":"publish","type":"page","link":"https:\/\/locatheart.com\/pl\/pieniadze-bez-granic-czyli-tlumaczenia-dla-branzy-finansowej\/","title":{"rendered":"Pieni\u0105dze bez granic, czyli t\u0142umaczenia dla bran\u017cy finansowej"},"content":{"rendered":"<p>[vc_row css=&#8221;.vc_custom_1701176127378{margin-top: 30px !important;margin-bottom: 15px !important;}&#8221;][vc_column css=&#8221;.vc_custom_1612948469934{padding-right: 150px !important;padding-left: 150px !important;}&#8221;]<div class=\"porto-u-heading\" data-hspacer=\"no_spacer\" data-halign=\"left\" style=\"text-align:left\"><div class=\"porto-u-main-heading\"><h2 style=\"font-weight:500;font-size:30px;\">Pieni\u0105dze bez granic, czyli t\u0142umaczenia dla bran\u017cy finansowej<\/h2><\/div><\/div>[\/vc_column][\/vc_row][vc_row][vc_column css=&#8221;.vc_custom_1612948469934{padding-right: 150px !important;padding-left: 150px !important;}&#8221;][vc_column_text]<span style=\"font-weight: 400;\"><img loading=\"lazy\" class=\"wp-image-11629 size-medium alignright\" src=\"https:\/\/locatheart.com\/wp-content\/uploads\/2024\/04\/money-transfers-300x300.png\" alt=\"money transfers\" width=\"300\" height=\"300\" \/><\/span><strong>Bran\u017ca finansowa jest jedn\u0105 z tych, kt\u00f3re zdecydowanie nie mog\u0105 pozwoli\u0107 sobie na wpadki wizerunkowe wynikaj\u0105ce z nieodpowiedniego poziomu lokalizacji tre\u015bci na danym rynku.<\/strong><\/p>\n<p><strong>Jednemu z naszych klient\u00f3w \u2013 start-upowi zapewniaj\u0105cemu bezp\u0142atne natychmiastowe mi\u0119dzynarodowe przelewy pieni\u0119\u017cne \u2013 przy\u015bwieca misja promowania r\u00f3wno\u015bci finansowej na ca\u0142ym \u015bwiecie.<\/strong><\/p>\n<p>Przeczytaj nasze case study i dowiedz si\u0119, jak pomagamy firmom z bran\u017cy finansowej w budowaniu zaufania do marki na rynkach mi\u0119dzynarodowych.[\/vc_column_text][\/vc_column][\/vc_row][vc_row][vc_column css=&#8221;.vc_custom_1612948487630{padding-right: 150px !important;padding-left: 150px !important;}&#8221;][vc_empty_space height=&#8221;60px&#8221;]<div class=\"porto-u-heading\" data-hspacer=\"no_spacer\" data-halign=\"left\" style=\"text-align:left\"><div class=\"porto-u-main-heading\"><h2 style=\"font-weight:700;font-size:24px;\">Wyzwania i cele<\/h2><\/div><\/div>[vc_column_text]Nasz klient potrzebowa\u0142 t\u0142umaczenia tre\u015bci na j\u0119zyk ukrai\u0144ski oraz rumu\u0144ski. Ich zakres obejmowa\u0142 m.in.:[\/vc_column_text][vc_column_text css_animation=&#8221;none&#8221;]<\/p>\n<ul>\n<li>stron\u0119 internetow\u0105 i panel klienta,<\/li>\n<li>mailingi,<\/li>\n<li>reklam,<\/li>\n<li>landingi,<\/li>\n<li>artyku\u0142y blogowe.<\/li>\n<\/ul>\n<p>[\/vc_column_text][vc_cta h2=&#8221;Chcesz, aby Twoja firma wzbudza\u0142a zaufanie na ka\u017cdym rynku?&#8221; txt_align=&#8221;center&#8221; style=&#8221;outline&#8221; add_button=&#8221;bottom&#8221; btn_title=&#8221;Skontaktuj si\u0119 z naszym ekspertem!&#8221; btn_style=&#8221;custom&#8221; btn_custom_background=&#8221;#f75100&#8243; btn_custom_text=&#8221;#ffffff&#8221; btn_shape=&#8221;rounded&#8221; btn_size=&#8221;xl&#8221; btn_align=&#8221;center&#8221; btn_i_icon_fontawesome=&#8221;fas fa-comments&#8221; css_animation=&#8221;fadeInUp&#8221; btn_add_icon=&#8221;true&#8221; btn_link=&#8221;url:https%3A%2F%2Fcalendly.com%2Flocatheart|title:Porozmawiaj%20z%20naszym%20ekspertem|&#8221;][\/vc_cta][\/vc_column][\/vc_row][vc_row][vc_column css=&#8221;.vc_custom_1612948653701{padding-right: 150px !important;padding-left: 150px !important;}&#8221;]<div class=\"porto-u-heading\" data-hspacer=\"no_spacer\" data-halign=\"left\" style=\"text-align:left\"><div class=\"porto-u-main-heading\"><h2 style=\"font-weight:700;font-size:24px;\">Krok 1: audyt tre\u015bci wieloj\u0119zycznych<\/h2><\/div><\/div>[vc_column_text]Nasz klient ju\u017c wcze\u015bniej dysponowa\u0142 tre\u015bciami przygotowanymi w wybranych j\u0119zykach docelowych \u2013 <strong>loc<\/strong>at<strong>heart<\/strong> zosta\u0142o poproszone o weryfikacj\u0119 konkretnych podstron.<\/p>\n<p>Wsp\u00f3\u0142pracuj\u0105cy z nami j\u0119zykowcy dodali wszelkie uwagi dotycz\u0105ce b\u0142\u0119d\u00f3w i napotkanych problem\u00f3w, jak r\u00f3wnie\u017c komentarze i propozycje poprawy danego fragmentu tekstu w pliku Excel.<\/p>\n<p>Po otrzymaniu tak przygotowanych informacji o danej podstronie nasz klient m\u00f3g\u0142 wprowadzi\u0107 na niej wszelkie konieczne zmiany i poprawki.[\/vc_column_text][vc_cta h2=&#8221;Pobierz nasz e-book i dowiedz si\u0119,&#8221; txt_align=&#8221;center&#8221; style=&#8221;outline&#8221; add_button=&#8221;bottom&#8221; btn_title=&#8221;jak powinien wygl\u0105da\u0107 proces lokalizacji tre\u015bci!&#8221; btn_style=&#8221;custom&#8221; btn_custom_background=&#8221;#f75100&#8243; btn_custom_text=&#8221;#ffffff&#8221; btn_shape=&#8221;rounded&#8221; btn_size=&#8221;xl&#8221; btn_align=&#8221;center&#8221; btn_i_icon_fontawesome=&#8221;fas fa-book&#8221; css_animation=&#8221;fadeInUp&#8221; btn_add_icon=&#8221;true&#8221; btn_link=&#8221;url:https%3A%2F%2Flocatheart.com%2F%3Fsmd_process_download%3D1%26download_id%3D12421|title:E-book|target:%20_blank|&#8221;][\/vc_cta][\/vc_column][\/vc_row][vc_row][vc_column css=&#8221;.vc_custom_1612948653701{padding-right: 150px !important;padding-left: 150px !important;}&#8221;]<div class=\"porto-u-heading\" data-hspacer=\"no_spacer\" data-halign=\"left\" style=\"text-align:left\"><div class=\"porto-u-main-heading\"><h2 style=\"font-weight:700;font-size:24px;\">Krok 2: t\u0142umaczenie tre\u015bci<\/h2><\/div><\/div>[vc_column_text]Bran\u017ca finansowa w du\u017cej mierze opiera si\u0119 na zaufaniu klient\u00f3w do dostawc\u00f3w us\u0142ug.<\/p>\n<p>W przypadku firm dzia\u0142aj\u0105cych w tym sektorze bardzo istotna jest jako\u015b\u0107 tre\u015bci, za po\u015brednictwem kt\u00f3rych przedsi\u0119biorstwa, zw\u0142aszcza start-upy, komunikuj\u0105 si\u0119 ze swoimi potencjalnymi i aktualnymi klientami.<\/p>\n<p>Wszelkiego rodzaju b\u0142\u0119dy j\u0119zykowe, niesp\u00f3jno\u015bci czy nieodpowiednio dobrany rejestr lub ton komunikacji mog\u0105 prowadzi\u0107 do negatywnych skutk\u00f3w biznesowych.<\/p>\n<p>Dla naszego klienta wykonali\u015bmy t\u0142umaczenia z redakcj\u0105, aby zadba\u0107 o mo\u017cliwie najwy\u017csz\u0105 jako\u015b\u0107 przygotowanych tre\u015bci.[\/vc_column_text][vc_cta h2=&#8221;Potrzebujesz wysokiej jako\u015bci tre\u015bci dla swojego biznesu?&#8221; txt_align=&#8221;center&#8221; style=&#8221;outline&#8221; add_button=&#8221;bottom&#8221; btn_title=&#8221;Sprawd\u017a nasz\u0105 ofert\u0119!&#8221; btn_style=&#8221;custom&#8221; btn_custom_background=&#8221;#f75100&#8243; btn_custom_text=&#8221;#ffffff&#8221; btn_shape=&#8221;rounded&#8221; btn_size=&#8221;xl&#8221; btn_align=&#8221;center&#8221; btn_i_icon_fontawesome=&#8221;fas fa-star&#8221; css_animation=&#8221;fadeInUp&#8221; btn_add_icon=&#8221;true&#8221; btn_link=&#8221;url:https%3A%2F%2Flocatheart.com%2Fpl%2Ftlumaczenia-dla-e-commerce%2F|title:Us%C5%82ugi|target:%20_blank|&#8221;][\/vc_cta][\/vc_column][\/vc_row][vc_row][vc_column css=&#8221;.vc_custom_1612948653701{padding-right: 150px !important;padding-left: 150px !important;}&#8221;]<div class=\"porto-u-heading\" data-hspacer=\"no_spacer\" data-halign=\"left\" style=\"text-align:left\"><div class=\"porto-u-main-heading\"><h2 style=\"font-weight:700;font-size:24px;\">Niestandardowe zadania zwi\u0105zane ze wsp\u00f3\u0142prac\u0105 z klientem z bran\u017cy finansowej<\/h2><\/div><\/div>[vc_column_text]W <strong>loc<\/strong>at<strong>heart <\/strong>otwarcie podchodzimy do niestandardowych zapyta\u0144 i zlece\u0144.<\/p>\n<p>Tak by\u0142o r\u00f3wnie\u017c w przypadku naszego klienta z bran\u017cy finansowej, kt\u00f3ry poprosi\u0142 nas o sprawdzenie cen konkretnych produkt\u00f3w na wybranych rynkach w celu zbadania realnej si\u0142y nabywczej pieni\u0105dza w danym kraju.<\/p>\n<p>Informacja ta by\u0142a niezb\u0119dna dla naszego klienta do przygotowania przez niego raportu, kt\u00f3ry mia\u0142 by\u0107 wykorzystywany w ramach kampanii marketingowych.<\/p>\n<p>Od klienta otrzymali\u015bmy list\u0119 produkt\u00f3w, kt\u00f3rych dotyczy\u0142o badanie, oraz szereg wytycznych, kt\u00f3ry mia\u0142 pozwoli\u0107 uzyska\u0107 rzetelne dane z kilku rynk\u00f3w.<\/p>\n<p>Wytyczne od klienta zosta\u0142y przekazane naszym partnerom , kt\u00f3rzy \u201eruszyli na zakupy\u201d, zbieraj\u0105c niezb\u0119dne informacje maj\u0105ce znale\u017a\u0107 si\u0119 w raporcie.[\/vc_column_text][\/vc_column][\/vc_row][vc_row][vc_column css=&#8221;.vc_custom_1612948683411{padding-right: 150px !important;padding-left: 150px !important;}&#8221;]<div class=\"porto-u-heading\" data-hspacer=\"no_spacer\" data-halign=\"left\" style=\"text-align:left\"><div class=\"porto-u-main-heading\"><h2 style=\"font-weight:700;font-size:24px;\">Wnioski z projektu<\/h2><\/div><\/div>[vc_column_text]Bran\u017ca finansowa jest jedn\u0105 z tych, kt\u00f3re zdecydowanie nie mog\u0105 pozwoli\u0107 sobie na wpadki wizerunkowe wynikaj\u0105ce z nieodpowiedniego poziomu lokalizacji tre\u015bci na danym rynku.<\/p>\n<p>Istotne jest wi\u0119c powierzenie t\u0142umaczenia tre\u015bci partnerowi, kt\u00f3ry b\u0119dzie w stanie dostosowa\u0107 je do reali\u00f3w danego rynku. Dzi\u0119ki temu wzbudz\u0105 one zaufanie potencjalnych u\u017cytkownik\u00f3w nowej platformy finansowej \u2013 a zamiast odstrasza\u0107 klient\u00f3w, b\u0119d\u0105 ich przyci\u0105ga\u0107.[\/vc_column_text][\/vc_column][\/vc_row]<\/p>\n","protected":false},"excerpt":{"rendered":"<p>[vc_row css=&#8221;.vc_custom_1701176127378{margin-top: 30px !important;margin-bottom: 15px !important;}&#8221;][vc_column css=&#8221;.vc_custom_1612948469934{padding-right: 150px !important;padding-left: 150px !important;}&#8221;][\/vc_column][\/vc_row][vc_row][vc_column css=&#8221;.vc_custom_1612948469934{padding-right: 150px !important;padding-left: 150px !important;}&#8221;][vc_column_text]Bran\u017ca finansowa jest jedn\u0105 z tych, kt\u00f3re zdecydowanie nie mog\u0105 pozwoli\u0107 sobie na wpadki wizerunkowe wynikaj\u0105ce z nieodpowiedniego poziomu lokalizacji tre\u015bci na danym rynku. Jednemu z naszych klient\u00f3w \u2013 start-upowi zapewniaj\u0105cemu bezp\u0142atne natychmiastowe mi\u0119dzynarodowe przelewy pieni\u0119\u017cne \u2013 przy\u015bwieca misja promowania [&hellip;]<\/p>\n","protected":false},"author":11,"featured_media":0,"parent":0,"menu_order":0,"comment_status":"closed","ping_status":"closed","template":"","meta":{"inline_featured_image":false},"yoast_head":"<!-- This site is optimized with the Yoast SEO plugin v15.3 - https:\/\/yoast.com\/wordpress\/plugins\/seo\/ -->\n<title>Pieni\u0105dze bez granic, czyli t\u0142umaczenia dla bran\u017cy finansowej - LocAtHeart translation agency<\/title>\n<meta name=\"description\" content=\"Bran\u017ca finansowa jest jedn\u0105 z tych, kt\u00f3re zdecydowanie nie mog\u0105 pozwoli\u0107 sobie na wpadki wizerunkowe wynikaj\u0105ce z nieodpowiedniego poziomu lokalizacji tre\u015bci na danym rynku.\" \/>\n<meta name=\"robots\" content=\"index, follow, max-snippet:-1, max-image-preview:large, max-video-preview:-1\" \/>\n<link rel=\"canonical\" href=\"https:\/\/locatheart.com\/pl\/pieniadze-bez-granic-czyli-tlumaczenia-dla-branzy-finansowej\/\" \/>\n<meta property=\"og:locale\" content=\"pl_PL\" \/>\n<meta property=\"og:type\" content=\"article\" \/>\n<meta property=\"og:title\" content=\"Pieni\u0105dze bez granic, czyli t\u0142umaczenia dla bran\u017cy finansowej - LocAtHeart translation agency\" \/>\n<meta property=\"og:description\" content=\"Bran\u017ca finansowa jest jedn\u0105 z tych, kt\u00f3re zdecydowanie nie mog\u0105 pozwoli\u0107 sobie na wpadki wizerunkowe wynikaj\u0105ce z nieodpowiedniego poziomu lokalizacji tre\u015bci na danym rynku.\" \/>\n<meta property=\"og:url\" content=\"https:\/\/locatheart.com\/pl\/pieniadze-bez-granic-czyli-tlumaczenia-dla-branzy-finansowej\/\" \/>\n<meta property=\"og:site_name\" content=\"LocAtHeart translation agency\" \/>\n<meta property=\"article:modified_time\" content=\"2024-08-20T10:03:28+00:00\" \/>\n<meta property=\"og:image\" content=\"https:\/\/locatheart.com\/wp-content\/uploads\/2024\/04\/money-transfers-300x300.png\" \/>\n<meta name=\"twitter:card\" content=\"summary_large_image\" \/>\n<meta name=\"twitter:label1\" content=\"Written by\">\n\t<meta name=\"twitter:data1\" content=\"Locatheart\">\n\t<meta name=\"twitter:label2\" content=\"Est. reading time\">\n\t<meta name=\"twitter:data2\" content=\"4 minuty\">\n<!-- \/ Yoast SEO plugin. -->","_links":{"self":[{"href":"https:\/\/locatheart.com\/pl\/wp-json\/wp\/v2\/pages\/11624\/"}],"collection":[{"href":"https:\/\/locatheart.com\/pl\/wp-json\/wp\/v2\/pages\/"}],"about":[{"href":"https:\/\/locatheart.com\/pl\/wp-json\/wp\/v2\/types\/page\/"}],"author":[{"embeddable":true,"href":"https:\/\/locatheart.com\/pl\/wp-json\/wp\/v2\/users\/11\/"}],"replies":[{"embeddable":true,"href":"https:\/\/locatheart.com\/pl\/wp-json\/wp\/v2\/comments\/?post=11624"}],"version-history":[{"count":9,"href":"https:\/\/locatheart.com\/pl\/wp-json\/wp\/v2\/pages\/11624\/revisions\/"}],"predecessor-version":[{"id":12765,"href":"https:\/\/locatheart.com\/pl\/wp-json\/wp\/v2\/pages\/11624\/revisions\/12765\/"}],"wp:attachment":[{"href":"https:\/\/locatheart.com\/pl\/wp-json\/wp\/v2\/media\/?parent=11624"}],"curies":[{"name":"wp","href":"https:\/\/api.w.org\/{rel}","templated":true}]}}