{"id":12554,"date":"2024-07-22T16:38:47","date_gmt":"2024-07-22T14:38:47","guid":{"rendered":"https:\/\/locatheart.com\/?page_id=12554"},"modified":"2024-07-22T16:47:49","modified_gmt":"2024-07-22T14:47:49","slug":"lokalizacja-gry-pilkarskiej-na-rynek-polski","status":"publish","type":"page","link":"https:\/\/locatheart.com\/pl\/lokalizacja-gry-pilkarskiej-na-rynek-polski\/","title":{"rendered":"Lokalizacja gry pi\u0142karskiej na rynek polski"},"content":{"rendered":"<p>[vc_row css=&#8221;.vc_custom_1701176127378{margin-top: 30px !important;margin-bottom: 15px !important;}&#8221;][vc_column css=&#8221;.vc_custom_1612948469934{padding-right: 150px !important;padding-left: 150px !important;}&#8221;]<div class=\"porto-u-heading\" data-hspacer=\"no_spacer\" data-halign=\"left\" style=\"text-align:left\"><div class=\"porto-u-main-heading\"><h2 style=\"font-weight:500;font-size:30px;\">Lokalizacja gry pi\u0142karskiej na rynek polski<\/h2><\/div><\/div>[\/vc_column][\/vc_row][vc_row][vc_column css=&#8221;.vc_custom_1612948469934{padding-right: 150px !important;padding-left: 150px !important;}&#8221;][vc_column_text]<span style=\"font-weight: 400;\"><img loading=\"lazy\" class=\"wp-image-12558 size-medium alignright\" src=\"https:\/\/locatheart.com\/wp-content\/uploads\/2024\/07\/football-quiz-case-study-300x300.png\" alt=\"football quiz, translation services \" width=\"300\" height=\"300\" \/><\/span><\/p>\n<p><strong>Nied\u0142ugo przed rozgrywanym w czerwcu i lipcu Euro 2024 zrealizowali\u015bmy dla jednego z naszych klient\u00f3w projekt obejmuj\u0105cy t\u0142umaczenie i redakcj\u0119 gry karcianej \u2013 quizu pi\u0142karskiego. Klient ten specjalizuje si\u0119 w grach bez pr\u0105du, a nasza wsp\u00f3\u0142praca trwa ju\u017c od ponad pi\u0119ciu lat.<\/strong><\/p>\n<p>Du\u017ce wydarzenia sportowe od zawsze stanowi\u0105 \u015bwietn\u0105 okazj\u0119 marketingow\u0105 \u2013 nie spos\u00f3b zliczy\u0107 edycji specjalnych produkt\u00f3w zwi\u0105zanych z igrzyskami olimpijskimi czy mundialem. Nie inaczej jest w przypadku gad\u017cet\u00f3w pi\u0142karskich, takich jak atrakcyjnie wykonane karty do gry z pytaniami dotycz\u0105cymi ciekawostek o zawodnikach.[\/vc_column_text][\/vc_column][\/vc_row][vc_row][vc_column css=&#8221;.vc_custom_1612948487630{padding-right: 150px !important;padding-left: 150px !important;}&#8221;][vc_empty_space height=&#8221;60px&#8221;]<div class=\"porto-u-heading\" data-hspacer=\"no_spacer\" data-halign=\"left\" style=\"text-align:left\"><div class=\"porto-u-main-heading\"><h2 style=\"font-weight:700;font-size:24px;\">Wyzwania i cele<\/h2><\/div><\/div>[vc_column_text]Najwi\u0119ksze wyzwanie przy tej realizacji stanowi\u0142 fakt, \u017ce gra by\u0142a ju\u017c w wielu aspektach nieaktualna (czasami o kilka lat). Statystyki i informacje dotycz\u0105ce przynale\u017cno\u015bci klubowej zawodnik\u00f3w szybko ulegaj\u0105 zmianom. Co prawda angielska wersja gry \u2013 kt\u00f3r\u0105 mieli\u015bmy za zadanie przet\u0142umaczy\u0107 na polski \u2013 zawiera\u0142a wzmiank\u0119 o tym, na kiedy aktualne s\u0105 przedstawione w niej dane, ale pozostawienie ich w niezmienionej formie negatywnie wp\u0142yn\u0119\u0142oby na wra\u017cenia odbiorc\u00f3w docelowych. By\u0142oby to tym bardziej uci\u0105\u017cliwe, \u017ce sama gra jest quizem, a zatem nieaktualne odpowiedzi zapisane na kartach mog\u0142yby wp\u0142yn\u0105\u0107 na to, czy poprawna w chwili rozgrywki odpowied\u017a zostanie zaliczona.<\/p>\n<p>Naszym celem by\u0142o zatem przet\u0142umaczenie zestawu kart na j\u0119zyk polski oraz \u2013 na co przysta\u0142 klient \u2013 dostosowanie ich tak, aby by\u0142y mo\u017cliwie jak najaktualniejsze.[\/vc_column_text][vc_cta h2=&#8221;Chcesz zlokalizowa\u0107 tre\u015bci growe?&#8221; txt_align=&#8221;center&#8221; style=&#8221;outline&#8221; add_button=&#8221;bottom&#8221; btn_title=&#8221;Mamy w sk\u0142adzie mistrz\u00f3w w tej dziedzinie!&#8221; btn_style=&#8221;custom&#8221; btn_custom_background=&#8221;#f75100&#8243; btn_custom_text=&#8221;#ffffff&#8221; btn_shape=&#8221;rounded&#8221; btn_size=&#8221;xl&#8221; btn_align=&#8221;center&#8221; btn_i_icon_fontawesome=&#8221;fas fa-users&#8221; css_animation=&#8221;fadeInUp&#8221; btn_add_icon=&#8221;true&#8221; btn_link=&#8221;url:https%3A%2F%2Flocatheart.com%2Fpl%2Flokalizacja-gier%2F|title:Nasze%20us%C5%82ugi|target:%20_blank|&#8221;][\/vc_cta][\/vc_column][\/vc_row][vc_row][vc_column css=&#8221;.vc_custom_1612948653701{padding-right: 150px !important;padding-left: 150px !important;}&#8221;]<div class=\"porto-u-heading\" data-hspacer=\"no_spacer\" data-halign=\"left\" style=\"text-align:left\"><div class=\"porto-u-main-heading\"><h2 style=\"font-weight:700;font-size:24px;\">Krok 1: t\u0142umaczenie tekstu \u017ar\u00f3d\u0142owego z uwzgl\u0119dnieniem zmian<\/h2><\/div><\/div>[vc_column_text]Od klienta otrzymali\u015bmy karty w j\u0119zyku angielskim w formie pliku PDF.<\/p>\n<p>T\u0142umacz, kt\u00f3ry podj\u0105\u0142 si\u0119 zlecenia, jest dobrze obeznany w realiach pi\u0142karskich. Znajomo\u015b\u0107 futbolowego \u017cargonu i wiedza pozwalaj\u0105ca \u201ew przedbiegach\u201d wykry\u0107 nieaktualne pytania mia\u0142y niesamowicie pozytywny wp\u0142yw na realizacj\u0119.<\/p>\n<p>G\u0142\u00f3wnym \u017ar\u00f3d\u0142em, na kt\u00f3rym polega\u0142 t\u0142umacz, by\u0142a angielska Wikipedia. Stanowi ona bardzo \u0142atwo dost\u0119pne, a przy tym aktualizowane na bie\u017c\u0105co \u017ar\u00f3d\u0142o wiedzy na temat rozgrywek sportowych. Co wi\u0119cej, mo\u017cna jej ufa\u0107 tak\u017ce w kwestii oficjalnego zapisu nazwisk graczy czy nazw klub\u00f3w (na przyk\u0142ad gdy w\u0105tpliwo\u015bci dotycz\u0105 znak\u00f3w diakrytycznych).[\/vc_column_text][\/vc_column][\/vc_row][vc_row][vc_column css=&#8221;.vc_custom_1612948683411{padding-right: 150px !important;padding-left: 150px !important;}&#8221;]<div class=\"porto-u-heading\" data-hspacer=\"no_spacer\" data-halign=\"left\" style=\"text-align:left\"><div class=\"porto-u-main-heading\"><h2 style=\"font-weight:700;font-size:24px;\">Krok 2: redakcja j\u0119zykowa i korekta<\/h2><\/div><\/div>[vc_column_text]Drugim etapem pracy nad tekstem by\u0142a <a href=\"https:\/\/locatheart.com\/pl\/wiedza\/tlumaczenia-wszystko-co-musisz-wiedziec\/czesc-1-podstawowe-elementy-procesu-tlumaczenia\/elementy-jezykowe-procesu-tlumaczenia\/\">redakcja<\/a>. Zadanie to zosta\u0142o przydzielone do\u015bwiadczonej redaktorce, od dawna zwi\u0105zanej z nasz\u0105 agencj\u0105. Dok\u0142adnie zweryfikowa\u0142a ona zgodno\u015b\u0107 tekstu \u017ar\u00f3d\u0142owego z t\u0142umaczeniem (w przypadku w\u0105tpliwo\u015bci i pyta\u0144 t\u0142umacz by\u0142 ca\u0142y czas do dyspozycji) i wprowadzi\u0142a poprawki j\u0119zykowe \u2013 zar\u00f3wno te konieczne ze wzgl\u0119du np. na pojedyncze liter\u00f3wki, jak i preferencyjne, kt\u00f3re dodawa\u0142y tekstowi zgrabno\u015bci.<\/p>\n<p>Tak\u017ce na tym etapie, w ramach konsultacji z t\u0142umaczem, project managerce przekazane zosta\u0142y og\u00f3lne uwagi dotycz\u0105ce potencjalnego odbioru produktu przez polskiego u\u017cytkownika. Zauwa\u017cyli\u015bmy, \u017ce gra zawiera nieproporcjonalnie du\u017co pyta\u0144 dotycz\u0105cych pi\u0142karzy z Wysp Brytyjskich (prawdopodobnie by\u0142a stworzona dla Brytyjczyk\u00f3w), za\u015b pytania o polskich zawodnik\u00f3w by\u0142y cz\u0119sto niebywale proste \u2013 najprawdopodobniej poradziliby sobie z nimi nawet najm\u0142odsi polscy kibice. Zasugerowali\u015bmy klientowi zmian\u0119 takich pyta\u0144, na co ten si\u0119 zgodzi\u0142.[\/vc_column_text][vc_cta h2=&#8221;Planujesz wprowadzenie swojej gry na rynki zagraniczne?&#8221; txt_align=&#8221;center&#8221; style=&#8221;outline&#8221; add_button=&#8221;bottom&#8221; btn_title=&#8221;Skontaktuj si\u0119 z ekspertem locatheart!&#8221; btn_style=&#8221;custom&#8221; btn_custom_background=&#8221;#f75100&#8243; btn_custom_text=&#8221;#ffffff&#8221; btn_shape=&#8221;rounded&#8221; btn_size=&#8221;xl&#8221; btn_align=&#8221;center&#8221; btn_i_icon_fontawesome=&#8221;fas fa-comments&#8221; css_animation=&#8221;fadeInUp&#8221; btn_add_icon=&#8221;true&#8221; btn_link=&#8221;url:https%3A%2F%2Fcalendly.com%2Flocatheart|title:Porozmawiaj%20z%20naszym%20ekspertem|target:%20_blank|&#8221;][\/vc_cta][\/vc_column][\/vc_row][vc_row][vc_column css=&#8221;.vc_custom_1612948683411{padding-right: 150px !important;padding-left: 150px !important;}&#8221;]<div class=\"porto-u-heading\" data-hspacer=\"no_spacer\" data-halign=\"left\" style=\"text-align:left\"><div class=\"porto-u-main-heading\"><h2 style=\"font-weight:700;font-size:24px;\">Wnioski z projektu<\/h2><\/div><\/div>[vc_column_text]Realizacja projektu by\u0142a po\u0142\u0105czeniem dw\u00f3ch proces\u00f3w, kt\u00f3re regularnie stosujemy w codziennej dzia\u0142alno\u015bci firmy \u2013 t\u0142umaczenia z redakcj\u0105 oraz weryfikacji poprawno\u015bci informacji zawartych w tek\u015bcie \u017ar\u00f3d\u0142owym. Przypisanie do projektu t\u0142umacza b\u0119d\u0105cego zapalonym kibicem pi\u0142karskim oraz znakomicie operuj\u0105cej s\u0142owem redaktorki pozwoli\u0142o nam sprawnie wykona\u0107 zadanie. Nied\u0142ugo potem ten sam klient zleci\u0142 nam t\u0142umaczenie kolejnej gry o tematyce sportowej \u2013 mogli\u015bmy zatem w praktyce zastosowa\u0107 wyci\u0105gni\u0119te z tego zadania wnioski.[\/vc_column_text][\/vc_column][\/vc_row]<\/p>\n","protected":false},"excerpt":{"rendered":"<p>[vc_row css=&#8221;.vc_custom_1701176127378{margin-top: 30px !important;margin-bottom: 15px !important;}&#8221;][vc_column css=&#8221;.vc_custom_1612948469934{padding-right: 150px !important;padding-left: 150px !important;}&#8221;][\/vc_column][\/vc_row][vc_row][vc_column css=&#8221;.vc_custom_1612948469934{padding-right: 150px !important;padding-left: 150px !important;}&#8221;][vc_column_text] Nied\u0142ugo przed rozgrywanym w czerwcu i lipcu Euro 2024 zrealizowali\u015bmy dla jednego z naszych klient\u00f3w projekt obejmuj\u0105cy t\u0142umaczenie i redakcj\u0119 gry karcianej \u2013 quizu pi\u0142karskiego. Klient ten specjalizuje si\u0119 w grach bez pr\u0105du, a nasza wsp\u00f3\u0142praca trwa ju\u017c od [&hellip;]<\/p>\n","protected":false},"author":11,"featured_media":0,"parent":0,"menu_order":0,"comment_status":"closed","ping_status":"closed","template":"","meta":{"inline_featured_image":false},"yoast_head":"<!-- This site is optimized with the Yoast SEO plugin v15.3 - https:\/\/yoast.com\/wordpress\/plugins\/seo\/ -->\n<title>Lokalizacja gry pi\u0142karskiej na rynek polski - LocAtHeart translation agency<\/title>\n<meta name=\"description\" content=\"Naszym celem by\u0142o zatem przet\u0142umaczenie zestawu kart na j\u0119zyk polski oraz dostosowanie ich tak, aby by\u0142y mo\u017cliwie jak najaktualniejsze.\" \/>\n<meta name=\"robots\" content=\"index, follow, max-snippet:-1, max-image-preview:large, max-video-preview:-1\" \/>\n<link rel=\"canonical\" href=\"https:\/\/locatheart.com\/pl\/lokalizacja-gry-pilkarskiej-na-rynek-polski\/\" \/>\n<meta property=\"og:locale\" content=\"pl_PL\" \/>\n<meta property=\"og:type\" content=\"article\" \/>\n<meta property=\"og:title\" content=\"Lokalizacja gry pi\u0142karskiej na rynek polski - LocAtHeart translation agency\" \/>\n<meta property=\"og:description\" content=\"Naszym celem by\u0142o zatem przet\u0142umaczenie zestawu kart na j\u0119zyk polski oraz dostosowanie ich tak, aby by\u0142y mo\u017cliwie jak najaktualniejsze.\" \/>\n<meta property=\"og:url\" content=\"https:\/\/locatheart.com\/pl\/lokalizacja-gry-pilkarskiej-na-rynek-polski\/\" \/>\n<meta property=\"og:site_name\" content=\"LocAtHeart translation agency\" \/>\n<meta property=\"article:modified_time\" content=\"2024-07-22T14:47:49+00:00\" \/>\n<meta property=\"og:image\" content=\"https:\/\/locatheart.com\/wp-content\/uploads\/2024\/07\/football-quiz-case-study-300x300.png\" \/>\n<meta name=\"twitter:card\" content=\"summary_large_image\" \/>\n<meta name=\"twitter:label1\" content=\"Written by\">\n\t<meta name=\"twitter:data1\" content=\"Locatheart\">\n\t<meta name=\"twitter:label2\" content=\"Est. reading time\">\n\t<meta name=\"twitter:data2\" content=\"4 minuty\">\n<!-- \/ Yoast SEO plugin. -->","_links":{"self":[{"href":"https:\/\/locatheart.com\/pl\/wp-json\/wp\/v2\/pages\/12554\/"}],"collection":[{"href":"https:\/\/locatheart.com\/pl\/wp-json\/wp\/v2\/pages\/"}],"about":[{"href":"https:\/\/locatheart.com\/pl\/wp-json\/wp\/v2\/types\/page\/"}],"author":[{"embeddable":true,"href":"https:\/\/locatheart.com\/pl\/wp-json\/wp\/v2\/users\/11\/"}],"replies":[{"embeddable":true,"href":"https:\/\/locatheart.com\/pl\/wp-json\/wp\/v2\/comments\/?post=12554"}],"version-history":[{"count":3,"href":"https:\/\/locatheart.com\/pl\/wp-json\/wp\/v2\/pages\/12554\/revisions\/"}],"predecessor-version":[{"id":12560,"href":"https:\/\/locatheart.com\/pl\/wp-json\/wp\/v2\/pages\/12554\/revisions\/12560\/"}],"wp:attachment":[{"href":"https:\/\/locatheart.com\/pl\/wp-json\/wp\/v2\/media\/?parent=12554"}],"curies":[{"name":"wp","href":"https:\/\/api.w.org\/{rel}","templated":true}]}}