{"id":12804,"date":"2024-08-30T14:53:58","date_gmt":"2024-08-30T12:53:58","guid":{"rendered":"https:\/\/locatheart.com\/?page_id=12804"},"modified":"2024-09-05T09:07:51","modified_gmt":"2024-09-05T07:07:51","slug":"tlumaczenia-audiowizualne","status":"publish","type":"page","link":"https:\/\/locatheart.com\/pl\/tlumaczenia-audiowizualne\/","title":{"rendered":"T\u0142umaczenia audiowizualne"},"content":{"rendered":"<p>[vc_row full_height=&#8221;yes&#8221; animation_delay=&#8221;100&#8243; source=&#8221;&#8221; text=&#8221;Lorem Ipsum Dolor&#8221; font_container=&#8221;tag:h2|font_size:1.8em|text_align:center|line_height:1&#8243; use_theme_fonts=&#8221;yes&#8221; google_fonts=&#8221;font_family:Abril%20Fatface%3Aregular|font_style:400%20regular%3A400%3Anormal&#8221; text_transform=&#8221;&#8221; font_weight=&#8221;&#8221; skin=&#8221;light&#8221; letter_spacing=&#8221;&#8221; show_border=&#8221;&#8221; border_skin=&#8221;custom&#8221; border_type=&#8221;bottom-border&#8221; border_size=&#8221;&#8221; floating_start_pos=&#8221;&#8221; floating_speed=&#8221;&#8221; floating_transition=&#8221;yes&#8221; floating_horizontal=&#8221;&#8221; el_class=&#8221;mb-2&#8243; animation_type=&#8221;fadeInUp&#8221; link=&#8221;&#8221; border_color=&#8221;&#8221; floating_duration=&#8221;&#8221; css=&#8221;.vc_custom_1701942093271{margin-right: 80px !important;margin-left: 50px !important;padding-top: 50px !important;}&#8221;][vc_column remove_margin_bottom=&#8221;yes&#8221;]<div class=\"porto-u-heading\" data-hspacer=\"line_only\" data-halign=\"center\" style=\"text-align:center\"><div class=\"porto-u-main-heading\"><h1 style=\"font-weight:700;margin-bottom: 5px;font-size:24px;\">T\u0142umaczenia audiowizualne \u2013 profesjonalna us\u0142uga przek\u0142adu materia\u0142\u00f3w audiowizualnych<\/h1><\/div><div class=\"porto-u-heading-spacer line_only\" style=\"height:1px;\"><span class=\"porto-u-headings-line\" style=\"border-style:solid;border-bottom-width:1px;border-color:#ccc;width:auto;\"><\/span><\/div><\/div>[vc_cta h2=&#8221;&#8221;]Serial, film pe\u0142nometra\u017cowy, firmowe materia\u0142y wideo czy content audiowizualny \u2013 dodaj napisy do swoich tre\u015bci multimedialnych, aby \u0142atwiej dociera\u0107 do nowych odbiorc\u00f3w i znacz\u0105co zwi\u0119kszy\u0107 zasi\u0119g.<\/p>\n<p>Oferujemy szereg us\u0142ug dla bran\u017cy audiowizualnej \u2013 od przygotowania plik\u00f3w wzorcowych przez tworzenie napis\u00f3w w j\u0119zyku filmu po ich t\u0142umaczenie i dostosowanie do odpowiedniego formatu. Wszystko z zapewnieniem najwy\u017cszej jako\u015bci j\u0119zykowej i technicznej.[\/vc_cta][vc_btn title=&#8221;Potrzebujesz napis\u00f3w? Skontaktuj si\u0119 z nami!&#8221; shape=&#8221;rounded&#8221; color=&#8221;white&#8221; size=&#8221;xl&#8221; align=&#8221;center&#8221; i_icon_fontawesome=&#8221;far fa-envelope&#8221; btn_fw=&#8221;400&#8243; add_icon=&#8221;true&#8221; link=&#8221;url:https%3A%2F%2Flocatheart.com%2Fpl%2Fkontakt%2F|title:Kontakt||&#8221; css=&#8221;.vc_custom_1725359748476{background-color: #ffffff !important;}&#8221; animation_type=&#8221;slideInUp&#8221;][\/vc_column][\/vc_row][vc_row css_animation=&#8221;fadeInDown&#8221; wrap_container=&#8221;yes&#8221; animation_type=&#8221;fadeInUp&#8221;][vc_column offset=&#8221;vc_col-lg-offset-1 vc_col-lg-10 vc_col-xs-12&#8243;][vc_single_image image=&#8221;12836&#8243; img_size=&#8221;full&#8221; alignment=&#8221;center&#8221;][\/vc_column][\/vc_row][vc_row css_animation=&#8221;fadeInDown&#8221; wrap_container=&#8221;yes&#8221;][vc_column width=&#8221;1\/3&#8243; offset=&#8221;vc_col-lg-offset-1 vc_col-lg-10 vc_col-xs-12&#8243;]<div class=\"porto-u-heading\" data-hspacer=\"line_only\" data-halign=\"center\" style=\"text-align:center\"><div class=\"porto-u-main-heading\"><h2 style=\"font-weight:700;margin-bottom: 5px;font-size:24px;\">Tre\u015bci audiowizualne od A do Z, czyli czym jest przek\u0142ad audiowizualny<\/h2><\/div><div class=\"porto-u-heading-spacer line_only\" style=\"margin-bottom: 60px;height:1px;\"><span class=\"porto-u-headings-line\" style=\"border-style:solid;border-bottom-width:1px;border-color:#ccc;width:auto;\"><\/span><\/div><\/div>[\/vc_column][\/vc_row][vc_row][vc_column]<div class=\"porto-sicon-box  vc_custom_1725267083800 style_3 default-icon\"><div class=\"porto-sicon-default\"><div id=\"porto-icon-46569011669dc40351bf23\" class=\"porto-just-icon-wrapper\" style=\"text-align:center;\"><div class=\"porto-icon none\" style=\"color:#f64600;font-size:32px;display:inline-block;\"><i class=\"fas fa-caret-right\"><\/i><\/div><\/div><\/div><div class=\"porto-sicon-header\" ><h3 class=\"porto-sicon-title\" style=\"\">Tworzenie napis\u00f3w w j\u0119zyku filmu (SLS)<\/h3><p>Transkrypcja dialog\u00f3w, na podstawie kt\u00f3rej tworzona jest templatka z czas\u00f3wkami.<\/p><\/div> <!-- header --><\/div><!-- porto-sicon-box --><div class=\"porto-sicon-box  vc_custom_1725267250580 style_3 default-icon\"><div class=\"porto-sicon-default\"><div id=\"porto-icon-85240592469dc40351c281\" class=\"porto-just-icon-wrapper\" style=\"text-align:center;\"><div class=\"porto-icon none\" style=\"color:#f64600;font-size:32px;display:inline-block;\"><i class=\"fas fa-caret-right\"><\/i><\/div><\/div><\/div><div class=\"porto-sicon-header\" ><h3 class=\"porto-sicon-title\" style=\"\">T\u0142umaczenie napis\u00f3w<\/h3><p>Przygotowanie nowych wersji j\u0119zykowych napis\u00f3w na podstawie pliku dostarczonego przez klienta.<\/p><\/div> <!-- header --><\/div><!-- porto-sicon-box --><div class=\"porto-sicon-box  vc_custom_1725267265160 style_3 default-icon\"><div class=\"porto-sicon-default\"><div id=\"porto-icon-112504791569dc40351c49d\" class=\"porto-just-icon-wrapper\" style=\"text-align:center;\"><div class=\"porto-icon none\" style=\"color:#f64600;font-size:32px;display:inline-block;\"><i class=\"fas fa-caret-right\"><\/i><\/div><\/div><\/div><div class=\"porto-sicon-header\" ><h3 class=\"porto-sicon-title\" style=\"\">Tworzenie templatek<\/h3><p>Transkrypcja dialog\u00f3w i dostosowanie ich do \u015bcie\u017cki audio\/wideo.<\/p><\/div> <!-- header --><\/div><!-- porto-sicon-box --><div class=\"porto-sicon-box  vc_custom_1725267283465 style_3 default-icon\"><div class=\"porto-sicon-default\"><div id=\"porto-icon-115445868369dc40351c7ab\" class=\"porto-just-icon-wrapper\" style=\"text-align:center;\"><div class=\"porto-icon none\" style=\"color:#f64600;font-size:32px;display:inline-block;\"><i class=\"fas fa-caret-right\"><\/i><\/div><\/div><\/div><div class=\"porto-sicon-header\" ><h3 class=\"porto-sicon-title\" style=\"\">Conformance<\/h3><p>Dostosowanie istniej\u0105cych napis\u00f3w do nowej \u015bcie\u017cki audio\/wideo.<\/p><\/div> <!-- header --><\/div><!-- porto-sicon-box --><div class=\"porto-sicon-box  vc_custom_1725268297834 style_3 default-icon\"><div class=\"porto-sicon-default\"><div id=\"porto-icon-74461138069dc40351cad9\" class=\"porto-just-icon-wrapper\" style=\"text-align:center;\"><div class=\"porto-icon none\" style=\"color:#f64600;font-size:32px;display:inline-block;\"><i class=\"fas fa-caret-right\"><\/i><\/div><\/div><\/div><div class=\"porto-sicon-header\" ><h3 class=\"porto-sicon-title\" style=\"\">Napisy SDH \u2013 dla os\u00f3b nies\u0142ysz\u0105cych i niedos\u0142ysz\u0105cych<\/h3><p>Przygotowanie napis\u00f3w uwzgl\u0119dniaj\u0105cych informacje kontekstowe, takie jak to\u017csamo\u015b\u0107 m\u00f3wi\u0105cego, intonacja czy d\u017awi\u0119ki w tle.<\/p><\/div> <!-- header --><\/div><!-- porto-sicon-box --><div class=\"porto-sicon-box  vc_custom_1725267317073 style_3 default-icon\"><div class=\"porto-sicon-default\"><div id=\"porto-icon-67334941969dc40351cd79\" class=\"porto-just-icon-wrapper\" style=\"text-align:center;\"><div class=\"porto-icon none\" style=\"color:#f64600;font-size:32px;display:inline-block;\"><i class=\"fas fa-caret-right\"><\/i><\/div><\/div><\/div><div class=\"porto-sicon-header\" ><h3 class=\"porto-sicon-title\" style=\"\">LQA napis\u00f3w<\/h3><p>Sprawdzenie napis\u00f3w pod k\u0105tem j\u0119zykowym i technicznym.<\/p><\/div> <!-- header --><\/div><!-- porto-sicon-box --><div class=\"porto-sicon-box  vc_custom_1725267386805 style_3 default-icon\"><div class=\"porto-sicon-default\"><div id=\"porto-icon-139837194569dc40351cf68\" class=\"porto-just-icon-wrapper\" style=\"text-align:center;\"><div class=\"porto-icon none\" style=\"color:#f64600;font-size:32px;display:inline-block;\"><i class=\"fas fa-caret-right\"><\/i><\/div><\/div><\/div><div class=\"porto-sicon-header\" ><h3 class=\"porto-sicon-title\" style=\"\">T\u0142umaczenia lektorskie (voice-over)<\/h3><p>Przet\u0142umaczenie tre\u015bci i dodanie \u015bcie\u017cki lektorskiej do pliku.<\/p><\/div> <!-- header --><\/div><!-- porto-sicon-box -->[vc_empty_space][vc_column_text]Dla specjalist\u00f3w z <strong>loc<\/strong>at<strong>heart<\/strong> przygotowywanie i t\u0142umaczenie napis\u00f3w to prawdziwa pasja\u00a0. Do ka\u017cdego projektu podchodzimy indywidualnie, dostosowuj\u0105c procesy i \u015brodki do rodzaju materia\u0142u, a nasz zesp\u00f3\u0142 do\u015bwiadczonych j\u0119zykowc\u00f3w i technik\u00f3w dba o to, by dostarczane klientom napisy doskonale pe\u0142ni\u0142y swoj\u0105 funkcj\u0119 oraz spe\u0142nia\u0142y najwy\u017csze standardy bran\u017cowe \u2013 zar\u00f3wno pod wzgl\u0119dem j\u0119zykowym, jak i pod wzgl\u0119dem wskazanych wytycznych.[\/vc_column_text][vc_empty_space][\/vc_column][\/vc_row][vc_row css_animation=&#8221;fadeInDown&#8221; wrap_container=&#8221;yes&#8221;][vc_column width=&#8221;1\/3&#8243; offset=&#8221;vc_col-lg-offset-1 vc_col-lg-10 vc_col-xs-12&#8243;]<div class=\"porto-u-heading\" data-hspacer=\"line_only\" data-halign=\"center\" style=\"text-align:center\"><div class=\"porto-u-main-heading\"><h2 style=\"font-weight:700;margin-bottom: 5px;font-size:24px;\">Nasze realizacje<\/h2><\/div><div class=\"porto-u-heading-spacer line_only\" style=\"margin-bottom: 60px;height:1px;\"><span class=\"porto-u-headings-line\" style=\"border-style:solid;border-bottom-width:1px;border-color:#ccc;width:auto;\"><\/span><\/div><\/div>[\/vc_column][\/vc_row][vc_row][vc_column width=&#8221;1\/3&#8243;]<div class=\"porto-sicon-box style_1 top-icon\"><div class=\"porto-sicon-top\"><div id=\"porto-icon-123529620569dc40351ddf0\" class=\"porto-just-icon-wrapper\" style=\"text-align:center;\"><div class=\"porto-sicon-img \" style=\"display:inline-block;font-size: 150px;\"><img class=\"img-icon\" alt=\"\" src=\"https:\/\/locatheart.com\/wp-content\/uploads\/2024\/08\/Netflix_2015_logo-1.svg\" width=\"1024\" height=\"276\" \/><\/div><\/div><\/div><\/div><!-- porto-sicon-box -->[\/vc_column][vc_column width=&#8221;1\/3&#8243;]<div class=\"porto-sicon-box style_1 top-icon\"><div class=\"porto-sicon-top\"><div id=\"porto-icon-72550531169dc40351ef74\" class=\"porto-just-icon-wrapper\" style=\"text-align:center;\"><div class=\"porto-sicon-img \" style=\"display:inline-block;font-size: 150px;\"><img class=\"img-icon\" alt=\"\" src=\"https:\/\/locatheart.com\/wp-content\/uploads\/2024\/08\/Disney_logo.svg\" width=\"1041\" height=\"565\" \/><\/div><\/div><\/div><\/div><!-- porto-sicon-box -->[\/vc_column][vc_column width=&#8221;1\/3&#8243;]<div class=\"porto-sicon-box style_1 top-icon\"><div class=\"porto-sicon-top\"><div id=\"porto-icon-199012290069dc4035200ea\" class=\"porto-just-icon-wrapper\" style=\"text-align:center;\"><div class=\"porto-sicon-img \" style=\"display:inline-block;font-size: 150px;\"><img class=\"img-icon\" alt=\"\" src=\"https:\/\/locatheart.com\/wp-content\/uploads\/2024\/08\/Viaplay_logo.png\" width=\"1280\" height=\"312\" \/><\/div><\/div><\/div><\/div><!-- porto-sicon-box -->[\/vc_column][\/vc_row][vc_row][vc_column][vc_empty_space height=&#8221;22px&#8221;][\/vc_column][\/vc_row][vc_row][vc_column width=&#8221;1\/6&#8243;][\/vc_column][vc_column width=&#8221;1\/3&#8243;]<div class=\"porto-sicon-box style_1 top-icon\"><div class=\"porto-sicon-top\"><div id=\"porto-icon-48952762769dc403520eaf\" class=\"porto-just-icon-wrapper\" style=\"text-align:center;\"><div class=\"porto-sicon-img \" style=\"display:inline-block;font-size: 150px;\"><img class=\"img-icon\" alt=\"\" src=\"https:\/\/locatheart.com\/wp-content\/uploads\/2024\/08\/SkyShowtime_Logo.svg\" width=\"2000\" height=\"467\" \/><\/div><\/div><\/div><\/div><!-- porto-sicon-box -->[\/vc_column][vc_column width=&#8221;1\/3&#8243;]<div class=\"porto-sicon-box style_1 top-icon\"><div class=\"porto-sicon-top\"><div id=\"porto-icon-60071624069dc403521a68\" class=\"porto-just-icon-wrapper\" style=\"text-align:center;\"><div class=\"porto-sicon-img \" style=\"display:inline-block;font-size: 150px;\"><img class=\"img-icon\" alt=\"\" src=\"https:\/\/locatheart.com\/wp-content\/uploads\/2024\/08\/Amazon_Prime_Video_logo.svg\" width=\"800\" height=\"246\" \/><\/div><\/div><\/div><\/div><!-- porto-sicon-box -->[\/vc_column][vc_column width=&#8221;1\/6&#8243;][\/vc_column][\/vc_row][vc_row][vc_column][vc_empty_space][\/vc_column][\/vc_row][vc_row css_animation=&#8221;fadeInDown&#8221; wrap_container=&#8221;yes&#8221; animation_type=&#8221;fadeInUp&#8221;][vc_column width=&#8221;1\/3&#8243; offset=&#8221;vc_col-lg-offset-1 vc_col-lg-10 vc_col-xs-12&#8243;][vc_empty_space][vc_btn title=&#8221;Dowiedz si\u0119 wi\u0119cej o naszych realizacjach!&#8221; shape=&#8221;rounded&#8221; color=&#8221;white&#8221; size=&#8221;xl&#8221; align=&#8221;center&#8221; i_icon_fontawesome=&#8221;fas fa-star&#8221; btn_fw=&#8221;400&#8243; add_icon=&#8221;true&#8221; link=&#8221;url:https%3A%2F%2Flocatheart.com%2Fpl%2Frealizacje|title:Case%20study|target:%20_blank|&#8221; css=&#8221;.vc_custom_1725268524555{background-color: #ffffff !important;}&#8221; animation_type=&#8221;slideInUp&#8221;][vc_empty_space][\/vc_column][\/vc_row][vc_row][vc_column][vc_empty_space][\/vc_column][\/vc_row][vc_row css_animation=&#8221;fadeInDown&#8221; wrap_container=&#8221;yes&#8221;][vc_column width=&#8221;1\/3&#8243; offset=&#8221;vc_col-lg-offset-1 vc_col-lg-10 vc_col-xs-12&#8243;]<div class=\"porto-u-heading\" data-hspacer=\"line_only\" data-halign=\"center\" style=\"text-align:center\"><div class=\"porto-u-main-heading\"><h2 style=\"font-weight:700;margin-bottom: 5px;font-size:24px;\">Poznaj nasze us\u0142ugi<\/h2><\/div><div class=\"porto-u-heading-spacer line_only\" style=\"margin-bottom: 60px;height:1px;\"><span class=\"porto-u-headings-line\" style=\"border-style:solid;border-bottom-width:1px;border-color:#ccc;width:auto;\"><\/span><\/div><\/div>[\/vc_column][\/vc_row][vc_row][vc_column][vc_column_text]<strong>Napisy<\/strong> odgrywaj\u0105 istotn\u0105 rol\u0119 w <strong>adaptacji tre\u015bci audiowizualnych dla widz\u00f3w na ca\u0142ym \u015bwiecie<\/strong>. Pozwalaj\u0105 na zrozumienie materia\u0142u osobom nieznaj\u0105cym j\u0119zyka \u017ar\u00f3d\u0142owego, nies\u0142ysz\u0105cym oraz niedos\u0142ysz\u0105cym, wynosz\u0105c ich do\u015bwiadczenia na zupe\u0142nie nowy poziom.<\/p>\n<p>Z kolei <strong>napisy w materia\u0142ach promocyjnych<\/strong> \u2013 takich jak reklamy czy kr\u00f3tkie filmiki w mediach spo\u0142eczno\u015bciowych \u2013 znacz\u0105co <strong>zwi\u0119kszaj\u0105 zaanga\u017cowanie widz\u00f3w<\/strong>. Ponadto pomagaj\u0105 w lepszym <strong>zapami\u0119tywaniu informacji<\/strong>, co zwi\u0119ksza efektywno\u015b\u0107 kampanii.<\/p>\n<p>Zlecenie zadania amatorom (lub wykonanie go przy pomocy sztucznej inteligencji, kt\u00f3ra wci\u0105\u017c nie radzi sobie z tre\u015bciami audiowizualnymi) mo\u017ce poskutkowa\u0107 wprowadzeniem odbiorc\u00f3w w b\u0142\u0105d czy nawet obra\u017ceniem pewnych grup docelowych. <strong>Nie ryzykuj i zwr\u00f3\u0107 si\u0119 do profesjonalist\u00f3w<\/strong>.<\/p>\n<p>&nbsp;<\/p>\n<h3><strong>Tworzenie napis\u00f3w w j\u0119zyku filmu (same-language subtitles \/ SLS)<\/strong><\/h3>\n<p>Chcesz, aby Twoje tre\u015bci by\u0142y przyst\u0119pniejsze i zrozumialsze? Dodaj do nich napisy w j\u0119zyku filmu, dzi\u0119ki kt\u00f3rym odbiorcy bez trudu uchwyc\u0105 najwa\u017cniejsze informacje \u2013 nawet w ha\u0142a\u015bliwym otoczeniu. Chcesz osadzi\u0107 napisy w wideo na sta\u0142e? Zajmiemy si\u0119 tym.<\/p>\n<p>&nbsp;<\/p>\n<h3><strong>T\u0142umaczenie napis\u00f3w<\/strong><\/h3>\n<p>Zapewniamy kompleksowe us\u0142ugi t\u0142umaczeniowe wszelkiego rodzaju tre\u015bci audiowizualnych \u2013 seriali, short\u00f3w, film\u00f3w pe\u0142nometra\u017cowych, materia\u0142\u00f3w promocyjnych i nie tylko. Wszystkie przek\u0142ady wykonuj\u0105 native speakerzy z wieloletnim do\u015bwiadczeniem w bran\u017cy t\u0142umacze\u0144 audiowizualnych.<\/p>\n<p>&nbsp;<\/p>\n<h3><strong>Redakcja j\u0119zykowa<\/strong><\/h3>\n<p>Zale\u017cy Ci na tre\u015bciach audiowizualnych wysokiej jako\u015bci? Zapewniamy kompleksowe us\u0142ugi korekty napis\u00f3w, obejmuj\u0105ce weryfikacj\u0119 poprawno\u015bci gramatycznej, ortograficznej, stylistycznej i nie tylko.<\/p>\n<p>&nbsp;<\/p>\n<h3><strong>Weryfikacja techniczna<\/strong><\/h3>\n<p>Potrzebujesz napis\u00f3w zgodnych z wytycznymi Netflixa, Disneya lub innej platformy streamingowej? Nasi technicy dopilnuj\u0105, aby limity znak\u00f3w, podzia\u0142y linii, formatowanie dialog\u00f3w i inne techniczne aspekty by\u0142y zgodne ze wskazanym style guide\u2019em.<\/p>\n<p>&nbsp;<\/p>\n<h3><strong>Napisy SDH \u2013 dla nies\u0142ysz\u0105cych i niedos\u0142ysz\u0105cych<\/strong><\/h3>\n<p>Salwy \u015bmiechu, szumi\u0105ca rzeka czy budz\u0105ce groz\u0119 skrzypienie drzwi \u2013 wszystkie te elementy wp\u0142ywaj\u0105 na odbi\u00f3r filmu przez widza. Napisy SDH (<em>Subtitles for the Deaf and Hard of Hearing<\/em>) s\u0105 tworzone z my\u015bl\u0105 o osobach nies\u0142ysz\u0105cych i niedos\u0142ysz\u0105cych \u2013 opr\u00f3cz transkrypcji dialog\u00f3w zawieraj\u0105 informacje o to\u017csamo\u015bci m\u00f3wi\u0105cego (je\u015bli ten znajduje si\u0119 poza kadrem), a tak\u017ce opisy d\u017awi\u0119k\u00f3w w tle, efekt\u00f3w specjalnych czy nawet intonacji, kt\u00f3re s\u0105 kluczowe dla pe\u0142nego zrozumienia kontekstu i emocji w filmie.<\/p>\n<p>&nbsp;<\/p>\n<h3><strong>T\u0142umaczenia lektorskie (voice-over)<\/strong><\/h3>\n<p>Istotnym elementem p\u0142ynnego nagrania lektorskiego jest precyzyjnie przygotowany skrypt. Nasi do\u015bwiadczeni t\u0142umacze zajm\u0105 si\u0119 przeniesieniem tre\u015bci \u017ar\u00f3d\u0142owej na j\u0119zyk obcy oraz zsychronizuj\u0105 powsta\u0142y skrypt z warstw\u0105 wideo i audio.<\/p>\n<p>&nbsp;<\/p>\n<h3><strong>Tworzenie napis\u00f3w wzorcowych, czyli tzw. templatek<\/strong><\/h3>\n<p>Planujesz ekspansj\u0119 na rynki zagraniczne i potrzebujesz wysokiej jako\u015bci materia\u0142\u00f3w audiowizualnych w nowych j\u0119zykach? Zle\u0107 nam stworzenie templatki napisowej, kt\u00f3ra przyspieszy proces t\u0142umaczenia i pozwoli zachowa\u0107 doskona\u0142\u0105 jako\u015b\u0107 wszystkich wersji j\u0119zykowych.<\/p>\n<p>&nbsp;<\/p>\n<h3><strong>Conformance (dostosowanie)<\/strong><\/h3>\n<p>Zmieniasz \u015bcie\u017ck\u0119 audio lub wideo? Zadbamy o to, by napisy by\u0142y idealnie zsynchronizowane z nowym plikiem.[\/vc_column_text][\/vc_column][\/vc_row][vc_row][vc_column][vc_empty_space][vc_cta h2=&#8221;Nie wiesz, kt\u00f3re rozwi\u0105zanie b\u0119dzie najlepsze<br \/>\ndla Twojego projektu?&#8221; txt_align=&#8221;center&#8221; style=&#8221;outline&#8221; el_width=&#8221;lg&#8221; add_button=&#8221;bottom&#8221; btn_title=&#8221;Skontaktuj si\u0119 z naszym ekspertem&#8221; btn_style=&#8221;outline&#8221; btn_shape=&#8221;rounded&#8221; btn_size=&#8221;xl&#8221; btn_align=&#8221;center&#8221; btn_i_icon_fontawesome=&#8221;fas fa-envelope&#8221; btn_skin=&#8221;primary&#8221; btn_add_icon=&#8221;true&#8221; btn_link=&#8221;url:https%3A%2F%2Flocatheart.com%2Fpl%2Fkontakt%2F|title:Skontaktuj%20si%C4%99%20z%20nami||&#8221;][\/vc_cta][vc_empty_space][vc_column_text]Mo\u017ce zainteresuj\u0105 Ci\u0119 nasze dzia\u0142ania dla konkretnych bran\u017c?<\/p>\n<p style=\"text-align: left;\"><a href=\"https:\/\/locatheart.com\/pl\/lokalizacja-gier\/\">Lokalizacja gier<\/a><\/p>\n<p style=\"text-align: left;\"><a href=\"https:\/\/locatheart.com\/pl\/tlumaczenia-marketingowe\/\">T\u0142umaczenia marketingowe<\/a><\/p>\n<p style=\"text-align: left;\"><a href=\"https:\/\/locatheart.com\/pl\/tlumaczenia-copywriting-content-marketing-i-seo-dla-marek-luksusowych\/\">T\u0142umaczenia dla marek luksusowych<\/a><\/p>\n<p>[\/vc_column_text][\/vc_column][\/vc_row]<\/p>\n","protected":false},"excerpt":{"rendered":"<p>[vc_row full_height=&#8221;yes&#8221; animation_delay=&#8221;100&#8243; source=&#8221;&#8221; text=&#8221;Lorem Ipsum Dolor&#8221; font_container=&#8221;tag:h2|font_size:1.8em|text_align:center|line_height:1&#8243; use_theme_fonts=&#8221;yes&#8221; google_fonts=&#8221;font_family:Abril%20Fatface%3Aregular|font_style:400%20regular%3A400%3Anormal&#8221; text_transform=&#8221;&#8221; font_weight=&#8221;&#8221; skin=&#8221;light&#8221; letter_spacing=&#8221;&#8221; show_border=&#8221;&#8221; border_skin=&#8221;custom&#8221; border_type=&#8221;bottom-border&#8221; border_size=&#8221;&#8221; floating_start_pos=&#8221;&#8221; floating_speed=&#8221;&#8221; floating_transition=&#8221;yes&#8221; floating_horizontal=&#8221;&#8221; el_class=&#8221;mb-2&#8243; animation_type=&#8221;fadeInUp&#8221; link=&#8221;&#8221; border_color=&#8221;&#8221; floating_duration=&#8221;&#8221; css=&#8221;.vc_custom_1701942093271{margin-right: 80px !important;margin-left: 50px !important;padding-top: 50px !important;}&#8221;][vc_column remove_margin_bottom=&#8221;yes&#8221;][vc_cta h2=&#8221;&#8221;]Serial, film pe\u0142nometra\u017cowy, firmowe materia\u0142y wideo czy content audiowizualny \u2013 dodaj napisy do swoich tre\u015bci multimedialnych, aby \u0142atwiej dociera\u0107 do [&hellip;]<\/p>\n","protected":false},"author":11,"featured_media":0,"parent":0,"menu_order":0,"comment_status":"closed","ping_status":"closed","template":"","meta":{"inline_featured_image":false},"yoast_head":"<!-- This site is optimized with the Yoast SEO plugin v15.3 - https:\/\/yoast.com\/wordpress\/plugins\/seo\/ -->\n<title>T\u0142umaczenia audiowizualne - LocAtHeart translation agency<\/title>\n<meta name=\"description\" content=\"Oferujemy szereg us\u0142ug dla bran\u017cy audiowizualnej \u2013 od przygotowania plik\u00f3w wzorcowych przez tworzenie napis\u00f3w w j\u0119zyku filmu po ich t\u0142umaczenie i dostosowanie do odpowiedniego formatu.\" \/>\n<meta name=\"robots\" content=\"index, follow, max-snippet:-1, max-image-preview:large, max-video-preview:-1\" \/>\n<link rel=\"canonical\" href=\"https:\/\/locatheart.com\/pl\/tlumaczenia-audiowizualne\/\" \/>\n<meta property=\"og:locale\" content=\"pl_PL\" \/>\n<meta property=\"og:type\" content=\"article\" \/>\n<meta property=\"og:title\" content=\"T\u0142umaczenia audiowizualne - LocAtHeart translation agency\" \/>\n<meta property=\"og:description\" content=\"Oferujemy szereg us\u0142ug dla bran\u017cy audiowizualnej \u2013 od przygotowania plik\u00f3w wzorcowych przez tworzenie napis\u00f3w w j\u0119zyku filmu po ich t\u0142umaczenie i dostosowanie do odpowiedniego formatu.\" \/>\n<meta property=\"og:url\" content=\"https:\/\/locatheart.com\/pl\/tlumaczenia-audiowizualne\/\" \/>\n<meta property=\"og:site_name\" content=\"LocAtHeart translation agency\" \/>\n<meta property=\"article:modified_time\" content=\"2024-09-05T07:07:51+00:00\" \/>\n<meta name=\"twitter:card\" content=\"summary_large_image\" \/>\n<meta name=\"twitter:label1\" content=\"Written by\">\n\t<meta name=\"twitter:data1\" content=\"Locatheart\">\n\t<meta name=\"twitter:label2\" content=\"Est. reading time\">\n\t<meta name=\"twitter:data2\" content=\"7 minut\">\n<!-- \/ Yoast SEO plugin. -->","_links":{"self":[{"href":"https:\/\/locatheart.com\/pl\/wp-json\/wp\/v2\/pages\/12804\/"}],"collection":[{"href":"https:\/\/locatheart.com\/pl\/wp-json\/wp\/v2\/pages\/"}],"about":[{"href":"https:\/\/locatheart.com\/pl\/wp-json\/wp\/v2\/types\/page\/"}],"author":[{"embeddable":true,"href":"https:\/\/locatheart.com\/pl\/wp-json\/wp\/v2\/users\/11\/"}],"replies":[{"embeddable":true,"href":"https:\/\/locatheart.com\/pl\/wp-json\/wp\/v2\/comments\/?post=12804"}],"version-history":[{"count":28,"href":"https:\/\/locatheart.com\/pl\/wp-json\/wp\/v2\/pages\/12804\/revisions\/"}],"predecessor-version":[{"id":12864,"href":"https:\/\/locatheart.com\/pl\/wp-json\/wp\/v2\/pages\/12804\/revisions\/12864\/"}],"wp:attachment":[{"href":"https:\/\/locatheart.com\/pl\/wp-json\/wp\/v2\/media\/?parent=12804"}],"curies":[{"name":"wp","href":"https:\/\/api.w.org\/{rel}","templated":true}]}}