{"id":3714,"date":"2020-11-10T10:17:41","date_gmt":"2020-11-10T09:17:41","guid":{"rendered":"https:\/\/locatheart.com\/wiedza\/"},"modified":"2023-11-30T12:50:43","modified_gmt":"2023-11-30T11:50:43","slug":"wiedza","status":"publish","type":"page","link":"https:\/\/locatheart.com\/pl\/wiedza\/","title":{"rendered":"Wiedza"},"content":{"rendered":"<p>[vc_row full_width=&#8221;stretch_row&#8221; wrap_container=&#8221;yes&#8221; el_class=&#8221;py-5 background-color-primary bg-attach-fixed section-angled-layer-bottom&#8221; css=&#8221;.vc_custom_1601544222299{background-image: url(https:\/\/locatheart.com\/wp-content\/uploads\/2020\/10\/medical2-bg-3-orange.jpg?id=2769) !important;background-position: center !important;background-repeat: no-repeat !important;background-size: cover !important;}&#8221;][vc_column][vc_row_inner][vc_column_inner][vc_custom_heading text=&#8221;&#8221; font_container=&#8221;tag:p|text_align:center&#8221; use_theme_fonts=&#8221;yes&#8221; skin=&#8221;light&#8221; el_class=&#8221;mb-0 pt-4&#8243; animation_type=&#8221;fadeIn&#8221;][vc_custom_heading text=&#8221;W\u0119z\u0142y wiedzy&#8221; font_container=&#8221;tag:h2|font_size:1.8em|text_align:center|line_height:1&#8243; use_theme_fonts=&#8221;yes&#8221; skin=&#8221;light&#8221; animation_delay=&#8221;100&#8243; el_class=&#8221;mb-2&#8243; animation_type=&#8221;fadeInUp&#8221;][vc_custom_heading text=&#8221;Przygotuj si\u0119 do komunikacji wieloj\u0119zycznej online!&#8221; font_container=&#8221;tag:p|text_align:center&#8221; use_theme_fonts=&#8221;yes&#8221; skin=&#8221;light&#8221; animation_delay=&#8221;300&#8243; animation_type=&#8221;fadeInUp&#8221; el_class=&#8221;mb-5&#8243;][\/vc_column_inner][\/vc_row_inner][vc_row_inner el_class=&#8221;justify-content-center cards-medical-services&#8221;][vc_column_inner el_class=&#8221;col-sm-6 m-b-lg&#8221; animation_delay=&#8221;500&#8243; offset=&#8221;vc_col-lg-12 vc_col-md-4&#8243; animation_type=&#8221;fadeInUp&#8221;]<a class=\"porto-sicon-box-link\" href=\"https:\/\/locatheart.com\/pl\/wiedza\/tlumaczenia-wszystko-co-musisz-wiedziec\/\" title='SEGMENT 1: THE ESSENTIAL ELEMENTS OF A TRANSLATION PROCESS'><div class=\"porto-sicon-box  vc_custom_1701340853732 h-100 hover-effect-1 background-color-light py-5 p-l-lg p-r-lg mb-0 style_1 left-icon\"><div class=\"porto-sicon-left\"><div id=\"porto-icon-1822747769f3704b704f3\" class=\"porto-just-icon-wrapper\" style=\"text-align:center;\"><div class=\"porto-sicon-img \" style=\"display:inline-block;font-size: 60px;\"><img class=\"img-icon\" alt=\"\" src=\"https:\/\/locatheart.com\/wp-content\/uploads\/2020\/10\/icons8-language-64.png\" width=\"64\" height=\"64\" \/><\/div><\/div><\/div><div class=\"porto-sicon-body\"><div class=\"porto-sicon-header\" ><h3 class=\"porto-sicon-title\" style=\"font-weight:700;font-size:1.3125rem;line-height:1.4;\">T\u0141UMACZENIA: WSZYSTKO, CO MUSISZ WIEDZIE\u0106<\/h3><\/div> <!-- header --><div class=\"porto-sicon-description\" style=\"\">Poznaj biznesowy proces t\u0142umaczenia i wybierz kombinacj\u0119 us\u0142ug j\u0119zykowych najlepsz\u0105 dla swojej marki.<br \/>\nDowiedz si\u0119 co tak naprawd\u0119 robi agencja t\u0142umacze\u0144 i jak zarz\u0105dza\u0107 t\u0142umaczeniami w firmie.<\/div> <!-- description --><\/div><\/div><!-- porto-sicon-box --><\/a>[\/vc_column_inner][\/vc_row_inner][vc_row_inner el_class=&#8221;justify-content-center cards-medical-services&#8221;][vc_column_inner el_class=&#8221;col-sm-6 m-b-lg&#8221; animation_delay=&#8221;500&#8243; offset=&#8221;vc_col-lg-12 vc_col-md-4&#8243; animation_type=&#8221;fadeInUp&#8221;]<a class=\"porto-sicon-box-link\" href=\"https:\/\/locatheart.com\/pl\/kurs-tlumaczenie\/\" title='KURS MAILOWY: PODSTAWY T\u0141UMACZE\u0143 BIZNESOWYCH'><div class=\"porto-sicon-box  vc_custom_1701345040662 h-100 hover-effect-1 background-color-light py-5 p-l-lg p-r-lg mb-0 style_1 left-icon\"><div class=\"porto-sicon-left\"><div id=\"porto-icon-124295714069f3704b70bc3\" class=\"porto-just-icon-wrapper\" style=\"text-align:center;\"><div class=\"porto-sicon-img \" style=\"display:inline-block;font-size: 60px;\"><img class=\"img-icon\" alt=\"\" src=\"https:\/\/locatheart.com\/wp-content\/uploads\/2020\/10\/icons8-language-64.png\" width=\"64\" height=\"64\" \/><\/div><\/div><\/div><div class=\"porto-sicon-body\"><div class=\"porto-sicon-header\" ><h3 class=\"porto-sicon-title\" style=\"font-weight:700;font-size:1.3125rem;line-height:1.4;\">KURS MAILOWY: PODSTAWY T\u0141UMACZE\u0143 BIZNESOWYCH<\/h3><\/div> <!-- header --><div class=\"porto-sicon-description\" style=\"\">Dowiedz si\u0119, czym s\u0105 t\u0142umaczenia biznesowe, z jakich element\u00f3w si\u0119 sk\u0142adaj\u0105 i jak efektywnie nimi zarz\u0105dza\u0107. Naucz si\u0119 wycenia\u0107 projekty i zwi\u0119ksz swoj\u0105 wydajno\u015b\u0107.<\/div> <!-- description --><\/div><\/div><!-- porto-sicon-box --><\/a>[\/vc_column_inner][\/vc_row_inner][vc_row_inner el_class=&#8221;justify-content-center cards-medical-services&#8221;][vc_column_inner el_class=&#8221;col-sm-6 m-b-lg&#8221; animation_delay=&#8221;500&#8243; offset=&#8221;vc_col-lg-12 vc_col-md-4&#8243; animation_type=&#8221;fadeInUp&#8221;]<a class=\"porto-sicon-box-link\" href=\"https:\/\/locatheart.com\/pl\/wiedza\/podstawy-wielojezycznego-seo\/\" title='PODSTAWY WIELOJ\u0118ZYCZNEGO SEO'><div class=\"porto-sicon-box  vc_custom_1701340874373 h-100 hover-effect-1 background-color-light py-5 p-l-lg p-r-lg mb-0 style_1 left-icon\"><div class=\"porto-sicon-left\"><div id=\"porto-icon-52213525669f3704b710f7\" class=\"porto-just-icon-wrapper\" style=\"text-align:center;\"><div class=\"porto-sicon-img \" style=\"display:inline-block;font-size: 60px;\"><img class=\"img-icon\" alt=\"\" src=\"https:\/\/locatheart.com\/wp-content\/uploads\/2020\/10\/icons8-language-64.png\" width=\"64\" height=\"64\" \/><\/div><\/div><\/div><div class=\"porto-sicon-body\"><div class=\"porto-sicon-header\" ><h3 class=\"porto-sicon-title\" style=\"font-weight:700;font-size:1.3125rem;line-height:1.4;\">PODSTAWY WIELOJ\u0118ZYCZNEGO SEO<\/h3><\/div> <!-- header --><div class=\"porto-sicon-description\" style=\"\">Zwi\u0119ksz swoj\u0105 widoczno\u015b\u0107 w sieci dzi\u0119ki wieloj\u0119zycznemu SEO! Jest to zbi\u00f3r niebywale skutecznych metod, dzi\u0119ki kt\u00f3rym zoptymalizujesz swoje tre\u015bci niezale\u017cnie od wersji j\u0119zykowej, w kt\u00f3rej je stworzono. Odkryj tajniki wieloj\u0119zycznego SEO i dowiedz si\u0119, jakie korzy\u015bci mo\u017ce przynie\u015b\u0107 Twojej firmie.<\/div> <!-- description --><\/div><\/div><!-- porto-sicon-box --><\/a>[\/vc_column_inner][\/vc_row_inner][\/vc_column][\/vc_row]<\/p>\n","protected":false},"excerpt":{"rendered":"<p>[vc_row full_width=&#8221;stretch_row&#8221; wrap_container=&#8221;yes&#8221; el_class=&#8221;py-5 background-color-primary bg-attach-fixed section-angled-layer-bottom&#8221; css=&#8221;.vc_custom_1601544222299{background-image: url(https:\/\/locatheart.com\/wp-content\/uploads\/2020\/10\/medical2-bg-3-orange.jpg?id=2769) !important;background-position: center !important;background-repeat: no-repeat !important;background-size: cover !important;}&#8221;][vc_column][vc_row_inner][vc_column_inner][vc_custom_heading text=&#8221;&#8221; font_container=&#8221;tag:p|text_align:center&#8221; use_theme_fonts=&#8221;yes&#8221; skin=&#8221;light&#8221; el_class=&#8221;mb-0 pt-4&#8243; animation_type=&#8221;fadeIn&#8221;][vc_custom_heading text=&#8221;W\u0119z\u0142y wiedzy&#8221; font_container=&#8221;tag:h2|font_size:1.8em|text_align:center|line_height:1&#8243; use_theme_fonts=&#8221;yes&#8221; skin=&#8221;light&#8221; animation_delay=&#8221;100&#8243; el_class=&#8221;mb-2&#8243; animation_type=&#8221;fadeInUp&#8221;][vc_custom_heading text=&#8221;Przygotuj si\u0119 do komunikacji wieloj\u0119zycznej online!&#8221; font_container=&#8221;tag:p|text_align:center&#8221; use_theme_fonts=&#8221;yes&#8221; skin=&#8221;light&#8221; animation_delay=&#8221;300&#8243; animation_type=&#8221;fadeInUp&#8221; el_class=&#8221;mb-5&#8243;][\/vc_column_inner][\/vc_row_inner][vc_row_inner el_class=&#8221;justify-content-center cards-medical-services&#8221;][vc_column_inner el_class=&#8221;col-sm-6 m-b-lg&#8221; animation_delay=&#8221;500&#8243; offset=&#8221;vc_col-lg-12 vc_col-md-4&#8243; animation_type=&#8221;fadeInUp&#8221;][\/vc_column_inner][\/vc_row_inner][vc_row_inner el_class=&#8221;justify-content-center cards-medical-services&#8221;][vc_column_inner el_class=&#8221;col-sm-6 m-b-lg&#8221; [&hellip;]<\/p>\n","protected":false},"author":2,"featured_media":0,"parent":0,"menu_order":0,"comment_status":"closed","ping_status":"closed","template":"","meta":{"inline_featured_image":false},"yoast_head":"<!-- This site is optimized with the Yoast SEO plugin v15.3 - https:\/\/yoast.com\/wordpress\/plugins\/seo\/ -->\n<title>Wiedza - LocAtHeart translation agency<\/title>\n<meta name=\"robots\" content=\"index, follow, max-snippet:-1, max-image-preview:large, max-video-preview:-1\" \/>\n<link rel=\"canonical\" href=\"https:\/\/locatheart.com\/pl\/wiedza\/\" \/>\n<meta property=\"og:locale\" content=\"pl_PL\" \/>\n<meta property=\"og:type\" content=\"article\" \/>\n<meta property=\"og:title\" content=\"Wiedza - LocAtHeart translation agency\" \/>\n<meta property=\"og:description\" content=\"[vc_row full_width=&#8221;stretch_row&#8221; wrap_container=&#8221;yes&#8221; el_class=&#8221;py-5 background-color-primary bg-attach-fixed section-angled-layer-bottom&#8221; css=&#8221;.vc_custom_1601544222299{background-image: url(https:\/\/locatheart.com\/wp-content\/uploads\/2020\/10\/medical2-bg-3-orange.jpg?id=2769) !important;background-position: center !important;background-repeat: no-repeat !important;background-size: cover !important;}&#8221;][vc_column][vc_row_inner][vc_column_inner][vc_custom_heading text=&#8221;&#8221; font_container=&#8221;tag:p|text_align:center&#8221; use_theme_fonts=&#8221;yes&#8221; skin=&#8221;light&#8221; el_class=&#8221;mb-0 pt-4&#8243; animation_type=&#8221;fadeIn&#8221;][vc_custom_heading text=&#8221;W\u0119z\u0142y wiedzy&#8221; font_container=&#8221;tag:h2|font_size:1.8em|text_align:center|line_height:1&#8243; use_theme_fonts=&#8221;yes&#8221; skin=&#8221;light&#8221; animation_delay=&#8221;100&#8243; el_class=&#8221;mb-2&#8243; animation_type=&#8221;fadeInUp&#8221;][vc_custom_heading text=&#8221;Przygotuj si\u0119 do komunikacji wieloj\u0119zycznej online!&#8221; font_container=&#8221;tag:p|text_align:center&#8221; use_theme_fonts=&#8221;yes&#8221; skin=&#8221;light&#8221; animation_delay=&#8221;300&#8243; animation_type=&#8221;fadeInUp&#8221; el_class=&#8221;mb-5&#8243;][\/vc_column_inner][\/vc_row_inner][vc_row_inner el_class=&#8221;justify-content-center cards-medical-services&#8221;][vc_column_inner el_class=&#8221;col-sm-6 m-b-lg&#8221; animation_delay=&#8221;500&#8243; offset=&#8221;vc_col-lg-12 vc_col-md-4&#8243; animation_type=&#8221;fadeInUp&#8221;][\/vc_column_inner][\/vc_row_inner][vc_row_inner el_class=&#8221;justify-content-center cards-medical-services&#8221;][vc_column_inner el_class=&#8221;col-sm-6 m-b-lg&#8221; [&hellip;]\" \/>\n<meta property=\"og:url\" content=\"https:\/\/locatheart.com\/pl\/wiedza\/\" \/>\n<meta property=\"og:site_name\" content=\"LocAtHeart translation agency\" \/>\n<meta property=\"article:modified_time\" content=\"2023-11-30T11:50:43+00:00\" \/>\n<meta property=\"og:image\" content=\"https:\/\/locatheart.com\/wp-content\/uploads\/2022\/06\/locatheart_pion.png\" \/>\n\t<meta property=\"og:image:width\" content=\"600\" \/>\n\t<meta property=\"og:image:height\" content=\"600\" \/>\n<meta name=\"twitter:card\" content=\"summary_large_image\" \/>\n<meta name=\"twitter:label1\" content=\"Written by\">\n\t<meta name=\"twitter:data1\" content=\"d.turlinski\">\n\t<meta name=\"twitter:label2\" content=\"Est. reading time\">\n\t<meta name=\"twitter:data2\" content=\"2 minuty\">\n<!-- \/ Yoast SEO plugin. -->","_links":{"self":[{"href":"https:\/\/locatheart.com\/pl\/wp-json\/wp\/v2\/pages\/3714\/"}],"collection":[{"href":"https:\/\/locatheart.com\/pl\/wp-json\/wp\/v2\/pages\/"}],"about":[{"href":"https:\/\/locatheart.com\/pl\/wp-json\/wp\/v2\/types\/page\/"}],"author":[{"embeddable":true,"href":"https:\/\/locatheart.com\/pl\/wp-json\/wp\/v2\/users\/2\/"}],"replies":[{"embeddable":true,"href":"https:\/\/locatheart.com\/pl\/wp-json\/wp\/v2\/comments\/?post=3714"}],"version-history":[{"count":24,"href":"https:\/\/locatheart.com\/pl\/wp-json\/wp\/v2\/pages\/3714\/revisions\/"}],"predecessor-version":[{"id":10614,"href":"https:\/\/locatheart.com\/pl\/wp-json\/wp\/v2\/pages\/3714\/revisions\/10614\/"}],"wp:attachment":[{"href":"https:\/\/locatheart.com\/pl\/wp-json\/wp\/v2\/media\/?parent=3714"}],"curies":[{"name":"wp","href":"https:\/\/api.w.org\/{rel}","templated":true}]}}