{"id":3751,"date":"2020-11-10T15:18:18","date_gmt":"2020-11-10T14:18:18","guid":{"rendered":"https:\/\/locatheart.com\/o-nas\/"},"modified":"2023-05-19T13:23:17","modified_gmt":"2023-05-19T11:23:17","slug":"o-nas","status":"publish","type":"page","link":"https:\/\/locatheart.com\/pl\/o-nas\/","title":{"rendered":"O nas"},"content":{"rendered":"<p>[vc_row wrap_container=&#8221;yes&#8221; el_class=&#8221;p-t-xxl&#8221; css=&#8221;.vc_custom_1603110548373{padding-top: 100px !important;padding-bottom: 80px !important;}&#8221;][vc_column width=&#8221;5\/6&#8243; offset=&#8221;vc_col-sm-offset-1&#8243;]<div class=\"porto-carousel owl-carousel has-ccols ccols-1 stage-margin\" data-plugin-options=\"{&quot;stagePadding&quot;:40,&quot;margin&quot;:10,&quot;autoplay&quot;:&quot;yes&quot;,&quot;autoplayTimeout&quot;:5000,&quot;autoplayHoverPause&quot;:false,&quot;items&quot;:1,&quot;lg&quot;:1,&quot;md&quot;:1,&quot;sm&quot;:1,&quot;xs&quot;:1,&quot;nav&quot;:false,&quot;dots&quot;:false,&quot;animateIn&quot;:&quot;&quot;,&quot;animateOut&quot;:&quot;&quot;,&quot;loop&quot;:&quot;yes&quot;,&quot;center&quot;:false,&quot;video&quot;:false,&quot;lazyLoad&quot;:false,&quot;fullscreen&quot;:false}\"><h1 class=\"word-rotator slide short\" data-appear-animation=\"fadeInUp\" style=\"font-size:32px;text-align:center;\" data-plugin-options=\"{'waittime': 2500, 'pauseOnHover': false}\"><span class=\"word-rotate-prefix\" style=\"font-weight:700;font-size:32px !important;\">Twoja firma<\/span> <span class=\"word-rotator-items has-bg\" style=\"font-family:&#039;Open Sans&#039;;font-weight:700;color:#ffffff;background:#f64600;\"><b class=\"active\">po\u015bwi\u0119ca<\/b><\/span> <span class=\"word-rotate-suffix\" style=\"font-weight:700;font-size:32px !important;\">wiele czasu, by przygotowa\u0107 \u015bwietne tre\u015bci.<\/span><\/h1><h1 class=\"word-rotator slide short\" data-appear-animation=\"fadeInUp\" style=\"font-size:32px;text-align:center;\" data-plugin-options=\"{'waittime': 2500, 'pauseOnHover': false}\"><span class=\"word-rotate-prefix\" style=\"font-weight:700;font-size:32px !important;\">Nowe wersje j\u0119zykowe tych tre\u015bci tw\u00f3rz<\/span> <span class=\"word-rotator-items has-bg\" style=\"font-family:&#039;Open Sans&#039;;font-weight:700;color:#ffffff;background:#f64600;\"><b class=\"active\">z takim samym zaanga\u017cowaniem!<\/b><\/span><\/h1><\/div>[\/vc_column][\/vc_row][vc_row full_width=&#8221;stretch_row&#8221; css_animation=&#8221;none&#8221; wrap_container=&#8221;yes&#8221; is_section=&#8221;yes&#8221; remove_margin_top=&#8221;yes&#8221; remove_margin_bottom=&#8221;yes&#8221; remove_padding_top=&#8221;yes&#8221; remove_border=&#8221;yes&#8221; el_class=&#8221;p-t-xxl row-align-items-center&#8221; css=&#8221;.vc_custom_1603196825392{padding-top: 100px !important;padding-bottom: 100px !important;}&#8221; animation_type=&#8221;fadeIn&#8221;][vc_column css=&#8221;.vc_custom_1603182793790{padding-right: 0px !important;padding-left: 0px !important;}&#8221; offset=&#8221;vc_col-lg-offset-1 vc_col-lg-10 vc_col-xs-12&#8243;][vc_custom_heading text=&#8221;Jeste\u015bmy agencj\u0105 t\u0142umacze\u0144&#8221; font_container=&#8221;tag:h2|font_size:24|text_align:center|line_height:1&#8243; google_fonts=&#8221;font_family:Open%20Sans%3A300%2C300italic%2Cregular%2Citalic%2C600%2C600italic%2C700%2C700italic%2C800%2C800italic|font_style:700%20bold%20regular%3A700%3Anormal&#8221;][vc_column_text]W cyfrowej rzeczywisto\u015bci \u00a0ludzie wci\u0105\u017c u\u017cywaj\u0105 s\u0142\u00f3w, by dzieli\u0107 si\u0119 tym, co dla nich wa\u017cne.<\/p>\n<p>\u015awiat jest w ci\u0105g\u0142ym ruchu, ale pewne sprawy pozostaj\u0105 niezmienne \u2013 chcemy tworzy\u0107 relacje, uczy\u0107 si\u0119 i pr\u00f3bowa\u0107 nowo\u015bci.<\/p>\n<p>Osoby z ka\u017cdego zak\u0105tka globu czekaj\u0105 na Twoje tre\u015bci \u2013 trafne, anga\u017cuj\u0105ce, takie, z kt\u00f3rymi mog\u0105 si\u0119 uto\u017csamia\u0107. Starasz si\u0119 nawi\u0105za\u0107 dialog z odbiorcami. Ale je\u015bli naprawd\u0119 chcesz do nich dotrze\u0107, przede wszystkim pozw\u00f3l im zrozumie\u0107 to, co masz do powiedzenia.[\/vc_column_text][\/vc_column][\/vc_row][vc_row full_width=&#8221;stretch_row&#8221; equal_height=&#8221;yes&#8221; wrap_container=&#8221;yes&#8221; css=&#8221;.vc_custom_1663067951992{border-top-width: 1px !important;padding-top: 75px !important;padding-bottom: 75px !important;border-top-color: rgba(0,0,0,0.06) !important;border-top-style: solid !important;}&#8221; animation_type=&#8221;fadeInUp&#8221;][vc_column][vc_column_text]W <strong>loc<\/strong>at<strong>heart <\/strong>wspieramy firmy w ekspansji mi\u0119dzynarodowej. Skupiamy si\u0119 na pi\u0119ciu obszarach:[\/vc_column_text][vc_row_inner el_class=&#8221;justify-content-center&#8221;][vc_column_inner el_class=&#8221;content-grid-item&#8221; width=&#8221;1\/2&#8243; animation_delay=&#8221;200&#8243; offset=&#8221;vc_col-md-4&#8243; animation_type=&#8221;fadeIn&#8221;]<div class=\"porto-sicon-box  vc_custom_1606915367290 style_1 top-icon\"><div class=\"porto-sicon-top\"><div id=\"porto-icon-171465196569e4a54eba7fc\" class=\"porto-just-icon-wrapper\" style=\"text-align:center;\"><div class=\"porto-icon none\" style=\"color:#f64600;font-size:64px;display:inline-block;\"><i class=\"Simple-Line-Icons-briefcase\"><\/i><\/div><\/div><\/div><div class=\"porto-sicon-header\" ><h3 class=\"porto-sicon-title\" style=\"font-weight:600;font-size:21px;line-height:24px;color:#212529;\">Klienci<\/h3><\/div> <!-- header --><div class=\"porto-sicon-description\" style=\"\">Ka\u017cda firma jest inna, podobnie jak ka\u017cdy projekt t\u0142umaczeniowy. Uwa\u017cnie s\u0142uchamy, by pozna\u0107 Twoje potrzeby i oczekiwania. To Ty znasz je najlepiej.<\/div> <!-- description --><\/div><!-- porto-sicon-box -->[\/vc_column_inner][vc_column_inner el_class=&#8221;content-grid-item&#8221; width=&#8221;1\/2&#8243; animation_delay=&#8221;300&#8243; offset=&#8221;vc_col-md-4&#8243; animation_type=&#8221;fadeIn&#8221;]<div class=\"porto-sicon-box  vc_custom_1606915385436 style_1 top-icon\"><div class=\"porto-sicon-top\"><div id=\"porto-icon-170139202969e4a54eba9a8\" class=\"porto-just-icon-wrapper\" style=\"text-align:center;\"><div class=\"porto-icon none\" style=\"color:#f64600;font-size:64px;display:inline-block;\"><i class=\"Simple-Line-Icons-eye\"><\/i><\/div><\/div><\/div><div class=\"porto-sicon-header\" ><h3 class=\"porto-sicon-title\" style=\"font-weight:600;font-size:21px;line-height:24px;color:#212529;\">Odbiorcy<\/h3><\/div> <!-- header --><div class=\"porto-sicon-description\" style=\"\">Ka\u017cda firma, ka\u017cdy rynek i ka\u017cda kampania to zupe\u0142nie inna grupa odbiorc\u00f3w. W pracy zawsze pami\u0119tamy o tym, kto b\u0119dzie u\u017cytkownikiem ko\u0144cowym tre\u015bci.<\/div> <!-- description --><\/div><!-- porto-sicon-box -->[\/vc_column_inner][vc_column_inner el_class=&#8221;content-grid-item&#8221; width=&#8221;1\/2&#8243; animation_delay=&#8221;400&#8243; offset=&#8221;vc_col-md-4&#8243; animation_type=&#8221;fadeIn&#8221;]<div class=\"porto-sicon-box  vc_custom_1606915422763 style_1 top-icon\"><div class=\"porto-sicon-top\"><div id=\"porto-icon-49938212269e4a54ebab18\" class=\"porto-just-icon-wrapper\" style=\"text-align:center;\"><div class=\"porto-icon none\" style=\"color:#f64600;font-size:64px;display:inline-block;\"><i class=\"Simple-Line-Icons-like\"><\/i><\/div><\/div><\/div><div class=\"porto-sicon-header\" ><h3 class=\"porto-sicon-title\" style=\"font-weight:600;font-size:21px;line-height:24px;color:#212529;\">Jako\u015b\u0107<\/h3><\/div> <!-- header --><div class=\"porto-sicon-description\" style=\"\">W biznesie jako\u015b\u0107 nale\u017cy \u015bwiadomie zdefiniowa\u0107. Dla ka\u017cdego projektu lub grupy projekt\u00f3w mo\u017ce ona mie\u0107 inne kryteria. Pomo\u017cemy Ci okre\u015bli\u0107 potrzeby Twojej marki, a potem zrealizujemy przyj\u0119te za\u0142o\u017cenia.<\/div> <!-- description --><\/div><!-- porto-sicon-box -->[\/vc_column_inner][vc_column_inner el_class=&#8221;content-grid-item&#8221; width=&#8221;1\/2&#8243; animation_delay=&#8221;200&#8243; offset=&#8221;vc_col-md-4&#8243; animation_type=&#8221;fadeIn&#8221;]<div class=\"porto-sicon-box  vc_custom_1606915403747 style_1 top-icon\"><div class=\"porto-sicon-top\"><div id=\"porto-icon-34048108269e4a54ebac77\" class=\"porto-just-icon-wrapper\" style=\"text-align:center;\"><div class=\"porto-icon none\" style=\"color:#f64600;font-size:64px;display:inline-block;\"><i class=\"Simple-Line-Icons-globe-alt\"><\/i><\/div><\/div><\/div><div class=\"porto-sicon-header\" ><h3 class=\"porto-sicon-title\" style=\"font-weight:600;font-size:21px;line-height:24px;color:#212529;\">Rynki<\/h3><\/div> <!-- header --><div class=\"porto-sicon-description\" style=\"\">Nasi j\u0119zykowcy pracuj\u0105 w swoich j\u0119zykach ojczystych i mieszkaj\u0105 w krajach, na kt\u00f3rych rynki t\u0142umacz\u0105 i pisz\u0105. Dzi\u0119ki temu zapewniamy dopasowanie tre\u015bci do aktualnej sytuacji i trend\u00f3w na ka\u017cdym rynku.<\/div> <!-- description --><\/div><!-- porto-sicon-box -->[\/vc_column_inner][vc_column_inner el_class=&#8221;content-grid-item&#8221; width=&#8221;1\/2&#8243; animation_delay=&#8221;300&#8243; offset=&#8221;vc_col-md-4&#8243; animation_type=&#8221;fadeIn&#8221;]<div class=\"porto-sicon-box  vc_custom_1684424974075 style_1 top-icon\"><div class=\"porto-sicon-top\"><div id=\"porto-icon-106105232869e4a54ebadc8\" class=\"porto-just-icon-wrapper\" style=\"text-align:center;\"><div class=\"porto-icon none\" style=\"color:#f64600;font-size:64px;display:inline-block;\"><i class=\"Simple-Line-Icons-magic-wand\"><\/i><\/div><\/div><\/div><div class=\"porto-sicon-header\" ><h3 class=\"porto-sicon-title\" style=\"font-weight:600;font-size:21px;line-height:24px;color:#212529;\">Narz\u0119dzia<\/h3><\/div> <!-- header --><div class=\"porto-sicon-description\" style=\"\">Technologia t\u0142umaczeniowa jest w rozkwicie. Oprogramowanie wspieraj\u0105ce t\u0142umaczenia (CAT), zautomatyzowana kontrola jako\u015bci, t\u0142umaczenia maszynowe, systemy zarz\u0105dzania t\u0142umaczeniami i tre\u015bci\u0105 (TMS i CMS) oraz liczne wtyczki do oprogramowania to szeroka oferta, z kt\u00f3rej wybieramy rozwi\u0105zanie najlepsze dla Twoich projekt\u00f3w.<\/div> <!-- description --><\/div><!-- porto-sicon-box -->[\/vc_column_inner][\/vc_row_inner][\/vc_column][\/vc_row][vc_row full_width=&#8221;stretch_row&#8221; equal_height=&#8221;yes&#8221; wrap_container=&#8221;yes&#8221; css=&#8221;.vc_custom_1603196623232{border-top-width: 1px !important;padding-top: 75px !important;padding-bottom: 75px !important;background-color: #f4f4f4 !important;border-top-color: rgba(0,0,0,0.06) !important;border-top-style: solid !important;}&#8221; animation_type=&#8221;fadeInUp&#8221;][vc_column][vc_column_text]Wraz ze zmianami technologicznymi zmienia si\u0119 rola agencji t\u0142umacze\u0144. Pojawiaj\u0105 si\u0119 nieznane wcze\u015bniej us\u0142ugi, a inne zyskuj\u0105 nowe kszta\u0142ty. W\u0142a\u015bnie w takim dynamicznie przeobra\u017caj\u0105cym si\u0119 \u015brodowisku w 2015 roku powsta\u0142a firma <strong>loc<\/strong>at<strong>heart <\/strong>\u2013 nowoczesna agencja t\u0142umacze\u0144 wykorzystuj\u0105ca innowacyjne narz\u0119dzia.<\/p>\n<p>Je\u015bli planujesz projekty t\u0142umaczeniowe albo tworzenie wieloj\u0119zycznych tre\u015bci, <a href=\"https:\/\/locatheart.com\/pl\/kontakt\/\">napisz do nas<\/a>. W odpowiedzi przedstawimy Ci propozycje konkretnych rozwi\u0105za\u0144.<\/p>\n<p>To Ty znasz si\u0119 najlepiej na swoim biznesie. Nie musisz zna\u0107 si\u0119 na us\u0142ugach j\u0119zykowych. Dlatego wystarczy, \u017ce okre\u015blisz cel, kt\u00f3ry chcesz osi\u0105gn\u0105\u0107, a my dopasujemy do niego us\u0142ugi i procesy, np. t\u0142umaczenia, copywriting wieloj\u0119zyczny, transkreacj\u0119 i redakcj\u0119 tre\u015bci, wieloj\u0119zyczne SEO, wieloj\u0119zyczn\u0105 optymalizacj\u0119 g\u0142osow\u0105, aktualizacj\u0119 tre\u015bci albo zarz\u0105dzanie tre\u015bciami.[\/vc_column_text][\/vc_column][\/vc_row]<\/p>\n","protected":false},"excerpt":{"rendered":"<p>[vc_row wrap_container=&#8221;yes&#8221; el_class=&#8221;p-t-xxl&#8221; css=&#8221;.vc_custom_1603110548373{padding-top: 100px !important;padding-bottom: 80px !important;}&#8221;][vc_column width=&#8221;5\/6&#8243; offset=&#8221;vc_col-sm-offset-1&#8243;][\/vc_column][\/vc_row][vc_row full_width=&#8221;stretch_row&#8221; css_animation=&#8221;none&#8221; wrap_container=&#8221;yes&#8221; is_section=&#8221;yes&#8221; remove_margin_top=&#8221;yes&#8221; remove_margin_bottom=&#8221;yes&#8221; remove_padding_top=&#8221;yes&#8221; remove_border=&#8221;yes&#8221; el_class=&#8221;p-t-xxl row-align-items-center&#8221; css=&#8221;.vc_custom_1603196825392{padding-top: 100px !important;padding-bottom: 100px !important;}&#8221; animation_type=&#8221;fadeIn&#8221;][vc_column css=&#8221;.vc_custom_1603182793790{padding-right: 0px !important;padding-left: 0px !important;}&#8221; offset=&#8221;vc_col-lg-offset-1 vc_col-lg-10 vc_col-xs-12&#8243;][vc_custom_heading text=&#8221;Jeste\u015bmy agencj\u0105 t\u0142umacze\u0144&#8221; font_container=&#8221;tag:h2|font_size:24|text_align:center|line_height:1&#8243; google_fonts=&#8221;font_family:Open%20Sans%3A300%2C300italic%2Cregular%2Citalic%2C600%2C600italic%2C700%2C700italic%2C800%2C800italic|font_style:700%20bold%20regular%3A700%3Anormal&#8221;][vc_column_text]W cyfrowej rzeczywisto\u015bci \u00a0ludzie wci\u0105\u017c u\u017cywaj\u0105 s\u0142\u00f3w, by dzieli\u0107 si\u0119 tym, co dla nich wa\u017cne. \u015awiat jest [&hellip;]<\/p>\n","protected":false},"author":2,"featured_media":0,"parent":0,"menu_order":0,"comment_status":"closed","ping_status":"closed","template":"","meta":{"inline_featured_image":false},"yoast_head":"<!-- This site is optimized with the Yoast SEO plugin v15.3 - https:\/\/yoast.com\/wordpress\/plugins\/seo\/ -->\n<title>O nas - LocAtHeart translation agency<\/title>\n<meta name=\"robots\" content=\"index, follow, max-snippet:-1, max-image-preview:large, max-video-preview:-1\" \/>\n<link rel=\"canonical\" href=\"https:\/\/locatheart.com\/pl\/o-nas\/\" \/>\n<meta property=\"og:locale\" content=\"pl_PL\" \/>\n<meta property=\"og:type\" content=\"article\" \/>\n<meta property=\"og:title\" content=\"O nas - LocAtHeart translation agency\" \/>\n<meta property=\"og:description\" content=\"[vc_row wrap_container=&#8221;yes&#8221; el_class=&#8221;p-t-xxl&#8221; css=&#8221;.vc_custom_1603110548373{padding-top: 100px !important;padding-bottom: 80px !important;}&#8221;][vc_column width=&#8221;5\/6&#8243; offset=&#8221;vc_col-sm-offset-1&#8243;][\/vc_column][\/vc_row][vc_row full_width=&#8221;stretch_row&#8221; css_animation=&#8221;none&#8221; wrap_container=&#8221;yes&#8221; is_section=&#8221;yes&#8221; remove_margin_top=&#8221;yes&#8221; remove_margin_bottom=&#8221;yes&#8221; remove_padding_top=&#8221;yes&#8221; remove_border=&#8221;yes&#8221; el_class=&#8221;p-t-xxl row-align-items-center&#8221; css=&#8221;.vc_custom_1603196825392{padding-top: 100px !important;padding-bottom: 100px !important;}&#8221; animation_type=&#8221;fadeIn&#8221;][vc_column css=&#8221;.vc_custom_1603182793790{padding-right: 0px !important;padding-left: 0px !important;}&#8221; offset=&#8221;vc_col-lg-offset-1 vc_col-lg-10 vc_col-xs-12&#8243;][vc_custom_heading text=&#8221;Jeste\u015bmy agencj\u0105 t\u0142umacze\u0144&#8221; font_container=&#8221;tag:h2|font_size:24|text_align:center|line_height:1&#8243; google_fonts=&#8221;font_family:Open%20Sans%3A300%2C300italic%2Cregular%2Citalic%2C600%2C600italic%2C700%2C700italic%2C800%2C800italic|font_style:700%20bold%20regular%3A700%3Anormal&#8221;][vc_column_text]W cyfrowej rzeczywisto\u015bci \u00a0ludzie wci\u0105\u017c u\u017cywaj\u0105 s\u0142\u00f3w, by dzieli\u0107 si\u0119 tym, co dla nich wa\u017cne. \u015awiat jest [&hellip;]\" \/>\n<meta property=\"og:url\" content=\"https:\/\/locatheart.com\/pl\/o-nas\/\" \/>\n<meta property=\"og:site_name\" content=\"LocAtHeart translation agency\" \/>\n<meta property=\"article:modified_time\" content=\"2023-05-19T11:23:17+00:00\" \/>\n<meta property=\"og:image\" content=\"https:\/\/locatheart.com\/wp-content\/uploads\/2022\/06\/locatheart_pion.png\" \/>\n\t<meta property=\"og:image:width\" content=\"600\" \/>\n\t<meta property=\"og:image:height\" content=\"600\" \/>\n<meta name=\"twitter:card\" content=\"summary_large_image\" \/>\n<meta name=\"twitter:label1\" content=\"Written by\">\n\t<meta name=\"twitter:data1\" content=\"d.turlinski\">\n\t<meta name=\"twitter:label2\" content=\"Est. reading time\">\n\t<meta name=\"twitter:data2\" content=\"5 minut\">\n<!-- \/ Yoast SEO plugin. -->","_links":{"self":[{"href":"https:\/\/locatheart.com\/pl\/wp-json\/wp\/v2\/pages\/3751\/"}],"collection":[{"href":"https:\/\/locatheart.com\/pl\/wp-json\/wp\/v2\/pages\/"}],"about":[{"href":"https:\/\/locatheart.com\/pl\/wp-json\/wp\/v2\/types\/page\/"}],"author":[{"embeddable":true,"href":"https:\/\/locatheart.com\/pl\/wp-json\/wp\/v2\/users\/2\/"}],"replies":[{"embeddable":true,"href":"https:\/\/locatheart.com\/pl\/wp-json\/wp\/v2\/comments\/?post=3751"}],"version-history":[{"count":28,"href":"https:\/\/locatheart.com\/pl\/wp-json\/wp\/v2\/pages\/3751\/revisions\/"}],"predecessor-version":[{"id":3917,"href":"https:\/\/locatheart.com\/pl\/wp-json\/wp\/v2\/pages\/3751\/revisions\/3917\/"}],"wp:attachment":[{"href":"https:\/\/locatheart.com\/pl\/wp-json\/wp\/v2\/media\/?parent=3751"}],"curies":[{"name":"wp","href":"https:\/\/api.w.org\/{rel}","templated":true}]}}