{"id":3768,"date":"2020-11-12T11:46:46","date_gmt":"2020-11-12T10:46:46","guid":{"rendered":"https:\/\/locatheart.com\/kontakt\/"},"modified":"2025-06-16T10:53:03","modified_gmt":"2025-06-16T08:53:03","slug":"kontakt","status":"publish","type":"page","link":"https:\/\/locatheart.com\/pl\/kontakt\/","title":{"rendered":"Kontakt"},"content":{"rendered":"<p>[vc_row full_width=&#8221;stretch_row_content_no_spaces&#8221; disable_element=&#8221;yes&#8221;][vc_column][vc_cta h2=&#8221;Razem stw\u00f3rzmy co\u015b wyj\u0105tkowego!&#8221; h4=&#8221;Porozmawiajmy o potrzebach Twojej marki.&#8221; txt_align=&#8221;center&#8221; style=&#8221;outline&#8221; add_button=&#8221;bottom&#8221; btn_title=&#8221;Um\u00f3w bezp\u0142atn\u0105 konsultacj\u0119&#8221; btn_style=&#8221;outline&#8221; btn_shape=&#8221;rounded&#8221; btn_size=&#8221;xl&#8221; btn_align=&#8221;center&#8221; btn_i_icon_fontawesome=&#8221;fas fa-check-circle&#8221; btn_skin=&#8221;primary&#8221; btn_add_icon=&#8221;true&#8221; btn_link=&#8221;url:https%3A%2F%2Fcalendly.com%2Flocatheart|title:Chc%C4%99%20um%C3%B3wi%C4%87%20si%C4%99%20na%20bezp%C5%82atn%C4%85%20konsultacj%C4%99|target:%20_blank|&#8221;][\/vc_cta][\/vc_column][\/vc_row][vc_row wrap_container=&#8221;yes&#8221; el_class=&#8221;m-b-xl&#8221; css=&#8221;.vc_custom_1542188227814{padding-top: 50px !important;}&#8221;][vc_column text_align=&#8221;center&#8221;][vc_custom_heading text=&#8221;Nasza siedziba&#8221; font_container=&#8221;tag:h4|text_align:left&#8221; use_theme_fonts=&#8221;yes&#8221; skin=&#8221;primary&#8221;]<div class=\"porto-sicon-box style_1 default-icon\"><div class=\"porto-sicon-default\"><div id=\"porto-icon-212139479169e736ac5feb5\" class=\"porto-just-icon-wrapper\" style=\"text-align:center;\"><div class=\"porto-icon circle\" style=\"color:#ffffff;background:#f64600;font-size:14px;display:inline-block;\"><i class=\"fas fa-map-marker-alt\"><\/i><\/div><\/div><\/div><div class=\"porto-sicon-header\" ><h3 class=\"porto-sicon-title\" style=\"font-size:14px;color:#777777;\"><strong>Adres:<\/strong> ul. Heweliusza 11, 80-890 Gda\u0144sk, Polska<\/h3><\/div> <!-- header --><\/div><!-- porto-sicon-box --><div class=\"porto-sicon-box style_2 default-icon\"><div class=\"porto-sicon-default\"><div id=\"porto-icon-34175037469e736ac60464\" class=\"porto-just-icon-wrapper\" style=\"text-align:center;\"><div class=\"porto-icon circle\" style=\"color:#ffffff;background:#f64600;font-size:14px;display:inline-block;\"><i class=\"fas fa-phone\"><\/i><\/div><\/div><\/div><div class=\"porto-sicon-header\" ><a class=\"porto-sicon-box-link\" href=\"tel:+%2048%20730%20336%20602\"><h3 class=\"porto-sicon-title\" style=\"font-size:14px;color:#777777;\"><strong>Telefon:<\/strong> + 48 730 336 602<\/h3><\/a><\/div> <!-- header --><\/div><!-- porto-sicon-box --><div class=\"porto-sicon-box style_2 default-icon\"><div class=\"porto-sicon-default\"><div id=\"porto-icon-60829712169e736ac609e2\" class=\"porto-just-icon-wrapper\" style=\"text-align:center;\"><div class=\"porto-icon circle\" style=\"color:#ffffff;background:#f64600;font-size:14px;display:inline-block;\"><i class=\"far fa-envelope\"><\/i><\/div><\/div><\/div><div class=\"porto-sicon-header\" ><a class=\"porto-sicon-box-link\" href=\"mailto:info@locatheart.com\"><h3 class=\"porto-sicon-title\" style=\"font-size:14px;color:#777777;\"><strong>Email:<\/strong> info@locatheart.com<\/h3><\/a><p style=\"font-size:11px;\">Nie przyjmujemy zg\u0142osze\u0144 na sta\u017ce ani praktyki studenckie<\/p><\/div> <!-- header --><\/div><!-- porto-sicon-box -->[vc_separator color=&#8221;custom&#8221; gradient=&#8221;yes&#8221;][vc_custom_heading text=&#8221;Jeste\u015bmy w mediach spo\u0142eczno\u015bciowych!&#8221; font_container=&#8221;tag:h4|text_align:left&#8221; use_theme_fonts=&#8221;yes&#8221; skin=&#8221;primary&#8221;]<a class=\"porto-sicon-box-link\" href=\"https:\/\/www.facebook.com\/locatheart\" target='_blank'><div class=\"porto-sicon-box style_2 default-icon\"><div class=\"porto-sicon-default\"><div id=\"porto-icon-180098523369e736ac60f11\" class=\"porto-just-icon-wrapper\" style=\"text-align:center;\"><div class=\"porto-icon circle\" style=\"color:#ffffff;background:#f64600;font-size:14px;display:inline-block;\"><i class=\"fab fa-facebook-f\"><\/i><\/div><\/div><\/div><div class=\"porto-sicon-header\" ><h3 class=\"porto-sicon-title\" style=\"font-size:14px;color:#777777;\"><strong>Facebook<\/strong><\/h3><\/div> <!-- header --><\/div><!-- porto-sicon-box --><\/a><a class=\"porto-sicon-box-link\" href=\"https:\/\/www.linkedin.com\/company\/loc-at-heart\" target='_blank'><div class=\"porto-sicon-box style_2 default-icon\"><div class=\"porto-sicon-default\"><div id=\"porto-icon-193514542869e736ac61381\" class=\"porto-just-icon-wrapper\" style=\"text-align:center;\"><div class=\"porto-icon circle\" style=\"color:#ffffff;background:#f64600;font-size:14px;display:inline-block;\"><i class=\"Simple-Line-Icons-social-linkedin\"><\/i><\/div><\/div><\/div><div class=\"porto-sicon-header\" ><h3 class=\"porto-sicon-title\" style=\"font-size:14px;color:#777777;\"><strong>LinkedIn<\/strong><\/h3><\/div> <!-- header --><\/div><!-- porto-sicon-box --><\/a>[vc_separator color=&#8221;custom&#8221; gradient=&#8221;yes&#8221;][vc_custom_heading text=&#8221;Godziny pracy&#8221; font_container=&#8221;tag:h4|text_align:left&#8221; use_theme_fonts=&#8221;yes&#8221; skin=&#8221;primary&#8221;]<div class=\"porto-sicon-box style_1 default-icon\"><div class=\"porto-sicon-default\"><div id=\"porto-icon-56346408569e736ac6171c\" class=\"porto-just-icon-wrapper\" style=\"text-align:center;\"><div class=\"porto-icon none\" style=\"font-size:14px;display:inline-block;\"><i class=\"far fa-clock\"><\/i><\/div><\/div><\/div><div class=\"porto-sicon-header\" ><h3 class=\"porto-sicon-title\" style=\"font-size:14px;color:#777777;\">poniedzia\u0142ek - pi\u0105tek: 9:00 - 17:00 (CET)<\/h3><\/div> <!-- header --><\/div><!-- porto-sicon-box -->[vc_custom_heading text=&#8221;Informacje prawne:&#8221; font_container=&#8221;tag:h4|text_align:left&#8221; use_theme_fonts=&#8221;yes&#8221; skin=&#8221;primary&#8221;][vc_column_text]<\/p>\n<p style=\"text-align: left;\"><span style=\"font-size: 10px;\">Loc At Heart Sp\u00f3\u0142ka z o.o.<\/span><br \/>\n<span style=\"font-size: 10px;\">ul. Romualda Traugutta 115C<\/span><br \/>\n<span style=\"font-size: 10px;\">80-226 Gda\u0144sk<\/span><br \/>\n<span style=\"font-size: 10px;\">VAT ID: PL5842745654<\/span><\/p>\n<p style=\"text-align: left;\"><span style=\"font-size: 10px;\">Dodatkowe informacje:<\/span><br \/>\n<span style=\"font-size: 10px;\">S\u0105d Rejonowy Gda\u0144sk &#8211; P\u00f3\u0142noc w Gda\u0144sku VII Wydzia\u0142 Gospodarczy<\/span><br \/>\n<span style=\"font-size: 10px;\">KRS 0000591914, NIP 5842745654, REGON 36324174500000,<\/span><br \/>\n<span style=\"font-size: 10px;\">kapita\u0142\u00a0zak\u0142adowy\u00a05000,00\u00a0z\u0142,\u00a0wp\u0142acony\u00a0w\u00a0ca\u0142o\u015bci.<\/span><\/p>\n<p>[\/vc_column_text][\/vc_column][\/vc_row][vc_row full_width=&#8221;stretch_row_content_no_spaces&#8221; disable_element=&#8221;yes&#8221;][vc_column]<div id='wrap_map_69e736ac6422d' class='porto-map-wrapper porto-adjust-bottom-margin mb-0' style='height:400px;'><div id='map_69e736ac6422d' data-map_override='0' class='porto_google_map wpb_content_element ' style='width:100%;height:400px;'><\/div><\/div><script>\n(function($) {\n\t'use strict';\n\tjQuery(document).ready(function($) {\n\t\tif (typeof google == 'undefined') {\n\t\t\treturn;\n\t\t}\n\t\tvar map_map_69e736ac6422d = null;\n\t\tvar coordinate_map_69e736ac6422d;\n\t\ttry {\n\t\t\tcoordinate_map_69e736ac6422d=new google.maps.LatLng(40.75198, -73.96978);\n\t\t\tvar isDraggable = $(document).width() > 640 ? true : true;\n\t\t\tvar mapOptions = {\n\t\t\t\tzoom: 16,\n\t\t\t\tcenter: coordinate_map_69e736ac6422d,\n\t\t\t\tscaleControl: true,\n\t\t\t\tstreetViewControl: true,\n\t\t\t\tmapTypeControl: true,\n\t\t\t\tpanControl: true,\n\t\t\t\tzoomControl: true,\n\t\t\t\tscrollwheel: false,\n\t\t\t\tdraggable: isDraggable,\n\t\t\t\tzoomControlOptions: {\n\t\t\t\t\tposition: google.maps.ControlPosition.RIGHT_BOTTOM\n\t\t\t\t}, mapTypeControlOptions: {\n\t\t\t\t\t\tmapTypeIds: [google.maps.MapTypeId.ROADMAP, 'map_style']\n\t\t\t\t\t}};var styles = [\n    {\n        \"stylers\": [\n            {\n                \"hue\": \"#0088cc\"\n            }\n        ]\n    },\n    {\n        \"featureType\": \"road\",\n        \"elementType\": \"geometry\",\n        \"stylers\": [\n            {\n                \"lightness\": 0\n            },\n            {\n                \"visibility\": \"simplified\"\n            }\n        ]\n    },\n    {\n        \"featureType\": \"road\",\n        \"elementType\": \"labels\",\n        \"stylers\": [\n            {\n                \"visibility\": \"off\"\n            }\n        ]\n    }\n];\n\t\t\t\t\tvar styledMap = new google.maps.StyledMapType(styles,\n\t\t\t\t\t\t{name: \"Styled Map\"});var map_map_69e736ac6422d = new google.maps.Map(document.getElementById('map_69e736ac6422d'),mapOptions);map_map_69e736ac6422d.mapTypes.set('map_style', styledMap);\n\t\t\t\t\t\t map_map_69e736ac6422d.setMapTypeId('map_style');\n\t\t\t\t\tvar x = 'off';\n\t\t\t\t\tvar marker_map_69e736ac6422d = new google.maps.Marker({\n\t\t\t\t\tposition: new google.maps.LatLng(40.75198, -73.96978),\n\t\t\t\t\tanimation:  google.maps.Animation.DROP,\n\t\t\t\t\tmap: map_map_69e736ac6422d,\n\t\t\t\t\ticon: 'https:\/\/locatheart.com\/wp-content\/uploads\/2016\/06\/pin.png'\n\t\t\t\t});\n\t\t\t\tgoogle.maps.event.addListener(marker_map_69e736ac6422d, 'click', toggleBounce);var infowindow = new google.maps.InfoWindow();\n\t\t\t\t\t\tinfowindow.setContent('<div class=\"map_info_text\" style=\\'color:#000;\\'><strong>New York Office<\/strong> New York, NY 10017<\/div>');infowindow.open(map_map_69e736ac6422d,marker_map_69e736ac6422d);google.maps.event.addListener(marker_map_69e736ac6422d, 'click', function() {\n\t\t\t\t\t\t\tinfowindow.open(map_map_69e736ac6422d,marker_map_69e736ac6422d);\n\t\t\t\t\t\t});}\n\t\tcatch(e){};\n\t\tgoogle.maps.event.trigger(map_map_69e736ac6422d, 'resize');\n\t\t$(window).resize(function(){\n\t\t\tgoogle.maps.event.trigger(map_map_69e736ac6422d, 'resize');\n\t\t\tif(map_map_69e736ac6422d!=null) {\n\t\t\t\tmap_map_69e736ac6422d.setCenter(coordinate_map_69e736ac6422d);\n\t\t\t}\n\t\t});\n\t\t$('.ui-tabs').bind('tabsactivate', function(event, ui) {\n\t\t   if($(this).find('.porto-map-wrapper').length > 0)\n\t\t\t{\n\t\t\t\tsetTimeout(function(){\n\t\t\t\t\t$(window).trigger('resize');\n\t\t\t\t},200);\n\t\t\t}\n\t\t});\n\t\t$('.ui-accordion').bind('accordionactivate', function(event, ui) {\n\t\t\tif($(this).find('.porto-map-wrapper').length > 0) {\n\t\t\t\tsetTimeout(function(){\n\t\t\t\t\t$(window).trigger('resize');\n\t\t\t\t},200);\n\t\t\t}\n\t\t});\n\t\t$(window).load(function() {\n\t\t\tsetTimeout(function() {\n\t\t\t\t$(window).trigger('resize');\n\t\t\t},200);\n\t\t});\n\t\t$(document).on('onPortoModalPopupOpen', function(){\n\t\t\tif($(map_map_69e736ac6422d).parents('.porto_modal-content')) {\n\t\t\t\tsetTimeout(function(){\n\t\t\t\t\t$(window).trigger('resize');\n\t\t\t\t},200);\n\t\t\t}\n\t\t});\n\t\tfunction toggleBounce() {\n\t\t\tif (marker_map_69e736ac6422d.getAnimation() != null) {\n\t\t\t\tmarker_map_69e736ac6422d.setAnimation(null);\n\t\t\t} else {\n\t\t\t\tmarker_map_69e736ac6422d.setAnimation(google.maps.Animation.BOUNCE);\n\t\t\t}\n\t\t}\n\t});\n})(jQuery);\n<\/script>[\/vc_column][\/vc_row][vc_row][vc_column offset=&#8221;vc_col-lg-offset-1 vc_col-lg-10 vc_col-xs-12&#8243;][vc_empty_space height=&#8221;3.0em&#8221;][vc_column_text]Poznaj nasze <a href=\"https:\/\/locatheart.com\/pl\/uslugi\/\">us\u0142ugi<\/a>.<\/p>\n<p>[\/vc_column_text][\/vc_column][\/vc_row]<\/p>\n","protected":false},"excerpt":{"rendered":"<p>[vc_row full_width=&#8221;stretch_row_content_no_spaces&#8221; disable_element=&#8221;yes&#8221;][vc_column][vc_cta h2=&#8221;Razem stw\u00f3rzmy co\u015b wyj\u0105tkowego!&#8221; h4=&#8221;Porozmawiajmy o potrzebach Twojej marki.&#8221; txt_align=&#8221;center&#8221; style=&#8221;outline&#8221; add_button=&#8221;bottom&#8221; btn_title=&#8221;Um\u00f3w bezp\u0142atn\u0105 konsultacj\u0119&#8221; btn_style=&#8221;outline&#8221; btn_shape=&#8221;rounded&#8221; btn_size=&#8221;xl&#8221; btn_align=&#8221;center&#8221; btn_i_icon_fontawesome=&#8221;fas fa-check-circle&#8221; btn_skin=&#8221;primary&#8221; btn_add_icon=&#8221;true&#8221; btn_link=&#8221;url:https%3A%2F%2Fcalendly.com%2Flocatheart|title:Chc%C4%99%20um%C3%B3wi%C4%87%20si%C4%99%20na%20bezp%C5%82atn%C4%85%20konsultacj%C4%99|target:%20_blank|&#8221;][\/vc_cta][\/vc_column][\/vc_row][vc_row wrap_container=&#8221;yes&#8221; el_class=&#8221;m-b-xl&#8221; css=&#8221;.vc_custom_1542188227814{padding-top: 50px !important;}&#8221;][vc_column text_align=&#8221;center&#8221;][vc_custom_heading text=&#8221;Nasza siedziba&#8221; font_container=&#8221;tag:h4|text_align:left&#8221; use_theme_fonts=&#8221;yes&#8221; skin=&#8221;primary&#8221;][vc_separator color=&#8221;custom&#8221; gradient=&#8221;yes&#8221;][vc_custom_heading text=&#8221;Jeste\u015bmy w mediach spo\u0142eczno\u015bciowych!&#8221; font_container=&#8221;tag:h4|text_align:left&#8221; use_theme_fonts=&#8221;yes&#8221; skin=&#8221;primary&#8221;][vc_separator color=&#8221;custom&#8221; gradient=&#8221;yes&#8221;][vc_custom_heading text=&#8221;Godziny pracy&#8221; font_container=&#8221;tag:h4|text_align:left&#8221; use_theme_fonts=&#8221;yes&#8221; skin=&#8221;primary&#8221;][vc_custom_heading text=&#8221;Informacje [&hellip;]<\/p>\n","protected":false},"author":1,"featured_media":0,"parent":0,"menu_order":0,"comment_status":"closed","ping_status":"closed","template":"","meta":{"inline_featured_image":false},"yoast_head":"<!-- This site is optimized with the Yoast SEO plugin v15.3 - https:\/\/yoast.com\/wordpress\/plugins\/seo\/ -->\n<title>Kontakt - LocAtHeart translation agency<\/title>\n<meta name=\"robots\" content=\"index, follow, max-snippet:-1, max-image-preview:large, max-video-preview:-1\" \/>\n<link rel=\"canonical\" href=\"https:\/\/locatheart.com\/pl\/kontakt\/\" \/>\n<meta property=\"og:locale\" content=\"pl_PL\" \/>\n<meta property=\"og:type\" content=\"article\" \/>\n<meta property=\"og:title\" content=\"Kontakt - LocAtHeart translation agency\" \/>\n<meta property=\"og:description\" content=\"[vc_row full_width=&#8221;stretch_row_content_no_spaces&#8221; disable_element=&#8221;yes&#8221;][vc_column][vc_cta h2=&#8221;Razem stw\u00f3rzmy co\u015b wyj\u0105tkowego!&#8221; h4=&#8221;Porozmawiajmy o potrzebach Twojej marki.&#8221; txt_align=&#8221;center&#8221; style=&#8221;outline&#8221; add_button=&#8221;bottom&#8221; btn_title=&#8221;Um\u00f3w bezp\u0142atn\u0105 konsultacj\u0119&#8221; btn_style=&#8221;outline&#8221; btn_shape=&#8221;rounded&#8221; btn_size=&#8221;xl&#8221; btn_align=&#8221;center&#8221; btn_i_icon_fontawesome=&#8221;fas fa-check-circle&#8221; btn_skin=&#8221;primary&#8221; btn_add_icon=&#8221;true&#8221; btn_link=&#8221;url:https%3A%2F%2Fcalendly.com%2Flocatheart|title:Chc%C4%99%20um%C3%B3wi%C4%87%20si%C4%99%20na%20bezp%C5%82atn%C4%85%20konsultacj%C4%99|target:%20_blank|&#8221;][\/vc_cta][\/vc_column][\/vc_row][vc_row wrap_container=&#8221;yes&#8221; el_class=&#8221;m-b-xl&#8221; css=&#8221;.vc_custom_1542188227814{padding-top: 50px !important;}&#8221;][vc_column text_align=&#8221;center&#8221;][vc_custom_heading text=&#8221;Nasza siedziba&#8221; font_container=&#8221;tag:h4|text_align:left&#8221; use_theme_fonts=&#8221;yes&#8221; skin=&#8221;primary&#8221;][vc_separator color=&#8221;custom&#8221; gradient=&#8221;yes&#8221;][vc_custom_heading text=&#8221;Jeste\u015bmy w mediach spo\u0142eczno\u015bciowych!&#8221; font_container=&#8221;tag:h4|text_align:left&#8221; use_theme_fonts=&#8221;yes&#8221; skin=&#8221;primary&#8221;][vc_separator color=&#8221;custom&#8221; gradient=&#8221;yes&#8221;][vc_custom_heading text=&#8221;Godziny pracy&#8221; font_container=&#8221;tag:h4|text_align:left&#8221; use_theme_fonts=&#8221;yes&#8221; skin=&#8221;primary&#8221;][vc_custom_heading text=&#8221;Informacje [&hellip;]\" \/>\n<meta property=\"og:url\" content=\"https:\/\/locatheart.com\/pl\/kontakt\/\" \/>\n<meta property=\"og:site_name\" content=\"LocAtHeart translation agency\" \/>\n<meta property=\"article:modified_time\" content=\"2025-06-16T08:53:03+00:00\" \/>\n<meta property=\"og:image\" content=\"https:\/\/locatheart.com\/wp-content\/uploads\/2022\/06\/locatheart_pion.png\" \/>\n\t<meta property=\"og:image:width\" content=\"600\" \/>\n\t<meta property=\"og:image:height\" content=\"600\" \/>\n<meta name=\"twitter:card\" content=\"summary_large_image\" \/>\n<meta name=\"twitter:label1\" content=\"Written by\">\n\t<meta name=\"twitter:data1\" content=\"lh_admin\">\n\t<meta name=\"twitter:label2\" content=\"Est. reading time\">\n\t<meta name=\"twitter:data2\" content=\"3 minuty\">\n<!-- \/ Yoast SEO plugin. -->","_links":{"self":[{"href":"https:\/\/locatheart.com\/pl\/wp-json\/wp\/v2\/pages\/3768\/"}],"collection":[{"href":"https:\/\/locatheart.com\/pl\/wp-json\/wp\/v2\/pages\/"}],"about":[{"href":"https:\/\/locatheart.com\/pl\/wp-json\/wp\/v2\/types\/page\/"}],"author":[{"embeddable":true,"href":"https:\/\/locatheart.com\/pl\/wp-json\/wp\/v2\/users\/1\/"}],"replies":[{"embeddable":true,"href":"https:\/\/locatheart.com\/pl\/wp-json\/wp\/v2\/comments\/?post=3768"}],"version-history":[{"count":47,"href":"https:\/\/locatheart.com\/pl\/wp-json\/wp\/v2\/pages\/3768\/revisions\/"}],"predecessor-version":[{"id":13151,"href":"https:\/\/locatheart.com\/pl\/wp-json\/wp\/v2\/pages\/3768\/revisions\/13151\/"}],"wp:attachment":[{"href":"https:\/\/locatheart.com\/pl\/wp-json\/wp\/v2\/media\/?parent=3768"}],"curies":[{"name":"wp","href":"https:\/\/api.w.org\/{rel}","templated":true}]}}