{"id":3922,"date":"2020-11-13T15:56:54","date_gmt":"2020-11-13T14:56:54","guid":{"rendered":"https:\/\/locatheart.com\/?page_id=3922"},"modified":"2024-06-12T12:51:42","modified_gmt":"2024-06-12T10:51:42","slug":"jezyki","status":"publish","type":"page","link":"https:\/\/locatheart.com\/pl\/jezyki\/","title":{"rendered":"J\u0119zyki"},"content":{"rendered":"<p>[vc_row full_width=&#8221;stretch_row&#8221; css_animation=&#8221;none&#8221; wrap_container=&#8221;yes&#8221; is_section=&#8221;yes&#8221; remove_margin_top=&#8221;yes&#8221; remove_margin_bottom=&#8221;yes&#8221; remove_padding_top=&#8221;yes&#8221; remove_border=&#8221;yes&#8221; el_class=&#8221;p-t-xxl row-align-items-center&#8221; css=&#8221;.vc_custom_1603196825392{padding-top: 100px !important;padding-bottom: 100px !important;}&#8221; animation_type=&#8221;fadeIn&#8221;][vc_column css=&#8221;.vc_custom_1607689486594{padding-right: 100px !important;padding-left: 100px !important;}&#8221; offset=&#8221;vc_col-lg-offset-1 vc_col-lg-10 vc_col-xs-12&#8243;][vc_custom_heading text=&#8221;J\u0119zyki&#8221; font_container=&#8221;tag:h2|font_size:24|text_align:center|line_height:1&#8243; google_fonts=&#8221;font_family:Open%20Sans%3A300%2C300italic%2Cregular%2Citalic%2C600%2C600italic%2C700%2C700italic%2C800%2C800italic|font_style:700%20bold%20regular%3A700%3Anormal&#8221;][vc_column_text]T\u0142umaczymy na prawie wszystkie j\u0119zyki. Wi\u0119kszo\u015b\u0107 naszego biznesu wi\u0105\u017ce si\u0119 z j\u0119zykami europejskimi. Z powodzeniem realizujemy te\u017c projekty w ich odmianach ameryka\u0144skich, np. portugalskim z Brazylii, hiszpa\u0144skim z Ameryki \u0141aci\u0144skiej, francuskim z Kanady. Dla naszych klient\u00f3w realizujemy te\u017c zlecenia w j\u0119zykach azjatyckich &#8211; to m.in. mandary\u0144ski, kanto\u0144ski, japo\u0144ski, indonezyjski, czy hindi. Wiele naszych projekt\u00f3w azjatyckich obejmuje (opr\u00f3cz t\u0142umacze\u0144) identyfikacj\u0119 s\u0142\u00f3w kluczowych na te rynki.<\/p>\n<p>A je\u015bli j\u0119zyk, kt\u00f3rego potrzebujesz nie nale\u017cy do najwi\u0119kszych? Sprawd\u017a nas!<br \/>\nLubimy my\u015ble\u0107, \u017ce je\u015bli jakim\u015b j\u0119zykiem \u015bwiata pos\u0142uguje si\u0119 co najmniej tysi\u0105c os\u00f3b,\u00a0 jeste\u015bmy w stanie realizowa\u0107 projekty w tym j\u0119zyku \ud83d\ude0a[\/vc_column_text][vc_cta h2=&#8221;&#8221; add_button=&#8221;bottom&#8221; btn_title=&#8221;Przechodz\u0119 do formularza&#8221; btn_style=&#8221;outline&#8221; btn_shape=&#8221;rounded&#8221; btn_size=&#8221;xl&#8221; btn_align=&#8221;center&#8221; btn_skin=&#8221;primary&#8221; btn_link=&#8221;url:https%3A%2F%2Flocatheart.com%2Fpl%2Fkontakt%2F|title:Kontakt|&#8221;]<\/p>\n<p style=\"text-align: center;\">Napisz, czego potrzebujesz i na kiedy.<br \/>\nWr\u00f3cimy z konkretami!<\/p>\n<p>[\/vc_cta][\/vc_column][\/vc_row]<\/p>\n","protected":false},"excerpt":{"rendered":"<p>[vc_row full_width=&#8221;stretch_row&#8221; css_animation=&#8221;none&#8221; wrap_container=&#8221;yes&#8221; is_section=&#8221;yes&#8221; remove_margin_top=&#8221;yes&#8221; remove_margin_bottom=&#8221;yes&#8221; remove_padding_top=&#8221;yes&#8221; remove_border=&#8221;yes&#8221; el_class=&#8221;p-t-xxl row-align-items-center&#8221; css=&#8221;.vc_custom_1603196825392{padding-top: 100px !important;padding-bottom: 100px !important;}&#8221; animation_type=&#8221;fadeIn&#8221;][vc_column css=&#8221;.vc_custom_1607689486594{padding-right: 100px !important;padding-left: 100px !important;}&#8221; offset=&#8221;vc_col-lg-offset-1 vc_col-lg-10 vc_col-xs-12&#8243;][vc_custom_heading text=&#8221;J\u0119zyki&#8221; font_container=&#8221;tag:h2|font_size:24|text_align:center|line_height:1&#8243; google_fonts=&#8221;font_family:Open%20Sans%3A300%2C300italic%2Cregular%2Citalic%2C600%2C600italic%2C700%2C700italic%2C800%2C800italic|font_style:700%20bold%20regular%3A700%3Anormal&#8221;][vc_column_text]T\u0142umaczymy na prawie wszystkie j\u0119zyki. Wi\u0119kszo\u015b\u0107 naszego biznesu wi\u0105\u017ce si\u0119 z j\u0119zykami europejskimi. Z powodzeniem realizujemy te\u017c projekty w ich odmianach ameryka\u0144skich, np. portugalskim z Brazylii, hiszpa\u0144skim z [&hellip;]<\/p>\n","protected":false},"author":4,"featured_media":0,"parent":0,"menu_order":0,"comment_status":"closed","ping_status":"closed","template":"","meta":{"inline_featured_image":false},"yoast_head":"<!-- This site is optimized with the Yoast SEO plugin v15.3 - https:\/\/yoast.com\/wordpress\/plugins\/seo\/ -->\n<title>J\u0119zyki - LocAtHeart translation agency<\/title>\n<meta name=\"robots\" content=\"index, follow, max-snippet:-1, max-image-preview:large, max-video-preview:-1\" \/>\n<link rel=\"canonical\" href=\"https:\/\/locatheart.com\/pl\/jezyki\/\" \/>\n<meta property=\"og:locale\" content=\"pl_PL\" \/>\n<meta property=\"og:type\" content=\"article\" \/>\n<meta property=\"og:title\" content=\"J\u0119zyki - LocAtHeart translation agency\" \/>\n<meta property=\"og:description\" content=\"[vc_row full_width=&#8221;stretch_row&#8221; css_animation=&#8221;none&#8221; wrap_container=&#8221;yes&#8221; is_section=&#8221;yes&#8221; remove_margin_top=&#8221;yes&#8221; remove_margin_bottom=&#8221;yes&#8221; remove_padding_top=&#8221;yes&#8221; remove_border=&#8221;yes&#8221; el_class=&#8221;p-t-xxl row-align-items-center&#8221; css=&#8221;.vc_custom_1603196825392{padding-top: 100px !important;padding-bottom: 100px !important;}&#8221; animation_type=&#8221;fadeIn&#8221;][vc_column css=&#8221;.vc_custom_1607689486594{padding-right: 100px !important;padding-left: 100px !important;}&#8221; offset=&#8221;vc_col-lg-offset-1 vc_col-lg-10 vc_col-xs-12&#8243;][vc_custom_heading text=&#8221;J\u0119zyki&#8221; font_container=&#8221;tag:h2|font_size:24|text_align:center|line_height:1&#8243; google_fonts=&#8221;font_family:Open%20Sans%3A300%2C300italic%2Cregular%2Citalic%2C600%2C600italic%2C700%2C700italic%2C800%2C800italic|font_style:700%20bold%20regular%3A700%3Anormal&#8221;][vc_column_text]T\u0142umaczymy na prawie wszystkie j\u0119zyki. Wi\u0119kszo\u015b\u0107 naszego biznesu wi\u0105\u017ce si\u0119 z j\u0119zykami europejskimi. Z powodzeniem realizujemy te\u017c projekty w ich odmianach ameryka\u0144skich, np. portugalskim z Brazylii, hiszpa\u0144skim z [&hellip;]\" \/>\n<meta property=\"og:url\" content=\"https:\/\/locatheart.com\/pl\/jezyki\/\" \/>\n<meta property=\"og:site_name\" content=\"LocAtHeart translation agency\" \/>\n<meta property=\"article:modified_time\" content=\"2024-06-12T10:51:42+00:00\" \/>\n<meta property=\"og:image\" content=\"https:\/\/locatheart.com\/wp-content\/uploads\/2022\/06\/locatheart_pion.png\" \/>\n\t<meta property=\"og:image:width\" content=\"600\" \/>\n\t<meta property=\"og:image:height\" content=\"600\" \/>\n<meta name=\"twitter:card\" content=\"summary_large_image\" \/>\n<meta name=\"twitter:label1\" content=\"Written by\">\n\t<meta name=\"twitter:data1\" content=\"Agnieszka W\u0105sowska-Tel\u0119ga\">\n\t<meta name=\"twitter:label2\" content=\"Est. reading time\">\n\t<meta name=\"twitter:data2\" content=\"1 minuta\">\n<!-- \/ Yoast SEO plugin. -->","_links":{"self":[{"href":"https:\/\/locatheart.com\/pl\/wp-json\/wp\/v2\/pages\/3922\/"}],"collection":[{"href":"https:\/\/locatheart.com\/pl\/wp-json\/wp\/v2\/pages\/"}],"about":[{"href":"https:\/\/locatheart.com\/pl\/wp-json\/wp\/v2\/types\/page\/"}],"author":[{"embeddable":true,"href":"https:\/\/locatheart.com\/pl\/wp-json\/wp\/v2\/users\/4\/"}],"replies":[{"embeddable":true,"href":"https:\/\/locatheart.com\/pl\/wp-json\/wp\/v2\/comments\/?post=3922"}],"version-history":[{"count":13,"href":"https:\/\/locatheart.com\/pl\/wp-json\/wp\/v2\/pages\/3922\/revisions\/"}],"predecessor-version":[{"id":12090,"href":"https:\/\/locatheart.com\/pl\/wp-json\/wp\/v2\/pages\/3922\/revisions\/12090\/"}],"wp:attachment":[{"href":"https:\/\/locatheart.com\/pl\/wp-json\/wp\/v2\/media\/?parent=3922"}],"curies":[{"name":"wp","href":"https:\/\/api.w.org\/{rel}","templated":true}]}}