{"id":4397,"date":"2020-12-04T10:58:52","date_gmt":"2020-12-04T09:58:52","guid":{"rendered":"https:\/\/locatheart.com\/wiedza\/tlumaczenia-wszystko-co-musisz-wiedziec\/czesc-1-podstawowe-elementy-procesu-tlumaczenia\/narzedzia-tlumacza-bez-tajemnic\/"},"modified":"2022-07-01T13:15:10","modified_gmt":"2022-07-01T11:15:10","slug":"narzedzia-tlumacza-bez-tajemnic","status":"publish","type":"page","link":"https:\/\/locatheart.com\/pl\/wiedza\/tlumaczenia-wszystko-co-musisz-wiedziec\/czesc-1-podstawowe-elementy-procesu-tlumaczenia\/narzedzia-tlumacza-bez-tajemnic\/","title":{"rendered":"Narz\u0119dzia t\u0142umacza bez tajemnic"},"content":{"rendered":"<p>[vc_row css=&#8221;.vc_custom_1603173061877{padding-top: 50px !important;}&#8221;][vc_column width=&#8221;2\/3&#8243;]<div class=\"porto-u-heading\" data-hspacer=\"no_spacer\" data-halign=\"left\" style=\"text-align:left\"><div class=\"porto-u-main-heading\"><h2 style=\"font-weight:700;color:#21293c;font-size:19px;\">NARZ\u0118DZIA T\u0141UMACZA BEZ TAJEMNIC<\/h2><\/div><\/div>[vc_column_text]<strong>Systemy Zarz\u0105dzania T\u0142umaczeniami<\/strong> (Translation Management Systems, TMS) s\u0142u\u017c\u0105 agencjom t\u0142umacze\u0144 do zarz\u0105dzania projektami i zasobami. Daj\u0105 ogl\u0105d wszystkich bie\u017c\u0105cych i zaplanowanych dzia\u0142a\u0144.<\/p>\n<p><strong>Oprogramowanie wspieraj\u0105ce t\u0142umaczenia<\/strong> (<em>Computer Aided Translation software<\/em>, <em>CAT software<\/em>) to narz\u0119dzia, w kt\u00f3rych odbywa si\u0119 t\u0142umaczenie. M\u00f3wi\u0105c najpro\u015bciej, oprogramowanie dzieli tekst na segmenty (np. zdania lub akapity) i wy\u015bwietla je t\u0142umaczom:<\/p>\n<p>[animacja ze zrzutem ekranu, pod\u015bwietlaj\u0105 si\u0119 poszczeg\u00f3lne pola wraz z opisem].<\/p>\n<p>Oprogramowanie CAT umo\u017cliwia te\u017c prac\u0119 zdaln\u0105, ma wbudowan\u0105 autokorekt\u0119 i wiele innych przydatnych funkcji.<\/p>\n<p>Rozwi\u0105zania te poprawiaj\u0105 jako\u015b\u0107 i sp\u00f3jno\u015b\u0107 tekst\u00f3w, a przy tym pozwalaj\u0105 na wykorzystanie wcze\u015bniejszych t\u0142umacze\u0144 w celu obni\u017cenia koszt\u00f3w i skr\u00f3cenia termin\u00f3w.<\/p>\n<p><strong>Zautomatyzowana kontrola jako\u015bci<\/strong> usprawnia proces weryfikacji dokonywanej przez redaktor\u00f3w, korektor\u00f3w i kierownik\u00f3w projekt\u00f3w. Pomaga w weryfikacji j\u0119zykowej i technicznej.<\/p>\n<p>Autokorekta, weryfikacja zgodno\u015bci pod k\u0105tem liczb i cyfr \u2013 to tylko najprostsze funkcje. Zautomatyzowana kontrola jako\u015bci potrafi tak\u017ce sprawdzi\u0107, czy w t\u0142umaczeniu zastosowano terminy ze s\u0142ownika oraz czy dla identycznych segment\u00f3w wprowadzono identyczne t\u0142umaczenia (co nie zawsze jest wskazane!). Ustawienia tego oprogramowania maj\u0105 bardzo wiele parametr\u00f3w. W rezultacie oprogramowanie zwraca zazwyczaj d\u0142ug\u0105 list\u0119 b\u0142\u0119d\u00f3w, kt\u00f3re nale\u017cy zakwalifikowa\u0107 albo jako rzeczywiste usterki (a nast\u0119pnie poprawi\u0107), albo jako fa\u0142szywe alarmy.<\/p>\n<p>Nie mniej istotna jest techniczna kontrola jako\u015bci. Oprogramowanie jest w stanie wy\u0142apa\u0107 nieplanowane zmiany w strukturze tre\u015bci i plik\u00f3w, formatowaniu itp.<\/p>\n<p><strong>Pami\u0119\u0107 t\u0142umaczeniowa<\/strong> to zewn\u0119trzna pami\u0119\u0107 wykorzystywana przez t\u0142umacza. Oprogramowanie znajduje powt\u00f3rzenia i podobie\u0144stwa mi\u0119dzy segmentami, a nast\u0119pnie \u2013 proponuje wcze\u015bniejsze t\u0142umaczenia lub automatycznie je podstawia. U\u0142atwia te\u017c tworzenie s\u0142ownik\u00f3w dla danego klienta i ich u\u017cywanie \u2013 mog\u0105 to by\u0107 na przyk\u0142ad s\u0142owniki termin\u00f3w bran\u017cowych lub fraz kluczowych.<\/p>\n<p>Wprowadzenie pami\u0119ci t\u0142umaczeniowej przyspieszy\u0142o realizacj\u0119 t\u0142umacze\u0144 i umo\u017cliwi\u0142o osi\u0105ganie korzy\u015bci skali.<\/p>\n<p><strong>Wtyczki <\/strong>poszerzaj\u0105 mo\u017cliwo\u015bci oprogramowania, dostosowuj\u0105c je do r\u00f3\u017cnych potrzeb. W <strong>loc<\/strong>at<strong>heart <\/strong>pracujemy z kilkoma rodzajami wtyczek \u2013 niekt\u00f3re pomagaj\u0105 nam wewn\u0119trznie, inne s\u0105 wykorzystywane przez naszych klient\u00f3w. To np.:<\/p>\n<ul>\n<li>wtyczki dostawc\u00f3w t\u0142umaczenia maszynowego w oprogramowaniu CAT;<\/li>\n<li>wtyczki CMS umo\u017cliwiaj\u0105ce eksport, import i nadpisywanie tre\u015bci;<\/li>\n<li>wtyczki CMS umo\u017cliwiaj\u0105ce utrzymywanie (od strony technicznej) wielu wersji j\u0119zykowych strony.<\/li>\n<\/ul>\n<h3 style=\"text-align: right;\"><a href=\"https:\/\/locatheart.com\/pl\/wiedza\/tlumaczenia-wszystko-co-musisz-wiedziec\/czesc-1-podstawowe-elementy-procesu-tlumaczenia\/przykladowe-procesy-tlumaczen\/\">Przyk\u0142adowe procesy t\u0142umacze\u0144 &gt;&gt;<\/a><\/h3>\n<h4><a href=\"https:\/\/locatheart.com\/pl\/wiedza\/tlumaczenia-wszystko-co-musisz-wiedziec\/czesc-1-podstawowe-elementy-procesu-tlumaczenia\/elementy-zarzadcze-procesu-tlumaczenia\/\">&lt;&lt; Elementy zarz\u0105dcze procesu t\u0142umaczenia<\/a><\/h4>\n<p>[\/vc_column_text][\/vc_column][vc_column width=&#8221;1\/3&#8243; is_sticky=&#8221;yes&#8221; sticky_min_width=&#8221;767&#8243; sticky_top=&#8221;110&#8243; sticky_bottom=&#8221;0&#8243;]<div class=\"porto-btn-ctn-left sidebarfont\"><a class=\"porto-btn  vc_custom_1607083055252 porto-adjust-bottom-margin porto-btn-large porto-btn-left-bg  porto-btn-left sidebarfont\" title='Elementy j\u0119zykowe procesu t\u0142umaczenia' rel='' href = \"https:\/\/locatheart.com\/pl\/wiedza\/tlumaczenia-wszystko-co-musisz-wiedziec\/czesc-1-podstawowe-elementy-procesu-tlumaczenia\/elementy-jezykowe-procesu-tlumaczenia\/\"  data-hover=\"#696969\" data-border-color=\"\" data-bg=\"#696969\" data-hover-bg=\"#ffffff\" data-border-hover=\"\" data-shadow-click=\"none\" data-shadow=\"\" style=\"font-family:Open Sans; font-weight:600; font-style:normal; border-radius:4px;border-width:2px;border-style:solid;background: #696969;color: #ffffff;\"><span class=\"porto-btn-hover\" style=\"background-color:#ffffff\"><\/span><span class=\"porto-btn-data porto-btn-text \" >ELEMENTY J\u0118ZYKOWE PROCESU T\u0141UMACZENIA<\/span><\/a><\/div><div class=\"porto-btn-ctn-left sidebarfont\"><a class=\"porto-btn  vc_custom_1607083082785 porto-adjust-bottom-margin porto-btn-large porto-btn-left-bg  porto-btn-left sidebarfont\" title='Elementy zarz\u0105dcze procesu t\u0142umaczenia' rel='' href = \"https:\/\/locatheart.com\/pl\/wiedza\/tlumaczenia-wszystko-co-musisz-wiedziec\/czesc-1-podstawowe-elementy-procesu-tlumaczenia\/elementy-zarzadcze-procesu-tlumaczenia\/\"  data-hover=\"#c9c9c9\" data-border-color=\"\" data-bg=\"#696969\" data-hover-bg=\"#ffffff\" data-border-hover=\"\" data-shadow-click=\"none\" data-shadow=\"\" style=\"font-family:Open Sans; font-weight:600; font-style:normal; border-radius:4px;border-width:2px;border-style:solid;background: #696969;color: #ffffff;\"><span class=\"porto-btn-hover\" style=\"background-color:#ffffff\"><\/span><span class=\"porto-btn-data porto-btn-text \" >ELEMENTY ZARZ\u0104DCZE PROCESU T\u0141UMACZENIA<\/span><\/a><\/div><div class=\"porto-btn-ctn-left sidebarfont\"><a class=\"porto-btn  vc_custom_1607083095927 porto-adjust-bottom-margin porto-btn-large porto-btn-left-bg  porto-btn-left sidebarfont\" title='Narz\u0119dzia t\u0142umacza bez tajemnic' rel='' href = \"https:\/\/locatheart.com\/pl\/wiedza\/tlumaczenia-wszystko-co-musisz-wiedziec\/czesc-1-podstawowe-elementy-procesu-tlumaczenia\/narzedzia-tlumacza-bez-tajemnic\/\"  data-hover=\"#c9c9c9\" data-border-color=\"\" data-bg=\"#696969\" data-hover-bg=\"#ffffff\" data-border-hover=\"\" data-shadow-click=\"none\" data-shadow=\"\" style=\"font-family:Open Sans; font-weight:600; font-style:normal; border-radius:4px;border-width:2px;border-style:solid;background: #696969;color: #ffffff;\"><span class=\"porto-btn-hover\" style=\"background-color:#ffffff\"><\/span><span class=\"porto-btn-data porto-btn-text \" >NARZ\u0118DZIA T\u0141UMACZA BEZ TAJEMNIC<\/span><\/a><\/div><div class=\"porto-btn-ctn-left sidebarfont\"><a class=\"porto-btn  vc_custom_1607083111843 porto-adjust-bottom-margin porto-btn-large porto-btn-left-bg  porto-btn-left sidebarfont\" title='Przyk\u0142adowe procesy t\u0142umacze\u0144' rel='' href = \"https:\/\/locatheart.com\/pl\/wiedza\/tlumaczenia-wszystko-co-musisz-wiedziec\/czesc-1-podstawowe-elementy-procesu-tlumaczenia\/przykladowe-procesy-tlumaczen\/\"  data-hover=\"#c9c9c9\" data-border-color=\"\" data-bg=\"#696969\" data-hover-bg=\"#ffffff\" data-border-hover=\"\" data-shadow-click=\"none\" data-shadow=\"\" style=\"font-family:Open Sans; font-weight:600; font-style:normal; border-radius:4px;border-width:2px;border-style:solid;background: #696969;color: #ffffff;\"><span class=\"porto-btn-hover\" style=\"background-color:#ffffff\"><\/span><span class=\"porto-btn-data porto-btn-text \" >PRZYK\u0141ADOWE PROCESY T\u0141UMACZE\u0143<\/span><\/a><\/div><div class=\"porto-btn-ctn-left sidebarfont\"><a class=\"porto-btn  vc_custom_1607083124153 porto-adjust-bottom-margin porto-btn-large porto-btn-left-bg  porto-btn-left sidebarfont\" title='Dob\u00f3r i utrzymanie zasob\u00f3w w procesie t\u0142umaczenia' rel='' href = \"https:\/\/locatheart.com\/pl\/wiedza\/tlumaczenia-wszystko-co-musisz-wiedziec\/czesc-1-podstawowe-elementy-procesu-tlumaczenia\/dobor-i-utrzymanie-zasobow-w-procesie-tlumaczenia\/\"  data-hover=\"#c9c9c9\" data-border-color=\"\" data-bg=\"#696969\" data-hover-bg=\"#ffffff\" data-border-hover=\"\" data-shadow-click=\"none\" data-shadow=\"\" style=\"font-family:Open Sans; font-weight:600; font-style:normal; border-radius:4px;border-width:2px;border-style:solid;background: #696969;color: #ffffff;\"><span class=\"porto-btn-hover\" style=\"background-color:#ffffff\"><\/span><span class=\"porto-btn-data porto-btn-text \" >DOB\u00d3R I UTRZYMANIE ZASOB\u00d3W W PROCESIE T\u0141UMACZENIA<\/span><\/a><\/div>[\/vc_column][\/vc_row]<\/p>\n","protected":false},"excerpt":{"rendered":"<p>[vc_row css=&#8221;.vc_custom_1603173061877{padding-top: 50px !important;}&#8221;][vc_column width=&#8221;2\/3&#8243;][vc_column_text]Systemy Zarz\u0105dzania T\u0142umaczeniami (Translation Management Systems, TMS) s\u0142u\u017c\u0105 agencjom t\u0142umacze\u0144 do zarz\u0105dzania projektami i zasobami. Daj\u0105 ogl\u0105d wszystkich bie\u017c\u0105cych i zaplanowanych dzia\u0142a\u0144. Oprogramowanie wspieraj\u0105ce t\u0142umaczenia (Computer Aided Translation software, CAT software) to narz\u0119dzia, w kt\u00f3rych odbywa si\u0119 t\u0142umaczenie. M\u00f3wi\u0105c najpro\u015bciej, oprogramowanie dzieli tekst na segmenty (np. zdania lub akapity) i wy\u015bwietla [&hellip;]<\/p>\n","protected":false},"author":2,"featured_media":0,"parent":4378,"menu_order":0,"comment_status":"closed","ping_status":"closed","template":"","meta":{"inline_featured_image":false},"yoast_head":"<!-- This site is optimized with the Yoast SEO plugin v15.3 - https:\/\/yoast.com\/wordpress\/plugins\/seo\/ -->\n<title>Narz\u0119dzia t\u0142umacza bez tajemnic - LocAtHeart translation agency<\/title>\n<meta name=\"robots\" content=\"index, follow, max-snippet:-1, max-image-preview:large, max-video-preview:-1\" \/>\n<link rel=\"canonical\" href=\"https:\/\/locatheart.com\/pl\/wiedza\/tlumaczenia-wszystko-co-musisz-wiedziec\/czesc-1-podstawowe-elementy-procesu-tlumaczenia\/narzedzia-tlumacza-bez-tajemnic\/\" \/>\n<meta property=\"og:locale\" content=\"pl_PL\" \/>\n<meta property=\"og:type\" content=\"article\" \/>\n<meta property=\"og:title\" content=\"Narz\u0119dzia t\u0142umacza bez tajemnic - LocAtHeart translation agency\" \/>\n<meta property=\"og:description\" content=\"[vc_row css=&#8221;.vc_custom_1603173061877{padding-top: 50px !important;}&#8221;][vc_column width=&#8221;2\/3&#8243;][vc_column_text]Systemy Zarz\u0105dzania T\u0142umaczeniami (Translation Management Systems, TMS) s\u0142u\u017c\u0105 agencjom t\u0142umacze\u0144 do zarz\u0105dzania projektami i zasobami. Daj\u0105 ogl\u0105d wszystkich bie\u017c\u0105cych i zaplanowanych dzia\u0142a\u0144. Oprogramowanie wspieraj\u0105ce t\u0142umaczenia (Computer Aided Translation software, CAT software) to narz\u0119dzia, w kt\u00f3rych odbywa si\u0119 t\u0142umaczenie. M\u00f3wi\u0105c najpro\u015bciej, oprogramowanie dzieli tekst na segmenty (np. zdania lub akapity) i wy\u015bwietla [&hellip;]\" \/>\n<meta property=\"og:url\" content=\"https:\/\/locatheart.com\/pl\/wiedza\/tlumaczenia-wszystko-co-musisz-wiedziec\/czesc-1-podstawowe-elementy-procesu-tlumaczenia\/narzedzia-tlumacza-bez-tajemnic\/\" \/>\n<meta property=\"og:site_name\" content=\"LocAtHeart translation agency\" \/>\n<meta property=\"article:modified_time\" content=\"2022-07-01T11:15:10+00:00\" \/>\n<meta property=\"og:image\" content=\"https:\/\/locatheart.com\/wp-content\/uploads\/2022\/06\/locatheart_pion.png\" \/>\n\t<meta property=\"og:image:width\" content=\"600\" \/>\n\t<meta property=\"og:image:height\" content=\"600\" \/>\n<meta name=\"twitter:card\" content=\"summary_large_image\" \/>\n<meta name=\"twitter:label1\" content=\"Written by\">\n\t<meta name=\"twitter:data1\" content=\"d.turlinski\">\n\t<meta name=\"twitter:label2\" content=\"Est. reading time\">\n\t<meta name=\"twitter:data2\" content=\"4 minuty\">\n<!-- \/ Yoast SEO plugin. -->","_links":{"self":[{"href":"https:\/\/locatheart.com\/pl\/wp-json\/wp\/v2\/pages\/4397\/"}],"collection":[{"href":"https:\/\/locatheart.com\/pl\/wp-json\/wp\/v2\/pages\/"}],"about":[{"href":"https:\/\/locatheart.com\/pl\/wp-json\/wp\/v2\/types\/page\/"}],"author":[{"embeddable":true,"href":"https:\/\/locatheart.com\/pl\/wp-json\/wp\/v2\/users\/2\/"}],"replies":[{"embeddable":true,"href":"https:\/\/locatheart.com\/pl\/wp-json\/wp\/v2\/comments\/?post=4397"}],"version-history":[{"count":6,"href":"https:\/\/locatheart.com\/pl\/wp-json\/wp\/v2\/pages\/4397\/revisions\/"}],"predecessor-version":[{"id":4426,"href":"https:\/\/locatheart.com\/pl\/wp-json\/wp\/v2\/pages\/4397\/revisions\/4426\/"}],"up":[{"embeddable":true,"href":"https:\/\/locatheart.com\/pl\/wp-json\/wp\/v2\/pages\/4378\/"}],"wp:attachment":[{"href":"https:\/\/locatheart.com\/pl\/wp-json\/wp\/v2\/media\/?parent=4397"}],"curies":[{"name":"wp","href":"https:\/\/api.w.org\/{rel}","templated":true}]}}