{"id":4477,"date":"2020-12-08T10:19:00","date_gmt":"2020-12-08T09:19:00","guid":{"rendered":"https:\/\/locatheart.com\/wiedza\/tlumaczenia-wszystko-co-musisz-wiedziec\/czesc-2-rodzaje-tlumaczen\/tlumaczenia-prawne\/"},"modified":"2023-05-30T15:17:16","modified_gmt":"2023-05-30T13:17:16","slug":"tlumaczenia-prawne","status":"publish","type":"page","link":"https:\/\/locatheart.com\/pl\/wiedza\/tlumaczenia-wszystko-co-musisz-wiedziec\/czesc-2-rodzaje-tlumaczen\/tlumaczenia-prawne\/","title":{"rendered":"T\u0142umaczenia prawne"},"content":{"rendered":"<p>[vc_row css=&#8221;.vc_custom_1603173061877{padding-top: 50px !important;}&#8221;][vc_column width=&#8221;2\/3&#8243;]<div class=\"porto-u-heading\" data-hspacer=\"no_spacer\" data-halign=\"left\" style=\"text-align:left\"><div class=\"porto-u-main-heading\"><h2 style=\"font-weight:700;color:#21293c;font-size:19px;\">T\u0141UMACZENIA PRAWNE<\/h2><\/div><\/div>[vc_column_text]Teksty prawne na stronach internetowych i w sklepach s\u0105 jak umowy. Klienci \u2013 je\u015bli chc\u0105 zrobi\u0107 zakupy \u2013 musz\u0105 zaakceptowa\u0107 tre\u015b\u0107 tych dokument\u00f3w, a zwykle robi\u0105 to bez czytania. Ka\u017cdy taki tekst musi spe\u0142nia\u0107 wymagania prawne \u2013 w przeciwnym razie mo\u017ce zafundowa\u0107 Ci grzywny, pozwy i inne komplikacje.<\/p>\n<p>Oto 3 najwa\u017cniejsze kwestie do zapami\u0119tania:<\/p>\n<ul>\n<li>Ka\u017cdy kraj i region wymaga innych dokument\u00f3w prawnych w r\u00f3\u017cnych formach. Firmy maj\u0105 obowi\u0105zek spe\u0142nienia tych wymaga\u0144. Wi\u0119kszo\u015b\u0107 takich wytycznych powstaje, by chroni\u0107 konsument\u00f3w, nie przedsi\u0119biorc\u00f3w.<\/li>\n<li>W ka\u017cdym kraju funkcjonuje unikalny system prawny oparty na odr\u0119bnej tradycji prawnej. To dlatego w r\u00f3\u017cnych krajach podobne koncepty nazywa si\u0119 w rozmaity spos\u00f3b. Z tego samego powodu rozwi\u0105zania prawne oczywiste na jednym rynku na innym mog\u0105 w og\u00f3le nie istnie\u0107. Zazwyczaj odmienna jest te\u017c struktura zapis\u00f3w prawnych. T\u0142umaczeniu tekst\u00f3w prawnych cz\u0119sto bli\u017cej do lokalizacji ni\u017c do tradycyjnego przek\u0142adu. To dlatego, \u017ce\u2026<\/li>\n<li>W wielu sytuacjach odbiorca nie chce zna\u0107 tre\u015bci oryginalnych zapis\u00f3w (dotyczy to np. handlu internetowego). Ludzie chc\u0105 zna\u0107 zasady, kt\u00f3re dotycz\u0105 konkretnie ich, a nie kogo\u015b na Twoim rynku pierwotnym. Poniewa\u017c prawo w ka\u017cdym kraju jest inne, firmy musz\u0105 dostosowa\u0107 swoje regulaminy do reali\u00f3w danego miejsca. Niekt\u00f3re z Twoich ulubionych rozwi\u0105za\u0144 mog\u0105 by\u0107 na nowym rynku nielegalne i niemo\u017cliwe do wprowadzenia.<\/li>\n<\/ul>\n<p>M\u00f3wi\u0105c \u201eteksty prawne\u201d, mamy na my\u015bli nie tylko RODO i polityk\u0119 zwrot\u00f3w, ale i mn\u00f3stwo innych dokument\u00f3w. Je\u015bli na przyk\u0142ad prowadzisz sklep internetowy, pomy\u015bl o warunkach dostaw i p\u0142atno\u015bci.<\/p>\n<p>Ze wzgl\u0119du na wymienione wy\u017cej kwestie opr\u00f3cz samego tekstu prawnego warto dostarczy\u0107 t\u0142umaczom tak\u017ce interpretacj\u0119 najwa\u017cniejszych lub budz\u0105cych w\u0105tpliwo\u015bci zapis\u00f3w.<\/p>\n<h3 style=\"text-align: right;\"><a href=\"https:\/\/locatheart.com\/pl\/wiedza\/tlumaczenia-wszystko-co-musisz-wiedziec\/czesc-2-rodzaje-tlumaczen\/tlumaczenie-aplikacji-mobilnych-i-saas-lokalizacja\/\">T\u0142umaczenie aplikacji mobilnych i SaaS (lokalizacja) &gt;&gt;<\/a><\/h3>\n<h4><a href=\"https:\/\/locatheart.com\/pl\/wiedza\/tlumaczenia-wszystko-co-musisz-wiedziec\/czesc-2-rodzaje-tlumaczen\/tlumaczenie-obslugi-i-samoobslugi-klienta\/\">&lt;&lt; T\u0142umaczenie obs\u0142ugi i samoobs\u0142ugi klienta<\/a><\/h4>\n<p>[\/vc_column_text][\/vc_column][vc_column width=&#8221;1\/3&#8243; is_sticky=&#8221;yes&#8221; sticky_min_width=&#8221;767&#8243; sticky_top=&#8221;110&#8243; sticky_bottom=&#8221;0&#8243;]<div class=\"porto-btn-ctn-left sidebarfont\"><a class=\"porto-btn  vc_custom_1607420251258 porto-adjust-bottom-margin porto-btn-large porto-btn-left-bg  porto-btn-left sidebarfont\" title='T\u0142umaczenia dla e-commerce (sprzeda\u017c)' rel='' href = \"https:\/\/locatheart.com\/pl\/wiedza\/tlumaczenia-wszystko-co-musisz-wiedziec\/czesc-2-rodzaje-tlumaczen\/tlumaczenia-dla-e-commerce-sprzedaz\/\"  data-hover=\"#c9c9c9\" data-border-color=\"\" data-bg=\"#696969\" data-hover-bg=\"#ffffff\" data-border-hover=\"\" data-shadow-click=\"none\" data-shadow=\"\" style=\"font-family:Open Sans; font-weight:600; font-style:normal; border-radius:4px;border-width:2px;border-style:solid;background: #696969;color: #ffffff;\"><span class=\"porto-btn-hover\" style=\"background-color:#ffffff\"><\/span><span class=\"porto-btn-data porto-btn-text \" >T\u0141UMACZENIA DLA E-COMMERCE (SPRZEDA\u017b)<\/span><\/a><\/div><div class=\"porto-btn-ctn-left sidebarfont\"><a class=\"porto-btn  vc_custom_1607420271228 porto-adjust-bottom-margin porto-btn-large porto-btn-left-bg  porto-btn-left sidebarfont\" title='T\u0142umaczenie komunikacji marketingowej' rel='' href = \"https:\/\/locatheart.com\/pl\/wiedza\/tlumaczenia-wszystko-co-musisz-wiedziec\/czesc-2-rodzaje-tlumaczen\/tlumaczenie-komunikacji-marketingowej\/\"  data-hover=\"#c9c9c9\" data-border-color=\"\" data-bg=\"#696969\" data-hover-bg=\"#ffffff\" data-border-hover=\"\" data-shadow-click=\"none\" data-shadow=\"\" style=\"font-family:Open Sans; font-weight:600; font-style:normal; border-radius:4px;border-width:2px;border-style:solid;background: #696969;color: #ffffff;\"><span class=\"porto-btn-hover\" style=\"background-color:#ffffff\"><\/span><span class=\"porto-btn-data porto-btn-text \" >T\u0141UMACZENIE KOMUNIKACJI MARKETINGOWEJ<\/span><\/a><\/div><div class=\"porto-btn-ctn-left sidebarfont\"><a class=\"porto-btn  vc_custom_1607420289984 porto-adjust-bottom-margin porto-btn-large porto-btn-left-bg  porto-btn-left sidebarfont\" title='T\u0142umaczenia reklamowe' rel='' href = \"https:\/\/locatheart.com\/pl\/wiedza\/tlumaczenia-wszystko-co-musisz-wiedziec\/czesc-2-rodzaje-tlumaczen\/tlumaczenia-reklamowe\/\"  data-hover=\"#c9c9c9\" data-border-color=\"\" data-bg=\"#696969\" data-hover-bg=\"#ffffff\" data-border-hover=\"\" data-shadow-click=\"none\" data-shadow=\"\" style=\"font-family:Open Sans; font-weight:600; font-style:normal; border-radius:4px;border-width:2px;border-style:solid;background: #696969;color: #ffffff;\"><span class=\"porto-btn-hover\" style=\"background-color:#ffffff\"><\/span><span class=\"porto-btn-data porto-btn-text \" >T\u0141UMACZENIA REKLAMOWE<\/span><\/a><\/div><div class=\"porto-btn-ctn-left sidebarfont\"><a class=\"porto-btn  vc_custom_1607420318391 porto-adjust-bottom-margin porto-btn-large porto-btn-left-bg  porto-btn-left sidebarfont\" title='T\u0142umaczenie blog\u00f3w' rel='' href = \"https:\/\/locatheart.com\/pl\/wiedza\/tlumaczenia-wszystko-co-musisz-wiedziec\/czesc-2-rodzaje-tlumaczen\/tlumaczenie-blogow\/\"  data-hover=\"#c9c9c9\" data-border-color=\"\" data-bg=\"#696969\" data-hover-bg=\"#ffffff\" data-border-hover=\"\" data-shadow-click=\"none\" data-shadow=\"\" style=\"font-family:Open Sans; font-weight:600; font-style:normal; border-radius:4px;border-width:2px;border-style:solid;background: #696969;color: #ffffff;\"><span class=\"porto-btn-hover\" style=\"background-color:#ffffff\"><\/span><span class=\"porto-btn-data porto-btn-text \" >T\u0141UMACZENIE BLOG\u00d3W<\/span><\/a><\/div><div class=\"porto-btn-ctn-left sidebarfont\"><a class=\"porto-btn  vc_custom_1607420332183 porto-adjust-bottom-margin porto-btn-large porto-btn-left-bg  porto-btn-left sidebarfont\" title='T\u0142umaczenia SEO' rel='' href = \"https:\/\/locatheart.com\/pl\/wiedza\/tlumaczenia-wszystko-co-musisz-wiedziec\/czesc-2-rodzaje-tlumaczen\/tlumaczenia-seo\/\"  data-hover=\"#c9c9c9\" data-border-color=\"\" data-bg=\"#696969\" data-hover-bg=\"#ffffff\" data-border-hover=\"\" data-shadow-click=\"none\" data-shadow=\"\" style=\"font-family:Open Sans; font-weight:600; font-style:normal; border-radius:4px;border-width:2px;border-style:solid;background: #696969;color: #ffffff;\"><span class=\"porto-btn-hover\" style=\"background-color:#ffffff\"><\/span><span class=\"porto-btn-data porto-btn-text \" >T\u0141UMACZENIA SEO<\/span><\/a><\/div><div class=\"porto-btn-ctn-left sidebarfont\"><a class=\"porto-btn  vc_custom_1607420357297 porto-adjust-bottom-margin porto-btn-large porto-btn-left-bg  porto-btn-left sidebarfont\" title='T\u0142umaczenie obs\u0142ugi i samoobs\u0142ugi klienta' rel='' href = \"https:\/\/locatheart.com\/pl\/wiedza\/tlumaczenia-wszystko-co-musisz-wiedziec\/czesc-2-rodzaje-tlumaczen\/tlumaczenie-obslugi-i-samoobslugi-klienta\/\"  data-hover=\"#c9c9c9\" data-border-color=\"\" data-bg=\"#696969\" data-hover-bg=\"#ffffff\" data-border-hover=\"\" data-shadow-click=\"none\" data-shadow=\"\" style=\"font-family:Open Sans; font-weight:600; font-style:normal; border-radius:4px;border-width:2px;border-style:solid;background: #696969;color: #ffffff;\"><span class=\"porto-btn-hover\" style=\"background-color:#ffffff\"><\/span><span class=\"porto-btn-data porto-btn-text \" >T\u0141UMACZENIE OBS\u0141UGI I SAMOOBS\u0141UGI KLIENTA<\/span><\/a><\/div><div class=\"porto-btn-ctn-left sidebarfont\"><a class=\"porto-btn  vc_custom_1607420380747 porto-adjust-bottom-margin porto-btn-large porto-btn-left-bg  porto-btn-left sidebarfont\" title='T\u0142umaczenia prawne' rel='' href = \"https:\/\/locatheart.com\/pl\/wiedza\/tlumaczenia-wszystko-co-musisz-wiedziec\/czesc-2-rodzaje-tlumaczen\/tlumaczenia-prawne\/\"  data-hover=\"#c9c9c9\" data-border-color=\"\" data-bg=\"#696969\" data-hover-bg=\"#ffffff\" data-border-hover=\"\" data-shadow-click=\"none\" data-shadow=\"\" style=\"font-family:Open Sans; font-weight:600; font-style:normal; border-radius:4px;border-width:2px;border-style:solid;background: #696969;color: #ffffff;\"><span class=\"porto-btn-hover\" style=\"background-color:#ffffff\"><\/span><span class=\"porto-btn-data porto-btn-text \" >T\u0141UMACZENIA PRAWNE<\/span><\/a><\/div><div class=\"porto-btn-ctn-left sidebarfont\"><a class=\"porto-btn  vc_custom_1607433926268 porto-adjust-bottom-margin porto-btn-large porto-btn-left-bg  porto-btn-left sidebarfont\" title='T\u0142umaczenie aplikacji mobilnych i SaaS (lokalizacja)' rel='' href = \"https:\/\/locatheart.com\/pl\/wiedza\/tlumaczenia-wszystko-co-musisz-wiedziec\/czesc-2-rodzaje-tlumaczen\/tlumaczenie-aplikacji-mobilnych-i-saas-lokalizacja\/\"  data-hover=\"#c9c9c9\" data-border-color=\"\" data-bg=\"#696969\" data-hover-bg=\"#ffffff\" data-border-hover=\"\" data-shadow-click=\"none\" data-shadow=\"\" style=\"font-family:Open Sans; font-weight:600; font-style:normal; border-radius:4px;border-width:2px;border-style:solid;background: #696969;color: #ffffff;\"><span class=\"porto-btn-hover\" style=\"background-color:#ffffff\"><\/span><span class=\"porto-btn-data porto-btn-text \" >T\u0141UMACZENIE APLIKACJI MOBILNYCH I SaaS (LOKALIZACJA)<\/span><\/a><\/div><div class=\"porto-btn-ctn-left sidebarfont\"><a class=\"porto-btn  vc_custom_1607433914244 porto-adjust-bottom-margin porto-btn-large porto-btn-left-bg  porto-btn-left sidebarfont\" title='Ci\u0105g\u0142a lokalizacja (continuous localisation)' rel='' href = \"https:\/\/locatheart.com\/pl\/wiedza\/tlumaczenia-wszystko-co-musisz-wiedziec\/czesc-2-rodzaje-tlumaczen\/ciagla-lokalizacja-continuous-localisation\/\"  data-hover=\"#c9c9c9\" data-border-color=\"\" data-bg=\"#696969\" data-hover-bg=\"#ffffff\" data-border-hover=\"\" data-shadow-click=\"none\" data-shadow=\"\" style=\"font-family:Open Sans; font-weight:600; font-style:normal; border-radius:4px;border-width:2px;border-style:solid;background: #696969;color: #ffffff;\"><span class=\"porto-btn-hover\" style=\"background-color:#ffffff\"><\/span><span class=\"porto-btn-data porto-btn-text \" >CI\u0104G\u0141A LOKALIZACJA (CONTINUOUS LOCALISATION)<\/span><\/a><\/div><div class=\"porto-btn-ctn-left sidebarfont\"><a class=\"porto-btn  vc_custom_1607433898649 porto-adjust-bottom-margin porto-btn-large porto-btn-left-bg  porto-btn-left sidebarfont\" title='T\u0142umaczenie test\u00f3w psychologicznych i oceny pracownik\u00f3w' rel='' href = \"https:\/\/locatheart.com\/pl\/wiedza\/tlumaczenia-wszystko-co-musisz-wiedziec\/czesc-2-rodzaje-tlumaczen\/tlumaczenie-testow-psychologicznych-i-oceny-pracownikow\/\"  data-hover=\"#c9c9c9\" data-border-color=\"\" data-bg=\"#696969\" data-hover-bg=\"#ffffff\" data-border-hover=\"\" data-shadow-click=\"none\" data-shadow=\"\" style=\"font-family:Open Sans; font-weight:600; font-style:normal; border-radius:4px;border-width:2px;border-style:solid;background: #696969;color: #ffffff;\"><span class=\"porto-btn-hover\" style=\"background-color:#ffffff\"><\/span><span class=\"porto-btn-data porto-btn-text \" >T\u0141UMACZENIE TEST\u00d3W PSYCHOLOGICZNYCH I OCENY PRACOWNIK\u00d3W<\/span><\/a><\/div><div class=\"porto-btn-ctn-left sidebarfont\"><a class=\"porto-btn  vc_custom_1607433888447 porto-adjust-bottom-margin porto-btn-large porto-btn-left-bg  porto-btn-left sidebarfont\" title='T\u0142umaczenia dla edukacji online (e-learning)' rel='' href = \"https:\/\/locatheart.com\/pl\/wiedza\/tlumaczenia-wszystko-co-musisz-wiedziec\/czesc-2-rodzaje-tlumaczen\/tlumaczenia-dla-edukacji-online-e-learning\/\"  data-hover=\"#c9c9c9\" data-border-color=\"\" data-bg=\"#696969\" data-hover-bg=\"#ffffff\" data-border-hover=\"\" data-shadow-click=\"none\" data-shadow=\"\" style=\"font-family:Open Sans; font-weight:600; font-style:normal; border-radius:4px;border-width:2px;border-style:solid;background: #696969;color: #ffffff;\"><span class=\"porto-btn-hover\" style=\"background-color:#ffffff\"><\/span><span class=\"porto-btn-data porto-btn-text \" >T\u0141UMACZENIA DLA EDUKACJI ONLINE (E-LEARNING)<\/span><\/a><\/div><div class=\"porto-btn-ctn-left sidebarfont\"><a class=\"porto-btn  vc_custom_1607433880096 porto-adjust-bottom-margin porto-btn-large porto-btn-left-bg  porto-btn-left sidebarfont\" title='T\u0142umaczenie plik\u00f3w graficznych' rel='' href = \"https:\/\/locatheart.com\/pl\/wiedza\/tlumaczenia-wszystko-co-musisz-wiedziec\/czesc-2-rodzaje-tlumaczen\/tlumaczenie-plikow-graficznych\/\"  data-hover=\"#c9c9c9\" data-border-color=\"\" data-bg=\"#696969\" data-hover-bg=\"#ffffff\" data-border-hover=\"\" data-shadow-click=\"none\" data-shadow=\"\" style=\"font-family:Open Sans; font-weight:600; font-style:normal; border-radius:4px;border-width:2px;border-style:solid;background: #696969;color: #ffffff;\"><span class=\"porto-btn-hover\" style=\"background-color:#ffffff\"><\/span><span class=\"porto-btn-data porto-btn-text \" >T\u0141UMACZENIE PLIK\u00d3W GRAFICZNYCH<\/span><\/a><\/div>[\/vc_column][\/vc_row]<\/p>\n","protected":false},"excerpt":{"rendered":"<p>[vc_row css=&#8221;.vc_custom_1603173061877{padding-top: 50px !important;}&#8221;][vc_column width=&#8221;2\/3&#8243;][vc_column_text]Teksty prawne na stronach internetowych i w sklepach s\u0105 jak umowy. Klienci \u2013 je\u015bli chc\u0105 zrobi\u0107 zakupy \u2013 musz\u0105 zaakceptowa\u0107 tre\u015b\u0107 tych dokument\u00f3w, a zwykle robi\u0105 to bez czytania. Ka\u017cdy taki tekst musi spe\u0142nia\u0107 wymagania prawne \u2013 w przeciwnym razie mo\u017ce zafundowa\u0107 Ci grzywny, pozwy i inne komplikacje. Oto 3 najwa\u017cniejsze [&hellip;]<\/p>\n","protected":false},"author":4,"featured_media":0,"parent":4429,"menu_order":0,"comment_status":"closed","ping_status":"closed","template":"","meta":{"inline_featured_image":false},"yoast_head":"<!-- This site is optimized with the Yoast SEO plugin v15.3 - https:\/\/yoast.com\/wordpress\/plugins\/seo\/ -->\n<title>T\u0142umaczenia prawne - LocAtHeart translation agency<\/title>\n<meta name=\"robots\" content=\"index, follow, max-snippet:-1, max-image-preview:large, max-video-preview:-1\" \/>\n<link rel=\"canonical\" href=\"https:\/\/locatheart.com\/pl\/wiedza\/tlumaczenia-wszystko-co-musisz-wiedziec\/czesc-2-rodzaje-tlumaczen\/tlumaczenia-prawne\/\" \/>\n<meta property=\"og:locale\" content=\"pl_PL\" \/>\n<meta property=\"og:type\" content=\"article\" \/>\n<meta property=\"og:title\" content=\"T\u0142umaczenia prawne - LocAtHeart translation agency\" \/>\n<meta property=\"og:description\" content=\"[vc_row css=&#8221;.vc_custom_1603173061877{padding-top: 50px !important;}&#8221;][vc_column width=&#8221;2\/3&#8243;][vc_column_text]Teksty prawne na stronach internetowych i w sklepach s\u0105 jak umowy. Klienci \u2013 je\u015bli chc\u0105 zrobi\u0107 zakupy \u2013 musz\u0105 zaakceptowa\u0107 tre\u015b\u0107 tych dokument\u00f3w, a zwykle robi\u0105 to bez czytania. Ka\u017cdy taki tekst musi spe\u0142nia\u0107 wymagania prawne \u2013 w przeciwnym razie mo\u017ce zafundowa\u0107 Ci grzywny, pozwy i inne komplikacje. Oto 3 najwa\u017cniejsze [&hellip;]\" \/>\n<meta property=\"og:url\" content=\"https:\/\/locatheart.com\/pl\/wiedza\/tlumaczenia-wszystko-co-musisz-wiedziec\/czesc-2-rodzaje-tlumaczen\/tlumaczenia-prawne\/\" \/>\n<meta property=\"og:site_name\" content=\"LocAtHeart translation agency\" \/>\n<meta property=\"article:modified_time\" content=\"2023-05-30T13:17:16+00:00\" \/>\n<meta property=\"og:image\" content=\"https:\/\/locatheart.com\/wp-content\/uploads\/2022\/06\/locatheart_pion.png\" \/>\n\t<meta property=\"og:image:width\" content=\"600\" \/>\n\t<meta property=\"og:image:height\" content=\"600\" \/>\n<meta name=\"twitter:card\" content=\"summary_large_image\" \/>\n<meta name=\"twitter:label1\" content=\"Written by\">\n\t<meta name=\"twitter:data1\" content=\"Agnieszka W\u0105sowska-Tel\u0119ga\">\n\t<meta name=\"twitter:label2\" content=\"Est. reading time\">\n\t<meta name=\"twitter:data2\" content=\"7 minut\">\n<!-- \/ Yoast SEO plugin. -->","_links":{"self":[{"href":"https:\/\/locatheart.com\/pl\/wp-json\/wp\/v2\/pages\/4477\/"}],"collection":[{"href":"https:\/\/locatheart.com\/pl\/wp-json\/wp\/v2\/pages\/"}],"about":[{"href":"https:\/\/locatheart.com\/pl\/wp-json\/wp\/v2\/types\/page\/"}],"author":[{"embeddable":true,"href":"https:\/\/locatheart.com\/pl\/wp-json\/wp\/v2\/users\/4\/"}],"replies":[{"embeddable":true,"href":"https:\/\/locatheart.com\/pl\/wp-json\/wp\/v2\/comments\/?post=4477"}],"version-history":[{"count":9,"href":"https:\/\/locatheart.com\/pl\/wp-json\/wp\/v2\/pages\/4477\/revisions\/"}],"predecessor-version":[{"id":9123,"href":"https:\/\/locatheart.com\/pl\/wp-json\/wp\/v2\/pages\/4477\/revisions\/9123\/"}],"up":[{"embeddable":true,"href":"https:\/\/locatheart.com\/pl\/wp-json\/wp\/v2\/pages\/4429\/"}],"wp:attachment":[{"href":"https:\/\/locatheart.com\/pl\/wp-json\/wp\/v2\/media\/?parent=4477"}],"curies":[{"name":"wp","href":"https:\/\/api.w.org\/{rel}","templated":true}]}}