{"id":4489,"date":"2020-12-08T11:01:06","date_gmt":"2020-12-08T10:01:06","guid":{"rendered":"https:\/\/locatheart.com\/wiedza\/tlumaczenia-wszystko-co-musisz-wiedziec\/czesc-2-rodzaje-tlumaczen\/ciagla-lokalizacja-continuous-localisation\/"},"modified":"2023-05-22T09:54:15","modified_gmt":"2023-05-22T07:54:15","slug":"ciagla-lokalizacja-continuous-localisation","status":"publish","type":"page","link":"https:\/\/locatheart.com\/pl\/wiedza\/tlumaczenia-wszystko-co-musisz-wiedziec\/czesc-2-rodzaje-tlumaczen\/ciagla-lokalizacja-continuous-localisation\/","title":{"rendered":"Ci\u0105g\u0142a lokalizacja (continuous localisation)"},"content":{"rendered":"<p>[vc_row css=&#8221;.vc_custom_1603173061877{padding-top: 50px !important;}&#8221;][vc_column width=&#8221;2\/3&#8243;]<div class=\"porto-u-heading\" data-hspacer=\"no_spacer\" data-halign=\"left\" style=\"text-align:left\"><div class=\"porto-u-main-heading\"><h2 style=\"font-weight:700;color:#21293c;font-size:19px;\">CI\u0104G\u0141A LOKALIZACJA (CONTINUOUS LOCALISATION)<\/h2><\/div><\/div>[vc_column_text]\u201eCi\u0105g\u0142a lokalizacja\u201d to poj\u0119cie zwi\u0105zane z t\u0142umaczeniem w zakresie aplikacji, ale nie ogranicza si\u0119 do\u00a0nich. Ci\u0105g\u0142a lokalizacja kojarzona jest ze zwinnym wytwarzaniem oprogramowania, gdzie zmiany do\u00a0kodu wprowadza si\u0119 w sprintach, a wi\u0119c i nowa tre\u015b\u0107 lub zmieniony kontekst pojawiaj\u0105 si\u0119 po ka\u017cdym zako\u0144czonym sprincie. Poniewa\u017c w tym modelu oprogramowanie wytwarza si\u0119 zwinnie, zwinno\u015bci wymaga si\u0119 tak\u017ce od t\u0142umacze\u0144 \u2013 proces t\u0142umaczenia nie mo\u017ce spowalnia\u0107 ca\u0142o\u015bci. To dlatego wiele firm z powodzeniem rozwija i\u00a0wdra\u017ca rozwi\u0105zania s\u0142u\u017c\u0105ce ci\u0105g\u0142ej lokalizacji.<\/p>\n<h3 style=\"text-align: right;\"><a href=\"https:\/\/locatheart.com\/pl\/wiedza\/tlumaczenia-wszystko-co-musisz-wiedziec\/czesc-2-rodzaje-tlumaczen\/tlumaczenie-testow-psychologicznych-i-oceny-pracownikow\/\"><img loading=\"lazy\" class=\"alignnone size-large wp-image-4723\" src=\"https:\/\/locatheart.com\/wp-content\/uploads\/2020\/12\/ciagle-tlumaczenie-continuous-localisation-schemat-LocAtHeart-1024x683.png\" alt=\"\" width=\"1024\" height=\"683\" srcset=\"https:\/\/locatheart.com\/wp-content\/uploads\/2020\/12\/ciagle-tlumaczenie-continuous-localisation-schemat-LocAtHeart-1024x683.png 1024w, https:\/\/locatheart.com\/wp-content\/uploads\/2020\/12\/ciagle-tlumaczenie-continuous-localisation-schemat-LocAtHeart-768x512.png 768w, https:\/\/locatheart.com\/wp-content\/uploads\/2020\/12\/ciagle-tlumaczenie-continuous-localisation-schemat-LocAtHeart-640x427.png 640w, https:\/\/locatheart.com\/wp-content\/uploads\/2020\/12\/ciagle-tlumaczenie-continuous-localisation-schemat-LocAtHeart-400x267.png 400w, https:\/\/locatheart.com\/wp-content\/uploads\/2020\/12\/ciagle-tlumaczenie-continuous-localisation-schemat-LocAtHeart-367x245.png 367w\" sizes=\"(max-width: 1024px) 100vw, 1024px\" \/>T\u0142umaczenie test\u00f3w psychologicznych i oceny pracownik\u00f3w &gt;&gt;<\/a><\/h3>\n<h4><a href=\"https:\/\/locatheart.com\/pl\/wiedza\/tlumaczenia-wszystko-co-musisz-wiedziec\/czesc-2-rodzaje-tlumaczen\/tlumaczenie-aplikacji-mobilnych-i-saas-lokalizacja\/\">&lt;&lt; T\u0142umaczenie aplikacji mobilnych i SaaS (lokalizacja)<\/a><\/h4>\n<p>[\/vc_column_text][\/vc_column][vc_column width=&#8221;1\/3&#8243; is_sticky=&#8221;yes&#8221; sticky_min_width=&#8221;767&#8243; sticky_top=&#8221;110&#8243; sticky_bottom=&#8221;0&#8243;]<div class=\"porto-btn-ctn-left sidebarfont\"><a class=\"porto-btn  vc_custom_1607422025716 porto-adjust-bottom-margin porto-btn-large porto-btn-left-bg  porto-btn-left sidebarfont\" title='T\u0142umaczenia dla e-commerce (sprzeda\u017c)' rel='' href = \"https:\/\/locatheart.com\/pl\/wiedza\/tlumaczenia-wszystko-co-musisz-wiedziec\/czesc-2-rodzaje-tlumaczen\/tlumaczenia-dla-e-commerce-sprzedaz\/\"  data-hover=\"#c9c9c9\" data-border-color=\"\" data-bg=\"#696969\" data-hover-bg=\"#ffffff\" data-border-hover=\"\" data-shadow-click=\"none\" data-shadow=\"\" style=\"font-family:Open Sans; font-weight:600; font-style:normal; border-radius:4px;border-width:2px;border-style:solid;background: #696969;color: #ffffff;\"><span class=\"porto-btn-hover\" style=\"background-color:#ffffff\"><\/span><span class=\"porto-btn-data porto-btn-text \" >T\u0141UMACZENIA DLA E-COMMERCE (SPRZEDA\u017b)<\/span><\/a><\/div><div class=\"porto-btn-ctn-left sidebarfont\"><a class=\"porto-btn  vc_custom_1607422044256 porto-adjust-bottom-margin porto-btn-large porto-btn-left-bg  porto-btn-left sidebarfont\" title='T\u0142umaczenie komunikacji marketingowej' rel='' href = \"https:\/\/locatheart.com\/pl\/wiedza\/tlumaczenia-wszystko-co-musisz-wiedziec\/czesc-2-rodzaje-tlumaczen\/tlumaczenie-komunikacji-marketingowej\/\"  data-hover=\"#c9c9c9\" data-border-color=\"\" data-bg=\"#696969\" data-hover-bg=\"#ffffff\" data-border-hover=\"\" data-shadow-click=\"none\" data-shadow=\"\" style=\"font-family:Open Sans; font-weight:600; font-style:normal; border-radius:4px;border-width:2px;border-style:solid;background: #696969;color: #ffffff;\"><span class=\"porto-btn-hover\" style=\"background-color:#ffffff\"><\/span><span class=\"porto-btn-data porto-btn-text \" >T\u0141UMACZENIE KOMUNIKACJI MARKETINGOWEJ<\/span><\/a><\/div><div class=\"porto-btn-ctn-left sidebarfont\"><a class=\"porto-btn  vc_custom_1607422118366 porto-adjust-bottom-margin porto-btn-large porto-btn-left-bg  porto-btn-left sidebarfont\" title='T\u0142umaczenia reklamowe' rel='' href = \"https:\/\/locatheart.com\/pl\/wiedza\/tlumaczenia-wszystko-co-musisz-wiedziec\/czesc-2-rodzaje-tlumaczen\/tlumaczenia-reklamowe\/\"  data-hover=\"#c9c9c9\" data-border-color=\"\" data-bg=\"#696969\" data-hover-bg=\"#ffffff\" data-border-hover=\"\" data-shadow-click=\"none\" data-shadow=\"\" style=\"font-family:Open Sans; font-weight:600; font-style:normal; border-radius:4px;border-width:2px;border-style:solid;background: #696969;color: #ffffff;\"><span class=\"porto-btn-hover\" style=\"background-color:#ffffff\"><\/span><span class=\"porto-btn-data porto-btn-text \" >T\u0141UMACZENIA REKLAMOWE<\/span><\/a><\/div><div class=\"porto-btn-ctn-left sidebarfont\"><a class=\"porto-btn  vc_custom_1607422134498 porto-adjust-bottom-margin porto-btn-large porto-btn-left-bg  porto-btn-left sidebarfont\" title='T\u0142umaczenie blog\u00f3w' rel='' href = \"https:\/\/locatheart.com\/pl\/wiedza\/tlumaczenia-wszystko-co-musisz-wiedziec\/czesc-2-rodzaje-tlumaczen\/tlumaczenie-blogow\/\"  data-hover=\"#c9c9c9\" data-border-color=\"\" data-bg=\"#696969\" data-hover-bg=\"#ffffff\" data-border-hover=\"\" data-shadow-click=\"none\" data-shadow=\"\" style=\"font-family:Open Sans; font-weight:600; font-style:normal; border-radius:4px;border-width:2px;border-style:solid;background: #696969;color: #ffffff;\"><span class=\"porto-btn-hover\" style=\"background-color:#ffffff\"><\/span><span class=\"porto-btn-data porto-btn-text \" >T\u0141UMACZENIE BLOG\u00d3W<\/span><\/a><\/div><div class=\"porto-btn-ctn-left sidebarfont\"><a class=\"porto-btn  vc_custom_1607422148686 porto-adjust-bottom-margin porto-btn-large porto-btn-left-bg  porto-btn-left sidebarfont\" title='T\u0142umaczenia SEO' rel='' href = \"https:\/\/locatheart.com\/pl\/wiedza\/tlumaczenia-wszystko-co-musisz-wiedziec\/czesc-2-rodzaje-tlumaczen\/tlumaczenia-seo\/\"  data-hover=\"#c9c9c9\" data-border-color=\"\" data-bg=\"#696969\" data-hover-bg=\"#ffffff\" data-border-hover=\"\" data-shadow-click=\"none\" data-shadow=\"\" style=\"font-family:Open Sans; font-weight:600; font-style:normal; border-radius:4px;border-width:2px;border-style:solid;background: #696969;color: #ffffff;\"><span class=\"porto-btn-hover\" style=\"background-color:#ffffff\"><\/span><span class=\"porto-btn-data porto-btn-text \" >T\u0141UMACZENIA SEO<\/span><\/a><\/div><div class=\"porto-btn-ctn-left sidebarfont\"><a class=\"porto-btn  vc_custom_1607422191547 porto-adjust-bottom-margin porto-btn-large porto-btn-left-bg  porto-btn-left sidebarfont\" title='T\u0142umaczenie obs\u0142ugi i samoobs\u0142ugi klienta' rel='' href = \"https:\/\/locatheart.com\/pl\/wiedza\/tlumaczenia-wszystko-co-musisz-wiedziec\/czesc-2-rodzaje-tlumaczen\/tlumaczenie-obslugi-i-samoobslugi-klienta\/\"  data-hover=\"#c9c9c9\" data-border-color=\"\" data-bg=\"#696969\" data-hover-bg=\"#ffffff\" data-border-hover=\"\" data-shadow-click=\"none\" data-shadow=\"\" style=\"font-family:Open Sans; font-weight:600; font-style:normal; border-radius:4px;border-width:2px;border-style:solid;background: #696969;color: #ffffff;\"><span class=\"porto-btn-hover\" style=\"background-color:#ffffff\"><\/span><span class=\"porto-btn-data porto-btn-text \" >T\u0141UMACZENIE OBS\u0141UGI I SAMOOBS\u0141UGI KLIENTA<\/span><\/a><\/div><div class=\"porto-btn-ctn-left sidebarfont\"><a class=\"porto-btn  vc_custom_1607422208006 porto-adjust-bottom-margin porto-btn-large porto-btn-left-bg  porto-btn-left sidebarfont\" title='T\u0142umaczenia prawne' rel='' href = \"https:\/\/locatheart.com\/pl\/wiedza\/tlumaczenia-wszystko-co-musisz-wiedziec\/czesc-2-rodzaje-tlumaczen\/tlumaczenia-prawne\/\"  data-hover=\"#c9c9c9\" data-border-color=\"\" data-bg=\"#696969\" data-hover-bg=\"#ffffff\" data-border-hover=\"\" data-shadow-click=\"none\" data-shadow=\"\" style=\"font-family:Open Sans; font-weight:600; font-style:normal; border-radius:4px;border-width:2px;border-style:solid;background: #696969;color: #ffffff;\"><span class=\"porto-btn-hover\" style=\"background-color:#ffffff\"><\/span><span class=\"porto-btn-data porto-btn-text \" >T\u0141UMACZENIA PRAWNE<\/span><\/a><\/div><div class=\"porto-btn-ctn-left sidebarfont\"><a class=\"porto-btn  vc_custom_1607422231987 porto-adjust-bottom-margin porto-btn-large porto-btn-left-bg  porto-btn-left sidebarfont\" title='T\u0142umaczenie aplikacji mobilnych i SaaS (lokalizacja)' rel='' href = \"https:\/\/locatheart.com\/pl\/wiedza\/tlumaczenia-wszystko-co-musisz-wiedziec\/czesc-2-rodzaje-tlumaczen\/tlumaczenie-aplikacji-mobilnych-i-saas-lokalizacja\/\"  data-hover=\"#c9c9c9\" data-border-color=\"\" data-bg=\"#696969\" data-hover-bg=\"#ffffff\" data-border-hover=\"\" data-shadow-click=\"none\" data-shadow=\"\" style=\"font-family:Open Sans; font-weight:600; font-style:normal; border-radius:4px;border-width:2px;border-style:solid;background: #696969;color: #ffffff;\"><span class=\"porto-btn-hover\" style=\"background-color:#ffffff\"><\/span><span class=\"porto-btn-data porto-btn-text \" >T\u0141UMACZENIE APLIKACJI MOBILNYCH I SaaS (LOKALIZACJA)<\/span><\/a><\/div><div class=\"porto-btn-ctn-left sidebarfont\"><a class=\"porto-btn  vc_custom_1607422259317 porto-adjust-bottom-margin porto-btn-large porto-btn-left-bg  porto-btn-left sidebarfont\" title='Ci\u0105g\u0142a lokalizacja (continuous localisation)' rel='' href = \"https:\/\/locatheart.com\/pl\/wiedza\/tlumaczenia-wszystko-co-musisz-wiedziec\/czesc-2-rodzaje-tlumaczen\/ciagla-lokalizacja-continuous-localisation\/\"  data-hover=\"#c9c9c9\" data-border-color=\"\" data-bg=\"#696969\" data-hover-bg=\"#ffffff\" data-border-hover=\"\" data-shadow-click=\"none\" data-shadow=\"\" style=\"font-family:Open Sans; font-weight:600; font-style:normal; border-radius:4px;border-width:2px;border-style:solid;background: #696969;color: #ffffff;\"><span class=\"porto-btn-hover\" style=\"background-color:#ffffff\"><\/span><span class=\"porto-btn-data porto-btn-text \" >CI\u0104G\u0141A LOKALIZACJA (CONTINUOUS LOCALISATION)<\/span><\/a><\/div><div class=\"porto-btn-ctn-left sidebarfont\"><a class=\"porto-btn  vc_custom_1607432793029 porto-adjust-bottom-margin porto-btn-large porto-btn-left-bg  porto-btn-left sidebarfont\" title='T\u0142umaczenie test\u00f3w psychologicznych i oceny pracownik\u00f3w' rel='' href = \"https:\/\/locatheart.com\/pl\/wiedza\/tlumaczenia-wszystko-co-musisz-wiedziec\/czesc-2-rodzaje-tlumaczen\/tlumaczenie-testow-psychologicznych-i-oceny-pracownikow\/\"  data-hover=\"#c9c9c9\" data-border-color=\"\" data-bg=\"#696969\" data-hover-bg=\"#ffffff\" data-border-hover=\"\" data-shadow-click=\"none\" data-shadow=\"\" style=\"font-family:Open Sans; font-weight:600; font-style:normal; border-radius:4px;border-width:2px;border-style:solid;background: #696969;color: #ffffff;\"><span class=\"porto-btn-hover\" style=\"background-color:#ffffff\"><\/span><span class=\"porto-btn-data porto-btn-text \" >T\u0141UMACZENIE TEST\u00d3W PSYCHOLOGICZNYCH I OCENY PRACOWNIK\u00d3W<\/span><\/a><\/div><div class=\"porto-btn-ctn-left sidebarfont\"><a class=\"porto-btn  vc_custom_1607432777320 porto-adjust-bottom-margin porto-btn-large porto-btn-left-bg  porto-btn-left sidebarfont\" title='T\u0142umaczenia dla edukacji online (e-learning)' rel='' href = \"https:\/\/locatheart.com\/pl\/wiedza\/tlumaczenia-wszystko-co-musisz-wiedziec\/czesc-2-rodzaje-tlumaczen\/tlumaczenia-dla-edukacji-online-e-learning\/\"  data-hover=\"#c9c9c9\" data-border-color=\"\" data-bg=\"#696969\" data-hover-bg=\"#ffffff\" data-border-hover=\"\" data-shadow-click=\"none\" data-shadow=\"\" style=\"font-family:Open Sans; font-weight:600; font-style:normal; border-radius:4px;border-width:2px;border-style:solid;background: #696969;color: #ffffff;\"><span class=\"porto-btn-hover\" style=\"background-color:#ffffff\"><\/span><span class=\"porto-btn-data porto-btn-text \" >T\u0141UMACZENIA DLA EDUKACJI ONLINE (E-LEARNING)<\/span><\/a><\/div><div class=\"porto-btn-ctn-left sidebarfont\"><a class=\"porto-btn  vc_custom_1607432755017 porto-adjust-bottom-margin porto-btn-large porto-btn-left-bg  porto-btn-left sidebarfont\" title='T\u0142umaczenie plik\u00f3w graficznych' rel='' href = \"https:\/\/locatheart.com\/pl\/wiedza\/tlumaczenia-wszystko-co-musisz-wiedziec\/czesc-2-rodzaje-tlumaczen\/tlumaczenie-plikow-graficznych\/\"  data-hover=\"#c9c9c9\" data-border-color=\"\" data-bg=\"#696969\" data-hover-bg=\"#ffffff\" data-border-hover=\"\" data-shadow-click=\"none\" data-shadow=\"\" style=\"font-family:Open Sans; font-weight:600; font-style:normal; border-radius:4px;border-width:2px;border-style:solid;background: #696969;color: #ffffff;\"><span class=\"porto-btn-hover\" style=\"background-color:#ffffff\"><\/span><span class=\"porto-btn-data porto-btn-text \" >T\u0141UMACZENIE PLIK\u00d3W GRAFICZNYCH<\/span><\/a><\/div>[\/vc_column][\/vc_row]<\/p>\n","protected":false},"excerpt":{"rendered":"<p>[vc_row css=&#8221;.vc_custom_1603173061877{padding-top: 50px !important;}&#8221;][vc_column width=&#8221;2\/3&#8243;][vc_column_text]\u201eCi\u0105g\u0142a lokalizacja\u201d to poj\u0119cie zwi\u0105zane z t\u0142umaczeniem w zakresie aplikacji, ale nie ogranicza si\u0119 do\u00a0nich. Ci\u0105g\u0142a lokalizacja kojarzona jest ze zwinnym wytwarzaniem oprogramowania, gdzie zmiany do\u00a0kodu wprowadza si\u0119 w sprintach, a wi\u0119c i nowa tre\u015b\u0107 lub zmieniony kontekst pojawiaj\u0105 si\u0119 po ka\u017cdym zako\u0144czonym sprincie. Poniewa\u017c w tym modelu oprogramowanie wytwarza si\u0119 [&hellip;]<\/p>\n","protected":false},"author":4,"featured_media":0,"parent":4429,"menu_order":0,"comment_status":"closed","ping_status":"closed","template":"","meta":{"inline_featured_image":false},"yoast_head":"<!-- This site is optimized with the Yoast SEO plugin v15.3 - https:\/\/yoast.com\/wordpress\/plugins\/seo\/ -->\n<title>Ci\u0105g\u0142a lokalizacja (continuous localisation) - LocAtHeart translation agency<\/title>\n<meta name=\"robots\" content=\"index, follow, max-snippet:-1, max-image-preview:large, max-video-preview:-1\" \/>\n<link rel=\"canonical\" href=\"https:\/\/locatheart.com\/pl\/wiedza\/tlumaczenia-wszystko-co-musisz-wiedziec\/czesc-2-rodzaje-tlumaczen\/ciagla-lokalizacja-continuous-localisation\/\" \/>\n<meta property=\"og:locale\" content=\"pl_PL\" \/>\n<meta property=\"og:type\" content=\"article\" \/>\n<meta property=\"og:title\" content=\"Ci\u0105g\u0142a lokalizacja (continuous localisation) - LocAtHeart translation agency\" \/>\n<meta property=\"og:description\" content=\"[vc_row css=&#8221;.vc_custom_1603173061877{padding-top: 50px !important;}&#8221;][vc_column width=&#8221;2\/3&#8243;][vc_column_text]\u201eCi\u0105g\u0142a lokalizacja\u201d to poj\u0119cie zwi\u0105zane z t\u0142umaczeniem w zakresie aplikacji, ale nie ogranicza si\u0119 do\u00a0nich. Ci\u0105g\u0142a lokalizacja kojarzona jest ze zwinnym wytwarzaniem oprogramowania, gdzie zmiany do\u00a0kodu wprowadza si\u0119 w sprintach, a wi\u0119c i nowa tre\u015b\u0107 lub zmieniony kontekst pojawiaj\u0105 si\u0119 po ka\u017cdym zako\u0144czonym sprincie. Poniewa\u017c w tym modelu oprogramowanie wytwarza si\u0119 [&hellip;]\" \/>\n<meta property=\"og:url\" content=\"https:\/\/locatheart.com\/pl\/wiedza\/tlumaczenia-wszystko-co-musisz-wiedziec\/czesc-2-rodzaje-tlumaczen\/ciagla-lokalizacja-continuous-localisation\/\" \/>\n<meta property=\"og:site_name\" content=\"LocAtHeart translation agency\" \/>\n<meta property=\"article:modified_time\" content=\"2023-05-22T07:54:15+00:00\" \/>\n<meta property=\"og:image\" content=\"https:\/\/locatheart.com\/wp-content\/uploads\/2022\/06\/locatheart_pion.png\" \/>\n\t<meta property=\"og:image:width\" content=\"600\" \/>\n\t<meta property=\"og:image:height\" content=\"600\" \/>\n<meta name=\"twitter:card\" content=\"summary_large_image\" \/>\n<meta name=\"twitter:label1\" content=\"Written by\">\n\t<meta name=\"twitter:data1\" content=\"Agnieszka W\u0105sowska-Tel\u0119ga\">\n\t<meta name=\"twitter:label2\" content=\"Est. reading time\">\n\t<meta name=\"twitter:data2\" content=\"6 minut\">\n<!-- \/ Yoast SEO plugin. -->","_links":{"self":[{"href":"https:\/\/locatheart.com\/pl\/wp-json\/wp\/v2\/pages\/4489\/"}],"collection":[{"href":"https:\/\/locatheart.com\/pl\/wp-json\/wp\/v2\/pages\/"}],"about":[{"href":"https:\/\/locatheart.com\/pl\/wp-json\/wp\/v2\/types\/page\/"}],"author":[{"embeddable":true,"href":"https:\/\/locatheart.com\/pl\/wp-json\/wp\/v2\/users\/4\/"}],"replies":[{"embeddable":true,"href":"https:\/\/locatheart.com\/pl\/wp-json\/wp\/v2\/comments\/?post=4489"}],"version-history":[{"count":11,"href":"https:\/\/locatheart.com\/pl\/wp-json\/wp\/v2\/pages\/4489\/revisions\/"}],"predecessor-version":[{"id":8973,"href":"https:\/\/locatheart.com\/pl\/wp-json\/wp\/v2\/pages\/4489\/revisions\/8973\/"}],"up":[{"embeddable":true,"href":"https:\/\/locatheart.com\/pl\/wp-json\/wp\/v2\/pages\/4429\/"}],"wp:attachment":[{"href":"https:\/\/locatheart.com\/pl\/wp-json\/wp\/v2\/media\/?parent=4489"}],"curies":[{"name":"wp","href":"https:\/\/api.w.org\/{rel}","templated":true}]}}