{"id":4532,"date":"2020-12-09T09:40:50","date_gmt":"2020-12-09T08:40:50","guid":{"rendered":"https:\/\/locatheart.com\/wiedza\/tlumaczenia-wszystko-co-musisz-wiedziec\/czesc-3-ceny-i-wydajosc-tlumaczen\/tlumaczenia-i-mierzenie-zwrotu-z-inwestycji-roi\/"},"modified":"2021-07-02T13:43:24","modified_gmt":"2021-07-02T11:43:24","slug":"tlumaczenia-i-mierzenie-zwrotu-z-inwestycji-roi","status":"publish","type":"page","link":"https:\/\/locatheart.com\/pl\/wiedza\/tlumaczenia-wszystko-co-musisz-wiedziec\/czesc-3-ceny-i-wydajosc-tlumaczen\/tlumaczenia-i-mierzenie-zwrotu-z-inwestycji-roi\/","title":{"rendered":"T\u0142umaczenia i mierzenie zwrotu z inwestycji (ROI)"},"content":{"rendered":"<p>[vc_row css=&#8221;.vc_custom_1603173061877{padding-top: 50px !important;}&#8221;][vc_column width=&#8221;2\/3&#8243;]<div class=\"porto-u-heading\" data-hspacer=\"no_spacer\" data-halign=\"left\" style=\"text-align:left\"><div class=\"porto-u-main-heading\"><h2 style=\"font-weight:700;color:#21293c;font-size:19px;\">T\u0141UMACZENIA I MIERZENIE ZWROTU Z INWESTYCJI (ROI)<\/h2><\/div><\/div>[vc_column_text]Pomiar ROI \u2013 zwrotu z inwestycji \u2013 jest \u015bwietnym narz\u0119dziem, rozs\u0105dnym i intuicyjnym.<\/p>\n<p>Ale w przypadku t\u0142umacze\u0144 to bardzo podchwytliwy pomys\u0142.<br \/>\nKoszt t\u0142umaczenia jest inwestycj\u0105, ale jak w prawdziwym \u017cyciu zmierzy\u0107 jego efekty?<\/p>\n<p>Przyk\u0142ad: Gdy przet\u0142umaczysz stron\u0119 na nowy j\u0119zyk, zyskasz nowych klient\u00f3w, ale cz\u0119\u015b\u0107 z nich po prostu przestanie kupowa\u0107 we wcze\u015bniej dost\u0119pnym j\u0119zyku i przejdzie na now\u0105 wersj\u0119 j\u0119zykow\u0105.<\/p>\n<p>Przyk\u0142ad: Mimo opublikowania nowej wersji j\u0119zykowej strony cz\u0119\u015b\u0107 klient\u00f3w woli dalej korzysta\u0107 z wersji dotychczasowej (dla nich obcoj\u0119zycznej), bo t\u0142umaczenie na ich j\u0119zyk wydaje im si\u0119 dziwne. Narzekaj\u0105, \u017ce wyszukiwarka w nowej wersji j\u0119zykowej nie dzia\u0142a.<\/p>\n<p>Jako\u015b\u0107 t\u0142umaczenia (przyst\u0119pno\u015b\u0107 j\u0119zyka, ton wypowiedzi, u\u017cycie slangu itp.) mo\u017ce pom\u00f3c Ci podbi\u0107 nowy rynek albo wr\u0119cz przeciwnie, ale proste por\u00f3wnanie kr\u00f3tkoterminowych wynik\u00f3w sprzeda\u017cy sprzed publikacji t\u0142umaczenia i po niej nie poka\u017c\u0105 realistycznych wynik\u00f3w.<\/p>\n<p>Dodatkowo w otoczeniu internetowym i technologicznym nie spos\u00f3b oddzieli\u0107 t\u0142umaczenia od ca\u0142ego do\u015bwiadczenia \u2013 strony lub aplikacji i jej b\u0142\u0119d\u00f3w, lokalizacji, dostosowania dost\u0119pnych form p\u0142atno\u015bci i dostawy do standard\u00f3w danego rynku, dopasowania komunikacji do lokalnej kultury itp.<\/p>\n<p>Wydaje si\u0119 zupe\u0142nie prawdopodobne, \u017ce programi\u015bci s\u0105 proszeni o naprawianie niedzia\u0142aj\u0105cych filtr\u00f3w produkt\u00f3w, podczas gdy tak naprawd\u0119 jedynym problemem jest s\u0142abe t\u0142umaczenie \u2013 niesp\u00f3jne i niezgodne z kontekstem.<\/p>\n<p><strong>T\u0141UMACZENIE JAKO KATALIZATOR<\/strong><\/p>\n<p>W tej koncepcji lokalizacja i t\u0142umaczenie nie s\u0105 mierzalnym \u017ar\u00f3d\u0142em przychod\u00f3w. Staj\u0105 si\u0119 natomiast ich katalizatorem. Nacisk przenosi si\u0119 z typowych wska\u017anik\u00f3w (jak liczba przet\u0142umaczonych s\u0142\u00f3w \u2013 wska\u017anik zupe\u0142nie nieistotny z biznesowego punktu widzenia) na bardziej ca\u0142o\u015bciowe podej\u015bcie uwzgl\u0119dniaj\u0105ce szanse, rezultaty i procesy, a nie szczeg\u00f3\u0142y realizacji.<\/p>\n<p>T\u0142umaczenie jednak, tak jak ka\u017cdy proces biznesowy, tak\u017ce potrzebuje wska\u017anik\u00f3w, kt\u00f3re pozwalaj\u0105 mierzy\u0107 realizacj\u0119 cel\u00f3w.<\/p>\n<h3 style=\"text-align: right;\"><a href=\"https:\/\/locatheart.com\/pl\/wiedza\/tlumaczenia-wszystko-co-musisz-wiedziec\/czesc-3-ceny-i-wydajosc-tlumaczen\/tlumaczenia-i-kluczowe-wskazniki-efektywnosci-kpi\/\">T\u0142umaczenia i kluczowe wska\u017aniki efektywno\u015bci (KPI) &gt;&gt;<\/a><\/h3>\n<h4><a href=\"https:\/\/locatheart.com\/pl\/wiedza\/tlumaczenia-wszystko-co-musisz-wiedziec\/czesc-3-ceny-i-wydajosc-tlumaczen\/\">&lt;&lt; Cz\u0119\u015b\u0107 3: Ceny i wydajno\u015b\u0107 t\u0142umacze\u0144<\/a><\/h4>\n<p>[\/vc_column_text][\/vc_column][vc_column width=&#8221;1\/3&#8243; is_sticky=&#8221;yes&#8221; sticky_min_width=&#8221;767&#8243; sticky_top=&#8221;110&#8243; sticky_bottom=&#8221;0&#8243;]<div class=\"porto-btn-ctn-left sidebarfont\"><a class=\"porto-btn  vc_custom_1607512594776 porto-adjust-bottom-margin porto-btn-large porto-btn-left-bg  porto-btn-left sidebarfont\" title='T\u0142umaczenia i mierzenie zwrotu z inwestycji (ROI)' rel='' href = \"https:\/\/locatheart.com\/pl\/wiedza\/tlumaczenia-wszystko-co-musisz-wiedziec\/czesc-3-ceny-i-wydajosc-tlumaczen\/tlumaczenia-i-mierzenie-zwrotu-z-inwestycji-roi\/\"  data-hover=\"#c9c9c9\" data-border-color=\"\" data-bg=\"#696969\" data-hover-bg=\"#ffffff\" data-border-hover=\"\" data-shadow-click=\"none\" data-shadow=\"\" style=\"font-family:Open Sans; font-weight:600; font-style:normal; border-radius:4px;border-width:2px;border-style:solid;background: #696969;color: #ffffff;\"><span class=\"porto-btn-hover\" style=\"background-color:#ffffff\"><\/span><span class=\"porto-btn-data porto-btn-text \" >T\u0141UMACZENIA I MIERZENIE ZWROTU Z INWESTYCJI (ROI)<\/span><\/a><\/div><div class=\"porto-btn-ctn-left sidebarfont\"><a class=\"porto-btn  vc_custom_1607512624948 porto-adjust-bottom-margin porto-btn-large porto-btn-left-bg  porto-btn-left sidebarfont\" title='T\u0142umaczenia i kluczowe wska\u017aniki efektywno\u015bci (KPI)' rel='' href = \"https:\/\/locatheart.com\/pl\/wiedza\/tlumaczenia-wszystko-co-musisz-wiedziec\/czesc-3-ceny-i-wydajosc-tlumaczen\/tlumaczenia-i-kluczowe-wskazniki-efektywnosci-kpi\/\"  data-hover=\"#c9c9c9\" data-border-color=\"\" data-bg=\"#696969\" data-hover-bg=\"#ffffff\" data-border-hover=\"\" data-shadow-click=\"none\" data-shadow=\"\" style=\"font-family:Open Sans; font-weight:600; font-style:normal; border-radius:4px;border-width:2px;border-style:solid;background: #696969;color: #ffffff;\"><span class=\"porto-btn-hover\" style=\"background-color:#ffffff\"><\/span><span class=\"porto-btn-data porto-btn-text \" >T\u0141UMACZENIA I KLUCZOWE WSKA\u0179NIKI EFEKTYWNO\u015aCI (KPI)<\/span><\/a><\/div><div class=\"porto-btn-ctn-left sidebarfont\"><a class=\"porto-btn  vc_custom_1607512651895 porto-adjust-bottom-margin porto-btn-large porto-btn-left-bg  porto-btn-left sidebarfont\" title='Ceny t\u0142umacze\u0144: wprowadzenie' rel='' href = \"https:\/\/locatheart.com\/pl\/wiedza\/tlumaczenia-wszystko-co-musisz-wiedziec\/czesc-3-ceny-i-wydajosc-tlumaczen\/ceny-tlumaczen-wprowadzenie\/\"  data-hover=\"#c9c9c9\" data-border-color=\"\" data-bg=\"#696969\" data-hover-bg=\"#ffffff\" data-border-hover=\"\" data-shadow-click=\"none\" data-shadow=\"\" style=\"font-family:Open Sans; font-weight:600; font-style:normal; border-radius:4px;border-width:2px;border-style:solid;background: #696969;color: #ffffff;\"><span class=\"porto-btn-hover\" style=\"background-color:#ffffff\"><\/span><span class=\"porto-btn-data porto-btn-text \" >CENY T\u0141UMACZE\u0143: WPROWADZENIE<\/span><\/a><\/div><div class=\"porto-btn-ctn-left sidebarfont\"><a class=\"porto-btn  vc_custom_1607512676715 porto-adjust-bottom-margin porto-btn-large porto-btn-left-bg  porto-btn-left sidebarfont\" title='Rodzaje powt\u00f3rze\u0144 w t\u0142umaczeniach \u2013 co to jest dopasowanie?' rel='' href = \"https:\/\/locatheart.com\/pl\/wiedza\/tlumaczenia-wszystko-co-musisz-wiedziec\/czesc-3-ceny-i-wydajosc-tlumaczen\/rodzaje-powtorzen-w-tlumaczeniach-co-to-jest-dopasowanie\/\"  data-hover=\"#c9c9c9\" data-border-color=\"\" data-bg=\"#696969\" data-hover-bg=\"#ffffff\" data-border-hover=\"\" data-shadow-click=\"none\" data-shadow=\"\" style=\"font-family:Open Sans; font-weight:600; font-style:normal; border-radius:4px;border-width:2px;border-style:solid;background: #696969;color: #ffffff;\"><span class=\"porto-btn-hover\" style=\"background-color:#ffffff\"><\/span><span class=\"porto-btn-data porto-btn-text \" >RODZAJE POWT\u00d3RZE\u0143 W T\u0141UMACZENIACH \u2013 CO TO JEST DOPASOWANIE?<\/span><\/a><\/div><div class=\"porto-btn-ctn-left sidebarfont\"><a class=\"porto-btn  vc_custom_1607512702915 porto-adjust-bottom-margin porto-btn-large porto-btn-left-bg  porto-btn-left sidebarfont\" title='Obliczanie koszt\u00f3w t\u0142umaczenia' rel='' href = \"https:\/\/locatheart.com\/pl\/wiedza\/tlumaczenia-wszystko-co-musisz-wiedziec\/czesc-3-ceny-i-wydajosc-tlumaczen\/obliczanie-kosztow-tlumaczenia\/\"  data-hover=\"#c9c9c9\" data-border-color=\"\" data-bg=\"#696969\" data-hover-bg=\"#ffffff\" data-border-hover=\"\" data-shadow-click=\"none\" data-shadow=\"\" style=\"font-family:Open Sans; font-weight:600; font-style:normal; border-radius:4px;border-width:2px;border-style:solid;background: #696969;color: #ffffff;\"><span class=\"porto-btn-hover\" style=\"background-color:#ffffff\"><\/span><span class=\"porto-btn-data porto-btn-text \" >OBLICZANIE KOSZT\u00d3W T\u0141UMACZENIA<\/span><\/a><\/div><div class=\"porto-btn-ctn-left sidebarfont\"><a class=\"porto-btn  vc_custom_1607512725430 porto-adjust-bottom-margin porto-btn-large porto-btn-left-bg  porto-btn-left sidebarfont\" title='Korzy\u015bci skali w t\u0142umaczeniach' rel='' href = \"https:\/\/locatheart.com\/pl\/wiedza\/tlumaczenia-wszystko-co-musisz-wiedziec\/czesc-3-ceny-i-wydajosc-tlumaczen\/korzysci-skali-w-tlumaczeniach\/\"  data-hover=\"#c9c9c9\" data-border-color=\"\" data-bg=\"#696969\" data-hover-bg=\"#ffffff\" data-border-hover=\"\" data-shadow-click=\"none\" data-shadow=\"\" style=\"font-family:Open Sans; font-weight:600; font-style:normal; border-radius:4px;border-width:2px;border-style:solid;background: #696969;color: #ffffff;\"><span class=\"porto-btn-hover\" style=\"background-color:#ffffff\"><\/span><span class=\"porto-btn-data porto-btn-text \" >KORZY\u015aCI SKALI W T\u0141UMACZENIACH<\/span><\/a><\/div><div class=\"porto-btn-ctn-left sidebarfont\"><a class=\"porto-btn  vc_custom_1607512777193 porto-adjust-bottom-margin porto-btn-large porto-btn-left-bg  porto-btn-left sidebarfont\" title='Korzy\u015bci skali \u2013 studium przypadku' rel='' href = \"https:\/\/locatheart.com\/pl\/wiedza\/tlumaczenia-wszystko-co-musisz-wiedziec\/czesc-3-ceny-i-wydajosc-tlumaczen\/korzysci-skali-studium-przypadku\/\"  data-hover=\"#c9c9c9\" data-border-color=\"\" data-bg=\"#696969\" data-hover-bg=\"#ffffff\" data-border-hover=\"\" data-shadow-click=\"none\" data-shadow=\"\" style=\"font-family:Open Sans; font-weight:600; font-style:normal; border-radius:4px;border-width:2px;border-style:solid;background: #696969;color: #ffffff;\"><span class=\"porto-btn-hover\" style=\"background-color:#ffffff\"><\/span><span class=\"porto-btn-data porto-btn-text \" >KORZY\u015aCI SKALI \u2013 STUDIUM PRZYPADKU<\/span><\/a><\/div>[\/vc_column][\/vc_row]<\/p>\n","protected":false},"excerpt":{"rendered":"<p>[vc_row css=&#8221;.vc_custom_1603173061877{padding-top: 50px !important;}&#8221;][vc_column width=&#8221;2\/3&#8243;][vc_column_text]Pomiar ROI \u2013 zwrotu z inwestycji \u2013 jest \u015bwietnym narz\u0119dziem, rozs\u0105dnym i intuicyjnym. Ale w przypadku t\u0142umacze\u0144 to bardzo podchwytliwy pomys\u0142. Koszt t\u0142umaczenia jest inwestycj\u0105, ale jak w prawdziwym \u017cyciu zmierzy\u0107 jego efekty? Przyk\u0142ad: Gdy przet\u0142umaczysz stron\u0119 na nowy j\u0119zyk, zyskasz nowych klient\u00f3w, ale cz\u0119\u015b\u0107 z nich po prostu przestanie kupowa\u0107 [&hellip;]<\/p>\n","protected":false},"author":4,"featured_media":0,"parent":4529,"menu_order":0,"comment_status":"closed","ping_status":"closed","template":"","meta":{"inline_featured_image":false},"yoast_head":"<!-- This site is optimized with the Yoast SEO plugin v15.3 - https:\/\/yoast.com\/wordpress\/plugins\/seo\/ -->\n<title>T\u0142umaczenia i mierzenie zwrotu z inwestycji (ROI) - LocAtHeart translation agency<\/title>\n<meta name=\"robots\" content=\"index, follow, max-snippet:-1, max-image-preview:large, max-video-preview:-1\" \/>\n<link rel=\"canonical\" href=\"https:\/\/locatheart.com\/pl\/wiedza\/tlumaczenia-wszystko-co-musisz-wiedziec\/czesc-3-ceny-i-wydajosc-tlumaczen\/tlumaczenia-i-mierzenie-zwrotu-z-inwestycji-roi\/\" \/>\n<meta property=\"og:locale\" content=\"pl_PL\" \/>\n<meta property=\"og:type\" content=\"article\" \/>\n<meta property=\"og:title\" content=\"T\u0142umaczenia i mierzenie zwrotu z inwestycji (ROI) - LocAtHeart translation agency\" \/>\n<meta property=\"og:description\" content=\"[vc_row css=&#8221;.vc_custom_1603173061877{padding-top: 50px !important;}&#8221;][vc_column width=&#8221;2\/3&#8243;][vc_column_text]Pomiar ROI \u2013 zwrotu z inwestycji \u2013 jest \u015bwietnym narz\u0119dziem, rozs\u0105dnym i intuicyjnym. Ale w przypadku t\u0142umacze\u0144 to bardzo podchwytliwy pomys\u0142. Koszt t\u0142umaczenia jest inwestycj\u0105, ale jak w prawdziwym \u017cyciu zmierzy\u0107 jego efekty? Przyk\u0142ad: Gdy przet\u0142umaczysz stron\u0119 na nowy j\u0119zyk, zyskasz nowych klient\u00f3w, ale cz\u0119\u015b\u0107 z nich po prostu przestanie kupowa\u0107 [&hellip;]\" \/>\n<meta property=\"og:url\" content=\"https:\/\/locatheart.com\/pl\/wiedza\/tlumaczenia-wszystko-co-musisz-wiedziec\/czesc-3-ceny-i-wydajosc-tlumaczen\/tlumaczenia-i-mierzenie-zwrotu-z-inwestycji-roi\/\" \/>\n<meta property=\"og:site_name\" content=\"LocAtHeart translation agency\" \/>\n<meta property=\"article:modified_time\" content=\"2021-07-02T11:43:24+00:00\" \/>\n<meta name=\"twitter:card\" content=\"summary_large_image\" \/>\n<meta name=\"twitter:label1\" content=\"Written by\">\n\t<meta name=\"twitter:data1\" content=\"Agnieszka W\u0105sowska-Tel\u0119ga\">\n\t<meta name=\"twitter:label2\" content=\"Est. reading time\">\n\t<meta name=\"twitter:data2\" content=\"5 minut\">\n<!-- \/ Yoast SEO plugin. -->","_links":{"self":[{"href":"https:\/\/locatheart.com\/pl\/wp-json\/wp\/v2\/pages\/4532\/"}],"collection":[{"href":"https:\/\/locatheart.com\/pl\/wp-json\/wp\/v2\/pages\/"}],"about":[{"href":"https:\/\/locatheart.com\/pl\/wp-json\/wp\/v2\/types\/page\/"}],"author":[{"embeddable":true,"href":"https:\/\/locatheart.com\/pl\/wp-json\/wp\/v2\/users\/4\/"}],"replies":[{"embeddable":true,"href":"https:\/\/locatheart.com\/pl\/wp-json\/wp\/v2\/comments\/?post=4532"}],"version-history":[{"count":6,"href":"https:\/\/locatheart.com\/pl\/wp-json\/wp\/v2\/pages\/4532\/revisions\/"}],"predecessor-version":[{"id":4569,"href":"https:\/\/locatheart.com\/pl\/wp-json\/wp\/v2\/pages\/4532\/revisions\/4569\/"}],"up":[{"embeddable":true,"href":"https:\/\/locatheart.com\/pl\/wp-json\/wp\/v2\/pages\/4529\/"}],"wp:attachment":[{"href":"https:\/\/locatheart.com\/pl\/wp-json\/wp\/v2\/media\/?parent=4532"}],"curies":[{"name":"wp","href":"https:\/\/api.w.org\/{rel}","templated":true}]}}