{"id":4541,"date":"2020-12-09T09:46:26","date_gmt":"2020-12-09T08:46:26","guid":{"rendered":"https:\/\/locatheart.com\/wiedza\/tlumaczenia-wszystko-co-musisz-wiedziec\/czesc-3-ceny-i-wydajosc-tlumaczen\/ceny-tlumaczen-wprowadzenie\/"},"modified":"2022-07-01T13:23:18","modified_gmt":"2022-07-01T11:23:18","slug":"ceny-tlumaczen-wprowadzenie","status":"publish","type":"page","link":"https:\/\/locatheart.com\/pl\/wiedza\/tlumaczenia-wszystko-co-musisz-wiedziec\/czesc-3-ceny-i-wydajosc-tlumaczen\/ceny-tlumaczen-wprowadzenie\/","title":{"rendered":"Ceny t\u0142umacze\u0144: wprowadzenie"},"content":{"rendered":"<p>[vc_row css=&#8221;.vc_custom_1603173061877{padding-top: 50px !important;}&#8221;][vc_column width=&#8221;2\/3&#8243;]<div class=\"porto-u-heading\" data-hspacer=\"no_spacer\" data-halign=\"left\" style=\"text-align:left\"><div class=\"porto-u-main-heading\"><h2 style=\"font-weight:700;color:#21293c;font-size:19px;\">CENY T\u0141UMACZE\u0143: WPROWADZENIE<\/h2><\/div><\/div>[vc_column_text]Na koszt t\u0142umacze\u0144 wp\u0142ywaj\u0105 3 g\u0142\u00f3wne czynniki:<\/p>\n<ol>\n<li>stawka za s\u0142owo,<\/li>\n<li>liczba s\u0142\u00f3w,<\/li>\n<li>liczba powt\u00f3rze\u0144 (dopasowa\u0144).<\/li>\n<\/ol>\n<p>Stawka za s\u0142owo zale\u017cy przede wszystkim od:<\/p>\n<ul>\n<li>pary j\u0119zykowej, czyli j\u0119zyka orygina\u0142u i j\u0119zyka docelowego;<\/li>\n<li>typu tre\u015bci \u2013 stawki s\u0105 wy\u017csze w przypadku tekst\u00f3w specjalistycznych;<\/li>\n<li>kontekstu tre\u015bci \u2013 niekt\u00f3re tre\u015bci wymagaj\u0105 bardzo czasoch\u0142onnej pracy z materia\u0142ami referencyjnymi;<\/li>\n<li>szacowanej obj\u0119to\u015b\u0107 zlecenia;<\/li>\n<li>poziomu kontroli jako\u015bci i typu us\u0142ugi (najpopularniejsze opcje opisali\u015bmy w Cz\u0119\u015bci 1: [link]).<\/li>\n<\/ul>\n<p>Liczba s\u0142\u00f3w to po prostu wszystkie s\u0142owa, kt\u00f3re trzeba przet\u0142umaczy\u0107. Obliczamy je przy u\u017cyciu oprogramowania do t\u0142umacze\u0144.<\/p>\n<p>Aby zrozumie\u0107, co kryje si\u0119 pod poj\u0119ciami \u201eliczba powt\u00f3rze\u0144\u201d i \u201eliczba dopasowa\u0144\u201d, musisz pozna\u0107 definicj\u0119 segmentu.<\/p>\n<p>Segment to sekwencja s\u0142\u00f3w, np. zdanie lub akapit.<\/p>\n<p>Oprogramowanie wspieraj\u0105ce t\u0142umaczenia dzieli tekst na segmenty, aby m\u00f3c na bie\u017c\u0105co sprawdza\u0107, czy do danego segmentu da si\u0119 dopasowa\u0107 t\u0142umaczenie zapisane wcze\u015bniej w pami\u0119ci t\u0142umaczeniowej. Je\u015bli pami\u0119\u0107 t\u0142umaczeniowa zawiera ju\u017c t\u0142umaczenie podobnego lub takiego samego segmentu, mamy powt\u00f3rzenie (dopasowanie). Je\u015bli takiego t\u0142umaczenia nie ma i trzeba je wykona\u0107 od zera, mamy do czynienia z nowym segmentem.<\/p>\n<p>Agencja t\u0142umacze\u0144 pobiera 100% stawki tylko za s\u0142owa w nowych segmentach. S\u0142owa w segmentach z powt\u00f3rzeniami s\u0105 wyceniane wed\u0142ug u\u0142amka stawki.<\/p>\n<p>Czas na dowcip!<\/p>\n<blockquote><p>M\u0119\u017cczyzna dzwoni do serwisu samochodowego.<br \/>\nM\u0119\u017cczyzna: Zepsu\u0142 mi si\u0119 samoch\u00f3d. Ile za napraw\u0119?<br \/>\nMechanik: Najlepiej by by\u0142o zobaczy\u0107, co dok\u0142adnie si\u0119 zepsu\u0142o.<br \/>\nM\u0119\u017cczyzna: Ju\u017c m\u00f3wi\u0142em. Samoch\u00f3d.<br \/>\nMechanik: OK, a mo\u017ce pan podjecha\u0107?<br \/>\nM\u0119\u017cczyzna: Po co mam przyje\u017cd\u017ca\u0107, skoro nie wiem, ile skasujecie?<br \/>\nMechanik: Je\u015bli chce pan pozna\u0107 cen\u0119, potrzebuj\u0119 wi\u0119cej informacji o samochodzie.<br \/>\nM\u0119\u017cczyzna: Jest czerwony.<br \/>\nMechanik: A co si\u0119 zepsu\u0142o?<br \/>\nM\u0119\u017cczyzna: Samoch\u00f3d!<br \/>\n[Mechanik odk\u0142ada s\u0142uchawk\u0119.]<\/p><\/blockquote>\n<p>W us\u0142ugach j\u0119zykowych agencje t\u0142umacze\u0144 cz\u0119sto znajduj\u0105 si\u0119 w roli mechanika. Nie mo\u017cemy wyceni\u0107 tekstu, o kt\u00f3rym nic nie wiemy. Mo\u017cemy zaproponowa\u0107 szacunkowy koszt, ale to nie m\u00f3wi wiele o ostatecznej cenie, bo nie wiemy, ile dopasowa\u0144 znajdzie si\u0119 w tek\u015bcie.<\/p>\n<p>Najlepszy spos\u00f3b na wycen\u0119 t\u0142umaczenia to przes\u0142anie tekstu agencji t\u0142umacze\u0144. Umowa o poufno\u015bci zabezpieczy wyceniane tre\u015bci i informacje w nich zawarte.<\/p>\n<p>W kolejnym rozdziale dowiesz si\u0119 wi\u0119cej o powt\u00f3rzeniach.<\/p>\n<h3 style=\"text-align: right;\"><a href=\"https:\/\/locatheart.com\/pl\/wiedza\/tlumaczenia-wszystko-co-musisz-wiedziec\/czesc-3-ceny-i-wydajosc-tlumaczen\/rodzaje-powtorzen-w-tlumaczeniach-co-to-jest-dopasowanie\/\">Rodzaje powt\u00f3rze\u0144 w t\u0142umaczeniach \u2013 co to jest dopasowanie? &gt;&gt;<\/a><\/h3>\n<h4><a href=\"https:\/\/locatheart.com\/pl\/wiedza\/tlumaczenia-wszystko-co-musisz-wiedziec\/czesc-3-ceny-i-wydajosc-tlumaczen\/tlumaczenia-i-kluczowe-wskazniki-efektywnosci-kpi\/\">&lt;&lt; T\u0142umaczenia i kluczowe wska\u017aniki efektywno\u015bci<\/a><\/h4>\n<p>[\/vc_column_text][\/vc_column][vc_column width=&#8221;1\/3&#8243; is_sticky=&#8221;yes&#8221; sticky_min_width=&#8221;767&#8243; sticky_top=&#8221;110&#8243; sticky_bottom=&#8221;0&#8243;]<div class=\"porto-btn-ctn-left sidebarfont\"><a class=\"porto-btn  vc_custom_1607507595048 porto-adjust-bottom-margin porto-btn-large porto-btn-left-bg  porto-btn-left sidebarfont\" title='T\u0142umaczenia i mierzenie zwrotu z inwestycji (ROI)' rel='' href = \"https:\/\/locatheart.com\/pl\/wiedza\/tlumaczenia-wszystko-co-musisz-wiedziec\/czesc-3-ceny-i-wydajosc-tlumaczen\/tlumaczenia-i-mierzenie-zwrotu-z-inwestycji-roi\/\"  data-hover=\"#c9c9c9\" data-border-color=\"\" data-bg=\"#696969\" data-hover-bg=\"#ffffff\" data-border-hover=\"\" data-shadow-click=\"none\" data-shadow=\"\" style=\"font-family:Open Sans; font-weight:600; font-style:normal; border-radius:4px;border-width:2px;border-style:solid;background: #696969;color: #ffffff;\"><span class=\"porto-btn-hover\" style=\"background-color:#ffffff\"><\/span><span class=\"porto-btn-data porto-btn-text \" >T\u0141UMACZENIA I MIERZENIE ZWROTU Z INWESTYCJI (ROI)<\/span><\/a><\/div><div class=\"porto-btn-ctn-left sidebarfont\"><a class=\"porto-btn  vc_custom_1607507541950 porto-adjust-bottom-margin porto-btn-large porto-btn-left-bg  porto-btn-left sidebarfont\" title='T\u0142umaczenia i kluczowe wska\u017aniki efektywno\u015bci (KPI)' rel='' href = \"https:\/\/locatheart.com\/pl\/wiedza\/tlumaczenia-wszystko-co-musisz-wiedziec\/czesc-3-ceny-i-wydajosc-tlumaczen\/tlumaczenia-i-kluczowe-wskazniki-efektywnosci-kpi\/\"  data-hover=\"#c9c9c9\" data-border-color=\"\" data-bg=\"#696969\" data-hover-bg=\"#ffffff\" data-border-hover=\"\" data-shadow-click=\"none\" data-shadow=\"\" style=\"font-family:Open Sans; font-weight:600; font-style:normal; border-radius:4px;border-width:2px;border-style:solid;background: #696969;color: #ffffff;\"><span class=\"porto-btn-hover\" style=\"background-color:#ffffff\"><\/span><span class=\"porto-btn-data porto-btn-text \" >T\u0141UMACZENIA I KLUCZOWE WSKA\u0179NIKI EFEKTYWNO\u015aCI (KPI)<\/span><\/a><\/div><div class=\"porto-btn-ctn-left sidebarfont\"><a class=\"porto-btn  vc_custom_1607507619526 porto-adjust-bottom-margin porto-btn-large porto-btn-left-bg  porto-btn-left sidebarfont\" title='Ceny t\u0142umacze\u0144: wprowadzenie' rel='' href = \"https:\/\/locatheart.com\/pl\/wiedza\/tlumaczenia-wszystko-co-musisz-wiedziec\/czesc-3-ceny-i-wydajosc-tlumaczen\/ceny-tlumaczen-wprowadzenie\/\"  data-hover=\"#c9c9c9\" data-border-color=\"\" data-bg=\"#696969\" data-hover-bg=\"#ffffff\" data-border-hover=\"\" data-shadow-click=\"none\" data-shadow=\"\" style=\"font-family:Open Sans; font-weight:600; font-style:normal; border-radius:4px;border-width:2px;border-style:solid;background: #696969;color: #ffffff;\"><span class=\"porto-btn-hover\" style=\"background-color:#ffffff\"><\/span><span class=\"porto-btn-data porto-btn-text \" >CENY T\u0141UMACZE\u0143: WPROWADZENIE<\/span><\/a><\/div><div class=\"porto-btn-ctn-left sidebarfont\"><a class=\"porto-btn  vc_custom_1607507655823 porto-adjust-bottom-margin porto-btn-large porto-btn-left-bg  porto-btn-left sidebarfont\" title='Obliczanie koszt\u00f3w t\u0142umaczenia' rel='' href = \"https:\/\/locatheart.com\/pl\/wiedza\/tlumaczenia-wszystko-co-musisz-wiedziec\/czesc-3-ceny-i-wydajosc-tlumaczen\/rodzaje-powtorzen-w-tlumaczeniach-co-to-jest-dopasowanie\/\"  data-hover=\"#c9c9c9\" data-border-color=\"\" data-bg=\"#696969\" data-hover-bg=\"#ffffff\" data-border-hover=\"\" data-shadow-click=\"none\" data-shadow=\"\" style=\"font-family:Open Sans; font-weight:600; font-style:normal; border-radius:4px;border-width:2px;border-style:solid;background: #696969;color: #ffffff;\"><span class=\"porto-btn-hover\" style=\"background-color:#ffffff\"><\/span><span class=\"porto-btn-data porto-btn-text \" >RODZAJE POWT\u00d3RZE\u0143 W T\u0141UMACZENIACH \u2013 CO TO JEST DOPASOWANIE?<\/span><\/a><\/div><div class=\"porto-btn-ctn-left sidebarfont\"><a class=\"porto-btn  vc_custom_1607507679523 porto-adjust-bottom-margin porto-btn-large porto-btn-left-bg  porto-btn-left sidebarfont\" title='Obliczanie koszt\u00f3w t\u0142umaczenia' rel='' href = \"https:\/\/locatheart.com\/pl\/wiedza\/tlumaczenia-wszystko-co-musisz-wiedziec\/czesc-3-ceny-i-wydajosc-tlumaczen\/obliczanie-kosztow-tlumaczenia\/\"  data-hover=\"#c9c9c9\" data-border-color=\"\" data-bg=\"#696969\" data-hover-bg=\"#ffffff\" data-border-hover=\"\" data-shadow-click=\"none\" data-shadow=\"\" style=\"font-family:Open Sans; font-weight:600; font-style:normal; border-radius:4px;border-width:2px;border-style:solid;background: #696969;color: #ffffff;\"><span class=\"porto-btn-hover\" style=\"background-color:#ffffff\"><\/span><span class=\"porto-btn-data porto-btn-text \" >OBLICZANIE KOSZT\u00d3W T\u0141UMACZENIA<\/span><\/a><\/div><div class=\"porto-btn-ctn-left sidebarfont\"><a class=\"porto-btn  vc_custom_1607507704040 porto-adjust-bottom-margin porto-btn-large porto-btn-left-bg  porto-btn-left sidebarfont\" title='Korzy\u015bci skali w t\u0142umaczeniach' rel='' href = \"https:\/\/locatheart.com\/pl\/wiedza\/tlumaczenia-wszystko-co-musisz-wiedziec\/czesc-3-ceny-i-wydajosc-tlumaczen\/korzysci-skali-w-tlumaczeniach\/\"  data-hover=\"#c9c9c9\" data-border-color=\"\" data-bg=\"#696969\" data-hover-bg=\"#ffffff\" data-border-hover=\"\" data-shadow-click=\"none\" data-shadow=\"\" style=\"font-family:Open Sans; font-weight:600; font-style:normal; border-radius:4px;border-width:2px;border-style:solid;background: #696969;color: #ffffff;\"><span class=\"porto-btn-hover\" style=\"background-color:#ffffff\"><\/span><span class=\"porto-btn-data porto-btn-text \" >KORZY\u015aCI SKALI W T\u0141UMACZENIACH<\/span><\/a><\/div><div class=\"porto-btn-ctn-left sidebarfont\"><a class=\"porto-btn  vc_custom_1607507730187 porto-adjust-bottom-margin porto-btn-large porto-btn-left-bg  porto-btn-left sidebarfont\" title='Korzy\u015bci skali \u2013 studium przypadku' rel='' href = \"https:\/\/locatheart.com\/pl\/wiedza\/tlumaczenia-wszystko-co-musisz-wiedziec\/czesc-3-ceny-i-wydajosc-tlumaczen\/korzysci-skali-studium-przypadku\/\"  data-hover=\"#c9c9c9\" data-border-color=\"\" data-bg=\"#696969\" data-hover-bg=\"#ffffff\" data-border-hover=\"\" data-shadow-click=\"none\" data-shadow=\"\" style=\"font-family:Open Sans; font-weight:600; font-style:normal; border-radius:4px;border-width:2px;border-style:solid;background: #696969;color: #ffffff;\"><span class=\"porto-btn-hover\" style=\"background-color:#ffffff\"><\/span><span class=\"porto-btn-data porto-btn-text \" >KORZY\u015aCI SKALI \u2013 STUDIUM PRZYPADKU<\/span><\/a><\/div>[\/vc_column][\/vc_row]<\/p>\n","protected":false},"excerpt":{"rendered":"<p>[vc_row css=&#8221;.vc_custom_1603173061877{padding-top: 50px !important;}&#8221;][vc_column width=&#8221;2\/3&#8243;][vc_column_text]Na koszt t\u0142umacze\u0144 wp\u0142ywaj\u0105 3 g\u0142\u00f3wne czynniki: stawka za s\u0142owo, liczba s\u0142\u00f3w, liczba powt\u00f3rze\u0144 (dopasowa\u0144). Stawka za s\u0142owo zale\u017cy przede wszystkim od: pary j\u0119zykowej, czyli j\u0119zyka orygina\u0142u i j\u0119zyka docelowego; typu tre\u015bci \u2013 stawki s\u0105 wy\u017csze w przypadku tekst\u00f3w specjalistycznych; kontekstu tre\u015bci \u2013 niekt\u00f3re tre\u015bci wymagaj\u0105 bardzo czasoch\u0142onnej pracy z materia\u0142ami [&hellip;]<\/p>\n","protected":false},"author":4,"featured_media":0,"parent":4529,"menu_order":0,"comment_status":"closed","ping_status":"closed","template":"","meta":{"inline_featured_image":false},"yoast_head":"<!-- This site is optimized with the Yoast SEO plugin v15.3 - https:\/\/yoast.com\/wordpress\/plugins\/seo\/ -->\n<title>Ceny t\u0142umacze\u0144: wprowadzenie - LocAtHeart translation agency<\/title>\n<meta name=\"robots\" content=\"index, follow, max-snippet:-1, max-image-preview:large, max-video-preview:-1\" \/>\n<link rel=\"canonical\" href=\"https:\/\/locatheart.com\/pl\/wiedza\/tlumaczenia-wszystko-co-musisz-wiedziec\/czesc-3-ceny-i-wydajosc-tlumaczen\/ceny-tlumaczen-wprowadzenie\/\" \/>\n<meta property=\"og:locale\" content=\"pl_PL\" \/>\n<meta property=\"og:type\" content=\"article\" \/>\n<meta property=\"og:title\" content=\"Ceny t\u0142umacze\u0144: wprowadzenie - LocAtHeart translation agency\" \/>\n<meta property=\"og:description\" content=\"[vc_row css=&#8221;.vc_custom_1603173061877{padding-top: 50px !important;}&#8221;][vc_column width=&#8221;2\/3&#8243;][vc_column_text]Na koszt t\u0142umacze\u0144 wp\u0142ywaj\u0105 3 g\u0142\u00f3wne czynniki: stawka za s\u0142owo, liczba s\u0142\u00f3w, liczba powt\u00f3rze\u0144 (dopasowa\u0144). Stawka za s\u0142owo zale\u017cy przede wszystkim od: pary j\u0119zykowej, czyli j\u0119zyka orygina\u0142u i j\u0119zyka docelowego; typu tre\u015bci \u2013 stawki s\u0105 wy\u017csze w przypadku tekst\u00f3w specjalistycznych; kontekstu tre\u015bci \u2013 niekt\u00f3re tre\u015bci wymagaj\u0105 bardzo czasoch\u0142onnej pracy z materia\u0142ami [&hellip;]\" \/>\n<meta property=\"og:url\" content=\"https:\/\/locatheart.com\/pl\/wiedza\/tlumaczenia-wszystko-co-musisz-wiedziec\/czesc-3-ceny-i-wydajosc-tlumaczen\/ceny-tlumaczen-wprowadzenie\/\" \/>\n<meta property=\"og:site_name\" content=\"LocAtHeart translation agency\" \/>\n<meta property=\"article:modified_time\" content=\"2022-07-01T11:23:18+00:00\" \/>\n<meta property=\"og:image\" content=\"https:\/\/locatheart.com\/wp-content\/uploads\/2022\/06\/locatheart_pion.png\" \/>\n\t<meta property=\"og:image:width\" content=\"600\" \/>\n\t<meta property=\"og:image:height\" content=\"600\" \/>\n<meta name=\"twitter:card\" content=\"summary_large_image\" \/>\n<meta name=\"twitter:label1\" content=\"Written by\">\n\t<meta name=\"twitter:data1\" content=\"Agnieszka W\u0105sowska-Tel\u0119ga\">\n\t<meta name=\"twitter:label2\" content=\"Est. reading time\">\n\t<meta name=\"twitter:data2\" content=\"5 minut\">\n<!-- \/ Yoast SEO plugin. -->","_links":{"self":[{"href":"https:\/\/locatheart.com\/pl\/wp-json\/wp\/v2\/pages\/4541\/"}],"collection":[{"href":"https:\/\/locatheart.com\/pl\/wp-json\/wp\/v2\/pages\/"}],"about":[{"href":"https:\/\/locatheart.com\/pl\/wp-json\/wp\/v2\/types\/page\/"}],"author":[{"embeddable":true,"href":"https:\/\/locatheart.com\/pl\/wp-json\/wp\/v2\/users\/4\/"}],"replies":[{"embeddable":true,"href":"https:\/\/locatheart.com\/pl\/wp-json\/wp\/v2\/comments\/?post=4541"}],"version-history":[{"count":4,"href":"https:\/\/locatheart.com\/pl\/wp-json\/wp\/v2\/pages\/4541\/revisions\/"}],"predecessor-version":[{"id":7742,"href":"https:\/\/locatheart.com\/pl\/wp-json\/wp\/v2\/pages\/4541\/revisions\/7742\/"}],"up":[{"embeddable":true,"href":"https:\/\/locatheart.com\/pl\/wp-json\/wp\/v2\/pages\/4529\/"}],"wp:attachment":[{"href":"https:\/\/locatheart.com\/pl\/wp-json\/wp\/v2\/media\/?parent=4541"}],"curies":[{"name":"wp","href":"https:\/\/api.w.org\/{rel}","templated":true}]}}