{"id":4544,"date":"2020-12-09T09:49:52","date_gmt":"2020-12-09T08:49:52","guid":{"rendered":"https:\/\/locatheart.com\/wiedza\/tlumaczenia-wszystko-co-musisz-wiedziec\/czesc-3-ceny-i-wydajosc-tlumaczen\/rodzaje-powtorzen-w-tlumaczeniach-co-to-jest-dopasowanie\/"},"modified":"2020-12-10T16:35:44","modified_gmt":"2020-12-10T15:35:44","slug":"rodzaje-powtorzen-w-tlumaczeniach-co-to-jest-dopasowanie","status":"publish","type":"page","link":"https:\/\/locatheart.com\/pl\/wiedza\/tlumaczenia-wszystko-co-musisz-wiedziec\/czesc-3-ceny-i-wydajosc-tlumaczen\/rodzaje-powtorzen-w-tlumaczeniach-co-to-jest-dopasowanie\/","title":{"rendered":"Rodzaje powt\u00f3rze\u0144 w t\u0142umaczeniach \u2013 co to jest dopasowanie?"},"content":{"rendered":"<p>[vc_row css=&#8221;.vc_custom_1603173061877{padding-top: 50px !important;}&#8221;][vc_column width=&#8221;2\/3&#8243;]<div class=\"porto-u-heading\" data-hspacer=\"no_spacer\" data-halign=\"left\" style=\"text-align:left\"><div class=\"porto-u-main-heading\"><h2 style=\"font-weight:700;color:#21293c;font-size:19px;\">RODZAJE POWT\u00d3RZE\u0143 W T\u0141UMACZENIACH \u2013 CO TO JEST DOPASOWANIE?<\/h2><\/div><\/div>[vc_column_text]Z powt\u00f3rzeniami mamy do czynienia, kiedy oprogramowanie znajduje identyczny lub bardzo podobny fragment tre\u015bci w materia\u0142ach t\u0142umaczonych wcze\u015bniej dla tego samego klienta lub wewn\u0105trz pliku, kt\u00f3ry aktualnie wyceniamy. Poziom podobie\u0144stwa wyra\u017ca si\u0119 procentowo i jest nazywany stopniem dopasowania.<\/p>\n<p>Dopasowanie 0% to \u017cadne dopasowanie.<br \/>\nDopasowanie 100% to pe\u0142ne powt\u00f3rzenie.<br \/>\nDopasowania pomi\u0119dzy 1 a 99% to tzw. dopasowania rozmyte.<\/p>\n<ul>\n<li>Dopasowanie na poziomie 95<strong>\u2013<\/strong>99% jest bardzo u\u017cyteczne, prawie pe\u0142ne.<\/li>\n<li>Mniej dok\u0142adne dopasowania mo\u017cna dzieli\u0107 na r\u00f3\u017cne poziomy. Profesjonalne oprogramowanie umo\u017cliwia ustalanie tych poziom\u00f3w (i stawek dla nich) dla ka\u017cdego projektu z osobna, cho\u0107 agencje t\u0142umacze\u0144 zazwyczaj proponuj\u0105 swoje standardowe, sprawdzone poziomy.<\/li>\n<li>Dopasowania poni\u017cej 50% uznawane s\u0105 za bezu\u017cyteczne. Nie poprawiaj\u0105 jako\u015bci ani nie przyspieszaj\u0105 procesu t\u0142umaczenia.<\/li>\n<\/ul>\n<p>System procentowy pozwala na wyra\u017cenie wielu istotnych informacji. Czy mo\u017ce by\u0107 co\u015b cenniejszego ni\u017c dok\u0142adne dopasowanie na poziomie 100%? Tak. Kontekst.<\/p>\n<p><strong>Kontekst w dopasowaniach<\/strong><\/p>\n<p>Jak ju\u017c wiesz, oprogramowanie wspieraj\u0105ce t\u0142umaczenia (CAT) rozbija teksty na segmenty i wyszukuje dopasowania w pami\u0119ci t\u0142umaczeniowej, podpowiada frazy ze s\u0142ownik\u00f3w i proponuje t\u0142umaczenia maszynowe. Nie wiesz jeszcze, \u017ce pokazuje tak\u017ce kontekst ka\u017cdego segmentu.<\/p>\n<p>Kontekst ten to segmenty okalaj\u0105ce dany fragment. Pomagaj\u0105 t\u0142umaczowi odnale\u017a\u0107 si\u0119 w tek\u015bcie i \u015bledzi\u0107 w\u0105tek.<\/p>\n<p>Dopasowanie 101% oznacza dopasowanie w kontek\u015bcie. Jest cenniejsze ni\u017c dopasowanie 100%, poniewa\u017c oznacza, \u017ce w pami\u0119ci t\u0142umaczeniowej mamy identyczny segment w identycznym kontek\u015bcie \u2013 czyli przed zapisanym w pami\u0119ci t\u0142umaczeniowej segmentem i po nim s\u0105 identyczne tre\u015bci jak w t\u0142umaczonym aktualnie tek\u015bcie.<\/p>\n<p>Dlaczego to wa\u017cne? Oto prosty przyk\u0142ad.<\/p>\n<p>Sp\u00f3jrz na te 3 angielskie zdania:<\/p>\n<ul>\n<li>This is a dog.<\/li>\n<li>I have a dog.<\/li>\n<li>But not with a dog!<\/li>\n<\/ul>\n<p>A teraz sp\u00f3jrz na ich polskie t\u0142umaczenia:<\/p>\n<table>\n<tbody>\n<tr>\n<td width=\"151\">angielski<\/td>\n<td width=\"151\">This is a <strong>dog<\/strong>.<\/td>\n<td width=\"151\">I have a <strong>dog<\/strong>.<\/td>\n<td width=\"151\">But not with a <strong>dog!<\/strong><\/td>\n<\/tr>\n<tr>\n<td width=\"151\">polski<\/td>\n<td width=\"151\">To jest <strong>pies<\/strong>.<\/td>\n<td width=\"151\">Mam <strong>psa<\/strong>.<\/td>\n<td width=\"151\">Ale nie z <strong>psem<\/strong>!<\/td>\n<\/tr>\n<\/tbody>\n<\/table>\n<p>W j\u0119zyku polskim, podobnie jak w wielu popularnych j\u0119zykach, s\u0142owa zmieniaj\u0105 form\u0119. I to znacz\u0105co.<\/p>\n<p>Wyobra\u017a sobie, \u017ce t\u0142umaczysz dialog, w kt\u00f3rym odpowied\u017a brzmi: \u201eA dog\u201d. Je\u015bli nie znasz kontekstu (w tym przypadku: pytania), nie b\u0119dziesz w stanie przet\u0142umaczy\u0107 tego prawid\u0142owo. Zgaduj-zgadula.<\/p>\n<p>R\u00f3wnie\u017c w przypadku, gdy dopasowanie 100% zdania \u201eA dog\u201d brzmi \u201ePies\u201d, musisz podej\u015b\u0107 do takiej podpowiedzi z doz\u0105 nieufno\u015bci. Dlaczego?<br \/>\n<img loading=\"lazy\" class=\"alignnone size-large wp-image-4651\" src=\"https:\/\/locatheart.com\/wp-content\/uploads\/2020\/12\/Dopasowania-kontekstowe-LocAtHeart-1024x683.png\" alt=\"\" width=\"1024\" height=\"683\" srcset=\"https:\/\/locatheart.com\/wp-content\/uploads\/2020\/12\/Dopasowania-kontekstowe-LocAtHeart-1024x683.png 1024w, https:\/\/locatheart.com\/wp-content\/uploads\/2020\/12\/Dopasowania-kontekstowe-LocAtHeart-768x512.png 768w, https:\/\/locatheart.com\/wp-content\/uploads\/2020\/12\/Dopasowania-kontekstowe-LocAtHeart-640x427.png 640w, https:\/\/locatheart.com\/wp-content\/uploads\/2020\/12\/Dopasowania-kontekstowe-LocAtHeart-400x267.png 400w, https:\/\/locatheart.com\/wp-content\/uploads\/2020\/12\/Dopasowania-kontekstowe-LocAtHeart-367x245.png 367w\" sizes=\"(max-width: 1024px) 100vw, 1024px\" \/><br \/>\nKiedy dopasowanie jest kontekstowe (101%), mo\u017cemy du\u017co bardziej zaufa\u0107 podpowiedzi.<\/p>\n<p>Pami\u0119taj, \u017ce powt\u00f3rzenia nie dotycz\u0105 tylko zda\u0144 znajduj\u0105cych si\u0119 w t\u0142umaczonym aktualnie tek\u015bcie. Pami\u0119\u0107 t\u0142umaczeniowa zawiera tak\u017ce segmenty przet\u0142umaczone w poprzednich projektach t\u0142umaczeniowych.<\/p>\n<h3 style=\"text-align: right;\"><a href=\"https:\/\/locatheart.com\/pl\/wiedza\/tlumaczenia-wszystko-co-musisz-wiedziec\/czesc-3-ceny-i-wydajosc-tlumaczen\/obliczanie-kosztow-tlumaczenia\/\">Obliczanie koszt\u00f3w t\u0142umaczenia &gt;&gt;<\/a><\/h3>\n<h4><a href=\"https:\/\/locatheart.com\/pl\/wiedza\/tlumaczenia-wszystko-co-musisz-wiedziec\/czesc-3-ceny-i-wydajosc-tlumaczen\/ceny-tlumaczen-wprowadzenie\/\">&lt;&lt; Ceny t\u0142umacze\u0144: wprowadzenie<\/a><\/h4>\n<p>[\/vc_column_text][\/vc_column][vc_column width=&#8221;1\/3&#8243; is_sticky=&#8221;yes&#8221; sticky_min_width=&#8221;767&#8243; sticky_top=&#8221;110&#8243; sticky_bottom=&#8221;0&#8243;]<div class=\"porto-btn-ctn-left sidebarfont\"><a class=\"porto-btn  vc_custom_1607511752176 porto-adjust-bottom-margin porto-btn-large porto-btn-left-bg  porto-btn-left sidebarfont\" title='T\u0142umaczenia i mierzenie zwrotu z inwestycji (ROI)' rel='' href = \"https:\/\/locatheart.com\/pl\/wiedza\/tlumaczenia-wszystko-co-musisz-wiedziec\/czesc-3-ceny-i-wydajosc-tlumaczen\/tlumaczenia-i-mierzenie-zwrotu-z-inwestycji-roi\/\"  data-hover=\"#c9c9c9\" data-border-color=\"\" data-bg=\"#696969\" data-hover-bg=\"#ffffff\" data-border-hover=\"\" data-shadow-click=\"none\" data-shadow=\"\" style=\"font-family:Open Sans; font-weight:600; font-style:normal; border-radius:4px;border-width:2px;border-style:solid;background: #696969;color: #ffffff;\"><span class=\"porto-btn-hover\" style=\"background-color:#ffffff\"><\/span><span class=\"porto-btn-data porto-btn-text \" >T\u0141UMACZENIA I MIERZENIE ZWROTU Z INWESTYCJI (ROI)<\/span><\/a><\/div><div class=\"porto-btn-ctn-left sidebarfont\"><a class=\"porto-btn  vc_custom_1607511784983 porto-adjust-bottom-margin porto-btn-large porto-btn-left-bg  porto-btn-left sidebarfont\" title='T\u0142umaczenia i kluczowe wska\u017aniki efektywno\u015bci (KPI)' rel='' href = \"https:\/\/locatheart.com\/pl\/wiedza\/tlumaczenia-wszystko-co-musisz-wiedziec\/czesc-3-ceny-i-wydajosc-tlumaczen\/tlumaczenia-i-kluczowe-wskazniki-efektywnosci-kpi\/\"  data-hover=\"#c9c9c9\" data-border-color=\"\" data-bg=\"#696969\" data-hover-bg=\"#ffffff\" data-border-hover=\"\" data-shadow-click=\"none\" data-shadow=\"\" style=\"font-family:Open Sans; font-weight:600; font-style:normal; border-radius:4px;border-width:2px;border-style:solid;background: #696969;color: #ffffff;\"><span class=\"porto-btn-hover\" style=\"background-color:#ffffff\"><\/span><span class=\"porto-btn-data porto-btn-text \" >T\u0141UMACZENIA I KLUCZOWE WSKA\u0179NIKI EFEKTYWNO\u015aCI (KPI)<\/span><\/a><\/div><div class=\"porto-btn-ctn-left sidebarfont\"><a class=\"porto-btn  vc_custom_1607511815290 porto-adjust-bottom-margin porto-btn-large porto-btn-left-bg  porto-btn-left sidebarfont\" title='Ceny t\u0142umacze\u0144: wprowadzenie' rel='' href = \"https:\/\/locatheart.com\/pl\/wiedza\/tlumaczenia-wszystko-co-musisz-wiedziec\/czesc-3-ceny-i-wydajosc-tlumaczen\/ceny-tlumaczen-wprowadzenie\/\"  data-hover=\"#c9c9c9\" data-border-color=\"\" data-bg=\"#696969\" data-hover-bg=\"#ffffff\" data-border-hover=\"\" data-shadow-click=\"none\" data-shadow=\"\" style=\"font-family:Open Sans; font-weight:600; font-style:normal; border-radius:4px;border-width:2px;border-style:solid;background: #696969;color: #ffffff;\"><span class=\"porto-btn-hover\" style=\"background-color:#ffffff\"><\/span><span class=\"porto-btn-data porto-btn-text \" >CENY T\u0141UMACZE\u0143: WPROWADZENIE<\/span><\/a><\/div><div class=\"porto-btn-ctn-left sidebarfont\"><a class=\"porto-btn  vc_custom_1607511840742 porto-adjust-bottom-margin porto-btn-large porto-btn-left-bg  porto-btn-left sidebarfont\" title='Rodzaje powt\u00f3rze\u0144 w t\u0142umaczeniach \u2013 co to jest dopasowanie?' rel='' href = \"https:\/\/locatheart.com\/pl\/wiedza\/tlumaczenia-wszystko-co-musisz-wiedziec\/czesc-3-ceny-i-wydajosc-tlumaczen\/rodzaje-powtorzen-w-tlumaczeniach-co-to-jest-dopasowanie\/\"  data-hover=\"#c9c9c9\" data-border-color=\"\" data-bg=\"#696969\" data-hover-bg=\"#ffffff\" data-border-hover=\"\" data-shadow-click=\"none\" data-shadow=\"\" style=\"font-family:Open Sans; font-weight:600; font-style:normal; border-radius:4px;border-width:2px;border-style:solid;background: #696969;color: #ffffff;\"><span class=\"porto-btn-hover\" style=\"background-color:#ffffff\"><\/span><span class=\"porto-btn-data porto-btn-text \" >RODZAJE POWT\u00d3RZE\u0143 W T\u0141UMACZENIACH \u2013 CO TO JEST DOPASOWANIE?<\/span><\/a><\/div><div class=\"porto-btn-ctn-left sidebarfont\"><a class=\"porto-btn  vc_custom_1607511861417 porto-adjust-bottom-margin porto-btn-large porto-btn-left-bg  porto-btn-left sidebarfont\" title='Obliczanie koszt\u00f3w t\u0142umaczenia' rel='' href = \"https:\/\/locatheart.com\/pl\/wiedza\/tlumaczenia-wszystko-co-musisz-wiedziec\/czesc-3-ceny-i-wydajosc-tlumaczen\/obliczanie-kosztow-tlumaczenia\/\"  data-hover=\"#c9c9c9\" data-border-color=\"\" data-bg=\"#696969\" data-hover-bg=\"#ffffff\" data-border-hover=\"\" data-shadow-click=\"none\" data-shadow=\"\" style=\"font-family:Open Sans; font-weight:600; font-style:normal; border-radius:4px;border-width:2px;border-style:solid;background: #696969;color: #ffffff;\"><span class=\"porto-btn-hover\" style=\"background-color:#ffffff\"><\/span><span class=\"porto-btn-data porto-btn-text \" >OBLICZANIE KOSZT\u00d3W T\u0141UMACZENIA<\/span><\/a><\/div><div class=\"porto-btn-ctn-left sidebarfont\"><a class=\"porto-btn  vc_custom_1607511884665 porto-adjust-bottom-margin porto-btn-large porto-btn-left-bg  porto-btn-left sidebarfont\" title='Korzy\u015bci skali w t\u0142umaczeniach' rel='' href = \"https:\/\/locatheart.com\/pl\/wiedza\/tlumaczenia-wszystko-co-musisz-wiedziec\/czesc-3-ceny-i-wydajosc-tlumaczen\/korzysci-skali-w-tlumaczeniach\/\"  data-hover=\"#c9c9c9\" data-border-color=\"\" data-bg=\"#696969\" data-hover-bg=\"#ffffff\" data-border-hover=\"\" data-shadow-click=\"none\" data-shadow=\"\" style=\"font-family:Open Sans; font-weight:600; font-style:normal; border-radius:4px;border-width:2px;border-style:solid;background: #696969;color: #ffffff;\"><span class=\"porto-btn-hover\" style=\"background-color:#ffffff\"><\/span><span class=\"porto-btn-data porto-btn-text \" >KORZY\u015aCI SKALI W T\u0141UMACZENIACH<\/span><\/a><\/div><div class=\"porto-btn-ctn-left sidebarfont\"><a class=\"porto-btn  vc_custom_1607511909398 porto-adjust-bottom-margin porto-btn-large porto-btn-left-bg  porto-btn-left sidebarfont\" title='Korzy\u015bci skali \u2013 studium przypadku' rel='' href = \"https:\/\/locatheart.com\/pl\/wiedza\/tlumaczenia-wszystko-co-musisz-wiedziec\/czesc-3-ceny-i-wydajosc-tlumaczen\/korzysci-skali-studium-przypadku\/\"  data-hover=\"#c9c9c9\" data-border-color=\"\" data-bg=\"#696969\" data-hover-bg=\"#ffffff\" data-border-hover=\"\" data-shadow-click=\"none\" data-shadow=\"\" style=\"font-family:Open Sans; font-weight:600; font-style:normal; border-radius:4px;border-width:2px;border-style:solid;background: #696969;color: #ffffff;\"><span class=\"porto-btn-hover\" style=\"background-color:#ffffff\"><\/span><span class=\"porto-btn-data porto-btn-text \" >KORZY\u015aCI SKALI \u2013 STUDIUM PRZYPADKU<\/span><\/a><\/div>[\/vc_column][\/vc_row]<\/p>\n","protected":false},"excerpt":{"rendered":"<p>[vc_row css=&#8221;.vc_custom_1603173061877{padding-top: 50px !important;}&#8221;][vc_column width=&#8221;2\/3&#8243;][vc_column_text]Z powt\u00f3rzeniami mamy do czynienia, kiedy oprogramowanie znajduje identyczny lub bardzo podobny fragment tre\u015bci w materia\u0142ach t\u0142umaczonych wcze\u015bniej dla tego samego klienta lub wewn\u0105trz pliku, kt\u00f3ry aktualnie wyceniamy. Poziom podobie\u0144stwa wyra\u017ca si\u0119 procentowo i jest nazywany stopniem dopasowania. Dopasowanie 0% to \u017cadne dopasowanie. Dopasowanie 100% to pe\u0142ne powt\u00f3rzenie. Dopasowania pomi\u0119dzy 1 [&hellip;]<\/p>\n","protected":false},"author":4,"featured_media":0,"parent":4529,"menu_order":0,"comment_status":"closed","ping_status":"closed","template":"","meta":{"inline_featured_image":false},"yoast_head":"<!-- This site is optimized with the Yoast SEO plugin v15.3 - https:\/\/yoast.com\/wordpress\/plugins\/seo\/ -->\n<title>Rodzaje powt\u00f3rze\u0144 w t\u0142umaczeniach \u2013 co to jest dopasowanie? - LocAtHeart translation agency<\/title>\n<meta name=\"robots\" content=\"index, follow, max-snippet:-1, max-image-preview:large, max-video-preview:-1\" \/>\n<link rel=\"canonical\" href=\"https:\/\/locatheart.com\/pl\/wiedza\/tlumaczenia-wszystko-co-musisz-wiedziec\/czesc-3-ceny-i-wydajosc-tlumaczen\/rodzaje-powtorzen-w-tlumaczeniach-co-to-jest-dopasowanie\/\" \/>\n<meta property=\"og:locale\" content=\"pl_PL\" \/>\n<meta property=\"og:type\" content=\"article\" \/>\n<meta property=\"og:title\" content=\"Rodzaje powt\u00f3rze\u0144 w t\u0142umaczeniach \u2013 co to jest dopasowanie? - LocAtHeart translation agency\" \/>\n<meta property=\"og:description\" content=\"[vc_row css=&#8221;.vc_custom_1603173061877{padding-top: 50px !important;}&#8221;][vc_column width=&#8221;2\/3&#8243;][vc_column_text]Z powt\u00f3rzeniami mamy do czynienia, kiedy oprogramowanie znajduje identyczny lub bardzo podobny fragment tre\u015bci w materia\u0142ach t\u0142umaczonych wcze\u015bniej dla tego samego klienta lub wewn\u0105trz pliku, kt\u00f3ry aktualnie wyceniamy. Poziom podobie\u0144stwa wyra\u017ca si\u0119 procentowo i jest nazywany stopniem dopasowania. Dopasowanie 0% to \u017cadne dopasowanie. Dopasowanie 100% to pe\u0142ne powt\u00f3rzenie. Dopasowania pomi\u0119dzy 1 [&hellip;]\" \/>\n<meta property=\"og:url\" content=\"https:\/\/locatheart.com\/pl\/wiedza\/tlumaczenia-wszystko-co-musisz-wiedziec\/czesc-3-ceny-i-wydajosc-tlumaczen\/rodzaje-powtorzen-w-tlumaczeniach-co-to-jest-dopasowanie\/\" \/>\n<meta property=\"og:site_name\" content=\"LocAtHeart translation agency\" \/>\n<meta property=\"article:modified_time\" content=\"2020-12-10T15:35:44+00:00\" \/>\n<meta property=\"og:image\" content=\"https:\/\/locatheart.com\/wp-content\/uploads\/2020\/12\/Dopasowania-kontekstowe-LocAtHeart-1024x683.png\" \/>\n<meta name=\"twitter:card\" content=\"summary_large_image\" \/>\n<meta name=\"twitter:label1\" content=\"Written by\">\n\t<meta name=\"twitter:data1\" content=\"Agnieszka W\u0105sowska-Tel\u0119ga\">\n\t<meta name=\"twitter:label2\" content=\"Est. reading time\">\n\t<meta name=\"twitter:data2\" content=\"5 minut\">\n<!-- \/ Yoast SEO plugin. -->","_links":{"self":[{"href":"https:\/\/locatheart.com\/pl\/wp-json\/wp\/v2\/pages\/4544\/"}],"collection":[{"href":"https:\/\/locatheart.com\/pl\/wp-json\/wp\/v2\/pages\/"}],"about":[{"href":"https:\/\/locatheart.com\/pl\/wp-json\/wp\/v2\/types\/page\/"}],"author":[{"embeddable":true,"href":"https:\/\/locatheart.com\/pl\/wp-json\/wp\/v2\/users\/4\/"}],"replies":[{"embeddable":true,"href":"https:\/\/locatheart.com\/pl\/wp-json\/wp\/v2\/comments\/?post=4544"}],"version-history":[{"count":8,"href":"https:\/\/locatheart.com\/pl\/wp-json\/wp\/v2\/pages\/4544\/revisions\/"}],"predecessor-version":[{"id":5835,"href":"https:\/\/locatheart.com\/pl\/wp-json\/wp\/v2\/pages\/4544\/revisions\/5835\/"}],"up":[{"embeddable":true,"href":"https:\/\/locatheart.com\/pl\/wp-json\/wp\/v2\/pages\/4529\/"}],"wp:attachment":[{"href":"https:\/\/locatheart.com\/pl\/wp-json\/wp\/v2\/media\/?parent=4544"}],"curies":[{"name":"wp","href":"https:\/\/api.w.org\/{rel}","templated":true}]}}