{"id":4547,"date":"2020-12-09T09:53:17","date_gmt":"2020-12-09T08:53:17","guid":{"rendered":"https:\/\/locatheart.com\/wiedza\/tlumaczenia-wszystko-co-musisz-wiedziec\/czesc-3-ceny-i-wydajosc-tlumaczen\/obliczanie-kosztow-tlumaczenia\/"},"modified":"2022-07-01T13:24:22","modified_gmt":"2022-07-01T11:24:22","slug":"obliczanie-kosztow-tlumaczenia","status":"publish","type":"page","link":"https:\/\/locatheart.com\/pl\/wiedza\/tlumaczenia-wszystko-co-musisz-wiedziec\/czesc-3-ceny-i-wydajosc-tlumaczen\/obliczanie-kosztow-tlumaczenia\/","title":{"rendered":"Obliczanie koszt\u00f3w t\u0142umaczenia"},"content":{"rendered":"<p>[vc_row css=&#8221;.vc_custom_1603173061877{padding-top: 50px !important;}&#8221;][vc_column width=&#8221;2\/3&#8243;]<div class=\"porto-u-heading\" data-hspacer=\"no_spacer\" data-halign=\"left\" style=\"text-align:left\"><div class=\"porto-u-main-heading\"><h2 style=\"font-weight:700;color:#21293c;font-size:19px;\">OBLICZANIE KOSZT\u00d3W T\u0141UMACZENIA<\/h2><\/div><\/div>[vc_column_text]Wsp\u00f3\u0142cze\u015bnie koszty t\u0142umacze\u0144 oblicza si\u0119 w oprogramowaniu CAT, co znacznie u\u0142atwia realistyczne wyceny i pozwala na optymalizacj\u0119 koszt\u00f3w.<\/p>\n<p>Ale zacznijmy od intuicyjnego sposobu. UWAGA: tak si\u0119 tego NIE robi!<\/p>\n<p><img loading=\"lazy\" class=\"alignnone size-full wp-image-4850\" src=\"https:\/\/locatheart.com\/wp-content\/uploads\/2020\/12\/LocAtHeart-jak-NIE-obliczac-kosztow-tlumaczenia-1.gif\" alt=\"\" width=\"1000\" height=\"500\" \/><br \/>\nA oto jak my obliczamy koszty (i jak powinno si\u0119 to robi\u0107 w XXI w.):<\/p>\n<p>Na pocz\u0105tek przypomnienie: pe\u0142na stawka jest stosowana tylko dla s\u0142\u00f3w w nowych segmentach. Dla powt\u00f3rze\u0144 (dopasowa\u0144) stosujemy u\u0142amek stawki, np. :<\/p>\n<ul>\n<li>dok\u0142adne powt\u00f3rzenie: 50% stawki, w naszym przyk\u0142adzie 0,05 EUR za s\u0142owo;<\/li>\n<li>dopasowanie rozmyte: 80% stawki, w naszym przyk\u0142adzie 0,08 EUR za s\u0142owo.<\/li>\n<\/ul>\n<p>Kiedy mamy ju\u017c ustalon\u0105 stawk\u0119 podstawow\u0105, nasze oprogramowanie samo oblicza, ile mamy s\u0142\u00f3w w nowych segmentach, ile w dopasowaniach rozmytych, a ile w powt\u00f3rzeniach dok\u0142adnych i kontekstowych.<\/p>\n<p>Tekst ma 1000 s\u0142\u00f3w. Ale pracowali\u015bmy ju\u017c dla tego klienta, wi\u0119c mo\u017cemy skorzysta\u0107 z pami\u0119ci t\u0142umaczeniowej i obni\u017cy\u0107 koszt. Oprogramowanie pokazuje, \u017ce 500 s\u0142\u00f3w znajduje si\u0119 w nowych segmentach, 300 \u2013 w dopasowaniach rozmytych, a 200 \u2013 w dok\u0142adnych powt\u00f3rzeniach.[\/vc_column_text][vc_column_text]<\/p>\n<div style=\"width: 1000px;\" class=\"wp-video\"><!--[if lt IE 9]><script>document.createElement('video');<\/script><![endif]-->\n<video class=\"wp-video-shortcode\" id=\"video-4547-1\" width=\"1000\" height=\"500\" preload=\"metadata\" controls=\"controls\"><source type=\"video\/mp4\" src=\"https:\/\/locatheart.com\/wp-content\/uploads\/2020\/12\/LocAtHeart-jak-obliczamy-koszty-tlumaczenia_.mp4?_=1\" \/><a href=\"https:\/\/locatheart.com\/wp-content\/uploads\/2020\/12\/LocAtHeart-jak-obliczamy-koszty-tlumaczenia_.mp4\">https:\/\/locatheart.com\/wp-content\/uploads\/2020\/12\/LocAtHeart-jak-obliczamy-koszty-tlumaczenia_.mp4<\/a><\/video><\/div>\n<p>[\/vc_column_text][vc_column_text]500 \u00d7 0,1 EUR + 300 \u00d7 0,08 EUR + 200 \u00d7 0,05 EUR = <strong>84 EUR<\/strong><\/p>\n<p><strong>Wynikowa stawka za s\u0142owo dla tego projektu:<\/strong><\/p>\n<p>84 EUR \u00f7 1000 = 0,084 EUR<\/p>\n<p>To o 16% mniej ni\u017c nasza nominalna stawka wynosz\u0105ca 0,1 EUR za s\u0142owo. Takie oszcz\u0119dno\u015bci s\u0105 mo\u017cliwe dzi\u0119ki wykorzystaniu pami\u0119ci t\u0142umaczeniowej (kt\u00f3ra znajduje powt\u00f3rzenia i dopasowania z poprzednich t\u0142umacze\u0144) i profesjonalnego oprogramowania (kt\u00f3re znajduje powt\u00f3rzenia w aktualnie t\u0142umaczonym tek\u015bcie i umo\u017cliwia korzystanie z pami\u0119ci t\u0142umaczeniowej w czasie rzeczywistym).<\/p>\n<h3 style=\"text-align: right;\"><a href=\"https:\/\/locatheart.com\/pl\/wiedza\/tlumaczenia-wszystko-co-musisz-wiedziec\/czesc-3-ceny-i-wydajosc-tlumaczen\/korzysci-skali-w-tlumaczeniach\/\">Korzy\u015bci skali w t\u0142umaczeniach &gt;&gt;<\/a><\/h3>\n<h4><a href=\"https:\/\/locatheart.com\/pl\/wiedza\/tlumaczenia-wszystko-co-musisz-wiedziec\/czesc-3-ceny-i-wydajosc-tlumaczen\/rodzaje-powtorzen-w-tlumaczeniach-co-to-jest-dopasowanie\/\">&lt;&lt; Rodzaje powt\u00f3rze\u0144 w t\u0142umaczeniach \u2013 co to jest dopasowanie?<\/a><\/h4>\n<p>[\/vc_column_text][\/vc_column][vc_column width=&#8221;1\/3&#8243; is_sticky=&#8221;yes&#8221; sticky_min_width=&#8221;767&#8243; sticky_top=&#8221;110&#8243; sticky_bottom=&#8221;0&#8243;]<div class=\"porto-btn-ctn-left sidebarfont\"><a class=\"porto-btn  vc_custom_1607510728653 porto-adjust-bottom-margin porto-btn-large porto-btn-left-bg  porto-btn-left sidebarfont\" title='T\u0142umaczenia i mierzenie zwrotu z inwestycji (ROI)' rel='' href = \"https:\/\/locatheart.com\/pl\/wiedza\/tlumaczenia-wszystko-co-musisz-wiedziec\/czesc-3-ceny-i-wydajosc-tlumaczen\/tlumaczenia-i-mierzenie-zwrotu-z-inwestycji-roi\/\"  data-hover=\"#c9c9c9\" data-border-color=\"\" data-bg=\"#696969\" data-hover-bg=\"#ffffff\" data-border-hover=\"\" data-shadow-click=\"none\" data-shadow=\"\" style=\"font-family:Open Sans; font-weight:600; font-style:normal; border-radius:4px;border-width:2px;border-style:solid;background: #696969;color: #ffffff;\"><span class=\"porto-btn-hover\" style=\"background-color:#ffffff\"><\/span><span class=\"porto-btn-data porto-btn-text \" >T\u0141UMACZENIA I MIERZENIE ZWROTU Z INWESTYCJI (ROI)<\/span><\/a><\/div><div class=\"porto-btn-ctn-left sidebarfont\"><a class=\"porto-btn  vc_custom_1607510758702 porto-adjust-bottom-margin porto-btn-large porto-btn-left-bg  porto-btn-left sidebarfont\" title=' KPIs' rel='' href = \"https:\/\/locatheart.com\/pl\/wiedza\/tlumaczenia-wszystko-co-musisz-wiedziec\/czesc-3-ceny-i-wydajosc-tlumaczen\/tlumaczenia-i-kluczowe-wskazniki-efektywnosci-kpi\/\"  data-hover=\"#c9c9c9\" data-border-color=\"\" data-bg=\"#696969\" data-hover-bg=\"#ffffff\" data-border-hover=\"\" data-shadow-click=\"none\" data-shadow=\"\" style=\"font-family:Open Sans; font-weight:600; font-style:normal; border-radius:4px;border-width:2px;border-style:solid;background: #696969;color: #ffffff;\"><span class=\"porto-btn-hover\" style=\"background-color:#ffffff\"><\/span><span class=\"porto-btn-data porto-btn-text \" >T\u0141UMACZENIA I KLUCZOWE WSKA\u0179NIKI EFEKTYWNO\u015aCI (KPI)<\/span><\/a><\/div><div class=\"porto-btn-ctn-left sidebarfont\"><a class=\"porto-btn  vc_custom_1607510881774 porto-adjust-bottom-margin porto-btn-large porto-btn-left-bg  porto-btn-left sidebarfont\" title='Ceny t\u0142umacze\u0144: wprowadzenie' rel='' href = \"https:\/\/locatheart.com\/pl\/wiedza\/tlumaczenia-wszystko-co-musisz-wiedziec\/czesc-3-ceny-i-wydajosc-tlumaczen\/ceny-tlumaczen-wprowadzenie\/\"  data-hover=\"#c9c9c9\" data-border-color=\"\" data-bg=\"#696969\" data-hover-bg=\"#ffffff\" data-border-hover=\"\" data-shadow-click=\"none\" data-shadow=\"\" style=\"font-family:Open Sans; font-weight:600; font-style:normal; border-radius:4px;border-width:2px;border-style:solid;background: #696969;color: #ffffff;\"><span class=\"porto-btn-hover\" style=\"background-color:#ffffff\"><\/span><span class=\"porto-btn-data porto-btn-text \" >CENY T\u0141UMACZE\u0143: WPROWADZENIE<\/span><\/a><\/div><div class=\"porto-btn-ctn-left sidebarfont\"><a class=\"porto-btn  vc_custom_1607510909143 porto-adjust-bottom-margin porto-btn-large porto-btn-left-bg  porto-btn-left sidebarfont\" title='Rodzaje powt\u00f3rze\u0144 w t\u0142umaczeniach \u2013 co to jest dopasowanie?' rel='' href = \"https:\/\/locatheart.com\/pl\/wiedza\/tlumaczenia-wszystko-co-musisz-wiedziec\/czesc-3-ceny-i-wydajosc-tlumaczen\/rodzaje-powtorzen-w-tlumaczeniach-co-to-jest-dopasowanie\/\"  data-hover=\"#c9c9c9\" data-border-color=\"\" data-bg=\"#696969\" data-hover-bg=\"#ffffff\" data-border-hover=\"\" data-shadow-click=\"none\" data-shadow=\"\" style=\"font-family:Open Sans; font-weight:600; font-style:normal; border-radius:4px;border-width:2px;border-style:solid;background: #696969;color: #ffffff;\"><span class=\"porto-btn-hover\" style=\"background-color:#ffffff\"><\/span><span class=\"porto-btn-data porto-btn-text \" >RODZAJE POWT\u00d3RZE\u0143 W T\u0141UMACZENIACH \u2013 CO TO JEST DOPASOWANIE?<\/span><\/a><\/div><div class=\"porto-btn-ctn-left sidebarfont\"><a class=\"porto-btn  vc_custom_1607510931723 porto-adjust-bottom-margin porto-btn-large porto-btn-left-bg  porto-btn-left sidebarfont\" title='Obliczanie koszt\u00f3w t\u0142umaczenia' rel='' href = \"https:\/\/locatheart.com\/pl\/wiedza\/tlumaczenia-wszystko-co-musisz-wiedziec\/czesc-3-ceny-i-wydajosc-tlumaczen\/obliczanie-kosztow-tlumaczenia\/\"  data-hover=\"#c9c9c9\" data-border-color=\"\" data-bg=\"#696969\" data-hover-bg=\"#ffffff\" data-border-hover=\"\" data-shadow-click=\"none\" data-shadow=\"\" style=\"font-family:Open Sans; font-weight:600; font-style:normal; border-radius:4px;border-width:2px;border-style:solid;background: #696969;color: #ffffff;\"><span class=\"porto-btn-hover\" style=\"background-color:#ffffff\"><\/span><span class=\"porto-btn-data porto-btn-text \" >OBLICZANIE KOSZT\u00d3W T\u0141UMACZENIA<\/span><\/a><\/div><div class=\"porto-btn-ctn-left sidebarfont\"><a class=\"porto-btn  vc_custom_1607510949523 porto-adjust-bottom-margin porto-btn-large porto-btn-left-bg  porto-btn-left sidebarfont\" title='Korzy\u015bci skali w t\u0142umaczeniach' rel='' href = \"https:\/\/locatheart.com\/pl\/wiedza\/tlumaczenia-wszystko-co-musisz-wiedziec\/czesc-3-ceny-i-wydajosc-tlumaczen\/korzysci-skali-w-tlumaczeniach\/\"  data-hover=\"#c9c9c9\" data-border-color=\"\" data-bg=\"#696969\" data-hover-bg=\"#ffffff\" data-border-hover=\"\" data-shadow-click=\"none\" data-shadow=\"\" style=\"font-family:Open Sans; font-weight:600; font-style:normal; border-radius:4px;border-width:2px;border-style:solid;background: #696969;color: #ffffff;\"><span class=\"porto-btn-hover\" style=\"background-color:#ffffff\"><\/span><span class=\"porto-btn-data porto-btn-text \" >KORZY\u015aCI SKALI W T\u0141UMACZENIACH<\/span><\/a><\/div><div class=\"porto-btn-ctn-left sidebarfont\"><a class=\"porto-btn  vc_custom_1607510971480 porto-adjust-bottom-margin porto-btn-large porto-btn-left-bg  porto-btn-left sidebarfont\" title='Korzy\u015bci skali \u2013 studium przypadku' rel='' href = \"https:\/\/locatheart.com\/pl\/wiedza\/tlumaczenia-wszystko-co-musisz-wiedziec\/czesc-3-ceny-i-wydajosc-tlumaczen\/korzysci-skali-studium-przypadku\/\"  data-hover=\"#c9c9c9\" data-border-color=\"\" data-bg=\"#696969\" data-hover-bg=\"#ffffff\" data-border-hover=\"\" data-shadow-click=\"none\" data-shadow=\"\" style=\"font-family:Open Sans; font-weight:600; font-style:normal; border-radius:4px;border-width:2px;border-style:solid;background: #696969;color: #ffffff;\"><span class=\"porto-btn-hover\" style=\"background-color:#ffffff\"><\/span><span class=\"porto-btn-data porto-btn-text \" >KORZY\u015aCI SKALI - STUDIUM PRZYPADKU<\/span><\/a><\/div>[\/vc_column][\/vc_row]<\/p>\n","protected":false},"excerpt":{"rendered":"<p>[vc_row css=&#8221;.vc_custom_1603173061877{padding-top: 50px !important;}&#8221;][vc_column width=&#8221;2\/3&#8243;][vc_column_text]Wsp\u00f3\u0142cze\u015bnie koszty t\u0142umacze\u0144 oblicza si\u0119 w oprogramowaniu CAT, co znacznie u\u0142atwia realistyczne wyceny i pozwala na optymalizacj\u0119 koszt\u00f3w. Ale zacznijmy od intuicyjnego sposobu. UWAGA: tak si\u0119 tego NIE robi! A oto jak my obliczamy koszty (i jak powinno si\u0119 to robi\u0107 w XXI w.): Na pocz\u0105tek przypomnienie: pe\u0142na stawka jest stosowana [&hellip;]<\/p>\n","protected":false},"author":4,"featured_media":0,"parent":4529,"menu_order":0,"comment_status":"closed","ping_status":"closed","template":"","meta":{"inline_featured_image":false},"yoast_head":"<!-- This site is optimized with the Yoast SEO plugin v15.3 - https:\/\/yoast.com\/wordpress\/plugins\/seo\/ -->\n<title>Obliczanie koszt\u00f3w t\u0142umaczenia - LocAtHeart translation agency<\/title>\n<meta name=\"robots\" content=\"index, follow, max-snippet:-1, max-image-preview:large, max-video-preview:-1\" \/>\n<link rel=\"canonical\" href=\"https:\/\/locatheart.com\/pl\/wiedza\/tlumaczenia-wszystko-co-musisz-wiedziec\/czesc-3-ceny-i-wydajosc-tlumaczen\/obliczanie-kosztow-tlumaczenia\/\" \/>\n<meta property=\"og:locale\" content=\"pl_PL\" \/>\n<meta property=\"og:type\" content=\"article\" \/>\n<meta property=\"og:title\" content=\"Obliczanie koszt\u00f3w t\u0142umaczenia - LocAtHeart translation agency\" \/>\n<meta property=\"og:description\" content=\"[vc_row css=&#8221;.vc_custom_1603173061877{padding-top: 50px !important;}&#8221;][vc_column width=&#8221;2\/3&#8243;][vc_column_text]Wsp\u00f3\u0142cze\u015bnie koszty t\u0142umacze\u0144 oblicza si\u0119 w oprogramowaniu CAT, co znacznie u\u0142atwia realistyczne wyceny i pozwala na optymalizacj\u0119 koszt\u00f3w. Ale zacznijmy od intuicyjnego sposobu. UWAGA: tak si\u0119 tego NIE robi! A oto jak my obliczamy koszty (i jak powinno si\u0119 to robi\u0107 w XXI w.): Na pocz\u0105tek przypomnienie: pe\u0142na stawka jest stosowana [&hellip;]\" \/>\n<meta property=\"og:url\" content=\"https:\/\/locatheart.com\/pl\/wiedza\/tlumaczenia-wszystko-co-musisz-wiedziec\/czesc-3-ceny-i-wydajosc-tlumaczen\/obliczanie-kosztow-tlumaczenia\/\" \/>\n<meta property=\"og:site_name\" content=\"LocAtHeart translation agency\" \/>\n<meta property=\"article:modified_time\" content=\"2022-07-01T11:24:22+00:00\" \/>\n<meta property=\"og:image\" content=\"https:\/\/locatheart.com\/wp-content\/uploads\/2022\/06\/locatheart_pion.png\" \/>\n\t<meta property=\"og:image:width\" content=\"600\" \/>\n\t<meta property=\"og:image:height\" content=\"600\" \/>\n<meta name=\"twitter:card\" content=\"summary_large_image\" \/>\n<meta name=\"twitter:label1\" content=\"Written by\">\n\t<meta name=\"twitter:data1\" content=\"Agnieszka W\u0105sowska-Tel\u0119ga\">\n\t<meta name=\"twitter:label2\" content=\"Est. reading time\">\n\t<meta name=\"twitter:data2\" content=\"5 minut\">\n<!-- \/ Yoast SEO plugin. -->","_links":{"self":[{"href":"https:\/\/locatheart.com\/pl\/wp-json\/wp\/v2\/pages\/4547\/"}],"collection":[{"href":"https:\/\/locatheart.com\/pl\/wp-json\/wp\/v2\/pages\/"}],"about":[{"href":"https:\/\/locatheart.com\/pl\/wp-json\/wp\/v2\/types\/page\/"}],"author":[{"embeddable":true,"href":"https:\/\/locatheart.com\/pl\/wp-json\/wp\/v2\/users\/4\/"}],"replies":[{"embeddable":true,"href":"https:\/\/locatheart.com\/pl\/wp-json\/wp\/v2\/comments\/?post=4547"}],"version-history":[{"count":8,"href":"https:\/\/locatheart.com\/pl\/wp-json\/wp\/v2\/pages\/4547\/revisions\/"}],"predecessor-version":[{"id":4855,"href":"https:\/\/locatheart.com\/pl\/wp-json\/wp\/v2\/pages\/4547\/revisions\/4855\/"}],"up":[{"embeddable":true,"href":"https:\/\/locatheart.com\/pl\/wp-json\/wp\/v2\/pages\/4529\/"}],"wp:attachment":[{"href":"https:\/\/locatheart.com\/pl\/wp-json\/wp\/v2\/media\/?parent=4547"}],"curies":[{"name":"wp","href":"https:\/\/api.w.org\/{rel}","templated":true}]}}