{"id":4550,"date":"2020-12-09T09:54:48","date_gmt":"2020-12-09T08:54:48","guid":{"rendered":"https:\/\/locatheart.com\/wiedza\/tlumaczenia-wszystko-co-musisz-wiedziec\/czesc-3-ceny-i-wydajosc-tlumaczen\/korzysci-skali-w-tlumaczeniach\/"},"modified":"2023-05-22T10:17:01","modified_gmt":"2023-05-22T08:17:01","slug":"korzysci-skali-w-tlumaczeniach","status":"publish","type":"page","link":"https:\/\/locatheart.com\/pl\/wiedza\/tlumaczenia-wszystko-co-musisz-wiedziec\/czesc-3-ceny-i-wydajosc-tlumaczen\/korzysci-skali-w-tlumaczeniach\/","title":{"rendered":"Korzy\u015bci skali w t\u0142umaczeniach"},"content":{"rendered":"<p>[vc_row css=&#8221;.vc_custom_1603173061877{padding-top: 50px !important;}&#8221;][vc_column width=&#8221;2\/3&#8243;]<div class=\"porto-u-heading\" data-hspacer=\"no_spacer\" data-halign=\"left\" style=\"text-align:left\"><div class=\"porto-u-main-heading\"><h2 style=\"font-weight:700;color:#21293c;font-size:19px;\">KORZY\u015aCI SKALI W T\u0141UMACZENIACH<\/h2><\/div><\/div>[vc_column_text]Korzy\u015bci skali si\u0119gaj\u0105 korzeniami produkcji przemys\u0142owej, nie us\u0142ug. Trzeba o tym pami\u0119ta\u0107, by zrozumie\u0107, czym s\u0105. Korzy\u015bci skali to przewaga kosztowa, kt\u00f3r\u0105 zyskuj\u0105 firmy, kiedy osi\u0105gaj\u0105 okre\u015blon\u0105 (du\u017c\u0105) skal\u0119 i zakres czasowy dzia\u0142alno\u015bci. Zazwyczaj podaje si\u0119 je w przeliczeniu na jednostk\u0119.<\/p>\n<p>Je\u015bli fabryka but\u00f3w pracuje na 3 zmiany, wyprodukuje wi\u0119cej obuwia ni\u017c firma pracuj\u0105ca 8 godzin dziennie. Cho\u0107 cz\u0119\u015b\u0107 koszt\u00f3w (np. za elektryczno\u015b\u0107) ro\u015bnie wraz ze wzrostem czasu pracy, inne koszty \u2013 koszty sta\u0142e (takie jak czynsz za nieruchomo\u015bci albo koszt zakupu maszyn) \u2013 mo\u017cna podzieli\u0107 na znacznie wi\u0119ksz\u0105 liczb\u0119 wyprodukowanych par but\u00f3w. A zatem koszt wyprodukowania jednej pary but\u00f3w maleje.<\/p>\n<p>Niestety, ten model nie zawsze pasuje do rodzaju us\u0142ug. Je\u015bli zam\u00f3wisz du\u017co jednostek us\u0142ugi wykonywanej przez ludzi, i tak potrzebujesz ich pracy. W bran\u017cach us\u0142ugowych, gdzie g\u0142\u00f3wnym kosztem jest praca os\u00f3b z odpowiednimi kwalifikacjami, mo\u017cesz oczywi\u015bcie negocjowa\u0107 rabaty, bazuj\u0105c na regularno\u015bci transakcji, stabilno\u015bci przychod\u00f3w dla wykonawcy itp., ale nie s\u0105 to korzy\u015bci skali.<\/p>\n<p>Tak przez wiele lat wygl\u0105da\u0142y t\u0142umaczenia. Stali klienci mogli negocjowa\u0107 rabaty na podstawie wielko\u015bci i regularno\u015bci zlece\u0144, ale tak uzyskany rabat to tylko ekwiwalent finansowy poczucia bezpiecze\u0144stwa t\u0142umacza, a nie korzy\u015bci skali.<\/p>\n<p>Wsp\u00f3\u0142cze\u015bnie wysi\u0142ek t\u0142umaczeniowy jest r\u00f3wnomierniej roz\u0142o\u017cony pomi\u0119dzy ludzi i technologi\u0119. Korzy\u015bci kosztowe, kt\u00f3re mo\u017cesz osi\u0105gn\u0105\u0107, opieraj\u0105 si\u0119 na d\u0142ugo\u015bci i intensywno\u015bci wsp\u00f3\u0142pracy. To mo\u017cliwe dzi\u0119ki technologii, jak\u0105 jest pami\u0119\u0107 t\u0142umaczeniowa. I to jest w\u0142a\u015bnie dobry przyk\u0142ad korzy\u015bci skali w dzia\u0142alno\u015bci us\u0142ugowej.<\/p>\n<p><strong>\u00a0<\/strong><strong>PAMI\u0118\u0106 T\u0141UMACZENIOWA A KORZY\u015aCI SKALI<\/strong><\/p>\n<p>Ka\u017cde przet\u0142umaczone zdanie jest zapisywane w pami\u0119ci t\u0142umaczeniowej i mo\u017ce pos\u0142u\u017cy\u0107 w przysz\u0142o\u015bci jako powt\u00f3rzenie (dopasowanie), kt\u00f3re obni\u017ca koszt t\u0142umacze\u0144. W miar\u0119 powi\u0119kszania pami\u0119ci t\u0142umaczeniowej (czyli w miar\u0119 zwi\u0119kszania si\u0119 liczby przet\u0142umaczonych tekst\u00f3w) koszt jednostkowy (stawka wynikowa za s\u0142owo) obni\u017ca si\u0119, cho\u0107 stawka bazowa pozostaje bez zmian.<\/p>\n<p>Wystarczy korzysta\u0107 z pami\u0119ci t\u0142umaczeniowej. W ci\u0105gu 3 miesi\u0119cy mo\u017cesz spodziewa\u0107 si\u0119 obni\u017cenia koszt\u00f3w t\u0142umacze\u0144 (i wynikowej stawki za s\u0142owo) o 5\u201310%. Po roku intensywnej wsp\u00f3\u0142pracy stawka wynikowa zwykle obni\u017ca si\u0119 o ok. 20\u201330%.<\/p>\n<h3 style=\"text-align: right;\"><img loading=\"lazy\" class=\"alignnone size-full wp-image-4618\" src=\"https:\/\/locatheart.com\/wp-content\/uploads\/2020\/12\/Korzysci-skali-w-tlumaczeniach-LocAtHeart.png\" alt=\"Korzy\u015bci skali w t\u0142umaczeniach: &quot;Po trzech miesi\u0105cach koszty t\u0142umacze\u0144 spadaj\u0105 o 5-10%. Po roku wsp\u00f3\u0142pracy koszty spadaj\u0105 o 20-30%&quot; (napis na bia\u0142ym tle). Logo: LocAtHeart\" width=\"1000\" height=\"500\" srcset=\"https:\/\/locatheart.com\/wp-content\/uploads\/2020\/12\/Korzysci-skali-w-tlumaczeniach-LocAtHeart.png 1000w, https:\/\/locatheart.com\/wp-content\/uploads\/2020\/12\/Korzysci-skali-w-tlumaczeniach-LocAtHeart-768x384.png 768w, https:\/\/locatheart.com\/wp-content\/uploads\/2020\/12\/Korzysci-skali-w-tlumaczeniach-LocAtHeart-640x320.png 640w, https:\/\/locatheart.com\/wp-content\/uploads\/2020\/12\/Korzysci-skali-w-tlumaczeniach-LocAtHeart-400x200.png 400w, https:\/\/locatheart.com\/wp-content\/uploads\/2020\/12\/Korzysci-skali-w-tlumaczeniach-LocAtHeart-367x184.png 367w\" sizes=\"(max-width: 1000px) 100vw, 1000px\" \/><\/h3>\n<h3 style=\"text-align: right;\"><a href=\"https:\/\/locatheart.com\/pl\/wiedza\/tlumaczenia-wszystko-co-musisz-wiedziec\/czesc-3-ceny-i-wydajosc-tlumaczen\/korzysci-skali-studium-przypadku\/\">Korzy\u015bci skali \u2013 studium przypadku &gt;&gt;<\/a><\/h3>\n<h4><a href=\"https:\/\/locatheart.com\/pl\/wiedza\/tlumaczenia-wszystko-co-musisz-wiedziec\/czesc-3-ceny-i-wydajosc-tlumaczen\/obliczanie-kosztow-tlumaczenia\/\">&lt;&lt; Obliczanie koszt\u00f3w t\u0142umaczenia<\/a><\/h4>\n<p>[\/vc_column_text][\/vc_column][vc_column width=&#8221;1\/3&#8243; is_sticky=&#8221;yes&#8221; sticky_min_width=&#8221;767&#8243; sticky_top=&#8221;110&#8243; sticky_bottom=&#8221;0&#8243;]<div class=\"porto-btn-ctn-left sidebarfont\"><a class=\"porto-btn  vc_custom_1607509663458 porto-adjust-bottom-margin porto-btn-large porto-btn-left-bg  porto-btn-left sidebarfont\" title='T\u0142umaczenia i mierzenie zwrotu z inwestycji (ROI)' rel='' href = \"https:\/\/locatheart.com\/pl\/wiedza\/tlumaczenia-wszystko-co-musisz-wiedziec\/czesc-3-ceny-i-wydajosc-tlumaczen\/tlumaczenia-i-mierzenie-zwrotu-z-inwestycji-roi\/\"  data-hover=\"#c9c9c9\" data-border-color=\"\" data-bg=\"#696969\" data-hover-bg=\"#ffffff\" data-border-hover=\"\" data-shadow-click=\"none\" data-shadow=\"\" style=\"font-family:Open Sans; font-weight:600; font-style:normal; border-radius:4px;border-width:2px;border-style:solid;background: #696969;color: #ffffff;\"><span class=\"porto-btn-hover\" style=\"background-color:#ffffff\"><\/span><span class=\"porto-btn-data porto-btn-text \" >T\u0141UMACZENIA I MIERZENIE ZWROTU Z INWESTYCJI (ROI)<\/span><\/a><\/div><div class=\"porto-btn-ctn-left sidebarfont\"><a class=\"porto-btn  vc_custom_1607509689335 porto-adjust-bottom-margin porto-btn-large porto-btn-left-bg  porto-btn-left sidebarfont\" title='T\u0142umaczenia i kluczowe wska\u017aniki efektywno\u015bci (KPI)' rel='' href = \"https:\/\/locatheart.com\/pl\/wiedza\/tlumaczenia-wszystko-co-musisz-wiedziec\/czesc-3-ceny-i-wydajosc-tlumaczen\/tlumaczenia-i-kluczowe-wskazniki-efektywnosci-kpi\/\"  data-hover=\"#c9c9c9\" data-border-color=\"\" data-bg=\"#696969\" data-hover-bg=\"#ffffff\" data-border-hover=\"\" data-shadow-click=\"none\" data-shadow=\"\" style=\"font-family:Open Sans; font-weight:600; font-style:normal; border-radius:4px;border-width:2px;border-style:solid;background: #696969;color: #ffffff;\"><span class=\"porto-btn-hover\" style=\"background-color:#ffffff\"><\/span><span class=\"porto-btn-data porto-btn-text \" >T\u0141UMACZENIA I KLUCZOWE WSKA\u0179NIKI EFEKTYWNO\u015aCI<\/span><\/a><\/div><div class=\"porto-btn-ctn-left sidebarfont\"><a class=\"porto-btn  vc_custom_1607509714886 porto-adjust-bottom-margin porto-btn-large porto-btn-left-bg  porto-btn-left sidebarfont\" title='Ceny t\u0142umacze\u0144: wprowadzenie' rel='' href = \"https:\/\/locatheart.com\/pl\/wiedza\/tlumaczenia-wszystko-co-musisz-wiedziec\/czesc-3-ceny-i-wydajosc-tlumaczen\/ceny-tlumaczen-wprowadzenie\/\"  data-hover=\"#c9c9c9\" data-border-color=\"\" data-bg=\"#696969\" data-hover-bg=\"#ffffff\" data-border-hover=\"\" data-shadow-click=\"none\" data-shadow=\"\" style=\"font-family:Open Sans; font-weight:600; font-style:normal; border-radius:4px;border-width:2px;border-style:solid;background: #696969;color: #ffffff;\"><span class=\"porto-btn-hover\" style=\"background-color:#ffffff\"><\/span><span class=\"porto-btn-data porto-btn-text \" >CENY T\u0141UMACZE\u0143: WPROWADZENIE<\/span><\/a><\/div><div class=\"porto-btn-ctn-left sidebarfont\"><a class=\"porto-btn  vc_custom_1607509740433 porto-adjust-bottom-margin porto-btn-large porto-btn-left-bg  porto-btn-left sidebarfont\" title='Rodzaje powt\u00f3rze\u0144 w t\u0142umaczeniach \u2013 co to jest dopasowanie?' rel='' href = \"https:\/\/locatheart.com\/pl\/wiedza\/tlumaczenia-wszystko-co-musisz-wiedziec\/czesc-3-ceny-i-wydajosc-tlumaczen\/rodzaje-powtorzen-w-tlumaczeniach-co-to-jest-dopasowanie\/\"  data-hover=\"#c9c9c9\" data-border-color=\"\" data-bg=\"#696969\" data-hover-bg=\"#ffffff\" data-border-hover=\"\" data-shadow-click=\"none\" data-shadow=\"\" style=\"font-family:Open Sans; font-weight:600; font-style:normal; border-radius:4px;border-width:2px;border-style:solid;background: #696969;color: #ffffff;\"><span class=\"porto-btn-hover\" style=\"background-color:#ffffff\"><\/span><span class=\"porto-btn-data porto-btn-text \" >RODZAJE POWT\u00d3RZE\u0143 W T\u0141UMCAZENIACH \u2013 CO TO JEST DOPASOWANIE?<\/span><\/a><\/div><div class=\"porto-btn-ctn-left sidebarfont\"><a class=\"porto-btn  vc_custom_1607509769786 porto-adjust-bottom-margin porto-btn-large porto-btn-left-bg  porto-btn-left sidebarfont\" title='Obliczanie koszt\u00f3w t\u0142umaczenia' rel='' href = \"https:\/\/locatheart.com\/pl\/wiedza\/tlumaczenia-wszystko-co-musisz-wiedziec\/czesc-3-ceny-i-wydajosc-tlumaczen\/obliczanie-kosztow-tlumaczenia\/\"  data-hover=\"#c9c9c9\" data-border-color=\"\" data-bg=\"#696969\" data-hover-bg=\"#ffffff\" data-border-hover=\"\" data-shadow-click=\"none\" data-shadow=\"\" style=\"font-family:Open Sans; font-weight:600; font-style:normal; border-radius:4px;border-width:2px;border-style:solid;background: #696969;color: #ffffff;\"><span class=\"porto-btn-hover\" style=\"background-color:#ffffff\"><\/span><span class=\"porto-btn-data porto-btn-text \" >OBLICZANIE KOSZT\u00d3W T\u0141UMACZENIA<\/span><\/a><\/div><div class=\"porto-btn-ctn-left sidebarfont\"><a class=\"porto-btn  vc_custom_1607509797739 porto-adjust-bottom-margin porto-btn-large porto-btn-left-bg  porto-btn-left sidebarfont\" title='Korzy\u015bci skali w t\u0142umaczeniach' rel='' href = \"https:\/\/locatheart.com\/pl\/wiedza\/tlumaczenia-wszystko-co-musisz-wiedziec\/czesc-3-ceny-i-wydajosc-tlumaczen\/korzysci-skali-w-tlumaczeniach\/\"  data-hover=\"#c9c9c9\" data-border-color=\"\" data-bg=\"#696969\" data-hover-bg=\"#ffffff\" data-border-hover=\"\" data-shadow-click=\"none\" data-shadow=\"\" style=\"font-family:Open Sans; font-weight:600; font-style:normal; border-radius:4px;border-width:2px;border-style:solid;background: #696969;color: #ffffff;\"><span class=\"porto-btn-hover\" style=\"background-color:#ffffff\"><\/span><span class=\"porto-btn-data porto-btn-text \" >KORZY\u015aCI SKALI W T\u0141UMACZENIACH<\/span><\/a><\/div><div class=\"porto-btn-ctn-left sidebarfont\"><a class=\"porto-btn  vc_custom_1607509843168 porto-adjust-bottom-margin porto-btn-large porto-btn-left-bg  porto-btn-left sidebarfont\" title='Korzy\u015bci skali \u2013 studium przypadku' rel='' href = \"https:\/\/locatheart.com\/pl\/wiedza\/tlumaczenia-wszystko-co-musisz-wiedziec\/czesc-3-ceny-i-wydajosc-tlumaczen\/korzysci-skali-studium-przypadku\/\"  data-hover=\"#c9c9c9\" data-border-color=\"\" data-bg=\"#696969\" data-hover-bg=\"#ffffff\" data-border-hover=\"\" data-shadow-click=\"none\" data-shadow=\"\" style=\"font-family:Open Sans; font-weight:600; font-style:normal; border-radius:4px;border-width:2px;border-style:solid;background: #696969;color: #ffffff;\"><span class=\"porto-btn-hover\" style=\"background-color:#ffffff\"><\/span><span class=\"porto-btn-data porto-btn-text \" >KORZY\u015aCI SKALI \u2013 STUDIUM PRZYPADKU<\/span><\/a><\/div>[\/vc_column][\/vc_row]<\/p>\n","protected":false},"excerpt":{"rendered":"<p>[vc_row css=&#8221;.vc_custom_1603173061877{padding-top: 50px !important;}&#8221;][vc_column width=&#8221;2\/3&#8243;][vc_column_text]Korzy\u015bci skali si\u0119gaj\u0105 korzeniami produkcji przemys\u0142owej, nie us\u0142ug. Trzeba o tym pami\u0119ta\u0107, by zrozumie\u0107, czym s\u0105. Korzy\u015bci skali to przewaga kosztowa, kt\u00f3r\u0105 zyskuj\u0105 firmy, kiedy osi\u0105gaj\u0105 okre\u015blon\u0105 (du\u017c\u0105) skal\u0119 i zakres czasowy dzia\u0142alno\u015bci. Zazwyczaj podaje si\u0119 je w przeliczeniu na jednostk\u0119. Je\u015bli fabryka but\u00f3w pracuje na 3 zmiany, wyprodukuje wi\u0119cej obuwia [&hellip;]<\/p>\n","protected":false},"author":4,"featured_media":0,"parent":4529,"menu_order":0,"comment_status":"closed","ping_status":"closed","template":"","meta":{"inline_featured_image":false},"yoast_head":"<!-- This site is optimized with the Yoast SEO plugin v15.3 - https:\/\/yoast.com\/wordpress\/plugins\/seo\/ -->\n<title>Korzy\u015bci skali w t\u0142umaczeniach - LocAtHeart translation agency<\/title>\n<meta name=\"robots\" content=\"index, follow, max-snippet:-1, max-image-preview:large, max-video-preview:-1\" \/>\n<link rel=\"canonical\" href=\"https:\/\/locatheart.com\/pl\/wiedza\/tlumaczenia-wszystko-co-musisz-wiedziec\/czesc-3-ceny-i-wydajosc-tlumaczen\/korzysci-skali-w-tlumaczeniach\/\" \/>\n<meta property=\"og:locale\" content=\"pl_PL\" \/>\n<meta property=\"og:type\" content=\"article\" \/>\n<meta property=\"og:title\" content=\"Korzy\u015bci skali w t\u0142umaczeniach - LocAtHeart translation agency\" \/>\n<meta property=\"og:description\" content=\"[vc_row css=&#8221;.vc_custom_1603173061877{padding-top: 50px !important;}&#8221;][vc_column width=&#8221;2\/3&#8243;][vc_column_text]Korzy\u015bci skali si\u0119gaj\u0105 korzeniami produkcji przemys\u0142owej, nie us\u0142ug. Trzeba o tym pami\u0119ta\u0107, by zrozumie\u0107, czym s\u0105. Korzy\u015bci skali to przewaga kosztowa, kt\u00f3r\u0105 zyskuj\u0105 firmy, kiedy osi\u0105gaj\u0105 okre\u015blon\u0105 (du\u017c\u0105) skal\u0119 i zakres czasowy dzia\u0142alno\u015bci. Zazwyczaj podaje si\u0119 je w przeliczeniu na jednostk\u0119. Je\u015bli fabryka but\u00f3w pracuje na 3 zmiany, wyprodukuje wi\u0119cej obuwia [&hellip;]\" \/>\n<meta property=\"og:url\" content=\"https:\/\/locatheart.com\/pl\/wiedza\/tlumaczenia-wszystko-co-musisz-wiedziec\/czesc-3-ceny-i-wydajosc-tlumaczen\/korzysci-skali-w-tlumaczeniach\/\" \/>\n<meta property=\"og:site_name\" content=\"LocAtHeart translation agency\" \/>\n<meta property=\"article:modified_time\" content=\"2023-05-22T08:17:01+00:00\" \/>\n<meta property=\"og:image\" content=\"https:\/\/locatheart.com\/wp-content\/uploads\/2022\/06\/locatheart_pion.png\" \/>\n\t<meta property=\"og:image:width\" content=\"600\" \/>\n\t<meta property=\"og:image:height\" content=\"600\" \/>\n<meta name=\"twitter:card\" content=\"summary_large_image\" \/>\n<meta name=\"twitter:label1\" content=\"Written by\">\n\t<meta name=\"twitter:data1\" content=\"Agnieszka W\u0105sowska-Tel\u0119ga\">\n\t<meta name=\"twitter:label2\" content=\"Est. reading time\">\n\t<meta name=\"twitter:data2\" content=\"5 minut\">\n<!-- \/ Yoast SEO plugin. -->","_links":{"self":[{"href":"https:\/\/locatheart.com\/pl\/wp-json\/wp\/v2\/pages\/4550\/"}],"collection":[{"href":"https:\/\/locatheart.com\/pl\/wp-json\/wp\/v2\/pages\/"}],"about":[{"href":"https:\/\/locatheart.com\/pl\/wp-json\/wp\/v2\/types\/page\/"}],"author":[{"embeddable":true,"href":"https:\/\/locatheart.com\/pl\/wp-json\/wp\/v2\/users\/4\/"}],"replies":[{"embeddable":true,"href":"https:\/\/locatheart.com\/pl\/wp-json\/wp\/v2\/comments\/?post=4550"}],"version-history":[{"count":9,"href":"https:\/\/locatheart.com\/pl\/wp-json\/wp\/v2\/pages\/4550\/revisions\/"}],"predecessor-version":[{"id":8986,"href":"https:\/\/locatheart.com\/pl\/wp-json\/wp\/v2\/pages\/4550\/revisions\/8986\/"}],"up":[{"embeddable":true,"href":"https:\/\/locatheart.com\/pl\/wp-json\/wp\/v2\/pages\/4529\/"}],"wp:attachment":[{"href":"https:\/\/locatheart.com\/pl\/wp-json\/wp\/v2\/media\/?parent=4550"}],"curies":[{"name":"wp","href":"https:\/\/api.w.org\/{rel}","templated":true}]}}