{"id":4570,"date":"2020-12-09T12:21:14","date_gmt":"2020-12-09T11:21:14","guid":{"rendered":"https:\/\/locatheart.com\/wiedza\/tlumaczenia-wszystko-co-musisz-wiedziec\/czesc-4-co-robi-agencja-tlumaczen-poza-tlumaczeniem\/"},"modified":"2023-05-30T15:38:00","modified_gmt":"2023-05-30T13:38:00","slug":"czesc-4-co-robi-agencja-tlumaczen-poza-tlumaczeniem","status":"publish","type":"page","link":"https:\/\/locatheart.com\/pl\/wiedza\/tlumaczenia-wszystko-co-musisz-wiedziec\/czesc-4-co-robi-agencja-tlumaczen-poza-tlumaczeniem\/","title":{"rendered":"Cz\u0119\u015b\u0107 4: Co robi agencja t\u0142umacze\u0144 (poza t\u0142umaczeniem)"},"content":{"rendered":"<p>[vc_row css=&#8221;.vc_custom_1603173061877{padding-top: 50px !important;}&#8221;][vc_column width=&#8221;2\/3&#8243;]<div class=\"porto-u-heading\" data-hspacer=\"no_spacer\" data-halign=\"left\" style=\"text-align:left\"><div class=\"porto-u-main-heading\"><h2 style=\"font-weight:700;color:#21293c;font-size:19px;\">CZ\u0118\u015a\u0106 4: CO ROBI AGENCJA T\u0141UMACZE\u0143 (POZA T\u0141UMACZENIEM)<\/h2><\/div><\/div>[vc_column_text]Je\u015bli dopiero zaczynasz przygod\u0119 z t\u0142umaczeniami, zaraz zrozumiesz, z ilu zada\u0144 sk\u0142ada si\u0119 proces profesjonalnego przek\u0142adu. T\u0142umaczenie to z\u0142o\u017cony proces biznesowy. Om\u00f3wmy najwa\u017cniejsze obszary dzia\u0142a\u0144 wykonywanych w agencji t\u0142umacze\u0144 (bez wchodzenia w szczeg\u00f3\u0142y).<\/p>\n<ul>\n<li>Pomoc w wyborze najlepszych us\u0142ug i rozwi\u0105za\u0144 dopasowanych do potrzeb klient\u00f3w.<\/li>\n<li>Planowanie i wdra\u017canie optymalnych proces\u00f3w.<\/li>\n<li>Utrzymywanie zasob\u00f3w, by zawsze realizowa\u0107 zlecenia na czas.<\/li>\n<li>Przyjmowanie i rozdzielanie odpowiedzialno\u015bci.<\/li>\n<li>Ochrona danych.<\/li>\n<li>Utrzymywanie pami\u0119ci t\u0142umaczeniowej, wytycznych i materia\u0142\u00f3w referencyjnych klient\u00f3w.<\/li>\n<li>Zapewnianie wsparcia technicznego.<\/li>\n<li>Oferowanie najprostszych rozwi\u0105za\u0144 w zakresie um\u00f3w i fakturowania.<\/li>\n<\/ul>\n<h3><strong>DORADZTWO T\u0141UMACZENIOWE<\/strong><\/h3>\n<p>Nasi klienci pracuj\u0105 w r\u00f3\u017cnych obszarach, ale niewielu z nich jest specjalistami w dziedzinie t\u0142umacze\u0144. Gdyby byli, nie potrzebowaliby naszych us\u0142ug! Rol\u0105 agencji t\u0142umacze\u0144 jest poznanie potrzeb klienta, udzielenie wsparcia w okre\u015blaniu potrzeb t\u0142umaczeniowych, przeprowadzenie rozmowy o dost\u0119pnych rozwi\u0105zaniach i zaproponowanie najlepszych proces\u00f3w. Ta praca nigdy si\u0119 nie ko\u0144czy. Nawet w przypadku d\u0142ugofalowej wsp\u00f3\u0142pracy z klientem ka\u017cdy projekt jest nieco inny i mo\u017ce wymaga\u0107 odmiennych rozwi\u0105za\u0144.<\/p>\n<h3><strong>PLANOWANIE I WDRA\u017bANIE OPTYMALNYCH PROCES\u00d3W<\/strong><\/h3>\n<p>Po sprecyzowaniu typu us\u0142ugi musimy wdro\u017cy\u0107 proces (w przypadku nowych klient\u00f3w) lub go dopasowa\u0107 (opcjonalnie w przypadku sta\u0142ych klient\u00f3w). Dodatkowo agencja t\u0142umacze\u0144 informuje klienta o nowych rozwi\u0105zaniach technologicznych oraz dostarcza informacji i udziela wsparcia w zakresie zarz\u0105dzania procesami po stronie klienta (je\u015bli zachodzi taka potrzeba).<\/p>\n<h3><strong>UTRZYMYWANIE ZASOB\u00d3W<\/strong><\/h3>\n<p>Agencja t\u0142umacze\u0144 pracuje z zatrudnionymi przez siebie j\u0119zykowcami (in-house), zewn\u0119trznymi dostawcami i wolnymi strzelcami \u2013 dzi\u0119ki temu zawsze dysponuje specjalistami o profilu odpowiednim do t\u0142umaczenia zam\u00f3wionego przez klienta (typ, temat i para j\u0119zykowa). Je\u015bli t\u0142umacz zachoruje lub wyjedzie na wakacje, agencja zapewnia odpowiednie zast\u0119pstwo, by nie dosz\u0142o do \u017cadnych op\u00f3\u017anie\u0144.<\/p>\n<h3><strong>PRZYJMOWANIE I ROZDZIELANIE ODPOWIEDZIALNO\u015aCI<\/strong><\/h3>\n<p>Agencja t\u0142umacze\u0144 bierze pe\u0142n\u0105 odpowiedzialno\u015b\u0107 za dostarczenie t\u0142umaczenia w okre\u015blonym terminie i w ramach bud\u017cetu, a tak\u017ce w ustalonej jako\u015bci. Agencja t\u0142umacze\u0144 przypisuje te\u017c odpowiedzialno\u015b\u0107 za ka\u017cdy projekt konkretnemu kierownikowi projekt\u00f3w. Dzi\u0119ki temu nie ma w\u0105tpliwo\u015bci, kto jest odpowiedzialny za dzia\u0142ania w projekcie i kto jest osob\u0105 kontaktow\u0105 dla klienta.<\/p>\n<h3><strong>OCHRONA DANYCH<\/strong><\/h3>\n<p>Obecnie t\u0142umaczenia to proces oparty na komunikacji internetowej \u2013 tre\u015bci s\u0105 przesy\u0142ane na wiele serwer\u00f3w e-mail, do dysk\u00f3w w chmurze i oprogramowania t\u0142umaczeniowego (tak\u017ce w modelu SaaS). Agencja t\u0142umacze\u0144 jest odpowiedzialna za wdro\u017cenie odpowiednich zabezpiecze\u0144 i przeszkolenie swojego zespo\u0142u w zakresie ochrony danych i tre\u015bci.<\/p>\n<h3><strong>UTRZYMYWANIE PAMI\u0118CI T\u0141UMACZENIOWEJ, WYTYCZNYCH I MATERIA\u0141\u00d3W REFERENCYJNYCH<\/strong><\/h3>\n<p>Pami\u0119\u0107 t\u0142umaczeniowa to najwa\u017cniejsza baza danych w t\u0142umaczeniach. Musi by\u0107 aktualizowana. Wymaga te\u017c regularnego tworzenia kopii zapasowych.<\/p>\n<p>Wytyczne i materia\u0142y referencyjne okre\u015blaj\u0105 stylistyk\u0119 i form\u0119 komunikacji, a tak\u017ce najwa\u017cniejsze zwroty i frazy kluczowe.<\/p>\n<p>Te trzy rodzaje materia\u0142\u00f3w stanowi\u0105 fundament udanych t\u0142umacze\u0144.<\/p>\n<p>Agencja t\u0142umacze\u0144 pomaga klientom tworzy\u0107 i aktualizowa\u0107 s\u0142owniki, wytyczne i listy s\u0142\u00f3w, kt\u00f3rych nie nale\u017cy t\u0142umaczy\u0107 (DNT, <em>do not translate<\/em>). Wsp\u00f3lnie okre\u015blimy styl Twojej komunikacji i przygotujemy wytyczne.<\/p>\n<p>Kiedy rozpocznie si\u0119 projekt, kierownik projektu zapewni realizacj\u0119 w zgodzie z tymi materia\u0142ami.<\/p>\n<h3><strong>ZAPEWNIANIE WSPARCIA TECHNICZNE<\/strong><strong>GO<\/strong><\/h3>\n<p>Czasami klienci maj\u0105 trudno\u015bci z plikami \u017ar\u00f3d\u0142owymi \u2013 uszkodzonymi lub nieobs\u0142ugiwanymi plikami, kt\u00f3re musz\u0105 przet\u0142umaczy\u0107, a kt\u00f3rych nie potrafi\u0105 np. otworzy\u0107 lub podda\u0107 obr\u00f3bce. Agencja t\u0142umacze\u0144 zazwyczaj oferuje swoim klientom wsparcie techniczne w zakresie obs\u0142ugi problematycznych plik\u00f3w i przygotowania ich do t\u0142umaczenia (co bywa bardzo czasoch\u0142onnym zadaniem dla kierownika projektu i asystent\u00f3w).<\/p>\n<h3><strong>OFEROWANIE NAJPROSTSZYCH ROZWI\u0104ZA\u0143 W ZAKRESIE UM\u00d3W I FAKTUROWANIA<\/strong><\/h3>\n<p>Agencja t\u0142umacze\u0144 stara si\u0119 u\u0142atwia\u0107 klientom dzia\u0142alno\u015b\u0107. Jedna umowa, jedna faktura i jedna osoba kontaktowa odpowiedzialna za projekty klienta, doradztwo i wsparcie techniczne, a tak\u017ce optymalizacja koszt\u00f3w \u2013 oto model, kt\u00f3rego trzymamy si\u0119, aby nasi klienci mogli skupi\u0107 si\u0119 na swoim biznesie.<\/p>\n<h3 style=\"text-align: right;\"><a href=\"https:\/\/locatheart.com\/pl\/wiedza\/tlumaczenia-wszystko-co-musisz-wiedziec\/czesc-5-zarzadzanie-tlumaczeniami-w-twojej-firmie\/\">Cz\u0119\u015b\u0107 5: Zarz\u0105dzanie t\u0142umaczeniami w Twojej firmie &gt;&gt;<\/a><\/h3>\n<h4><a href=\"https:\/\/locatheart.com\/pl\/wiedza\/tlumaczenia-wszystko-co-musisz-wiedziec\/czesc-3-ceny-i-wydajosc-tlumaczen\/korzysci-skali-studium-przypadku\/\">&lt;&lt; Cz\u0119\u015b\u0107 3: Korzy\u015bci skali &#8211; studium przypadku<\/a><\/h4>\n<p>[\/vc_column_text][\/vc_column][vc_column width=&#8221;1\/3&#8243; is_sticky=&#8221;yes&#8221; sticky_min_width=&#8221;767&#8243; sticky_top=&#8221;110&#8243; sticky_bottom=&#8221;0&#8243;]<div class=\"porto-btn-ctn-left \"><a class=\"porto-btn  vc_custom_1607516599335 porto-adjust-bottom-margin porto-btn-large porto-btn-left-bg  porto-btn-left \" title='Segment 5: Translation Management at Your Company' rel='' href = \"https:\/\/locatheart.com\/pl\/wiedza\/tlumaczenia-wszystko-co-musisz-wiedziec\/czesc-5-zarzadzanie-tlumaczeniami-w-twojej-firmie\/\"  data-hover=\"#c9c9c9\" data-border-color=\"\" data-bg=\"#696969\" data-hover-bg=\"#ffffff\" data-border-hover=\"\" data-shadow-click=\"none\" data-shadow=\"\" style=\"border-radius:4px;border-width:2px;border-style:solid;background: #696969;color: #ffffff;\"><span class=\"porto-btn-hover\" style=\"background-color:#ffffff\"><\/span><span class=\"porto-btn-data porto-btn-text \" >CZ\u0118\u015a\u0106 5: ZARZ\u0104DZANIE T\u0141UMACZENIAMI W TWOJEJ FIRMIE<\/span><\/a><\/div>[\/vc_column][\/vc_row]<\/p>\n","protected":false},"excerpt":{"rendered":"<p>[vc_row css=&#8221;.vc_custom_1603173061877{padding-top: 50px !important;}&#8221;][vc_column width=&#8221;2\/3&#8243;][vc_column_text]Je\u015bli dopiero zaczynasz przygod\u0119 z t\u0142umaczeniami, zaraz zrozumiesz, z ilu zada\u0144 sk\u0142ada si\u0119 proces profesjonalnego przek\u0142adu. T\u0142umaczenie to z\u0142o\u017cony proces biznesowy. Om\u00f3wmy najwa\u017cniejsze obszary dzia\u0142a\u0144 wykonywanych w agencji t\u0142umacze\u0144 (bez wchodzenia w szczeg\u00f3\u0142y). Pomoc w wyborze najlepszych us\u0142ug i rozwi\u0105za\u0144 dopasowanych do potrzeb klient\u00f3w. Planowanie i wdra\u017canie optymalnych proces\u00f3w. Utrzymywanie zasob\u00f3w, [&hellip;]<\/p>\n","protected":false},"author":4,"featured_media":0,"parent":4370,"menu_order":0,"comment_status":"closed","ping_status":"closed","template":"","meta":{"inline_featured_image":false},"yoast_head":"<!-- This site is optimized with the Yoast SEO plugin v15.3 - https:\/\/yoast.com\/wordpress\/plugins\/seo\/ -->\n<title>Cz\u0119\u015b\u0107 4: Co robi agencja t\u0142umacze\u0144 (poza t\u0142umaczeniem) - LocAtHeart translation agency<\/title>\n<meta name=\"robots\" content=\"index, follow, max-snippet:-1, max-image-preview:large, max-video-preview:-1\" \/>\n<link rel=\"canonical\" href=\"https:\/\/locatheart.com\/pl\/wiedza\/tlumaczenia-wszystko-co-musisz-wiedziec\/czesc-4-co-robi-agencja-tlumaczen-poza-tlumaczeniem\/\" \/>\n<meta property=\"og:locale\" content=\"pl_PL\" \/>\n<meta property=\"og:type\" content=\"article\" \/>\n<meta property=\"og:title\" content=\"Cz\u0119\u015b\u0107 4: Co robi agencja t\u0142umacze\u0144 (poza t\u0142umaczeniem) - LocAtHeart translation agency\" \/>\n<meta property=\"og:description\" content=\"[vc_row css=&#8221;.vc_custom_1603173061877{padding-top: 50px !important;}&#8221;][vc_column width=&#8221;2\/3&#8243;][vc_column_text]Je\u015bli dopiero zaczynasz przygod\u0119 z t\u0142umaczeniami, zaraz zrozumiesz, z ilu zada\u0144 sk\u0142ada si\u0119 proces profesjonalnego przek\u0142adu. T\u0142umaczenie to z\u0142o\u017cony proces biznesowy. Om\u00f3wmy najwa\u017cniejsze obszary dzia\u0142a\u0144 wykonywanych w agencji t\u0142umacze\u0144 (bez wchodzenia w szczeg\u00f3\u0142y). Pomoc w wyborze najlepszych us\u0142ug i rozwi\u0105za\u0144 dopasowanych do potrzeb klient\u00f3w. Planowanie i wdra\u017canie optymalnych proces\u00f3w. Utrzymywanie zasob\u00f3w, [&hellip;]\" \/>\n<meta property=\"og:url\" content=\"https:\/\/locatheart.com\/pl\/wiedza\/tlumaczenia-wszystko-co-musisz-wiedziec\/czesc-4-co-robi-agencja-tlumaczen-poza-tlumaczeniem\/\" \/>\n<meta property=\"og:site_name\" content=\"LocAtHeart translation agency\" \/>\n<meta property=\"article:modified_time\" content=\"2023-05-30T13:38:00+00:00\" \/>\n<meta name=\"twitter:card\" content=\"summary_large_image\" \/>\n<meta name=\"twitter:label1\" content=\"Written by\">\n\t<meta name=\"twitter:data1\" content=\"Agnieszka W\u0105sowska-Tel\u0119ga\">\n\t<meta name=\"twitter:label2\" content=\"Est. reading time\">\n\t<meta name=\"twitter:data2\" content=\"3 minuty\">\n<!-- \/ Yoast SEO plugin. -->","_links":{"self":[{"href":"https:\/\/locatheart.com\/pl\/wp-json\/wp\/v2\/pages\/4570\/"}],"collection":[{"href":"https:\/\/locatheart.com\/pl\/wp-json\/wp\/v2\/pages\/"}],"about":[{"href":"https:\/\/locatheart.com\/pl\/wp-json\/wp\/v2\/types\/page\/"}],"author":[{"embeddable":true,"href":"https:\/\/locatheart.com\/pl\/wp-json\/wp\/v2\/users\/4\/"}],"replies":[{"embeddable":true,"href":"https:\/\/locatheart.com\/pl\/wp-json\/wp\/v2\/comments\/?post=4570"}],"version-history":[{"count":6,"href":"https:\/\/locatheart.com\/pl\/wp-json\/wp\/v2\/pages\/4570\/revisions\/"}],"predecessor-version":[{"id":9126,"href":"https:\/\/locatheart.com\/pl\/wp-json\/wp\/v2\/pages\/4570\/revisions\/9126\/"}],"up":[{"embeddable":true,"href":"https:\/\/locatheart.com\/pl\/wp-json\/wp\/v2\/pages\/4370\/"}],"wp:attachment":[{"href":"https:\/\/locatheart.com\/pl\/wp-json\/wp\/v2\/media\/?parent=4570"}],"curies":[{"name":"wp","href":"https:\/\/api.w.org\/{rel}","templated":true}]}}