{"id":4577,"date":"2020-12-09T12:26:24","date_gmt":"2020-12-09T11:26:24","guid":{"rendered":"https:\/\/locatheart.com\/wiedza\/tlumaczenia-wszystko-co-musisz-wiedziec\/czesc-5-zarzadzanie-tlumaczeniami-w-twojej-firmie\/wewnetrzny-koordynator-tlumaczen\/"},"modified":"2021-07-02T12:36:11","modified_gmt":"2021-07-02T10:36:11","slug":"wewnetrzny-koordynator-tlumaczen","status":"publish","type":"page","link":"https:\/\/locatheart.com\/pl\/wiedza\/tlumaczenia-wszystko-co-musisz-wiedziec\/czesc-5-zarzadzanie-tlumaczeniami-w-twojej-firmie\/wewnetrzny-koordynator-tlumaczen\/","title":{"rendered":"Wewn\u0119trzny koordynator t\u0142umacze\u0144"},"content":{"rendered":"<p>[vc_row css=&#8221;.vc_custom_1603173061877{padding-top: 50px !important;}&#8221;][vc_column width=&#8221;2\/3&#8243;]<div class=\"porto-u-heading\" data-hspacer=\"no_spacer\" data-halign=\"left\" style=\"text-align:left\"><div class=\"porto-u-main-heading\"><h2 style=\"font-weight:700;color:#21293c;font-size:19px;\">WEWN\u0118TRZNY KOORDYNATOR T\u0141UMACZE\u0143<\/h2><\/div><\/div>[vc_column_text]Wyznaczenie osoby odpowiedzialnej za t\u0142umaczenia zawsze przynosi korzy\u015bci d\u0142ugoterminowe. Taka osoba szybko orientuje si\u0119 w potrzebach j\u0119zykowych organizacji, a przy tym zyskuje do\u015bwiadczenie i praktyczn\u0105 wiedz\u0119 o wsp\u00f3\u0142pracy z dostawcami us\u0142ug j\u0119zykowych.<\/p>\n<p>Wewn\u0119trzny koordynator t\u0142umacze\u0144 mo\u017ce by\u0107 odpowiedzialny za:<\/p>\n<ul>\n<li>negocjowanie bud\u017cet\u00f3w t\u0142umaczeniowych z prze\u0142o\u017conymi i kontrol\u0119 wydatk\u00f3w firmy na t\u0142umaczenia;<\/li>\n<li>opracowanie wytycznych i materia\u0142\u00f3w referencyjnych oraz zarz\u0105dzanie nimi (np. za aktualizacj\u0119);<\/li>\n<li>przygotowanie plik\u00f3w do t\u0142umaczenia;<\/li>\n<li>weryfikacj\u0119 jako\u015bci t\u0142umacze\u0144 (np. poprzez kontrol\u0119 wyrywkow\u0105);<\/li>\n<li>kontrol\u0119 stopnia realizacji za\u0142o\u017ce\u0144 projektu (np. harmonogramu, sp\u00f3jno\u015bci), ustalanie cel\u00f3w i \u015bledzenie wska\u017anik\u00f3w efektywno\u015bci;<\/li>\n<li>analiz\u0119 d\u0142ugoterminowych potrzeb j\u0119zykowych firmy;<\/li>\n<li>szkolenie wsp\u00f3\u0142pracownik\u00f3w (np. w zakresie przygotowania plik\u00f3w do t\u0142umaczenia).<\/li>\n<\/ul>\n<p>Wyznaczenie wewn\u0119trznego koordynatora t\u0142umacze\u0144 to najlepszy spos\u00f3b na wydajne i wysokiej jako\u015bci t\u0142umaczenia oraz komunikacj\u0119 mi\u0119dzynarodow\u0105 dopasowan\u0105 do potrzeb.<\/p>\n<p>Z kolejnych rozdzia\u0142\u00f3w dowiesz si\u0119, jak zamawia\u0107 t\u0142umaczenia i weryfikowa\u0107 ich jako\u015b\u0107 (tak\u017ce w j\u0119zykach, kt\u00f3rych nie znasz).<\/p>\n<h3 style=\"text-align: right;\"><a href=\"https:\/\/locatheart.com\/pl\/wiedza\/tlumaczenia-wszystko-co-musisz-wiedziec\/czesc-5-zarzadzanie-tlumaczeniami-w-twojej-firmie\/jak-zamawiac-tlumaczenia\/\">Jak zamawia\u0107 t\u0142umaczenia? &gt;&gt;<\/a><\/h3>\n<h4><a href=\"https:\/\/locatheart.com\/pl\/wiedza\/tlumaczenia-wszystko-co-musisz-wiedziec\/czesc-5-zarzadzanie-tlumaczeniami-w-twojej-firmie\/\">&lt;&lt; Cz\u0119\u015b\u0107 5: Zarz\u0105dzanie t\u0142umaczeniami w Twojej firmie<\/a><\/h4>\n<p>[\/vc_column_text][\/vc_column][vc_column width=&#8221;1\/3&#8243; is_sticky=&#8221;yes&#8221; sticky_min_width=&#8221;767&#8243; sticky_top=&#8221;110&#8243; sticky_bottom=&#8221;0&#8243;]<div class=\"porto-btn-ctn-left sidebarfont\"><a class=\"porto-btn  vc_custom_1607517476272 porto-adjust-bottom-margin porto-btn-large porto-btn-left-bg  porto-btn-left sidebarfont\" title='Wewn\u0119trzny koordynator t\u0142umacze\u0144' rel='' href = \"https:\/\/locatheart.com\/pl\/wiedza\/tlumaczenia-wszystko-co-musisz-wiedziec\/czesc-5-zarzadzanie-tlumaczeniami-w-twojej-firmie\/wewnetrzny-koordynator-tlumaczen\/\"  data-hover=\"#c9c9c9\" data-border-color=\"\" data-bg=\"#696969\" data-hover-bg=\"#ffffff\" data-border-hover=\"\" data-shadow-click=\"none\" data-shadow=\"\" style=\"font-family:Open Sans; font-weight:600; font-style:normal; border-radius:4px;border-width:2px;border-style:solid;background: #696969;color: #ffffff;\"><span class=\"porto-btn-hover\" style=\"background-color:#ffffff\"><\/span><span class=\"porto-btn-data porto-btn-text \" >WEWN\u0118TRZNY KOORDYNATOR T\u0141UMACZE\u0143<\/span><\/a><\/div><div class=\"porto-btn-ctn-left sidebarfont\"><a class=\"porto-btn  vc_custom_1607517499888 porto-adjust-bottom-margin porto-btn-large porto-btn-left-bg  porto-btn-left sidebarfont\" title='Jak zamawia\u0107 t\u0142umaczenia?' rel='' href = \"https:\/\/locatheart.com\/pl\/wiedza\/tlumaczenia-wszystko-co-musisz-wiedziec\/czesc-5-zarzadzanie-tlumaczeniami-w-twojej-firmie\/jak-zamawiac-tlumaczenia\/\"  data-hover=\"#c9c9c9\" data-border-color=\"\" data-bg=\"#696969\" data-hover-bg=\"#ffffff\" data-border-hover=\"\" data-shadow-click=\"none\" data-shadow=\"\" style=\"font-family:Open Sans; font-weight:600; font-style:normal; border-radius:4px;border-width:2px;border-style:solid;background: #696969;color: #ffffff;\"><span class=\"porto-btn-hover\" style=\"background-color:#ffffff\"><\/span><span class=\"porto-btn-data porto-btn-text \" >JAK ZAMAWIA\u0106 T\u0141UMACZENIA?<\/span><\/a><\/div><div class=\"porto-btn-ctn-left sidebarfont\"><a class=\"porto-btn  vc_custom_1607517524331 porto-adjust-bottom-margin porto-btn-large porto-btn-left-bg  porto-btn-left sidebarfont\" title='Jak weryfikowa\u0107 jako\u015b\u0107 t\u0142umacze\u0144?' rel='' href = \"https:\/\/locatheart.com\/pl\/wiedza\/tlumaczenia-wszystko-co-musisz-wiedziec\/czesc-5-zarzadzanie-tlumaczeniami-w-twojej-firmie\/jak-weryfikowac-jakosc-tlumaczen\/\"  data-hover=\"#c9c9c9\" data-border-color=\"\" data-bg=\"#696969\" data-hover-bg=\"#ffffff\" data-border-hover=\"\" data-shadow-click=\"none\" data-shadow=\"\" style=\"font-family:Open Sans; font-weight:600; font-style:normal; border-radius:4px;border-width:2px;border-style:solid;background: #696969;color: #ffffff;\"><span class=\"porto-btn-hover\" style=\"background-color:#ffffff\"><\/span><span class=\"porto-btn-data porto-btn-text \" >JAK WERYFIKOWA\u0106 JAKO\u015a\u0106 T\u0141UMACZE\u0143?<\/span><\/a><\/div><div class=\"porto-btn-ctn-left sidebarfont\"><a class=\"porto-btn  vc_custom_1607517545083 porto-adjust-bottom-margin porto-btn-large porto-btn-left-bg  porto-btn-left sidebarfont\" title='Kim jeste\u015b?' rel='' href = \"https:\/\/locatheart.com\/pl\/wiedza\/tlumaczenia-wszystko-co-musisz-wiedziec\/czesc-5-zarzadzanie-tlumaczeniami-w-twojej-firmie\/kim-jestes\/\"  data-hover=\"#c9c9c9\" data-border-color=\"\" data-bg=\"#696969\" data-hover-bg=\"#ffffff\" data-border-hover=\"\" data-shadow-click=\"none\" data-shadow=\"\" style=\"font-family:Open Sans; font-weight:600; font-style:normal; border-radius:4px;border-width:2px;border-style:solid;background: #696969;color: #ffffff;\"><span class=\"porto-btn-hover\" style=\"background-color:#ffffff\"><\/span><span class=\"porto-btn-data porto-btn-text \" >KIM JESTE\u015a?<\/span><\/a><\/div>[\/vc_column][\/vc_row]<\/p>\n","protected":false},"excerpt":{"rendered":"<p>[vc_row css=&#8221;.vc_custom_1603173061877{padding-top: 50px !important;}&#8221;][vc_column width=&#8221;2\/3&#8243;][vc_column_text]Wyznaczenie osoby odpowiedzialnej za t\u0142umaczenia zawsze przynosi korzy\u015bci d\u0142ugoterminowe. Taka osoba szybko orientuje si\u0119 w potrzebach j\u0119zykowych organizacji, a przy tym zyskuje do\u015bwiadczenie i praktyczn\u0105 wiedz\u0119 o wsp\u00f3\u0142pracy z dostawcami us\u0142ug j\u0119zykowych. Wewn\u0119trzny koordynator t\u0142umacze\u0144 mo\u017ce by\u0107 odpowiedzialny za: negocjowanie bud\u017cet\u00f3w t\u0142umaczeniowych z prze\u0142o\u017conymi i kontrol\u0119 wydatk\u00f3w firmy na t\u0142umaczenia; opracowanie [&hellip;]<\/p>\n","protected":false},"author":4,"featured_media":0,"parent":4574,"menu_order":0,"comment_status":"closed","ping_status":"closed","template":"","meta":{"inline_featured_image":false},"yoast_head":"<!-- This site is optimized with the Yoast SEO plugin v15.3 - https:\/\/yoast.com\/wordpress\/plugins\/seo\/ -->\n<title>Wewn\u0119trzny koordynator t\u0142umacze\u0144 - LocAtHeart translation agency<\/title>\n<meta name=\"robots\" content=\"index, follow, max-snippet:-1, max-image-preview:large, max-video-preview:-1\" \/>\n<link rel=\"canonical\" href=\"https:\/\/locatheart.com\/pl\/wiedza\/tlumaczenia-wszystko-co-musisz-wiedziec\/czesc-5-zarzadzanie-tlumaczeniami-w-twojej-firmie\/wewnetrzny-koordynator-tlumaczen\/\" \/>\n<meta property=\"og:locale\" content=\"pl_PL\" \/>\n<meta property=\"og:type\" content=\"article\" \/>\n<meta property=\"og:title\" content=\"Wewn\u0119trzny koordynator t\u0142umacze\u0144 - LocAtHeart translation agency\" \/>\n<meta property=\"og:description\" content=\"[vc_row css=&#8221;.vc_custom_1603173061877{padding-top: 50px !important;}&#8221;][vc_column width=&#8221;2\/3&#8243;][vc_column_text]Wyznaczenie osoby odpowiedzialnej za t\u0142umaczenia zawsze przynosi korzy\u015bci d\u0142ugoterminowe. Taka osoba szybko orientuje si\u0119 w potrzebach j\u0119zykowych organizacji, a przy tym zyskuje do\u015bwiadczenie i praktyczn\u0105 wiedz\u0119 o wsp\u00f3\u0142pracy z dostawcami us\u0142ug j\u0119zykowych. Wewn\u0119trzny koordynator t\u0142umacze\u0144 mo\u017ce by\u0107 odpowiedzialny za: negocjowanie bud\u017cet\u00f3w t\u0142umaczeniowych z prze\u0142o\u017conymi i kontrol\u0119 wydatk\u00f3w firmy na t\u0142umaczenia; opracowanie [&hellip;]\" \/>\n<meta property=\"og:url\" content=\"https:\/\/locatheart.com\/pl\/wiedza\/tlumaczenia-wszystko-co-musisz-wiedziec\/czesc-5-zarzadzanie-tlumaczeniami-w-twojej-firmie\/wewnetrzny-koordynator-tlumaczen\/\" \/>\n<meta property=\"og:site_name\" content=\"LocAtHeart translation agency\" \/>\n<meta property=\"article:modified_time\" content=\"2021-07-02T10:36:11+00:00\" \/>\n<meta name=\"twitter:card\" content=\"summary_large_image\" \/>\n<meta name=\"twitter:label1\" content=\"Written by\">\n\t<meta name=\"twitter:data1\" content=\"Agnieszka W\u0105sowska-Tel\u0119ga\">\n\t<meta name=\"twitter:label2\" content=\"Est. reading time\">\n\t<meta name=\"twitter:data2\" content=\"3 minuty\">\n<!-- \/ Yoast SEO plugin. -->","_links":{"self":[{"href":"https:\/\/locatheart.com\/pl\/wp-json\/wp\/v2\/pages\/4577\/"}],"collection":[{"href":"https:\/\/locatheart.com\/pl\/wp-json\/wp\/v2\/pages\/"}],"about":[{"href":"https:\/\/locatheart.com\/pl\/wp-json\/wp\/v2\/types\/page\/"}],"author":[{"embeddable":true,"href":"https:\/\/locatheart.com\/pl\/wp-json\/wp\/v2\/users\/4\/"}],"replies":[{"embeddable":true,"href":"https:\/\/locatheart.com\/pl\/wp-json\/wp\/v2\/comments\/?post=4577"}],"version-history":[{"count":3,"href":"https:\/\/locatheart.com\/pl\/wp-json\/wp\/v2\/pages\/4577\/revisions\/"}],"predecessor-version":[{"id":4592,"href":"https:\/\/locatheart.com\/pl\/wp-json\/wp\/v2\/pages\/4577\/revisions\/4592\/"}],"up":[{"embeddable":true,"href":"https:\/\/locatheart.com\/pl\/wp-json\/wp\/v2\/pages\/4574\/"}],"wp:attachment":[{"href":"https:\/\/locatheart.com\/pl\/wp-json\/wp\/v2\/media\/?parent=4577"}],"curies":[{"name":"wp","href":"https:\/\/api.w.org\/{rel}","templated":true}]}}