{"id":4580,"date":"2020-12-09T12:26:58","date_gmt":"2020-12-09T11:26:58","guid":{"rendered":"https:\/\/locatheart.com\/wiedza\/tlumaczenia-wszystko-co-musisz-wiedziec\/czesc-5-zarzadzanie-tlumaczeniami-w-twojej-firmie\/jak-zamawiac-tlumaczenia\/"},"modified":"2023-05-22T10:54:48","modified_gmt":"2023-05-22T08:54:48","slug":"jak-zamawiac-tlumaczenia","status":"publish","type":"page","link":"https:\/\/locatheart.com\/pl\/wiedza\/tlumaczenia-wszystko-co-musisz-wiedziec\/czesc-5-zarzadzanie-tlumaczeniami-w-twojej-firmie\/jak-zamawiac-tlumaczenia\/","title":{"rendered":"Jak zamawia\u0107 t\u0142umaczenia?"},"content":{"rendered":"<p>[vc_row css=&#8221;.vc_custom_1603173061877{padding-top: 50px !important;}&#8221;][vc_column width=&#8221;2\/3&#8243;]<div class=\"porto-u-heading\" data-hspacer=\"no_spacer\" data-halign=\"left\" style=\"text-align:left\"><div class=\"porto-u-main-heading\"><h2 style=\"font-weight:700;color:#21293c;font-size:19px;\">JAK ZAMAWIA\u0106 T\u0141UMACZENIA?<\/h2><\/div><\/div>[vc_column_text]Na pocz\u0105tek przygotuj sobie odpowiedzi na najwa\u017cniejsze pytania. W ten spos\u00f3b stworzysz <em>brief<\/em>, kt\u00f3ry pozwoli agencji t\u0142umacze\u0144 zrozumie\u0107 kontekst t\u0142umaczonych tre\u015bci, a nie tylko ich dos\u0142owne znaczenie.<\/p>\n<p>Podstawy:<\/p>\n<ul>\n<li>j\u0119zyk \u017ar\u00f3d\u0142owy (j\u0119zyk orygina\u0142u)<\/li>\n<li>j\u0119zyk docelowy (wraz z odmian\u0105 \u2013 je\u015bli wyst\u0119puj\u0105 odmiany)<\/li>\n<li>obj\u0119to\u015b\u0107 (liczba s\u0142\u00f3w)<\/li>\n<li>termin (lub harmonogram)<\/li>\n<\/ul>\n<p>Grupa docelowa i rynek:<\/p>\n<ul>\n<li>rynek (kraj, region, miasto \u2013 je\u015bli dotyczy)<\/li>\n<li>typ grupy docelowej (konsumenci B2C, firmy B2B itp.)<\/li>\n<li>grupa docelowa (konsumencka: wiek, stan cywilny, zatrudnienie, zarobki, wykszta\u0142cenie itp. \u2013 je\u015bli dotyczy; firma: rozmiar, bran\u017ca \u2013 je\u015bli dotyczy)<\/li>\n<\/ul>\n<p>Kontekst i podej\u015bcie:<\/p>\n<ul>\n<li>gdzie pojawi si\u0119 t\u0142umaczona tre\u015b\u0107 (marketing: media spo\u0142eczno\u015bciowe, strona internetowa, broszura itp.; sprzeda\u017c: g\u00f3ra, \u015brodek, d\u00f3\u0142 lejka sprzeda\u017cowego; edukacja: kurs online, samouczek, wpis blogowy itp.)<\/li>\n<li>czy tre\u015b\u0107 jest niezale\u017cna od innych: tak\/nie (je\u015bli jest np. cz\u0119\u015bci\u0105 serii, podaj linki do materia\u0142\u00f3w referencyjnych lub za\u0142\u0105cz pliki \u2013 o ile istniej\u0105)<\/li>\n<\/ul>\n<p>Materia\u0142y:<\/p>\n<ul>\n<li>wytyczne: tak\/nie (za\u0142\u0105cz plik)<\/li>\n<li>materia\u0142y referencyjne (np. linki): tak\/nie (za\u0142\u0105cz)<\/li>\n<li>inne: wymie\u0144<\/li>\n<\/ul>\n<p>To \u0142atwiejsze, ni\u017c my\u015blisz. Ktokolwiek zamawia t\u0142umaczenie, zna odpowiedzi na wi\u0119kszo\u015b\u0107 tych pyta\u0144. Taka lista mo\u017ce te\u017c przypomnie\u0107 Ci o innych wa\u017cnych informacjach, kt\u00f3re chcesz przekaza\u0107 t\u0142umaczom. Wypisali\u015bmy podstawowe pytania, aby pokaza\u0107, \u017ce <strong>zebranie najwa\u017cniejszych informacji w formie briefu nie jest trudne, a mo\u017ce znacz\u0105co poprawi\u0107 jako\u015b\u0107 t\u0142umacze\u0144 i przyspieszy\u0107 proces<\/strong>.<\/p>\n<p style=\"text-align: left;\"><img loading=\"lazy\" class=\"alignnone size-full wp-image-4637\" src=\"https:\/\/locatheart.com\/wp-content\/uploads\/2020\/12\/Brief-tlumaczenia-LocAtHeart.png\" alt=\"Brief t\u0142umaczenie: Zebranie wszystkich informacji w formie briefu jest \u0142atwe. Brief podnosi jako\u015b\u0107 i skraca czas realizacji t\u0142umacze\u0144 - LocAtHeart (tekst na bia\u0142ym tle)\" width=\"1000\" height=\"500\" srcset=\"https:\/\/locatheart.com\/wp-content\/uploads\/2020\/12\/Brief-tlumaczenia-LocAtHeart.png 1000w, https:\/\/locatheart.com\/wp-content\/uploads\/2020\/12\/Brief-tlumaczenia-LocAtHeart-768x384.png 768w, https:\/\/locatheart.com\/wp-content\/uploads\/2020\/12\/Brief-tlumaczenia-LocAtHeart-640x320.png 640w, https:\/\/locatheart.com\/wp-content\/uploads\/2020\/12\/Brief-tlumaczenia-LocAtHeart-400x200.png 400w, https:\/\/locatheart.com\/wp-content\/uploads\/2020\/12\/Brief-tlumaczenia-LocAtHeart-367x184.png 367w\" sizes=\"(max-width: 1000px) 100vw, 1000px\" \/><br \/>\nKto powinien odpowiedzie\u0107 na te pytania? Radzimy, by wewn\u0119trzny koordynator t\u0142umacze\u0144 przekaza\u0142 kwestionariusz briefu wszystkim jednostkom i osobom zamawiaj\u0105cym t\u0142umaczenia, tak aby wype\u0142niony brief mogli przesy\u0142a\u0107 od razu wraz z plikiem do t\u0142umaczenia. Je\u015bli jednak wsp\u00f3\u0142pracownicy zapominaj\u0105 o briefie, koordynator t\u0142umacze\u0144 mo\u017ce poprosi\u0107 o odpowiedzi na te pytania mailem lub telefonicznie i samodzielnie zebra\u0107 je w formie briefu gotowego dla agencji t\u0142umacze\u0144.<\/p>\n<div style=\"text-align: center;\"><div class=\"sdm_download_button_box_default\"><div class=\"sdm_download_link\"><a href=\"https:\/\/locatheart.com\/pl\/\/?smd_process_download=1&download_id=4224\" class=\"sdm_download orange\" title=\"Szablon briefu (blog)\" >Pobierz SZABLON BRIEFU (BLOG)<\/a><\/div><\/div><\/div>\n<p>&nbsp;<\/p>\n<h3 style=\"text-align: right;\"><a href=\"https:\/\/locatheart.com\/pl\/wiedza\/tlumaczenia-wszystko-co-musisz-wiedziec\/czesc-5-zarzadzanie-tlumaczeniami-w-twojej-firmie\/jak-weryfikowac-jakosc-tlumaczen\/\">Jak weryfikowa\u0107 jako\u015b\u0107 t\u0142umacze\u0144? &gt;&gt;<\/a><\/h3>\n<h4><a href=\"https:\/\/locatheart.com\/pl\/wiedza\/tlumaczenia-wszystko-co-musisz-wiedziec\/czesc-5-zarzadzanie-tlumaczeniami-w-twojej-firmie\/wewnetrzny-koordynator-tlumaczen\/\">&lt;&lt; Wewn\u0119trzny koordynator t\u0142umacze\u0144<\/a><\/h4>\n<p>[\/vc_column_text][\/vc_column][vc_column width=&#8221;1\/3&#8243; is_sticky=&#8221;yes&#8221; sticky_min_width=&#8221;767&#8243; sticky_top=&#8221;110&#8243; sticky_bottom=&#8221;0&#8243;]<div class=\"porto-btn-ctn-left sidebarfont\"><a class=\"porto-btn  vc_custom_1607518562286 porto-adjust-bottom-margin porto-btn-large porto-btn-left-bg  porto-btn-left sidebarfont\" title='Wewn\u0119trzny koordynator t\u0142umacze\u0144' rel='' href = \"https:\/\/locatheart.com\/pl\/wiedza\/tlumaczenia-wszystko-co-musisz-wiedziec\/czesc-5-zarzadzanie-tlumaczeniami-w-twojej-firmie\/wewnetrzny-koordynator-tlumaczen\/\"  data-hover=\"#c9c9c9\" data-border-color=\"\" data-bg=\"#696969\" data-hover-bg=\"#ffffff\" data-border-hover=\"\" data-shadow-click=\"none\" data-shadow=\"\" style=\"font-family:Open Sans; font-weight:600; font-style:normal; border-radius:4px;border-width:2px;border-style:solid;background: #696969;color: #ffffff;\"><span class=\"porto-btn-hover\" style=\"background-color:#ffffff\"><\/span><span class=\"porto-btn-data porto-btn-text \" >WEWN\u0118TRZNY KOORDYNATOR T\u0141UMACZE\u0143<\/span><\/a><\/div><div class=\"porto-btn-ctn-left sidebarfont\"><a class=\"porto-btn  vc_custom_1607518586051 porto-adjust-bottom-margin porto-btn-large porto-btn-left-bg  porto-btn-left sidebarfont\" title='Jak zamawia\u0107 t\u0142umaczenia?' rel='' href = \"https:\/\/locatheart.com\/pl\/wiedza\/tlumaczenia-wszystko-co-musisz-wiedziec\/czesc-5-zarzadzanie-tlumaczeniami-w-twojej-firmie\/jak-zamawiac-tlumaczenia\/\"  data-hover=\"#c9c9c9\" data-border-color=\"\" data-bg=\"#696969\" data-hover-bg=\"#ffffff\" data-border-hover=\"\" data-shadow-click=\"none\" data-shadow=\"\" style=\"font-family:Open Sans; font-weight:600; font-style:normal; border-radius:4px;border-width:2px;border-style:solid;background: #696969;color: #ffffff;\"><span class=\"porto-btn-hover\" style=\"background-color:#ffffff\"><\/span><span class=\"porto-btn-data porto-btn-text \" >JAK ZAMAWIA\u0106 T\u0141UMACZENIA?<\/span><\/a><\/div><div class=\"porto-btn-ctn-left sidebarfont\"><a class=\"porto-btn  vc_custom_1607518606202 porto-adjust-bottom-margin porto-btn-large porto-btn-left-bg  porto-btn-left sidebarfont\" title='Jak weryfikowa\u0107 jako\u015b\u0107 t\u0142umacze\u0144?' rel='' href = \"https:\/\/locatheart.com\/pl\/wiedza\/tlumaczenia-wszystko-co-musisz-wiedziec\/czesc-5-zarzadzanie-tlumaczeniami-w-twojej-firmie\/jak-weryfikowac-jakosc-tlumaczen\/\"  data-hover=\"#c9c9c9\" data-border-color=\"\" data-bg=\"#696969\" data-hover-bg=\"#ffffff\" data-border-hover=\"\" data-shadow-click=\"none\" data-shadow=\"\" style=\"font-family:Open Sans; font-weight:600; font-style:normal; border-radius:4px;border-width:2px;border-style:solid;background: #696969;color: #ffffff;\"><span class=\"porto-btn-hover\" style=\"background-color:#ffffff\"><\/span><span class=\"porto-btn-data porto-btn-text \" >JAK WERYFIKOWA\u0106 JAKO\u015a\u0106 T\u0141UMACZE\u0143?<\/span><\/a><\/div><div class=\"porto-btn-ctn-left sidebarfont\"><a class=\"porto-btn  vc_custom_1607518625927 porto-adjust-bottom-margin porto-btn-large porto-btn-left-bg  porto-btn-left sidebarfont\" title='Kim jeste\u015b?' rel='' href = \"https:\/\/locatheart.com\/pl\/wiedza\/tlumaczenia-wszystko-co-musisz-wiedziec\/czesc-5-zarzadzanie-tlumaczeniami-w-twojej-firmie\/kim-jestes\/\"  data-hover=\"#c9c9c9\" data-border-color=\"\" data-bg=\"#696969\" data-hover-bg=\"#ffffff\" data-border-hover=\"\" data-shadow-click=\"none\" data-shadow=\"\" style=\"font-family:Open Sans; font-weight:600; font-style:normal; border-radius:4px;border-width:2px;border-style:solid;background: #696969;color: #ffffff;\"><span class=\"porto-btn-hover\" style=\"background-color:#ffffff\"><\/span><span class=\"porto-btn-data porto-btn-text \" >KIM JESTE\u015a?<\/span><\/a><\/div>[\/vc_column][\/vc_row]<\/p>\n","protected":false},"excerpt":{"rendered":"<p>[vc_row css=&#8221;.vc_custom_1603173061877{padding-top: 50px !important;}&#8221;][vc_column width=&#8221;2\/3&#8243;][vc_column_text]Na pocz\u0105tek przygotuj sobie odpowiedzi na najwa\u017cniejsze pytania. W ten spos\u00f3b stworzysz brief, kt\u00f3ry pozwoli agencji t\u0142umacze\u0144 zrozumie\u0107 kontekst t\u0142umaczonych tre\u015bci, a nie tylko ich dos\u0142owne znaczenie. Podstawy: j\u0119zyk \u017ar\u00f3d\u0142owy (j\u0119zyk orygina\u0142u) j\u0119zyk docelowy (wraz z odmian\u0105 \u2013 je\u015bli wyst\u0119puj\u0105 odmiany) obj\u0119to\u015b\u0107 (liczba s\u0142\u00f3w) termin (lub harmonogram) Grupa docelowa i rynek: [&hellip;]<\/p>\n","protected":false},"author":4,"featured_media":0,"parent":4574,"menu_order":0,"comment_status":"closed","ping_status":"closed","template":"","meta":{"inline_featured_image":false},"yoast_head":"<!-- This site is optimized with the Yoast SEO plugin v15.3 - https:\/\/yoast.com\/wordpress\/plugins\/seo\/ -->\n<title>Jak zamawia\u0107 t\u0142umaczenia? - LocAtHeart translation agency<\/title>\n<meta name=\"robots\" content=\"index, follow, max-snippet:-1, max-image-preview:large, max-video-preview:-1\" \/>\n<link rel=\"canonical\" href=\"https:\/\/locatheart.com\/pl\/wiedza\/tlumaczenia-wszystko-co-musisz-wiedziec\/czesc-5-zarzadzanie-tlumaczeniami-w-twojej-firmie\/jak-zamawiac-tlumaczenia\/\" \/>\n<meta property=\"og:locale\" content=\"pl_PL\" \/>\n<meta property=\"og:type\" content=\"article\" \/>\n<meta property=\"og:title\" content=\"Jak zamawia\u0107 t\u0142umaczenia? - LocAtHeart translation agency\" \/>\n<meta property=\"og:description\" content=\"[vc_row css=&#8221;.vc_custom_1603173061877{padding-top: 50px !important;}&#8221;][vc_column width=&#8221;2\/3&#8243;][vc_column_text]Na pocz\u0105tek przygotuj sobie odpowiedzi na najwa\u017cniejsze pytania. W ten spos\u00f3b stworzysz brief, kt\u00f3ry pozwoli agencji t\u0142umacze\u0144 zrozumie\u0107 kontekst t\u0142umaczonych tre\u015bci, a nie tylko ich dos\u0142owne znaczenie. Podstawy: j\u0119zyk \u017ar\u00f3d\u0142owy (j\u0119zyk orygina\u0142u) j\u0119zyk docelowy (wraz z odmian\u0105 \u2013 je\u015bli wyst\u0119puj\u0105 odmiany) obj\u0119to\u015b\u0107 (liczba s\u0142\u00f3w) termin (lub harmonogram) Grupa docelowa i rynek: [&hellip;]\" \/>\n<meta property=\"og:url\" content=\"https:\/\/locatheart.com\/pl\/wiedza\/tlumaczenia-wszystko-co-musisz-wiedziec\/czesc-5-zarzadzanie-tlumaczeniami-w-twojej-firmie\/jak-zamawiac-tlumaczenia\/\" \/>\n<meta property=\"og:site_name\" content=\"LocAtHeart translation agency\" \/>\n<meta property=\"article:modified_time\" content=\"2023-05-22T08:54:48+00:00\" \/>\n<meta property=\"og:image\" content=\"https:\/\/locatheart.com\/wp-content\/uploads\/2022\/06\/locatheart_pion.png\" \/>\n<meta name=\"twitter:card\" content=\"summary_large_image\" \/>\n<meta name=\"twitter:label1\" content=\"Written by\">\n\t<meta name=\"twitter:data1\" content=\"Agnieszka W\u0105sowska-Tel\u0119ga\">\n\t<meta name=\"twitter:label2\" content=\"Est. reading time\">\n\t<meta name=\"twitter:data2\" content=\"3 minuty\">\n<!-- \/ Yoast SEO plugin. -->","_links":{"self":[{"href":"https:\/\/locatheart.com\/pl\/wp-json\/wp\/v2\/pages\/4580\/"}],"collection":[{"href":"https:\/\/locatheart.com\/pl\/wp-json\/wp\/v2\/pages\/"}],"about":[{"href":"https:\/\/locatheart.com\/pl\/wp-json\/wp\/v2\/types\/page\/"}],"author":[{"embeddable":true,"href":"https:\/\/locatheart.com\/pl\/wp-json\/wp\/v2\/users\/4\/"}],"replies":[{"embeddable":true,"href":"https:\/\/locatheart.com\/pl\/wp-json\/wp\/v2\/comments\/?post=4580"}],"version-history":[{"count":5,"href":"https:\/\/locatheart.com\/pl\/wp-json\/wp\/v2\/pages\/4580\/revisions\/"}],"predecessor-version":[{"id":8994,"href":"https:\/\/locatheart.com\/pl\/wp-json\/wp\/v2\/pages\/4580\/revisions\/8994\/"}],"up":[{"embeddable":true,"href":"https:\/\/locatheart.com\/pl\/wp-json\/wp\/v2\/pages\/4574\/"}],"wp:attachment":[{"href":"https:\/\/locatheart.com\/pl\/wp-json\/wp\/v2\/media\/?parent=4580"}],"curies":[{"name":"wp","href":"https:\/\/api.w.org\/{rel}","templated":true}]}}