{"id":4583,"date":"2020-12-09T12:27:57","date_gmt":"2020-12-09T11:27:57","guid":{"rendered":"https:\/\/locatheart.com\/wiedza\/tlumaczenia-wszystko-co-musisz-wiedziec\/czesc-5-zarzadzanie-tlumaczeniami-w-twojej-firmie\/jak-weryfikowac-jakosc-tlumaczen\/"},"modified":"2021-07-02T12:57:25","modified_gmt":"2021-07-02T10:57:25","slug":"jak-weryfikowac-jakosc-tlumaczen","status":"publish","type":"page","link":"https:\/\/locatheart.com\/pl\/wiedza\/tlumaczenia-wszystko-co-musisz-wiedziec\/czesc-5-zarzadzanie-tlumaczeniami-w-twojej-firmie\/jak-weryfikowac-jakosc-tlumaczen\/","title":{"rendered":"Jak weryfikowa\u0107 jako\u015b\u0107 t\u0142umacze\u0144?"},"content":{"rendered":"<p>[vc_row css=&#8221;.vc_custom_1603173061877{padding-top: 50px !important;}&#8221;][vc_column width=&#8221;2\/3&#8243;]<div class=\"porto-u-heading\" data-hspacer=\"no_spacer\" data-halign=\"left\" style=\"text-align:left\"><div class=\"porto-u-main-heading\"><h2 style=\"font-weight:700;color:#21293c;font-size:19px;\">JAK WERYFIKOWA\u0106 JAKO\u015a\u0106 T\u0141UMACZE\u0143 (W J\u0118ZYKACH, KT\u00d3RYCH NIE ZNASZ)<\/h2><\/div><\/div>[vc_column_text]Oto plan dzia\u0142ania:<\/p>\n<ol>\n<li>Nie daj si\u0119 zwie\u015b\u0107 na pocz\u0105tku wsp\u00f3\u0142pracy<\/li>\n<li>Podpisz umow\u0119<\/li>\n<li>Wypatruj sygna\u0142\u00f3w<\/li>\n<li>Przeprowadzaj audyty j\u0119zykowe<\/li>\n<li>Przeprowadzaj audyty s\u0142\u00f3w kluczowych<\/li>\n<\/ol>\n<h3><strong>Nie daj si\u0119 zwie\u015b\u0107 na pocz\u0105tku wsp\u00f3\u0142pracy<\/strong><strong><br \/>\n<\/strong><\/h3>\n<p>W <a href=\"https:\/\/locatheart.com\/pl\/wiedza\/tlumaczenia-wszystko-co-musisz-wiedziec\/czesc-3-ceny-i-wydajosc-tlumaczen\/\">Cz\u0119\u015bci 3.<\/a> wyja\u015bnili\u015bmy, z czego wynikaj\u0105 stawki za t\u0142umaczenia i w jaki spos\u00f3b kszta\u0142tuje si\u0119 ostateczny koszt t\u0142umacze\u0144. W <a href=\"https:\/\/locatheart.com\/pl\/wiedza\/tlumaczenia-wszystko-co-musisz-wiedziec\/czesc-4-co-robi-agencja-tlumaczen-poza-tlumaczeniem\/\">Cz\u0119\u015bci 4.<\/a> opisali\u015bmy wszystkie zadania \u2013 poza t\u0142umaczeniem \u2013 wykonywane przez agencj\u0119 t\u0142umacze\u0144. Szukaj\u0105c agencji t\u0142umacze\u0144, koniecznie zapytaj o narz\u0119dzia (oprogramowanie CAT i zautomatyzowana kontrola jako\u015bci to podstawa), proces (zarz\u0105dzanie projektami i zasobami) i dok\u0142adny opis poszczeg\u00f3lnych poziom\u00f3w kontroli jako\u015bci (opisali\u015bmy je <a href=\"https:\/\/locatheart.com\/pl\/wiedza\/tlumaczenia-wszystko-co-musisz-wiedziec\/czesc-1-podstawowe-elementy-procesu-tlumaczenia\/przykladowe-procesy-tlumaczen\/\">tu<\/a>). Odpowiedzi poka\u017c\u0105 Ci, w jaki spos\u00f3b firma pracuje i jaka jako\u015b\u0107 kryje si\u0119 za ich stawk\u0105.<\/p>\n<p>Zadaj\u0105c te pytania, zyskasz co\u015b jeszcze: Tw\u00f3j potencjalny partner j\u0119zykowy zauwa\u017cy, \u017ce wiesz, o czym m\u00f3wisz \u2013 i b\u0119dzie traktowa\u0107 Ci\u0119 powa\u017cnie.<\/p>\n<h3><strong>Podpisz umow\u0119<\/strong><\/h3>\n<p>Wiele firm realizuje nawet d\u0142ugofalowe projekty na podstawie zam\u00f3wie\u0144 mailowych i faktur. To brzmi bardzo przyja\u017anie. Ale to umowa mo\u017ce Ci\u0119 ochroni\u0107. Ka\u017cdy projekt t\u0142umaczeniowy jest inny, wi\u0119c je\u015bli nie chcesz podpisywa\u0107 dziesi\u0105tek um\u00f3w (osobnej dla ka\u017cdego projektu), zadbaj o to, by Twoja umowa b\u0119dzie jak stela\u017c, kt\u00f3ry \u0142atwo wype\u0142ni\u0107 r\u00f3\u017cnorodnymi zam\u00f3wieniami.<\/p>\n<p>Oczekuj konkretnych zapis\u00f3w na temat poziomu jako\u015bci i jej kontroli. Warto wspomnie\u0107 o wska\u017anikach efektywno\u015bci oraz narz\u0119dziach, kt\u00f3re pozwol\u0105 Ci weryfikowa\u0107 jako\u015b\u0107 t\u0142umacze\u0144 \u2013 np. o audytach j\u0119zykowych, standardowych terminach realizacji poprawek, karach umownych.<\/p>\n<h3><strong>Wypatruj sygna\u0142\u00f3w<\/strong><\/h3>\n<p>Istnieje szereg sygna\u0142\u00f3w wskazuj\u0105cych na to, \u017ce jako\u015b\u0107 t\u0142umaczenia wymaga kontroli:<\/p>\n<ul>\n<li>Wyniki na jednym rynku negatywnie wyr\u00f3\u017cniaj\u0105 si\u0119 na tle pozosta\u0142ych.<\/li>\n<li>Na jednym rynku Tw\u00f3j zesp\u00f3\u0142 pomocy otrzymuje wi\u0119cej zapyta\u0144.<\/li>\n<li>Na jednym rynku jest zauwa\u017calnie wi\u0119cej zwrot\u00f3w.<\/li>\n<li>Na jednym z rynk\u00f3w nie udaje si\u0119 zbudowa\u0107 spo\u0142eczno\u015bci.<\/li>\n<\/ul>\n<p>Je\u015bli co\u015b takiego dzieje si\u0119 w Twojej firmie, szukaj\u0105c przyczyn, wyjd\u017a poza technologi\u0119 i marketing. Ka\u017cdy z tych problem\u00f3w mo\u017ce by\u0107 efektem:<\/p>\n<ul>\n<li>niejasnych t\u0142umacze\u0144 opis\u00f3w produkt\u00f3w (tj. opis\u00f3w, kt\u00f3re daj\u0105 nieprawdziwy obraz produkt\u00f3w lub us\u0142ug i korzy\u015bci z nich p\u0142yn\u0105cych),<\/li>\n<li>b\u0142\u0119dnych t\u0142umacze\u0144 (na poziomie gramatyki, stylu, interpunkcji \u2013 widoczne b\u0142\u0119dy sprawiaj\u0105 wra\u017cenie, jakby nie zale\u017ca\u0142o Ci na klientach),<\/li>\n<li>b\u0142\u0119d\u00f3w w t\u0142umaczeniu \/ identyfikacji s\u0142\u00f3w kluczowych (sprawiaj\u0105, \u017ce Twoje produkty lub us\u0142ugi trudno znale\u017a\u0107),<\/li>\n<li>b\u0142\u0119d\u00f3w w t\u0142umaczeniu tag\u00f3w i opis\u00f3w produkt\u00f3w (obni\u017caj\u0105 skuteczno\u015b\u0107 wewn\u0119trznego wyszukiwania i filtrowania),<\/li>\n<li>niejasnych t\u0142umacze\u0144 artyku\u0142\u00f3w pomocy (nie rozwi\u0105zuj\u0105 problem\u00f3w u\u017cytkownik\u00f3w).<\/li>\n<\/ul>\n<p>Te problemy stosunkowo \u0142atwo rozwi\u0105za\u0107, a przede wszystkim \u2013 \u0142atwo je znale\u017a\u0107. W\u0142a\u015bnie w tym celu przeprowadza si\u0119 audyty j\u0119zykowe.<\/p>\n<h3><strong>Przeprowadzaj audyty j\u0119zykowe<\/strong><\/h3>\n<p>Audyt j\u0119zykowy wykonywany jest przez zewn\u0119trzn\u0105 firm\u0119 (np. inn\u0105 agencj\u0119 t\u0142umacze\u0144), kt\u00f3ra weryfikuje jako\u015b\u0107 t\u0142umacze\u0144 poprzez por\u00f3wnanie orygina\u0142u z przek\u0142adem lub lektur\u0119 wy\u0142\u0105cznie docelowej wersji j\u0119zykowej (kiedy orygina\u0142 nie jest dost\u0119pny albo w przypadku wieloj\u0119zycznego copywritingu). To dodatkowy etap kontroli jako\u015bci i doskona\u0142e narz\u0119dzie weryfikacji pracy Twojego partnera j\u0119zykowego.<\/p>\n<p>Do\u015bwiadczony kontroler okre\u015bli grupy problem\u00f3w (np. brakuj\u0105ce t\u0142umaczenia, problemy gramatyczne, interpunkcyjne, stylistyczne, u\u017cycie s\u0142ownictwa z innej bran\u017cy\/dziedziny itp.), kt\u00f3re warto rozwi\u0105za\u0107.<\/p>\n<p>Oto kilka przyk\u0142ad\u00f3w z prawdziwych audyt\u00f3w przeprowadzanych przez <strong>loc<\/strong>at<strong>heart<\/strong>:<\/p>\n<h3><strong><img loading=\"lazy\" class=\"alignnone size-full wp-image-4630\" src=\"https:\/\/locatheart.com\/wp-content\/uploads\/2020\/12\/Audyt-jezykowy-jakosc-tlumaczen-LocAtHeart.png\" alt=\"\" width=\"800\" height=\"600\" srcset=\"https:\/\/locatheart.com\/wp-content\/uploads\/2020\/12\/Audyt-jezykowy-jakosc-tlumaczen-LocAtHeart.png 800w, https:\/\/locatheart.com\/wp-content\/uploads\/2020\/12\/Audyt-jezykowy-jakosc-tlumaczen-LocAtHeart-768x576.png 768w, https:\/\/locatheart.com\/wp-content\/uploads\/2020\/12\/Audyt-jezykowy-jakosc-tlumaczen-LocAtHeart-463x348.png 463w, https:\/\/locatheart.com\/wp-content\/uploads\/2020\/12\/Audyt-jezykowy-jakosc-tlumaczen-LocAtHeart-640x480.png 640w, https:\/\/locatheart.com\/wp-content\/uploads\/2020\/12\/Audyt-jezykowy-jakosc-tlumaczen-LocAtHeart-400x300.png 400w, https:\/\/locatheart.com\/wp-content\/uploads\/2020\/12\/Audyt-jezykowy-jakosc-tlumaczen-LocAtHeart-367x275.png 367w\" sizes=\"(max-width: 800px) 100vw, 800px\" \/><\/strong><\/h3>\n<p><img loading=\"lazy\" class=\"alignnone size-full wp-image-4626\" src=\"https:\/\/locatheart.com\/wp-content\/uploads\/2020\/12\/Jakosc-tlumaczenia-wplywa-na-sprzedaz-LocAtHeart.png\" alt=\"\" width=\"800\" height=\"600\" srcset=\"https:\/\/locatheart.com\/wp-content\/uploads\/2020\/12\/Jakosc-tlumaczenia-wplywa-na-sprzedaz-LocAtHeart.png 800w, https:\/\/locatheart.com\/wp-content\/uploads\/2020\/12\/Jakosc-tlumaczenia-wplywa-na-sprzedaz-LocAtHeart-768x576.png 768w, https:\/\/locatheart.com\/wp-content\/uploads\/2020\/12\/Jakosc-tlumaczenia-wplywa-na-sprzedaz-LocAtHeart-463x348.png 463w, https:\/\/locatheart.com\/wp-content\/uploads\/2020\/12\/Jakosc-tlumaczenia-wplywa-na-sprzedaz-LocAtHeart-640x480.png 640w, https:\/\/locatheart.com\/wp-content\/uploads\/2020\/12\/Jakosc-tlumaczenia-wplywa-na-sprzedaz-LocAtHeart-400x300.png 400w, https:\/\/locatheart.com\/wp-content\/uploads\/2020\/12\/Jakosc-tlumaczenia-wplywa-na-sprzedaz-LocAtHeart-367x275.png 367w\" sizes=\"(max-width: 800px) 100vw, 800px\" \/><\/p>\n<h3><strong>Przeprowadzaj audyty s\u0142\u00f3w kluczowych<\/strong><\/h3>\n<p>S\u0142\u00f3w kluczowych si\u0119 nie t\u0142umaczy. S\u0142owa kluczowe trzeba okre\u015bli\u0107 od nowa dla ka\u017cdego rynku. W przeciwnym razie \u0142atwo wpadniesz w jedn\u0105 z wielu pu\u0142apek marketingu online.<\/p>\n<p>Je\u015bli tworzysz kampanie SEM i podejmujesz dzia\u0142ania SEO, opieraj\u0105c si\u0119 na nietrafionych s\u0142owach kluczowych \u2013 marnujesz bud\u017cet.<\/p>\n<p>Audyt s\u0142\u00f3w kluczowych mo\u017ce odbywa\u0107 si\u0119 jednocze\u015bnie z audytem j\u0119zykowym albo sta\u0107 si\u0119 osobn\u0105 us\u0142ug\u0105. Bardzo przydatn\u0105, je\u015bli zmagasz si\u0119 z niskim wsp\u00f3\u0142czynnikiem konwersji i niezadowalaj\u0105c\u0105 widoczno\u015bci\u0105.<\/p>\n<p>Kiedy otrzymasz wyniki audyt\u00f3w, mo\u017cesz om\u00f3wi\u0107 je z dostawc\u0105 us\u0142ug j\u0119zykowych i wsp\u00f3lnie z nim poszuka\u0107 rozwi\u0105zania. Je\u015bli to nie zadzia\u0142a, taki audyt mo\u017ce te\u017c sta\u0107 si\u0119 podstaw\u0105 do zako\u0144czenia wsp\u00f3\u0142pracy i znalezienia innego partnera (cho\u0107 przed podj\u0119ciem takiej decyzji warto wzi\u0105\u0107 pod uwag\u0119 tak\u017ce d\u0142ugo\u015b\u0107 i za\u017cy\u0142o\u015b\u0107 tej relacji biznesowej, wcze\u015bniejsze wsp\u00f3lne dokonania, a tak\u017ce \u2013 oczywi\u015bcie \u2013 szczeg\u00f3\u0142owe zapisy umowy).<\/p>\n<h3 style=\"text-align: right;\"><a href=\"https:\/\/locatheart.com\/pl\/wiedza\/tlumaczenia-wszystko-co-musisz-wiedziec\/czesc-5-zarzadzanie-tlumaczeniami-w-twojej-firmie\/kim-jestes\/\">Kim jeste\u015b? &gt;&gt;<\/a><\/h3>\n<h4><a href=\"https:\/\/locatheart.com\/pl\/wiedza\/tlumaczenia-wszystko-co-musisz-wiedziec\/czesc-5-zarzadzanie-tlumaczeniami-w-twojej-firmie\/jak-zamawiac-tlumaczenia\/\">&lt;&lt; Jak zamawia\u0107 t\u0142umaczenia?<\/a><\/h4>\n<p>[\/vc_column_text][\/vc_column][vc_column width=&#8221;1\/3&#8243; is_sticky=&#8221;yes&#8221; sticky_min_width=&#8221;767&#8243; sticky_top=&#8221;110&#8243; sticky_bottom=&#8221;0&#8243;]<div class=\"porto-btn-ctn-left sidebarfont\"><a class=\"porto-btn  vc_custom_1607519171930 porto-adjust-bottom-margin porto-btn-large porto-btn-left-bg  porto-btn-left sidebarfont\" title='Wewn\u0119trzny koordynator t\u0142umacze\u0144' rel='' href = \"https:\/\/locatheart.com\/pl\/wiedza\/tlumaczenia-wszystko-co-musisz-wiedziec\/czesc-5-zarzadzanie-tlumaczeniami-w-twojej-firmie\/wewnetrzny-koordynator-tlumaczen\/\"  data-hover=\"#c9c9c9\" data-border-color=\"\" data-bg=\"#696969\" data-hover-bg=\"#ffffff\" data-border-hover=\"\" data-shadow-click=\"none\" data-shadow=\"\" style=\"font-family:Open Sans; font-weight:600; font-style:normal; border-radius:4px;border-width:2px;border-style:solid;background: #696969;color: #ffffff;\"><span class=\"porto-btn-hover\" style=\"background-color:#ffffff\"><\/span><span class=\"porto-btn-data porto-btn-text \" >WEWN\u0118TRZNY KOORDYNATOR T\u0141UMACZE\u0143<\/span><\/a><\/div><div class=\"porto-btn-ctn-left sidebarfont\"><a class=\"porto-btn  vc_custom_1607519191335 porto-adjust-bottom-margin porto-btn-large porto-btn-left-bg  porto-btn-left sidebarfont\" title='Jak zamawia\u0107 t\u0142umaczenia?' rel='' href = \"https:\/\/locatheart.com\/pl\/wiedza\/tlumaczenia-wszystko-co-musisz-wiedziec\/czesc-5-zarzadzanie-tlumaczeniami-w-twojej-firmie\/jak-zamawiac-tlumaczenia\/\"  data-hover=\"#c9c9c9\" data-border-color=\"\" data-bg=\"#696969\" data-hover-bg=\"#ffffff\" data-border-hover=\"\" data-shadow-click=\"none\" data-shadow=\"\" style=\"font-family:Open Sans; font-weight:600; font-style:normal; border-radius:4px;border-width:2px;border-style:solid;background: #696969;color: #ffffff;\"><span class=\"porto-btn-hover\" style=\"background-color:#ffffff\"><\/span><span class=\"porto-btn-data porto-btn-text \" >JAK ZAMAWIA\u0106 T\u0141UMACZENIA?<\/span><\/a><\/div><div class=\"porto-btn-ctn-left sidebarfont\"><a class=\"porto-btn  vc_custom_1607519219411 porto-adjust-bottom-margin porto-btn-large porto-btn-left-bg  porto-btn-left sidebarfont\" title='Jak weryfikowa\u0107 jako\u015b\u0107 t\u0142umacze\u0144?' rel='' href = \"https:\/\/locatheart.com\/pl\/wiedza\/tlumaczenia-wszystko-co-musisz-wiedziec\/czesc-5-zarzadzanie-tlumaczeniami-w-twojej-firmie\/jak-weryfikowac-jakosc-tlumaczen\/\"  data-hover=\"#c9c9c9\" data-border-color=\"\" data-bg=\"#696969\" data-hover-bg=\"#ffffff\" data-border-hover=\"\" data-shadow-click=\"none\" data-shadow=\"\" style=\"font-family:Open Sans; font-weight:600; font-style:normal; border-radius:4px;border-width:2px;border-style:solid;background: #696969;color: #ffffff;\"><span class=\"porto-btn-hover\" style=\"background-color:#ffffff\"><\/span><span class=\"porto-btn-data porto-btn-text \" >JAK WERYFIKOWA\u0106 JAKO\u015a\u0106 T\u0141UMACZE\u0143?<\/span><\/a><\/div><div class=\"porto-btn-ctn-left sidebarfont\"><a class=\"porto-btn  vc_custom_1607519236756 porto-adjust-bottom-margin porto-btn-large porto-btn-left-bg  porto-btn-left sidebarfont\" title='Kim jeste\u015b?' rel='' href = \"https:\/\/locatheart.com\/pl\/wiedza\/tlumaczenia-wszystko-co-musisz-wiedziec\/czesc-5-zarzadzanie-tlumaczeniami-w-twojej-firmie\/kim-jestes\/\"  data-hover=\"#c9c9c9\" data-border-color=\"\" data-bg=\"#696969\" data-hover-bg=\"#ffffff\" data-border-hover=\"\" data-shadow-click=\"none\" data-shadow=\"\" style=\"font-family:Open Sans; font-weight:600; font-style:normal; border-radius:4px;border-width:2px;border-style:solid;background: #696969;color: #ffffff;\"><span class=\"porto-btn-hover\" style=\"background-color:#ffffff\"><\/span><span class=\"porto-btn-data porto-btn-text \" >KIM JESTE\u015a?<\/span><\/a><\/div>[\/vc_column][\/vc_row]<\/p>\n","protected":false},"excerpt":{"rendered":"<p>[vc_row css=&#8221;.vc_custom_1603173061877{padding-top: 50px !important;}&#8221;][vc_column width=&#8221;2\/3&#8243;][vc_column_text]Oto plan dzia\u0142ania: Nie daj si\u0119 zwie\u015b\u0107 na pocz\u0105tku wsp\u00f3\u0142pracy Podpisz umow\u0119 Wypatruj sygna\u0142\u00f3w Przeprowadzaj audyty j\u0119zykowe Przeprowadzaj audyty s\u0142\u00f3w kluczowych Nie daj si\u0119 zwie\u015b\u0107 na pocz\u0105tku wsp\u00f3\u0142pracy W Cz\u0119\u015bci 3. wyja\u015bnili\u015bmy, z czego wynikaj\u0105 stawki za t\u0142umaczenia i w jaki spos\u00f3b kszta\u0142tuje si\u0119 ostateczny koszt t\u0142umacze\u0144. W Cz\u0119\u015bci 4. opisali\u015bmy [&hellip;]<\/p>\n","protected":false},"author":4,"featured_media":0,"parent":4574,"menu_order":0,"comment_status":"closed","ping_status":"closed","template":"","meta":{"inline_featured_image":false},"yoast_head":"<!-- This site is optimized with the Yoast SEO plugin v15.3 - https:\/\/yoast.com\/wordpress\/plugins\/seo\/ -->\n<title>Jak weryfikowa\u0107 jako\u015b\u0107 t\u0142umacze\u0144? - LocAtHeart translation agency<\/title>\n<meta name=\"robots\" content=\"index, follow, max-snippet:-1, max-image-preview:large, max-video-preview:-1\" \/>\n<link rel=\"canonical\" href=\"https:\/\/locatheart.com\/pl\/wiedza\/tlumaczenia-wszystko-co-musisz-wiedziec\/czesc-5-zarzadzanie-tlumaczeniami-w-twojej-firmie\/jak-weryfikowac-jakosc-tlumaczen\/\" \/>\n<meta property=\"og:locale\" content=\"pl_PL\" \/>\n<meta property=\"og:type\" content=\"article\" \/>\n<meta property=\"og:title\" content=\"Jak weryfikowa\u0107 jako\u015b\u0107 t\u0142umacze\u0144? - LocAtHeart translation agency\" \/>\n<meta property=\"og:description\" content=\"[vc_row css=&#8221;.vc_custom_1603173061877{padding-top: 50px !important;}&#8221;][vc_column width=&#8221;2\/3&#8243;][vc_column_text]Oto plan dzia\u0142ania: Nie daj si\u0119 zwie\u015b\u0107 na pocz\u0105tku wsp\u00f3\u0142pracy Podpisz umow\u0119 Wypatruj sygna\u0142\u00f3w Przeprowadzaj audyty j\u0119zykowe Przeprowadzaj audyty s\u0142\u00f3w kluczowych Nie daj si\u0119 zwie\u015b\u0107 na pocz\u0105tku wsp\u00f3\u0142pracy W Cz\u0119\u015bci 3. wyja\u015bnili\u015bmy, z czego wynikaj\u0105 stawki za t\u0142umaczenia i w jaki spos\u00f3b kszta\u0142tuje si\u0119 ostateczny koszt t\u0142umacze\u0144. W Cz\u0119\u015bci 4. opisali\u015bmy [&hellip;]\" \/>\n<meta property=\"og:url\" content=\"https:\/\/locatheart.com\/pl\/wiedza\/tlumaczenia-wszystko-co-musisz-wiedziec\/czesc-5-zarzadzanie-tlumaczeniami-w-twojej-firmie\/jak-weryfikowac-jakosc-tlumaczen\/\" \/>\n<meta property=\"og:site_name\" content=\"LocAtHeart translation agency\" \/>\n<meta property=\"article:modified_time\" content=\"2021-07-02T10:57:25+00:00\" \/>\n<meta property=\"og:image\" content=\"https:\/\/locatheart.com\/wp-content\/uploads\/2020\/12\/Audyt-jezykowy-jakosc-tlumaczen-LocAtHeart.png\" \/>\n<meta name=\"twitter:card\" content=\"summary_large_image\" \/>\n<meta name=\"twitter:label1\" content=\"Written by\">\n\t<meta name=\"twitter:data1\" content=\"Agnieszka W\u0105sowska-Tel\u0119ga\">\n\t<meta name=\"twitter:label2\" content=\"Est. reading time\">\n\t<meta name=\"twitter:data2\" content=\"5 minut\">\n<!-- \/ Yoast SEO plugin. -->","_links":{"self":[{"href":"https:\/\/locatheart.com\/pl\/wp-json\/wp\/v2\/pages\/4583\/"}],"collection":[{"href":"https:\/\/locatheart.com\/pl\/wp-json\/wp\/v2\/pages\/"}],"about":[{"href":"https:\/\/locatheart.com\/pl\/wp-json\/wp\/v2\/types\/page\/"}],"author":[{"embeddable":true,"href":"https:\/\/locatheart.com\/pl\/wp-json\/wp\/v2\/users\/4\/"}],"replies":[{"embeddable":true,"href":"https:\/\/locatheart.com\/pl\/wp-json\/wp\/v2\/comments\/?post=4583"}],"version-history":[{"count":7,"href":"https:\/\/locatheart.com\/pl\/wp-json\/wp\/v2\/pages\/4583\/revisions\/"}],"predecessor-version":[{"id":4636,"href":"https:\/\/locatheart.com\/pl\/wp-json\/wp\/v2\/pages\/4583\/revisions\/4636\/"}],"up":[{"embeddable":true,"href":"https:\/\/locatheart.com\/pl\/wp-json\/wp\/v2\/pages\/4574\/"}],"wp:attachment":[{"href":"https:\/\/locatheart.com\/pl\/wp-json\/wp\/v2\/media\/?parent=4583"}],"curies":[{"name":"wp","href":"https:\/\/api.w.org\/{rel}","templated":true}]}}