{"id":7548,"date":"2022-06-02T12:00:19","date_gmt":"2022-06-02T10:00:19","guid":{"rendered":"https:\/\/locatheart.com\/?page_id=7548"},"modified":"2024-04-26T15:12:00","modified_gmt":"2024-04-26T13:12:00","slug":"dolacz-do-nas","status":"publish","type":"page","link":"https:\/\/locatheart.com\/pl\/dolacz-do-nas\/","title":{"rendered":"Pracuj z nami"},"content":{"rendered":"<p>[vc_row full_width=&#8221;stretch_row&#8221; css_animation=&#8221;none&#8221; wrap_container=&#8221;yes&#8221; is_section=&#8221;yes&#8221; remove_margin_top=&#8221;yes&#8221; remove_margin_bottom=&#8221;yes&#8221; remove_padding_top=&#8221;yes&#8221; remove_border=&#8221;yes&#8221; el_class=&#8221;p-t-xxl row-align-items-center&#8221; css=&#8221;.vc_custom_1603196825392{padding-top: 100px !important;padding-bottom: 100px !important;}&#8221; animation_type=&#8221;fadeIn&#8221;][vc_column css=&#8221;.vc_custom_1603182793790{padding-right: 0px !important;padding-left: 0px !important;}&#8221; offset=&#8221;vc_col-lg-offset-1 vc_col-lg-10 vc_col-xs-12&#8243;][vc_custom_heading text=&#8221;Do\u0142\u0105cz do zespo\u0142u LocAtHeart!&#8221; font_container=&#8221;tag:h2|font_size:24|text_align:center|line_height:1&#8243; google_fonts=&#8221;font_family:Open%20Sans%3A300%2C300italic%2Cregular%2Citalic%2C600%2C600italic%2C700%2C700italic%2C800%2C800italic|font_style:700%20bold%20regular%3A700%3Anormal&#8221;][vc_column_text]Jeste\u015bmy ekspertami w dziedzinie lokalizacji, t\u0142umacze\u0144 oraz SEO, a nasz zesp\u00f3\u0142 nieustannie si\u0119 rozwija i poszukuje kolejnych specjalist\u00f3w, kt\u00f3rzy s\u0105 gotowi podejmowa\u0107 si\u0119 nowych wyzwa\u0144 na rynku mi\u0119dzynarodowym.<\/p>\n<p>Poszukujemy zar\u00f3wno wyspecjalizowanych pracownik\u00f3w, jak i os\u00f3b bez do\u015bwiadczenia, kt\u00f3re chc\u0105 rozwija\u0107 swoje umiej\u0119tno\u015bci, pracuj\u0105c z topowymi markami z ca\u0142ego \u015bwiata. <span style=\"text-decoration: underline;\"><strong>Nie prowadzimy praktyk studenckich.<\/strong><\/span>[\/vc_column_text][\/vc_column][\/vc_row][vc_row wrap_container=&#8221;yes&#8221; el_class=&#8221;p-t-xxl&#8221; css=&#8221;.vc_custom_1603110548373{padding-top: 100px !important;padding-bottom: 80px !important;}&#8221;][vc_column width=&#8221;5\/6&#8243; offset=&#8221;vc_col-sm-offset-1&#8243;]<div class=\"porto-carousel owl-carousel has-ccols ccols-1 stage-margin\" data-plugin-options=\"{&quot;stagePadding&quot;:40,&quot;margin&quot;:10,&quot;autoplay&quot;:&quot;yes&quot;,&quot;autoplayTimeout&quot;:5000,&quot;autoplayHoverPause&quot;:false,&quot;items&quot;:1,&quot;lg&quot;:1,&quot;md&quot;:1,&quot;sm&quot;:1,&quot;xs&quot;:1,&quot;nav&quot;:false,&quot;dots&quot;:false,&quot;animateIn&quot;:&quot;&quot;,&quot;animateOut&quot;:&quot;&quot;,&quot;loop&quot;:&quot;yes&quot;,&quot;center&quot;:false,&quot;video&quot;:false,&quot;lazyLoad&quot;:false,&quot;fullscreen&quot;:false}\"><h1 class=\"word-rotator slide short\" data-appear-animation=\"fadeInUp\" style=\"font-size:32px;text-align:center;\" data-plugin-options=\"{'waittime': 2500, 'pauseOnHover': false}\"><span class=\"word-rotate-prefix\" style=\"font-weight:700;font-size:32px !important;\">Do\u0142\u0105cz do zespo\u0142u lider\u00f3w w bran\u017cy t\u0142umaczeniowej<\/span> <span class=\"word-rotator-items has-bg\" style=\"font-family:&#039;Open Sans&#039;;font-weight:700;color:#ffffff;background:#f64600;\"><b class=\"active\">Pracuj z najlepszymi<\/b><\/span><\/h1><h1 class=\"word-rotator slide short\" data-appear-animation=\"fadeInUp\" style=\"font-size:32px;text-align:center;\" data-plugin-options=\"{'waittime': 2500, 'pauseOnHover': false}\"><span class=\"word-rotate-prefix\" style=\"font-weight:700;font-size:32px !important;\">Aplikuj do nas ju\u017c dzisiaj<\/span> <span class=\"word-rotator-items has-bg\" style=\"font-family:&#039;Open Sans&#039;;font-weight:700;color:#ffffff;background:#f64600;\"><b class=\"active\">Postaw na rozw\u00f3j swojej kariery!<\/b><\/span><\/h1><\/div>[\/vc_column][\/vc_row][vc_row full_width=&#8221;stretch_row&#8221; equal_height=&#8221;yes&#8221; wrap_container=&#8221;yes&#8221; css=&#8221;.vc_custom_1603196623232{border-top-width: 1px !important;padding-top: 75px !important;padding-bottom: 75px !important;background-color: #f4f4f4 !important;border-top-color: rgba(0,0,0,0.06) !important;border-top-style: solid !important;}&#8221; animation_type=&#8221;fadeInUp&#8221;][vc_column][vc_column_text]W <strong>loc<\/strong>at<strong>heart\u00a0<\/strong>cenimy naszych pracownik\u00f3w. Atutami pracy z nami s\u0105:[\/vc_column_text][vc_row_inner el_class=&#8221;justify-content-center&#8221;][vc_column_inner el_class=&#8221;content-grid-item&#8221; width=&#8221;1\/2&#8243; animation_delay=&#8221;200&#8243; offset=&#8221;vc_col-md-4&#8243; animation_type=&#8221;fadeIn&#8221;]<div class=\"porto-sicon-box  vc_custom_1654161386085 style_1 top-icon\"><div class=\"porto-sicon-top\"><div id=\"porto-icon-184694518769f481aeac3f8\" class=\"porto-just-icon-wrapper\" style=\"text-align:center;\"><div class=\"porto-icon none\" style=\"color:#f64600;font-size:64px;display:inline-block;\"><i class=\"Simple-Line-Icons-globe\"><\/i><\/div><\/div><\/div><div class=\"porto-sicon-header\" ><h3 class=\"porto-sicon-title\" style=\"font-weight:600;font-size:21px;line-height:24px;color:#212529;\">Mo\u017cliwo\u015b\u0107 pracy hybrydowej<\/h3><\/div> <!-- header --><div class=\"porto-sicon-description\" style=\"\">Zale\u017cnie od stanowiska istnieje mo\u017cliwo\u015b\u0107 pracy w trybie hybrydowym w elastycznych godzinach<\/div> <!-- description --><\/div><!-- porto-sicon-box -->[\/vc_column_inner][vc_column_inner el_class=&#8221;content-grid-item&#8221; width=&#8221;1\/2&#8243; animation_delay=&#8221;300&#8243; offset=&#8221;vc_col-md-4&#8243; animation_type=&#8221;fadeIn&#8221;]<div class=\"porto-sicon-box  vc_custom_1654171237595 style_1 top-icon\"><div class=\"porto-sicon-top\"><div id=\"porto-icon-62122519369f481aeac917\" class=\"porto-just-icon-wrapper\" style=\"text-align:center;\"><div class=\"porto-icon none\" style=\"color:#f64600;font-size:64px;display:inline-block;\"><i class=\"Simple-Line-Icons-star\"><\/i><\/div><\/div><\/div><div class=\"porto-sicon-header\" ><h3 class=\"porto-sicon-title\" style=\"font-weight:600;font-size:21px;line-height:24px;color:#212529;\">Cenne do\u015bwiadczenie<\/h3><\/div> <!-- header --><div class=\"porto-sicon-description\" style=\"\">W <strong>loc<\/strong>at<strong>heart\u00a0<\/strong>pracujemy zar\u00f3wno z klientami polskimi, jak i\u00a0zagranicznymi. Do\u0142\u0105czaj\u0105c do nas, zyskujesz okazj\u0119 do wsp\u00f3\u0142pracy z\u00a0rozpoznawalnymi markami z ca\u0142ego \u015bwiata<\/div> <!-- description --><\/div><!-- porto-sicon-box -->[\/vc_column_inner][vc_column_inner el_class=&#8221;content-grid-item&#8221; width=&#8221;1\/2&#8243; animation_delay=&#8221;400&#8243; offset=&#8221;vc_col-md-4&#8243; animation_type=&#8221;fadeIn&#8221;]<div class=\"porto-sicon-box  vc_custom_1654169727768 style_1 top-icon\"><div class=\"porto-sicon-top\"><div id=\"porto-icon-71776895069f481aeacd8f\" class=\"porto-just-icon-wrapper\" style=\"text-align:center;\"><div class=\"porto-icon none\" style=\"color:#f64600;font-size:64px;display:inline-block;\"><i class=\"Simple-Line-Icons-wallet\"><\/i><\/div><\/div><\/div><div class=\"porto-sicon-header\" ><h3 class=\"porto-sicon-title\" style=\"font-weight:600;font-size:21px;line-height:24px;color:#212529;\">Konkurencyjne stawki<\/h3><\/div> <!-- header --><div class=\"porto-sicon-description\" style=\"\">Doskonale zdajemy sobie spraw\u0119 z tego, \u017ce g\u0142\u00f3wn\u0105 motywacj\u0105 do pracy jest odpowiednie wynagrodzenie, dlatego opr\u00f3cz mi\u0142ej atmosfery i mo\u017cliwo\u015bci rozwoju kariery zawodowej oferujemy swoim pracownikom konkurencyjne stawki, adekwatne do do\u015bwiadczenia i stanowiska<\/div> <!-- description --><\/div><!-- porto-sicon-box -->[\/vc_column_inner][vc_column_inner el_class=&#8221;content-grid-item&#8221; width=&#8221;1\/2&#8243; animation_delay=&#8221;200&#8243; offset=&#8221;vc_col-md-4&#8243; animation_type=&#8221;fadeIn&#8221;]<div class=\"porto-sicon-box  vc_custom_1654171264899 style_1 top-icon\"><div class=\"porto-sicon-top\"><div id=\"porto-icon-150073740969f481aead1bd\" class=\"porto-just-icon-wrapper\" style=\"text-align:center;\"><div class=\"porto-icon none\" style=\"color:#f64600;font-size:64px;display:inline-block;\"><i class=\"Simple-Line-Icons-people\"><\/i><\/div><\/div><\/div><div class=\"porto-sicon-header\" ><h3 class=\"porto-sicon-title\" style=\"font-weight:600;font-size:21px;line-height:24px;color:#212529;\">Profesjonalny zesp\u00f3\u0142<\/h3><\/div> <!-- header --><div class=\"porto-sicon-description\" style=\"\">Do\u0142\u0105czaj\u0105c do nas, mo\u017cesz mie\u0107 pewno\u015b\u0107, \u017ce b\u0119dziesz pracowa\u0107 z\u00a0wykwalifikowanym zespo\u0142em specjalist\u00f3w, kt\u00f3rzy nie boj\u0105 si\u0119 wyzwa\u0144 i ch\u0119tnie udzielaj\u0105 rad oraz pomagaj\u0105 nowym pracownikom<\/div> <!-- description --><\/div><!-- porto-sicon-box -->[\/vc_column_inner][vc_column_inner el_class=&#8221;content-grid-item&#8221; width=&#8221;1\/2&#8243; animation_delay=&#8221;300&#8243; offset=&#8221;vc_col-md-4&#8243; animation_type=&#8221;fadeIn&#8221;]<div class=\"porto-sicon-box  vc_custom_1654171288701 style_1 top-icon\"><div class=\"porto-sicon-top\"><div id=\"porto-icon-178162569769f481aead5e5\" class=\"porto-just-icon-wrapper\" style=\"text-align:center;\"><div class=\"porto-icon none\" style=\"color:#f64600;font-size:64px;display:inline-block;\"><i class=\"Simple-Line-Icons-badge\"><\/i><\/div><\/div><\/div><div class=\"porto-sicon-header\" ><h3 class=\"porto-sicon-title\" style=\"font-weight:600;font-size:21px;line-height:24px;color:#212529;\">Samodzielno\u015b\u0107<\/h3><\/div> <!-- header --><div class=\"porto-sicon-description\" style=\"\">Zale\u017cy nam, \u017ceby ka\u017cdy pracownik w firmie mia\u0142 mo\u017cliwo\u015b\u0107 wykorzystania swojego potencja\u0142u. Wspieramy naszych pracownik\u00f3w we wszystkich dzia\u0142aniach zgodnie ze zg\u0142oszonymi potrzebami, przy czym nie prowadzimy ich \u201eza\u00a0r\u0119k\u0119\u201d przy ka\u017cdym zadaniu czy projekcie<\/div> <!-- description --><\/div><!-- porto-sicon-box -->[\/vc_column_inner][\/vc_row_inner][\/vc_column][\/vc_row][vc_row full_width=&#8221;stretch_row&#8221; css_animation=&#8221;none&#8221; wrap_container=&#8221;yes&#8221; is_section=&#8221;yes&#8221; remove_margin_top=&#8221;yes&#8221; remove_margin_bottom=&#8221;yes&#8221; remove_padding_top=&#8221;yes&#8221; remove_border=&#8221;yes&#8221; el_class=&#8221;p-t-xxl row-align-items-center&#8221; css=&#8221;.vc_custom_1603196825392{padding-top: 100px !important;padding-bottom: 100px !important;}&#8221; animation_type=&#8221;fadeIn&#8221;][vc_column css=&#8221;.vc_custom_1603182793790{padding-right: 0px !important;padding-left: 0px !important;}&#8221; offset=&#8221;vc_col-lg-offset-1 vc_col-lg-10 vc_col-xs-12&#8243;][vc_custom_heading text=&#8221;Aktywne rekrutacje:&#8221; font_container=&#8221;tag:h2|font_size:24|text_align:center|line_height:1&#8243; google_fonts=&#8221;font_family:Open%20Sans%3A300%2C300italic%2Cregular%2Citalic%2C600%2C600italic%2C700%2C700italic%2C800%2C800italic|font_style:700%20bold%20regular%3A700%3Anormal&#8221;][vc_column_text]<strong>Project Coordinator: zg\u0142oszenia i pe\u0142ne <a href=\"https:\/\/rocketjobs.pl\/oferta\/loc-at-heart-sp-z-o-o-project-coordinator-gdansk-296897\">og\u0142oszenie na Rocket Jobs<\/a><\/strong>[\/vc_column_text][\/vc_column][\/vc_row][vc_row full_width=&#8221;stretch_row&#8221; css_animation=&#8221;none&#8221; disable_element=&#8221;yes&#8221; wrap_container=&#8221;yes&#8221; is_section=&#8221;yes&#8221; remove_margin_top=&#8221;yes&#8221; remove_margin_bottom=&#8221;yes&#8221; remove_padding_top=&#8221;yes&#8221; remove_border=&#8221;yes&#8221; el_class=&#8221;p-t-xxl row-align-items-center&#8221; css=&#8221;.vc_custom_1710491618565{padding-top: 100px !important;padding-bottom: 100px !important;}&#8221; animation_type=&#8221;fadeIn&#8221;][vc_column css=&#8221;.vc_custom_1603182793790{padding-right: 0px !important;padding-left: 0px !important;}&#8221; offset=&#8221;vc_col-lg-offset-1 vc_col-lg-10 vc_col-xs-12&#8243;][vc_custom_heading text=&#8221;Aktywne rekrutacje:&#8221; font_container=&#8221;tag:h2|font_size:24|text_align:center|line_height:1&#8243; google_fonts=&#8221;font_family:Open%20Sans%3A300%2C300italic%2Cregular%2Citalic%2C600%2C600italic%2C700%2C700italic%2C800%2C800italic|font_style:700%20bold%20regular%3A700%3Anormal&#8221;][vc_column_text css=&#8221;.vc_custom_1683708894285{padding-top: 20px !important;}&#8221;]<\/p>\n<p style=\"text-align: left;\"><a href=\"https:\/\/locatheart.com\/pl\/kwr-freelancer\/\"><strong>Keyword research freelancer<\/strong><\/a><\/p>\n<p>[\/vc_column_text][vc_column_text]<strong>Project Coordinator:<\/strong><\/p>\n<p>Co b\u0119dziesz robi\u0107 w <strong>loc<\/strong>at<strong>heart<\/strong>?<\/p>\n<ul>\n<li>Poprowadzisz projekty j\u0119zykowe \u2013 od przyj\u0119cia zlecenia do odes\u0142ania ich do klienta.<\/li>\n<li>W tym celu b\u0119dziesz koordynowa\u0107 prac\u0119 zespo\u0142\u00f3w z ca\u0142ego \u015bwiata i naszych wewn\u0119trznych j\u0119zykowc\u00f3w. B\u0119dziesz wsp\u00f3\u0142pracowa\u0107 z klientami firmy i dostawcami us\u0142ug.<\/li>\n<li>B\u0119dziesz odpowiada\u0107 za zarz\u0105dzanie plikami \u2013 ich porz\u0105dkowanie, rozdzielanie, przypisywanie i kontrol\u0119 nad nimi. Te pliki to istota naszej pracy. S\u0105 bardzo wa\u017cne.<\/li>\n<li>B\u0119dziesz tworzy\u0107 bud\u017cety i harmonogramy projekt\u00f3w i czuwa\u0107 nad ich realizacj\u0105.<\/li>\n<li>W miar\u0119 nabierania do\u015bwiadczenia i kompetencji b\u0119dziesz uczestniczy\u0107 w ustalaniu stawek oraz sugerowa\u0107 usprawnienia w pracy dla konkretnych klient\u00f3w.<\/li>\n<\/ul>\n<p>&nbsp;<\/p>\n<p>&nbsp;<\/p>\n<div class=\"css-tbnja3\">\n<p class=\"css-zoozsp\"><strong>Asystent(ka) ds. projekt\u00f3w t\u0142umaczeniowych:<\/strong><\/p>\n<p>Co b\u0119dziesz robi\u0107 w <strong>loc<\/strong>at<strong>heart<\/strong>?<\/p>\n<ul>\n<li>Wspiera\u0107 kierownika projekt\u00f3w w bie\u017c\u0105cych zadaniach.<\/li>\n<li>Prowadzi\u0107 korespondencj\u0119 z podwykonawcami.<\/li>\n<li>Nadzorowa\u0107 przep\u0142yw informacji i plik\u00f3w.<\/li>\n<\/ul>\n<\/div>\n<p>[\/vc_column_text][\/vc_column][\/vc_row][vc_row full_width=&#8221;stretch_row&#8221; css_animation=&#8221;none&#8221; disable_element=&#8221;yes&#8221; wrap_container=&#8221;yes&#8221; is_section=&#8221;yes&#8221; remove_margin_top=&#8221;yes&#8221; remove_margin_bottom=&#8221;yes&#8221; remove_padding_top=&#8221;yes&#8221; remove_border=&#8221;yes&#8221; el_class=&#8221;p-t-xxl row-align-items-center&#8221; css=&#8221;.vc_custom_1683708454901{padding-top: 100px !important;padding-bottom: 100px !important;}&#8221; animation_type=&#8221;fadeIn&#8221;][vc_column css=&#8221;.vc_custom_1603182793790{padding-right: 0px !important;padding-left: 0px !important;}&#8221; offset=&#8221;vc_col-lg-offset-1 vc_col-lg-10 vc_col-xs-12&#8243;][vc_custom_heading text=&#8221;Aktywne rekrutacje:&#8221; font_container=&#8221;tag:h2|font_size:24|text_align:center|line_height:1&#8243; google_fonts=&#8221;font_family:Open%20Sans%3A300%2C300italic%2Cregular%2Citalic%2C600%2C600italic%2C700%2C700italic%2C800%2C800italic|font_style:700%20bold%20regular%3A700%3Anormal&#8221;][\/vc_column][\/vc_row]<\/p>\n","protected":false},"excerpt":{"rendered":"<p>[vc_row full_width=&#8221;stretch_row&#8221; css_animation=&#8221;none&#8221; wrap_container=&#8221;yes&#8221; is_section=&#8221;yes&#8221; remove_margin_top=&#8221;yes&#8221; remove_margin_bottom=&#8221;yes&#8221; remove_padding_top=&#8221;yes&#8221; remove_border=&#8221;yes&#8221; el_class=&#8221;p-t-xxl row-align-items-center&#8221; css=&#8221;.vc_custom_1603196825392{padding-top: 100px !important;padding-bottom: 100px !important;}&#8221; animation_type=&#8221;fadeIn&#8221;][vc_column css=&#8221;.vc_custom_1603182793790{padding-right: 0px !important;padding-left: 0px !important;}&#8221; offset=&#8221;vc_col-lg-offset-1 vc_col-lg-10 vc_col-xs-12&#8243;][vc_custom_heading text=&#8221;Do\u0142\u0105cz do zespo\u0142u LocAtHeart!&#8221; font_container=&#8221;tag:h2|font_size:24|text_align:center|line_height:1&#8243; google_fonts=&#8221;font_family:Open%20Sans%3A300%2C300italic%2Cregular%2Citalic%2C600%2C600italic%2C700%2C700italic%2C800%2C800italic|font_style:700%20bold%20regular%3A700%3Anormal&#8221;][vc_column_text]Jeste\u015bmy ekspertami w dziedzinie lokalizacji, t\u0142umacze\u0144 oraz SEO, a nasz zesp\u00f3\u0142 nieustannie si\u0119 rozwija i poszukuje kolejnych specjalist\u00f3w, kt\u00f3rzy s\u0105 gotowi podejmowa\u0107 si\u0119 nowych wyzwa\u0144 [&hellip;]<\/p>\n","protected":false},"author":11,"featured_media":0,"parent":0,"menu_order":0,"comment_status":"closed","ping_status":"closed","template":"","meta":{"inline_featured_image":false},"yoast_head":"<!-- This site is optimized with the Yoast SEO plugin v15.3 - https:\/\/yoast.com\/wordpress\/plugins\/seo\/ -->\n<title>Pracuj z nami - LocAtHeart translation agency<\/title>\n<meta name=\"robots\" content=\"index, follow, max-snippet:-1, max-image-preview:large, max-video-preview:-1\" \/>\n<link rel=\"canonical\" href=\"https:\/\/locatheart.com\/pl\/dolacz-do-nas\/\" \/>\n<meta property=\"og:locale\" content=\"pl_PL\" \/>\n<meta property=\"og:type\" content=\"article\" \/>\n<meta property=\"og:title\" content=\"Pracuj z nami - LocAtHeart translation agency\" \/>\n<meta property=\"og:description\" content=\"[vc_row full_width=&#8221;stretch_row&#8221; css_animation=&#8221;none&#8221; wrap_container=&#8221;yes&#8221; is_section=&#8221;yes&#8221; remove_margin_top=&#8221;yes&#8221; remove_margin_bottom=&#8221;yes&#8221; remove_padding_top=&#8221;yes&#8221; remove_border=&#8221;yes&#8221; el_class=&#8221;p-t-xxl row-align-items-center&#8221; css=&#8221;.vc_custom_1603196825392{padding-top: 100px !important;padding-bottom: 100px !important;}&#8221; animation_type=&#8221;fadeIn&#8221;][vc_column css=&#8221;.vc_custom_1603182793790{padding-right: 0px !important;padding-left: 0px !important;}&#8221; offset=&#8221;vc_col-lg-offset-1 vc_col-lg-10 vc_col-xs-12&#8243;][vc_custom_heading text=&#8221;Do\u0142\u0105cz do zespo\u0142u LocAtHeart!&#8221; font_container=&#8221;tag:h2|font_size:24|text_align:center|line_height:1&#8243; google_fonts=&#8221;font_family:Open%20Sans%3A300%2C300italic%2Cregular%2Citalic%2C600%2C600italic%2C700%2C700italic%2C800%2C800italic|font_style:700%20bold%20regular%3A700%3Anormal&#8221;][vc_column_text]Jeste\u015bmy ekspertami w dziedzinie lokalizacji, t\u0142umacze\u0144 oraz SEO, a nasz zesp\u00f3\u0142 nieustannie si\u0119 rozwija i poszukuje kolejnych specjalist\u00f3w, kt\u00f3rzy s\u0105 gotowi podejmowa\u0107 si\u0119 nowych wyzwa\u0144 [&hellip;]\" \/>\n<meta property=\"og:url\" content=\"https:\/\/locatheart.com\/pl\/dolacz-do-nas\/\" \/>\n<meta property=\"og:site_name\" content=\"LocAtHeart translation agency\" \/>\n<meta property=\"article:modified_time\" content=\"2024-04-26T13:12:00+00:00\" \/>\n<meta property=\"og:image\" content=\"https:\/\/locatheart.com\/wp-content\/uploads\/2022\/06\/locatheart_pion.png\" \/>\n\t<meta property=\"og:image:width\" content=\"600\" \/>\n\t<meta property=\"og:image:height\" content=\"600\" \/>\n<meta name=\"twitter:card\" content=\"summary_large_image\" \/>\n<meta name=\"twitter:label1\" content=\"Written by\">\n\t<meta name=\"twitter:data1\" content=\"Locatheart\">\n\t<meta name=\"twitter:label2\" content=\"Est. reading time\">\n\t<meta name=\"twitter:data2\" content=\"6 minut\">\n<!-- \/ Yoast SEO plugin. -->","_links":{"self":[{"href":"https:\/\/locatheart.com\/pl\/wp-json\/wp\/v2\/pages\/7548\/"}],"collection":[{"href":"https:\/\/locatheart.com\/pl\/wp-json\/wp\/v2\/pages\/"}],"about":[{"href":"https:\/\/locatheart.com\/pl\/wp-json\/wp\/v2\/types\/page\/"}],"author":[{"embeddable":true,"href":"https:\/\/locatheart.com\/pl\/wp-json\/wp\/v2\/users\/11\/"}],"replies":[{"embeddable":true,"href":"https:\/\/locatheart.com\/pl\/wp-json\/wp\/v2\/comments\/?post=7548"}],"version-history":[{"count":23,"href":"https:\/\/locatheart.com\/pl\/wp-json\/wp\/v2\/pages\/7548\/revisions\/"}],"predecessor-version":[{"id":11699,"href":"https:\/\/locatheart.com\/pl\/wp-json\/wp\/v2\/pages\/7548\/revisions\/11699\/"}],"wp:attachment":[{"href":"https:\/\/locatheart.com\/pl\/wp-json\/wp\/v2\/media\/?parent=7548"}],"curies":[{"name":"wp","href":"https:\/\/api.w.org\/{rel}","templated":true}]}}