{"id":8676,"date":"2023-04-28T08:29:37","date_gmt":"2023-04-28T06:29:37","guid":{"rendered":"https:\/\/locatheart.com\/?page_id=8676"},"modified":"2024-09-05T16:22:34","modified_gmt":"2024-09-05T14:22:34","slug":"tlumaczenia-dla-branzy-meblarskiej","status":"publish","type":"page","link":"https:\/\/locatheart.com\/pl\/tlumaczenia-dla-branzy-meblarskiej\/","title":{"rendered":"Us\u0142ugi t\u0142umaczeniowe dla bran\u017cy meblarskiej"},"content":{"rendered":"<p>[vc_row][vc_column][vc_column_text]Nasza agencja \u015bwiadczy us\u0142ugi t\u0142umaczeniowe dla\u00a0bran\u017cy meblarskiej\u00a0\u2013 wsp\u00f3\u0142pracujemy z\u00a0agencjami, klientami prywatnymi, a\u00a0tak\u017ce z\u00a0firmowymi oddzia\u0142ami zwi\u0105zanymi z\u00a0e-commerce, sprzeda\u017c\u0105, marketingiem, pracami rozwojowymi oraz\u00a0eksportem produkt\u00f3w.<\/p>\n<p>Nasz zesp\u00f3\u0142\u00a0\u2013 sk\u0142adaj\u0105cy\u00a0si\u0119 z\u00a0wykwalifikowanych koordynator\u00f3w projekt\u00f3w, t\u0142umaczy, redaktor\u00f3w i\u00a0copywriter\u00f3w\u00a0\u2013 da z\u00a0siebie wszystko podczas wykonywania Twojego zlecenia.<\/p>\n<p>Skontaktuj\u00a0si\u0119 z\u00a0nami, by\u00a0om\u00f3wi\u0107 swoje cele, i\u00a0spraw, by\u00a0Tw\u00f3j biznes wkroczy\u0142 na\u00a0zupe\u0142nie nowy poziom![\/vc_column_text][vc_cta h2=&#8221;T\u0142umaczymy Twoje tre\u015bci.&#8221; h4=&#8221;Trzymamy r\u0119k\u0119 na pulsie, by odpowiada\u0107 na potrzeby komunikacyjne bran\u017cy.&#8221; txt_align=&#8221;center&#8221; style=&#8221;outline&#8221; add_button=&#8221;bottom&#8221; btn_title=&#8221;Porozmawiajmy o rozwi\u0105zaniach!&#8221; btn_style=&#8221;outline&#8221; btn_shape=&#8221;rounded&#8221; btn_size=&#8221;xl&#8221; btn_align=&#8221;center&#8221; btn_i_icon_fontawesome=&#8221;far fa-comment&#8221; btn_skin=&#8221;primary&#8221; css_animation=&#8221;fadeInUp&#8221; btn_add_icon=&#8221;true&#8221; btn_link=&#8221;url:https%3A%2F%2Flocatheart.com%2Fpl%2Fkontakt%2F|title:Kontakt|target:%20_blank|&#8221;][\/vc_cta][\/vc_column][\/vc_row][vc_row][vc_column][vc_column_text]Ju\u017c od\u00a0kilku lat bran\u017ca meblarska boryka\u00a0si\u0119 z\u00a0pewnymi problemami:<\/p>\n<ul>\n<li>Ceny mebli nieustannie rosn\u0105 (w\u00a02021\u00a0roku wzrost ten wyni\u00f3s\u0142 a\u017c\u00a014%!).<\/li>\n<li>Coraz popularniejsza staje\u00a0si\u0119 sprzeda\u017c internetowa\u00a0\u2013 a\u00a062,3% wyszukiwa\u0144 (czyli niemal dwie trzecie) to zapytania transakcyjne.<\/li>\n<li>W\u00a0czasie pandemii COVID-19, g\u0142\u00f3wnie ze\u00a0wzgl\u0119du na\u00a0lockdowny, nawet bez\u00a0pomocy reklam kupowanych by\u0142o du\u017co mebli; teraz jednak odpowiednie reklamy i\u00a0strategie marketingowe s\u0105 bezsprzecznym priorytetem.<\/li>\n<li>Wi\u0119cej os\u00f3b zainteresowanych jest kupnem ekologicznych produkt\u00f3w wytworzonych w\u00a0spos\u00f3b zgodny z\u00a0za\u0142o\u017ceniami zr\u00f3wnowa\u017conego rozwoju oraz\u00a0z\u00a0wykorzystaniem materia\u0142\u00f3w pochodz\u0105cych z\u00a0recyklingu.<\/li>\n<\/ul>\n<p>Zesp\u00f3\u0142 <strong>loc<\/strong>at<strong>heart<\/strong> pomo\u017ce Ci przeku\u0107 wszystkie te trudno\u015bci w\u00a0niesamowite szanse i\u00a0wypromowa\u0107 Tw\u00f3j biznes zar\u00f3wno na\u00a0rynku rodzimym, jak\u00a0i\u00a0na\u00a0rynkach zagranicznych.[\/vc_column_text][\/vc_column][\/vc_row][vc_row][vc_column]<div class=\"porto-u-heading\" data-hspacer=\"no_spacer\" data-halign=\"left\" style=\"text-align:left\"><div class=\"porto-u-main-heading\"><h1 style=\"font-weight:700;font-size:30px;\">T\u0142umaczenia dla bran\u017cy meblarskiej wykonywane przez specjalist\u00f3w<\/h1><\/div><\/div>[vc_column_text]Niezale\u017cnie od\u00a0stopnia wyspecjalizowania tekstu wszelkie powierzone nam zadania wykonywane s\u0105 przez\u00a0j\u0119zykowc\u00f3w o\u00a0rozleg\u0142ej wiedzy z\u00a0zakresu meblarstwa. Wsp\u00f3\u0142pracujemy z\u00a0native speakerami, kt\u00f3rzy nie\u00a0tylko s\u0105 do\u015bwiadczonymi t\u0142umaczami zawodowymi, ale i\u00a0doskonale orientuj\u0105\u00a0si\u0119 w\u00a0terminologii bran\u017cowej. Nasz proces sk\u0142ada si\u0119 z\u00a0trzech etap\u00f3w: t\u0142umaczenia, redakcji oraz\u00a0korekty\u00a0\u2013 dzi\u0119ki takiemu podzia\u0142owi tworzone przez\u00a0nas tre\u015bci wieloj\u0119zyczne niezmiennie cechuj\u0105\u00a0si\u0119 najwy\u017csz\u0105 jako\u015bci\u0105.[\/vc_column_text][\/vc_column][\/vc_row][vc_row][vc_column]<div class=\"porto-u-heading\" data-hspacer=\"no_spacer\" data-halign=\"left\" style=\"text-align:left\"><div class=\"porto-u-main-heading\"><h2 style=\"font-weight:700;font-size:24px;\">Nasze us\u0142ugi j\u0119zykowe dla bran\u017cy meblarskiej<\/h2><\/div><\/div>[\/vc_column][\/vc_row][vc_row css=&#8221;.vc_custom_1685428564673{padding-top: 50px !important;padding-bottom: 50px !important;}&#8221;][vc_column width=&#8221;1\/2&#8243; section_skin=&#8221;primary&#8221; animation_type=&#8221;fadeIn&#8221;]<div class=\"porto-sicon-box  vc_custom_1628776127999 style_3 default-icon\"><div class=\"porto-sicon-default\"><div id=\"porto-icon-100139130469da94fd19c30\" class=\"porto-just-icon-wrapper\" style=\"text-align:center;\"><div class=\"porto-icon none\" style=\"color:#f64600;font-size:32px;display:inline-block;\"><i class=\"far fa-edit\"><\/i><\/div><\/div><\/div><div class=\"porto-sicon-header\" ><h3 class=\"porto-sicon-title\" style=\"\">T\u0142umaczenie opis\u00f3w:<\/h3><p>produkt\u00f3w, kategorii i kolekcji specjalnych<\/p><\/div> <!-- header --><\/div><!-- porto-sicon-box --><div class=\"porto-sicon-box  vc_custom_1628776152540 style_3 default-icon\"><div class=\"porto-sicon-default\"><div id=\"porto-icon-92591789169da94fd19ddc\" class=\"porto-just-icon-wrapper\" style=\"text-align:center;\"><div class=\"porto-icon none\" style=\"color:#f64600;font-size:32px;display:inline-block;\"><i class=\"fas fa-thumbs-up\"><\/i><\/div><\/div><\/div><div class=\"porto-sicon-header\" ><h3 class=\"porto-sicon-title\" style=\"\">T\u0142umaczenie reklam:<\/h3><p>media, wyszukiwarki, banery<\/p><\/div> <!-- header --><\/div><!-- porto-sicon-box --><div class=\"porto-sicon-box  vc_custom_1628776172883 style_3 default-icon\"><div class=\"porto-sicon-default\"><div id=\"porto-icon-146039129669da94fd19f49\" class=\"porto-just-icon-wrapper\" style=\"text-align:center;\"><div class=\"porto-icon none\" style=\"color:#f64600;font-size:32px;display:inline-block;\"><i class=\"fas fa-file-alt\"><\/i><\/div><\/div><\/div><div class=\"porto-sicon-header\" ><h3 class=\"porto-sicon-title\" style=\"\">T\u0142umaczenie newsletter\u00f3w<\/h3><p>i komunikacji SMS<\/p><\/div> <!-- header --><\/div><!-- porto-sicon-box --><div class=\"porto-sicon-box  vc_custom_1628776208034 style_3 default-icon\"><div class=\"porto-sicon-default\"><div id=\"porto-icon-13967463969da94fd1a094\" class=\"porto-just-icon-wrapper\" style=\"text-align:center;\"><div class=\"porto-icon none\" style=\"color:#f64600;font-size:32px;display:inline-block;\"><i class=\"fas fa-cogs\"><\/i><\/div><\/div><\/div><div class=\"porto-sicon-header\" ><h3 class=\"porto-sicon-title\" style=\"\">T\u0142umaczenie regulamin\u00f3w<\/h3><p>dostaw, zwrot\u00f3w i p\u0142atno\u015bci<\/p><\/div> <!-- header --><\/div><!-- porto-sicon-box -->[\/vc_column][vc_column width=&#8221;1\/2&#8243; animation_type=&#8221;fadeIn&#8221;]<div class=\"porto-sicon-box  vc_custom_1612784318691 style_3 default-icon\"><div class=\"porto-sicon-default\"><div id=\"porto-icon-155760477169da94fd1a1d9\" class=\"porto-just-icon-wrapper\" style=\"text-align:center;\"><div class=\"porto-icon none\" style=\"color:#f64600;font-size:32px;display:inline-block;\"><i class=\"fas fa-pencil-alt\"><\/i><\/div><\/div><\/div><div class=\"porto-sicon-header\" ><h3 class=\"porto-sicon-title\" style=\"\">Copywriting i t\u0142umaczenie<\/h3><p>tre\u015bci na strony internetowe<\/p><\/div> <!-- header --><\/div><!-- porto-sicon-box --><div class=\"porto-sicon-box  vc_custom_1628776333828 style_3 default-icon\"><div class=\"porto-sicon-default\"><div id=\"porto-icon-173149250169da94fd1a351\" class=\"porto-just-icon-wrapper\" style=\"text-align:center;\"><div class=\"porto-icon none\" style=\"color:#f64600;font-size:32px;display:inline-block;\"><i class=\"Simple-Line-Icons-volume-2\"><\/i><\/div><\/div><\/div><div class=\"porto-sicon-header\" ><h3 class=\"porto-sicon-title\" style=\"\">Optymalizacja g\u0142osowa:<\/h3><p>voice search, asystenty g\u0142osowe<\/p><\/div> <!-- header --><\/div><!-- porto-sicon-box --><div class=\"porto-sicon-box  vc_custom_1628776372922 style_3 default-icon\"><div class=\"porto-sicon-default\"><div id=\"porto-icon-105864038469da94fd1a492\" class=\"porto-just-icon-wrapper\" style=\"text-align:center;\"><div class=\"porto-icon none\" style=\"color:#f64600;font-size:32px;display:inline-block;\"><i class=\"Simple-Line-Icons-list\"><\/i><\/div><\/div><\/div><div class=\"porto-sicon-header\" ><h3 class=\"porto-sicon-title\" style=\"\">Audyt SEO i optymalizacja<\/h3><p>tre\u015bci na stronach internetowych<\/p><\/div> <!-- header --><\/div><!-- porto-sicon-box --><div class=\"porto-sicon-box  vc_custom_1628776389442 style_3 default-icon\"><div class=\"porto-sicon-default\"><div id=\"porto-icon-8892344969da94fd1a5cb\" class=\"porto-just-icon-wrapper\" style=\"text-align:center;\"><div class=\"porto-icon none\" style=\"color:#f64600;font-size:32px;display:inline-block;\"><i class=\"fas fa-search\"><\/i><\/div><\/div><\/div><div class=\"porto-sicon-header\" ><h3 class=\"porto-sicon-title\" style=\"\">Identyfikacja s\u0142\u00f3w kluczowych<\/h3><p>(keyword research)<\/p><\/div> <!-- header --><\/div><!-- porto-sicon-box -->[\/vc_column][\/vc_row][vc_row][vc_column]<div class=\"porto-u-heading\" data-hspacer=\"no_spacer\" data-halign=\"left\" style=\"text-align:left\"><div class=\"porto-u-main-heading\"><h2 style=\"font-weight:700;font-size:24px;\">Sp\u00f3jno\u015b\u0107 tre\u015bci oraz zarz\u0105dzanie terminologi\u0105 w ramach t\u0142umacze\u0144 dla bran\u017cy meblarskiej<\/h2><\/div><\/div>[vc_column_text]Zachowanie sp\u00f3jno\u015bci podczas\u00a0tworzenia tre\u015bci zwi\u0105zanej z\u00a0wyposa\u017ceniem wn\u0119trz jest nie\u00a0lada wyzwaniem. Do\u00a0kluczowych zada\u0144 nale\u017cy przygotowanie przejrzystych wytycznych oraz glosariuszy\u00a0\u2013 materia\u0142y\u00a0te pomagaj\u0105 j\u0119zykowcom sporz\u0105dza\u0107 teksty zgodne z\u00a0naj\u015bwie\u017cszymi trendami oraz\u00a0stylem komunikacji obranym przez\u00a0firm\u0119. Pozwalaj\u0105 one r\u00f3wnie\u017c nadzorowa\u0107 u\u017cycie terminologii, na\u00a0bie\u017c\u0105co monitorowa\u0107 wszelkie zmiany w\u00a0zakresie g\u0142osu marki i\u00a0preferencji, a\u00a0tak\u017ce rozbudowywa\u0107 cenne pami\u0119ci t\u0142umaczeniowe.<\/p>\n<p>W\u00a0e-commerce licz\u0105\u00a0si\u0119 przede wszystkim wyszukiwania internetowe. Stosowanie poprawnej i\u00a0aktualnej terminologii jest absolutn\u0105 konieczno\u015bci\u0105 w\u00a0kontek\u015bcie SEO i\u00a0zdobywania nowych klient\u00f3w\u00a0\u2013 zw\u0142aszcza tych z\u00a0rynk\u00f3w zagranicznych. Odpowiednie dostosowanie tre\u015bci zwi\u0119ksza skuteczno\u015b\u0107 reklam internetowych oraz obni\u017ca koszty zwi\u0105zane z\u00a0SEM (marketingiem w\u00a0wyszukiwarkach internetowych). Obecnie niemal dwie trzecie wyszukiwa\u0144 mebli to zapytania transakcyjne (a\u00a0wi\u0119c takie, kt\u00f3re wi\u0105\u017c\u0105\u00a0si\u0119 z\u00a0siln\u0105 intencj\u0105 dokonania zakupu)\u00a0\u2013 z\u00a0tego powodu optymalizacja tre\u015bci pod\u00a0k\u0105tem wyszukiwarek internetowych jest praktycznie niezb\u0119dna. Wi\u0119cej o\u00a0tym, co\u00a0mo\u017cesz zyska\u0107 dzi\u0119ki\u00a0wieloj\u0119zycznemu SEO, znajdziesz w\u00a0<a href=\"https:\/\/locatheart.com\/how-to-rank-in-all-languages-multilingual-seo-and-keyword-research-services\/\">naszym artykule<\/a> po\u015bwi\u0119conym temu tematowi.[\/vc_column_text][\/vc_column][\/vc_row][vc_row][vc_column]<div class=\"porto-u-heading\" data-hspacer=\"no_spacer\" data-halign=\"left\" style=\"text-align:left\"><div class=\"porto-u-main-heading\"><h2 style=\"font-weight:700;font-size:24px;\">Copywriting i transkreacja dla marek meblowych<\/h2><\/div><\/div>[vc_column_text]Jak nad\u0105\u017cy\u0107 za\u00a0klientami, kt\u00f3rzy\u00a0dzi\u015b mog\u0105 szuka\u0107 mebli klasycznych, a\u00a0ju\u017c jutro\u00a0\u2013 modnych projekt\u00f3w abstrakcyjnych?<\/p>\n<p>Czasem tradycyjne t\u0142umaczenie mo\u017ce nie wystarczy\u0107, dlatego oferujemy tak\u017ce\u00a0profesjonalne us\u0142ugi copywritingu i\u00a0transkreacji. Pozwalaj\u0105 one na\u00a0skuteczne dostosowanie stylu komunikacji do\u00a0oczekiwa\u0144 nowej grupy odbiorc\u00f3w oraz\u00a0do\u00a0aktualnych trend\u00f3w panuj\u0105cych na\u00a0danym rynku; nierzadko te\u017c okazuj\u0105 si\u0119 kluczowe podczas przygotowywania kolejnych wersji j\u0119zykowych newslettera czy tre\u015bci publikowanych na stronie internetowej.[\/vc_column_text][vc_cta h2=&#8221;&#8221; h4=&#8221;Przeczytaj opis jednej z naszych realizacji i dowiedz si\u0119, jak pomogli\u015bmy zlokalizowa\u0107 stron\u0119 internetow\u0105 polskiego producenta mebli na rynek francuski.&#8221; txt_align=&#8221;center&#8221; add_button=&#8221;bottom&#8221; btn_title=&#8221;Lokalizacja strony internetowej producenta mebli&#8221; btn_style=&#8221;outline&#8221; btn_shape=&#8221;rounded&#8221; btn_size=&#8221;xl&#8221; btn_align=&#8221;center&#8221; btn_i_icon_fontawesome=&#8221;fas fa-book&#8221; btn_skin=&#8221;primary&#8221; css_animation=&#8221;fadeInUp&#8221; btn_add_icon=&#8221;true&#8221; btn_link=&#8221;url:https%3A%2F%2Flocatheart.com%2Fpl%2Flokalizacja-strony-internetowej-polskiego-producenta-mebli-na-rynek-francuski%2F|title:Przeczytaj%20nasze%20case%20study|target:%20_blank|&#8221;][\/vc_cta][\/vc_column][\/vc_row][vc_row][vc_column]<div class=\"porto-u-heading\" data-hspacer=\"no_spacer\" data-halign=\"left\" style=\"text-align:left\"><div class=\"porto-u-main-heading\"><h2 style=\"font-weight:700;font-size:24px;\">Wyposa\u017cenie wn\u0119trz to nie ubrania \u2013 klienci rzadko kiedy kupuj\u0105 meble tylko po to, aby je zwr\u00f3ci\u0107<\/h2><\/div><\/div>[vc_column_text]Klientom zale\u017cy na\u00a0\u0142atwych metodach p\u0142atno\u015bci oraz\u00a0zrozumia\u0142ych warunkach dostawy. Nikt nie lubi dokonywa\u0107 zwrot\u00f3w\u00a0\u2013 zw\u0142aszcza w\u00a0przypadku tak du\u017cych produkt\u00f3w jak meble. Gdy kto\u015b decyduje\u00a0si\u0119 na\u00a0tego typu zakup, zazwyczaj oczekuje, \u017ce\u00a0sprosta on wymaganiom i\u00a0b\u0119dzie s\u0142u\u017cy\u0142 przez\u00a0lata. Niebywale istotne jest wi\u0119c tworzenie precyzyjnych opis\u00f3w zawieraj\u0105cych wszystkie niezb\u0119dne informacje i\u00a0niepozostawiaj\u0105cych cienia w\u0105tpliwo\u015bci co\u00a0do\u00a0specyfikacji produktu.<\/p>\n<p>Nasz zesp\u00f3\u0142 dopilnuje, aby\u00a0Twoje teksty doskonale opisywa\u0142y ka\u017cdy produkt oraz\u00a0odpowiada\u0142y na\u00a0najcz\u0119stsze pytania klient\u00f3w.[\/vc_column_text][\/vc_column][\/vc_row][vc_row][vc_column]<div class=\"porto-u-heading\" data-hspacer=\"no_spacer\" data-halign=\"left\" style=\"text-align:left\"><div class=\"porto-u-main-heading\"><h2 style=\"font-weight:700;font-size:24px;\">Meble ekologiczne i rosn\u0105ca \u015bwiadomo\u015b\u0107 spo\u0142eczna<\/h2><\/div><\/div>[vc_column_text]Zr\u00f3wnowa\u017cony rozw\u00f3j odgrywa coraz wi\u0119ksz\u0105 rol\u0119 zar\u00f3wno w\u00a0\u015brodowisku s\u0142u\u017cbowym (nawet w\u00a0przypadku pracy zdalnej), jak i\u00a0w\u00a0\u017cyciu prywatnym. Aby\u00a0zadowoli\u0107 klient\u00f3w, nale\u017cy przyk\u0142ada\u0107 wag\u0119 do\u00a0ich potrzeb i\u00a0uwzgl\u0119dnia\u0107 je w\u00a0swojej strategii marketingowej. U\u017cywasz materia\u0142\u00f3w pochodz\u0105cych z\u00a0recyklingu b\u0105d\u017a\u00a0krzewisz ide\u0119 odpowiedzialnego i\u00a0d\u0142ugoterminowego korzystania z\u00a0przedmiot\u00f3w, oferuj\u0105c us\u0142ugi naprawcze? Pracujesz w\u00a0heterogenicznym zespole lub\u00a0tworzysz lini\u0119 wyrob\u00f3w rzemie\u015blniczych, wspomagaj\u0105c lokaln\u0105 spo\u0142eczno\u015b\u0107? A\u00a0mo\u017ce prowadzisz zbi\u00f3rki u\u017cywanych mebli i\u00a0tym samym wzmacniasz gospodark\u0119 obiegu zamkni\u0119tego?<\/p>\n<p>O\u00a0ile tylko dzia\u0142asz w\u00a0kierunku zgodnym z\u00a0za\u0142o\u017ceniami zr\u00f3wnowa\u017conego rozwoju, liczy\u00a0si\u0119 ka\u017cda, nawet najmniejsza inicjatywa. Poszczeg\u00f3lne grupy odbiorc\u00f3w mog\u0105 si\u0119 od\u00a0siebie r\u00f3\u017cni\u0107, lecz\u00a0szczero\u015b\u0107 co\u00a0do\u00a0w\u0142asnych dzia\u0142a\u0144 ekologicznych (lub\u00a0nieekologicznych\u00a0\u2013 zdecydowanie nale\u017cy wystrzega\u0107 si\u0119 greenwashingu!) zazwyczaj przekonuje klient\u00f3w, \u017ce\u00a0nie musz\u0105 obawia\u0107\u00a0si\u0119 problem\u00f3w z\u00a0potencjalnym zwrotem Twoich produkt\u00f3w. Pomo\u017cemy Ci zoptymalizowa\u0107 tre\u015bci tak, aby\u00a0trafia\u0142y do\u00a0Twoich spo\u0142eczno\u015bci i\u00a0wywiera\u0142y na\u00a0nich jak\u00a0najlepsze wra\u017cenie.[\/vc_column_text][\/vc_column][\/vc_row][vc_row][vc_column]<div class=\"porto-u-heading\" data-hspacer=\"no_spacer\" data-halign=\"left\" style=\"text-align:left\"><div class=\"porto-u-main-heading\"><h2 style=\"font-weight:700;font-size:24px;\">Nasze us\u0142ugi j\u0119zykowe dla bran\u017cy meblarskiej skierowane s\u0105 przede wszystkim do:<\/h2><\/div><\/div>[vc_column_text]<\/p>\n<ul>\n<li>marek meblowych,<\/li>\n<li>agencji e-commerce oraz\u00a0podmiot\u00f3w zarz\u0105dzaj\u0105cych marketplace\u2019ami,<\/li>\n<li>sklep\u00f3w internetowych,<\/li>\n<li>konsultant\u00f3w ds.\u00a0aran\u017cacji wn\u0119trz,<\/li>\n<li>agencji zajmuj\u0105cych\u00a0si\u0119 marketingiem i\u00a0tworzeniem tre\u015bci.<\/li>\n<\/ul>\n<p>[\/vc_column_text][vc_cta h2=&#8221;Porozmawiajmy o tym, czego potrzebuje Tw\u00f3j biznes do osi\u0105gni\u0119cia maksymalnego potencja\u0142u!&#8221; txt_align=&#8221;center&#8221; style=&#8221;outline&#8221; add_button=&#8221;bottom&#8221; btn_title=&#8221;Napisz do nas&#8221; btn_style=&#8221;outline&#8221; btn_shape=&#8221;rounded&#8221; btn_size=&#8221;xl&#8221; btn_align=&#8221;center&#8221; btn_i_icon_fontawesome=&#8221;fas fa-check-circle&#8221; btn_skin=&#8221;primary&#8221; css_animation=&#8221;fadeInUp&#8221; btn_add_icon=&#8221;true&#8221; btn_link=&#8221;url:https%3A%2F%2Flocatheart.com%2Fpl%2Fkontakt%2F|title:Napisz%20do%20nas||&#8221;][\/vc_cta][vc_column_text]Dowiedz si\u0119 wi\u0119cej o rozwi\u0105zaniach dla e-commerce: <a href=\"https:\/\/locatheart.com\/pl\/tlumaczenia-marketingowe\/\">T\u0142umaczenia marketingowe<\/a>.[\/vc_column_text][\/vc_column][\/vc_row]<\/p>\n","protected":false},"excerpt":{"rendered":"<p>[vc_row][vc_column][vc_column_text]Nasza agencja \u015bwiadczy us\u0142ugi t\u0142umaczeniowe dla\u00a0bran\u017cy meblarskiej\u00a0\u2013 wsp\u00f3\u0142pracujemy z\u00a0agencjami, klientami prywatnymi, a\u00a0tak\u017ce z\u00a0firmowymi oddzia\u0142ami zwi\u0105zanymi z\u00a0e-commerce, sprzeda\u017c\u0105, marketingiem, pracami rozwojowymi oraz\u00a0eksportem produkt\u00f3w. Nasz zesp\u00f3\u0142\u00a0\u2013 sk\u0142adaj\u0105cy\u00a0si\u0119 z\u00a0wykwalifikowanych koordynator\u00f3w projekt\u00f3w, t\u0142umaczy, redaktor\u00f3w i\u00a0copywriter\u00f3w\u00a0\u2013 da z\u00a0siebie wszystko podczas wykonywania Twojego zlecenia. Skontaktuj\u00a0si\u0119 z\u00a0nami, by\u00a0om\u00f3wi\u0107 swoje cele, i\u00a0spraw, by\u00a0Tw\u00f3j biznes wkroczy\u0142 na\u00a0zupe\u0142nie nowy poziom![\/vc_column_text][vc_cta h2=&#8221;T\u0142umaczymy Twoje tre\u015bci.&#8221; h4=&#8221;Trzymamy r\u0119k\u0119 [&hellip;]<\/p>\n","protected":false},"author":11,"featured_media":0,"parent":0,"menu_order":0,"comment_status":"closed","ping_status":"closed","template":"","meta":{"inline_featured_image":false},"yoast_head":"<!-- This site is optimized with the Yoast SEO plugin v15.3 - https:\/\/yoast.com\/wordpress\/plugins\/seo\/ -->\n<title>Us\u0142ugi t\u0142umaczeniowe dla bran\u017cy meblarskiej - LocAtHeart translation agency<\/title>\n<meta name=\"description\" content=\"T\u0142umaczymy tre\u015bci zwi\u0105zane z mod\u0105 \u2013 tytu\u0142y i opisy produktowe, artyku\u0142y blogowe, newslettery i inne. Wejd\u017a na nowe rynki. Napisz do nas.\" \/>\n<meta name=\"robots\" content=\"index, follow, max-snippet:-1, max-image-preview:large, max-video-preview:-1\" \/>\n<link rel=\"canonical\" href=\"https:\/\/locatheart.com\/pl\/tlumaczenia-dla-branzy-meblarskiej\/\" \/>\n<meta property=\"og:locale\" content=\"pl_PL\" \/>\n<meta property=\"og:type\" content=\"article\" \/>\n<meta property=\"og:title\" content=\"Us\u0142ugi t\u0142umaczeniowe dla bran\u017cy meblarskiej - LocAtHeart translation agency\" \/>\n<meta property=\"og:description\" content=\"T\u0142umaczymy tre\u015bci zwi\u0105zane z mod\u0105 \u2013 tytu\u0142y i opisy produktowe, artyku\u0142y blogowe, newslettery i inne. Wejd\u017a na nowe rynki. Napisz do nas.\" \/>\n<meta property=\"og:url\" content=\"https:\/\/locatheart.com\/pl\/tlumaczenia-dla-branzy-meblarskiej\/\" \/>\n<meta property=\"og:site_name\" content=\"LocAtHeart translation agency\" \/>\n<meta property=\"article:modified_time\" content=\"2024-09-05T14:22:34+00:00\" \/>\n<meta property=\"og:image\" content=\"https:\/\/locatheart.com\/wp-content\/uploads\/2022\/06\/locatheart_pion.png\" \/>\n\t<meta property=\"og:image:width\" content=\"600\" \/>\n\t<meta property=\"og:image:height\" content=\"600\" \/>\n<meta name=\"twitter:card\" content=\"summary_large_image\" \/>\n<meta name=\"twitter:label1\" content=\"Written by\">\n\t<meta name=\"twitter:data1\" content=\"Locatheart\">\n\t<meta name=\"twitter:label2\" content=\"Est. reading time\">\n\t<meta name=\"twitter:data2\" content=\"8 minut\">\n<!-- \/ Yoast SEO plugin. -->","_links":{"self":[{"href":"https:\/\/locatheart.com\/pl\/wp-json\/wp\/v2\/pages\/8676\/"}],"collection":[{"href":"https:\/\/locatheart.com\/pl\/wp-json\/wp\/v2\/pages\/"}],"about":[{"href":"https:\/\/locatheart.com\/pl\/wp-json\/wp\/v2\/types\/page\/"}],"author":[{"embeddable":true,"href":"https:\/\/locatheart.com\/pl\/wp-json\/wp\/v2\/users\/11\/"}],"replies":[{"embeddable":true,"href":"https:\/\/locatheart.com\/pl\/wp-json\/wp\/v2\/comments\/?post=8676"}],"version-history":[{"count":12,"href":"https:\/\/locatheart.com\/pl\/wp-json\/wp\/v2\/pages\/8676\/revisions\/"}],"predecessor-version":[{"id":12881,"href":"https:\/\/locatheart.com\/pl\/wp-json\/wp\/v2\/pages\/8676\/revisions\/12881\/"}],"wp:attachment":[{"href":"https:\/\/locatheart.com\/pl\/wp-json\/wp\/v2\/media\/?parent=8676"}],"curies":[{"name":"wp","href":"https:\/\/api.w.org\/{rel}","templated":true}]}}